{"id":458,"date":"2026-01-22T14:34:50","date_gmt":"2026-01-22T14:34:50","guid":{"rendered":"https:\/\/www.transtoyou.com\/sv\/product\/wegovy\/"},"modified":"2026-03-08T10:45:05","modified_gmt":"2026-03-08T10:45:05","slug":"wegovy","status":"publish","type":"product","link":"https:\/\/www.transtoyou.com\/sv\/product\/wegovy\/","title":{"rendered":"Wegovy"},"content":{"rendered":"<p>Wegovy \u00e4r en receptbelagd medicin som \u00e4r utformad f\u00f6r att st\u00f6dja l\u00e5ngsiktig viktkontroll hos vuxna som \u00e4r \u00f6verviktiga eller lider av fetma. Den inneh\u00e5ller semaglutid, en f\u00f6rening som efterliknar ett naturligt f\u00f6rekommande hormon i kroppen k\u00e4nt som GLP-1, vilket spelar en nyckelroll i regleringen av aptit och matintag. Genom att rikta in sig p\u00e5 specifika receptorer i hj\u00e4rnan hj\u00e4lper Wegovy till att minska hungerk\u00e4nslor, \u00f6ka k\u00e4nslan av m\u00e4ttnad och begr\u00e4nsa det totala kaloriintaget.<\/p>\n<p>Wegovy administreras som en injektion under huden en g\u00e5ng i veckan med en f\u00f6rfylld penna. Den \u00e4r avsedd att anv\u00e4ndas i kombination med en kalorireducerad kost och \u00f6kad fysisk aktivitet. Personer som anv\u00e4nder Wegovy upplever vanligtvis gradvis och best\u00e5ende viktminskning \u00f6ver tid. Detta st\u00f6djer inte bara en f\u00f6rb\u00e4ttrad fysisk h\u00e4lsa utan minskar ocks\u00e5 risken f\u00f6r viktrelaterade tillst\u00e5nd s\u00e5som typ 2-diabetes, h\u00f6gt blodtryck och hj\u00e4rt-k\u00e4rlsjukdomar.<\/p>\n<p>Medicinen p\u00e5b\u00f6rjas med en l\u00e5g dos och \u00f6kas gradvis under flera veckor till den fulla underh\u00e5llsdosen. Denna metod hj\u00e4lper kroppen att anpassa sig och minskar risken f\u00f6r biverkningar, s\u00e5som illam\u00e5ende, kr\u00e4kningar eller gastrointestinalt obehag. Wegovy fungerar inte som en stimulantia eller p\u00e5verkar \u00e4mnesoms\u00e4ttningen direkt, utan fr\u00e4mjar ist\u00e4llet h\u00e4lsosammare \u00e4tbeteende genom att reglera aptitsignaler.<\/p>\n","protected":false},"excerpt":{"rendered":"<ul>\n<li>Veckoinjektion<\/li>\n<li>Minskar aptiten<\/li>\n<li>L\u00e5ngsiktig viktst\u00f6d<\/li>\n<\/ul>\n","protected":false},"featured_media":460,"comment_status":"open","ping_status":"closed","template":"","meta":[],"product_brand":[],"product_cat":[157],"product_tag":[],"expert":[16],"class_list":{"0":"post-458","1":"product","2":"type-product","3":"status-publish","4":"has-post-thumbnail","6":"product_cat-viktnedgang","7":"expert-dr-c-alexandru","9":"first","10":"instock","11":"shipping-taxable","12":"product-type-variable"},"yoast_head":"<!-- This site is optimized with the Yoast SEO plugin v27.0 - https:\/\/yoast.com\/product\/yoast-seo-wordpress\/ -->\n<title>Wegovy | Effektiv Viktkontrolll\u00f6sning - Transtoyou<\/title>\n<meta name=\"description\" content=\"Uppt\u00e4ck Wegovy f\u00f6r effektiv viktkontroll, tillg\u00e4nglig p\u00e5 Transtoyou. Handla nu f\u00f6r kliniskt godk\u00e4nda l\u00f6sningar som st\u00f6der din h\u00e4lsa.\" \/>\n<meta name=\"robots\" content=\"noindex, follow, max-snippet:-1, max-image-preview:large, max-video-preview:-1\" \/>\n<meta property=\"og:locale\" content=\"sv_SE\" \/>\n<meta property=\"og:type\" content=\"article\" \/>\n<meta property=\"og:title\" content=\"Wegovy | Effektiv Viktkontrolll\u00f6sning - Transtoyou\" \/>\n<meta property=\"og:description\" content=\"Uppt\u00e4ck Wegovy f\u00f6r effektiv viktkontroll, tillg\u00e4nglig p\u00e5 Transtoyou. Handla nu f\u00f6r kliniskt godk\u00e4nda l\u00f6sningar som st\u00f6der din h\u00e4lsa.\" \/>\n<meta property=\"og:url\" content=\"https:\/\/www.transtoyou.com\/sv\/product\/wegovy\/\" \/>\n<meta property=\"og:site_name\" content=\"Transtoyou - SV\" \/>\n<meta property=\"article:modified_time\" content=\"2026-03-08T10:45:05+00:00\" \/>\n<meta name=\"twitter:card\" content=\"summary_large_image\" \/>\n<meta name=\"twitter:label1\" content=\"Ber\u00e4knad l\u00e4stid\" \/>\n\t<meta name=\"twitter:data1\" content=\"1 minut\" \/>\n<script type=\"application\/ld+json\" class=\"yoast-schema-graph\">{\"@context\":\"https:\/\/schema.org\",\"@graph\":[{\"@type\":\"WebPage\",\"@id\":\"https:\/\/www.transtoyou.com\/sv\/product\/wegovy\/\",\"url\":\"https:\/\/www.transtoyou.com\/sv\/product\/wegovy\/\",\"name\":\"Wegovy | Effektiv Viktkontrolll\u00f6sning - Transtoyou\",\"isPartOf\":{\"@id\":\"https:\/\/www.transtoyou.com\/sv\/#website\"},\"primaryImageOfPage\":{\"@id\":\"https:\/\/www.transtoyou.com\/sv\/product\/wegovy\/#primaryimage\"},\"image\":{\"@id\":\"https:\/\/www.transtoyou.com\/sv\/product\/wegovy\/#primaryimage\"},\"thumbnailUrl\":\"https:\/\/www.transtoyou.com\/sv\/wp-content\/uploads\/sites\/15\/2026\/01\/wegovy-transtoyou-overview.png\",\"datePublished\":\"2026-01-22T14:34:50+00:00\",\"dateModified\":\"2026-03-08T10:45:05+00:00\",\"description\":\"Uppt\u00e4ck Wegovy f\u00f6r effektiv viktkontroll, tillg\u00e4nglig p\u00e5 Transtoyou. Handla nu f\u00f6r kliniskt godk\u00e4nda l\u00f6sningar som st\u00f6der din h\u00e4lsa.\",\"breadcrumb\":{\"@id\":\"https:\/\/www.transtoyou.com\/sv\/product\/wegovy\/#breadcrumb\"},\"inLanguage\":\"sv-SE\",\"potentialAction\":[{\"@type\":\"ReadAction\",\"target\":[\"https:\/\/www.transtoyou.com\/sv\/product\/wegovy\/\"]}]},{\"@type\":\"ImageObject\",\"inLanguage\":\"sv-SE\",\"@id\":\"https:\/\/www.transtoyou.com\/sv\/product\/wegovy\/#primaryimage\",\"url\":\"https:\/\/www.transtoyou.com\/sv\/wp-content\/uploads\/sites\/15\/2026\/01\/wegovy-transtoyou-overview.png\",\"contentUrl\":\"https:\/\/www.transtoyou.com\/sv\/wp-content\/uploads\/sites\/15\/2026\/01\/wegovy-transtoyou-overview.png\",\"width\":1080,\"height\":1080,\"caption\":\"Wegovy Prik Pen - Transtoyou\"},{\"@type\":\"WebSite\",\"@id\":\"https:\/\/www.transtoyou.com\/sv\/#website\",\"url\":\"https:\/\/www.transtoyou.com\/sv\/\",\"name\":\"Transtoyou - SV\",\"description\":\"\",\"publisher\":{\"@id\":\"https:\/\/www.transtoyou.com\/sv\/#organization\"},\"potentialAction\":[{\"@type\":\"SearchAction\",\"target\":{\"@type\":\"EntryPoint\",\"urlTemplate\":\"https:\/\/www.transtoyou.com\/sv\/?s={search_term_string}\"},\"query-input\":{\"@type\":\"PropertyValueSpecification\",\"valueRequired\":true,\"valueName\":\"search_term_string\"}}],\"inLanguage\":\"sv-SE\"},{\"@type\":\"Organization\",\"@id\":\"https:\/\/www.transtoyou.com\/sv\/#organization\",\"name\":\"Transtoyou - SV\",\"url\":\"https:\/\/www.transtoyou.com\/sv\/\",\"logo\":{\"@type\":\"ImageObject\",\"inLanguage\":\"sv-SE\",\"@id\":\"https:\/\/www.transtoyou.com\/sv\/#\/schema\/logo\/image\/\",\"url\":\"https:\/\/www.transtoyou.com\/sv\/wp-content\/uploads\/sites\/15\/2026\/01\/logo-tty-menu-bar-300x87-1.webp\",\"contentUrl\":\"https:\/\/www.transtoyou.com\/sv\/wp-content\/uploads\/sites\/15\/2026\/01\/logo-tty-menu-bar-300x87-1.webp\",\"width\":300,\"height\":87,\"caption\":\"Transtoyou - SV\"},\"image\":{\"@id\":\"https:\/\/www.transtoyou.com\/sv\/#\/schema\/logo\/image\/\"}}]}<\/script>\n<!-- \/ Yoast SEO plugin. -->","yoast_head_json":{"title":"Wegovy | Effektiv Viktkontrolll\u00f6sning - Transtoyou","description":"Uppt\u00e4ck Wegovy f\u00f6r effektiv viktkontroll, tillg\u00e4nglig p\u00e5 Transtoyou. Handla nu f\u00f6r kliniskt godk\u00e4nda l\u00f6sningar som st\u00f6der din h\u00e4lsa.","robots":{"index":"noindex","follow":"follow","max-snippet":"max-snippet:-1","max-image-preview":"max-image-preview:large","max-video-preview":"max-video-preview:-1"},"og_locale":"sv_SE","og_type":"article","og_title":"Wegovy | Effektiv Viktkontrolll\u00f6sning - Transtoyou","og_description":"Uppt\u00e4ck Wegovy f\u00f6r effektiv viktkontroll, tillg\u00e4nglig p\u00e5 Transtoyou. Handla nu f\u00f6r kliniskt godk\u00e4nda l\u00f6sningar som st\u00f6der din h\u00e4lsa.","og_url":"https:\/\/www.transtoyou.com\/sv\/product\/wegovy\/","og_site_name":"Transtoyou - SV","article_modified_time":"2026-03-08T10:45:05+00:00","twitter_card":"summary_large_image","twitter_misc":{"Ber\u00e4knad l\u00e4stid":"1 minut"},"schema":{"@context":"https:\/\/schema.org","@graph":[{"@type":"WebPage","@id":"https:\/\/www.transtoyou.com\/sv\/product\/wegovy\/","url":"https:\/\/www.transtoyou.com\/sv\/product\/wegovy\/","name":"Wegovy | Effektiv Viktkontrolll\u00f6sning - Transtoyou","isPartOf":{"@id":"https:\/\/www.transtoyou.com\/sv\/#website"},"primaryImageOfPage":{"@id":"https:\/\/www.transtoyou.com\/sv\/product\/wegovy\/#primaryimage"},"image":{"@id":"https:\/\/www.transtoyou.com\/sv\/product\/wegovy\/#primaryimage"},"thumbnailUrl":"https:\/\/www.transtoyou.com\/sv\/wp-content\/uploads\/sites\/15\/2026\/01\/wegovy-transtoyou-overview.png","datePublished":"2026-01-22T14:34:50+00:00","dateModified":"2026-03-08T10:45:05+00:00","description":"Uppt\u00e4ck Wegovy f\u00f6r effektiv viktkontroll, tillg\u00e4nglig p\u00e5 Transtoyou. Handla nu f\u00f6r kliniskt godk\u00e4nda l\u00f6sningar som st\u00f6der din h\u00e4lsa.","breadcrumb":{"@id":"https:\/\/www.transtoyou.com\/sv\/product\/wegovy\/#breadcrumb"},"inLanguage":"sv-SE","potentialAction":[{"@type":"ReadAction","target":["https:\/\/www.transtoyou.com\/sv\/product\/wegovy\/"]}]},{"@type":"ImageObject","inLanguage":"sv-SE","@id":"https:\/\/www.transtoyou.com\/sv\/product\/wegovy\/#primaryimage","url":"https:\/\/www.transtoyou.com\/sv\/wp-content\/uploads\/sites\/15\/2026\/01\/wegovy-transtoyou-overview.png","contentUrl":"https:\/\/www.transtoyou.com\/sv\/wp-content\/uploads\/sites\/15\/2026\/01\/wegovy-transtoyou-overview.png","width":1080,"height":1080,"caption":"Wegovy Prik Pen - Transtoyou"},{"@type":"WebSite","@id":"https:\/\/www.transtoyou.com\/sv\/#website","url":"https:\/\/www.transtoyou.com\/sv\/","name":"Transtoyou - SV","description":"","publisher":{"@id":"https:\/\/www.transtoyou.com\/sv\/#organization"},"potentialAction":[{"@type":"SearchAction","target":{"@type":"EntryPoint","urlTemplate":"https:\/\/www.transtoyou.com\/sv\/?s={search_term_string}"},"query-input":{"@type":"PropertyValueSpecification","valueRequired":true,"valueName":"search_term_string"}}],"inLanguage":"sv-SE"},{"@type":"Organization","@id":"https:\/\/www.transtoyou.com\/sv\/#organization","name":"Transtoyou - SV","url":"https:\/\/www.transtoyou.com\/sv\/","logo":{"@type":"ImageObject","inLanguage":"sv-SE","@id":"https:\/\/www.transtoyou.com\/sv\/#\/schema\/logo\/image\/","url":"https:\/\/www.transtoyou.com\/sv\/wp-content\/uploads\/sites\/15\/2026\/01\/logo-tty-menu-bar-300x87-1.webp","contentUrl":"https:\/\/www.transtoyou.com\/sv\/wp-content\/uploads\/sites\/15\/2026\/01\/logo-tty-menu-bar-300x87-1.webp","width":300,"height":87,"caption":"Transtoyou - SV"},"image":{"@id":"https:\/\/www.transtoyou.com\/sv\/#\/schema\/logo\/image\/"}}]}},"_links":{"self":[{"href":"https:\/\/www.transtoyou.com\/sv\/wp-json\/wp\/v2\/product\/458","targetHints":{"allow":["GET"]}}],"collection":[{"href":"https:\/\/www.transtoyou.com\/sv\/wp-json\/wp\/v2\/product"}],"about":[{"href":"https:\/\/www.transtoyou.com\/sv\/wp-json\/wp\/v2\/types\/product"}],"replies":[{"embeddable":true,"href":"https:\/\/www.transtoyou.com\/sv\/wp-json\/wp\/v2\/comments?post=458"}],"wp:featuredmedia":[{"embeddable":true,"href":"https:\/\/www.transtoyou.com\/sv\/wp-json\/wp\/v2\/media\/460"}],"wp:attachment":[{"href":"https:\/\/www.transtoyou.com\/sv\/wp-json\/wp\/v2\/media?parent=458"}],"wp:term":[{"taxonomy":"product_brand","embeddable":true,"href":"https:\/\/www.transtoyou.com\/sv\/wp-json\/wp\/v2\/product_brand?post=458"},{"taxonomy":"product_cat","embeddable":true,"href":"https:\/\/www.transtoyou.com\/sv\/wp-json\/wp\/v2\/product_cat?post=458"},{"taxonomy":"product_tag","embeddable":true,"href":"https:\/\/www.transtoyou.com\/sv\/wp-json\/wp\/v2\/product_tag?post=458"},{"taxonomy":"expert","embeddable":true,"href":"https:\/\/www.transtoyou.com\/sv\/wp-json\/wp\/v2\/expert?post=458"}],"curies":[{"name":"wp","href":"https:\/\/api.w.org\/{rel}","templated":true}]}}