{"id":461,"date":"2026-01-22T14:52:27","date_gmt":"2026-01-22T14:52:27","guid":{"rendered":"https:\/\/www.transtoyou.com\/sv\/product\/saxenda\/"},"modified":"2026-03-05T09:40:32","modified_gmt":"2026-03-05T09:40:32","slug":"saxenda","status":"publish","type":"product","link":"https:\/\/www.transtoyou.com\/sv\/product\/saxenda\/","title":{"rendered":"Saxenda"},"content":{"rendered":"<p>Saxenda \u00e4r en injicerbar receptbelagd medicin som utvecklats f\u00f6r att hj\u00e4lpa vuxna som \u00e4r \u00f6verviktiga eller feta att g\u00e5 ner i vikt. Den inneh\u00e5ller liraglutid, en f\u00f6rening som efterliknar ett naturligt hormon i kroppen som kallas GLP-1. Detta hormon spelar en roll i regleringen av aptit, blodsocker och matsm\u00e4ltning. Saxenda fungerar genom att interagera med receptorer i hj\u00e4rnan f\u00f6r att hj\u00e4lpa dig att k\u00e4nna dig m\u00e4tt tidigare och minska hungern mellan m\u00e5ltiderna.<\/p>\n<p>Till skillnad fr\u00e5n m\u00e5nga traditionella viktminskningspiller administreras Saxenda via en daglig injektion under huden med en f\u00f6rfylld penna. Den \u00e4r mest effektiv n\u00e4r den anv\u00e4nds tillsammans med en kalorireducerad kost och \u00f6kad fysisk aktivitet. Personer som anv\u00e4nder Saxenda upplever ofta gradvis, stabil viktminskning \u00f6ver tid, vilket kan leda till f\u00f6rb\u00e4ttringar av andra h\u00e4lsotillst\u00e5nd som typ 2-diabetes, h\u00f6gt blodtryck eller f\u00f6rh\u00f6jt kolesterol.<\/p>\n<p>Saxenda p\u00e5b\u00f6rjas vanligtvis med en l\u00e5g dos f\u00f6r att l\u00e5ta kroppen anpassa sig, med gradvisa \u00f6kningar under flera veckor. Denna stegvisa metod hj\u00e4lper till att minimera vanliga biverkningar som illam\u00e5ende eller magbesv\u00e4r. Medan medicinen p\u00e5verkar aptit och m\u00e4ttnad, \u00f6kar den inte \u00e4mnesoms\u00e4ttningen eller fungerar som en stimulant.<\/p>\n","protected":false},"excerpt":{"rendered":"<ul>\n<li>St\u00f6d f\u00f6r aptitreglering<\/li>\n<li>Daglig injektion<\/li>\n<li>Fr\u00e4mjar gradvis viktminskning<\/li>\n<\/ul>\n","protected":false},"featured_media":463,"comment_status":"open","ping_status":"closed","template":"","meta":[],"product_brand":[],"product_cat":[157],"product_tag":[],"expert":[16],"class_list":{"0":"post-461","1":"product","2":"type-product","3":"status-publish","4":"has-post-thumbnail","6":"product_cat-viktnedgang","7":"expert-dr-c-alexandru","9":"first","10":"instock","11":"shipping-taxable","12":"product-type-variable"},"yoast_head":"<!-- This site is optimized with the Yoast SEO plugin v27.0 - https:\/\/yoast.com\/product\/yoast-seo-wordpress\/ -->\n<title>Saxenda | Effektiv Viktminskning - Transtoyou<\/title>\n<meta name=\"description\" content=\"Uppt\u00e4ck Saxenda p\u00e5 Transtoyou f\u00f6r effektiv viktkontroll. Kliniskt granskad, p\u00e5litlig och bekv\u00e4m. Handla nu f\u00f6r din h\u00e4lsa.\" \/>\n<meta name=\"robots\" content=\"noindex, follow, max-snippet:-1, max-image-preview:large, max-video-preview:-1\" \/>\n<meta property=\"og:locale\" content=\"sv_SE\" \/>\n<meta property=\"og:type\" content=\"article\" \/>\n<meta property=\"og:title\" content=\"Saxenda | Effektiv Viktminskning - Transtoyou\" \/>\n<meta property=\"og:description\" content=\"Uppt\u00e4ck Saxenda p\u00e5 Transtoyou f\u00f6r effektiv viktkontroll. Kliniskt granskad, p\u00e5litlig och bekv\u00e4m. Handla nu f\u00f6r din h\u00e4lsa.\" \/>\n<meta property=\"og:url\" content=\"https:\/\/www.transtoyou.com\/sv\/product\/saxenda\/\" \/>\n<meta property=\"og:site_name\" content=\"Transtoyou - SV\" \/>\n<meta property=\"article:modified_time\" content=\"2026-03-05T09:40:32+00:00\" \/>\n<meta name=\"twitter:card\" content=\"summary_large_image\" \/>\n<meta name=\"twitter:label1\" content=\"Ber\u00e4knad l\u00e4stid\" \/>\n\t<meta name=\"twitter:data1\" content=\"1 minut\" \/>\n<script type=\"application\/ld+json\" class=\"yoast-schema-graph\">{\"@context\":\"https:\/\/schema.org\",\"@graph\":[{\"@type\":\"WebPage\",\"@id\":\"https:\/\/www.transtoyou.com\/sv\/product\/saxenda\/\",\"url\":\"https:\/\/www.transtoyou.com\/sv\/product\/saxenda\/\",\"name\":\"Saxenda | Effektiv Viktminskning - Transtoyou\",\"isPartOf\":{\"@id\":\"https:\/\/www.transtoyou.com\/sv\/#website\"},\"primaryImageOfPage\":{\"@id\":\"https:\/\/www.transtoyou.com\/sv\/product\/saxenda\/#primaryimage\"},\"image\":{\"@id\":\"https:\/\/www.transtoyou.com\/sv\/product\/saxenda\/#primaryimage\"},\"thumbnailUrl\":\"https:\/\/www.transtoyou.com\/sv\/wp-content\/uploads\/sites\/15\/2026\/01\/tty-no-product-image-8.webp\",\"datePublished\":\"2026-01-22T14:52:27+00:00\",\"dateModified\":\"2026-03-05T09:40:32+00:00\",\"description\":\"Uppt\u00e4ck Saxenda p\u00e5 Transtoyou f\u00f6r effektiv viktkontroll. Kliniskt granskad, p\u00e5litlig och bekv\u00e4m. Handla nu f\u00f6r din h\u00e4lsa.\",\"breadcrumb\":{\"@id\":\"https:\/\/www.transtoyou.com\/sv\/product\/saxenda\/#breadcrumb\"},\"inLanguage\":\"sv-SE\",\"potentialAction\":[{\"@type\":\"ReadAction\",\"target\":[\"https:\/\/www.transtoyou.com\/sv\/product\/saxenda\/\"]}]},{\"@type\":\"ImageObject\",\"inLanguage\":\"sv-SE\",\"@id\":\"https:\/\/www.transtoyou.com\/sv\/product\/saxenda\/#primaryimage\",\"url\":\"https:\/\/www.transtoyou.com\/sv\/wp-content\/uploads\/sites\/15\/2026\/01\/tty-no-product-image-8.webp\",\"contentUrl\":\"https:\/\/www.transtoyou.com\/sv\/wp-content\/uploads\/sites\/15\/2026\/01\/tty-no-product-image-8.webp\",\"width\":1000,\"height\":1000,\"caption\":\"Standard produktbild\"},{\"@type\":\"WebSite\",\"@id\":\"https:\/\/www.transtoyou.com\/sv\/#website\",\"url\":\"https:\/\/www.transtoyou.com\/sv\/\",\"name\":\"Transtoyou - SV\",\"description\":\"\",\"publisher\":{\"@id\":\"https:\/\/www.transtoyou.com\/sv\/#organization\"},\"potentialAction\":[{\"@type\":\"SearchAction\",\"target\":{\"@type\":\"EntryPoint\",\"urlTemplate\":\"https:\/\/www.transtoyou.com\/sv\/?s={search_term_string}\"},\"query-input\":{\"@type\":\"PropertyValueSpecification\",\"valueRequired\":true,\"valueName\":\"search_term_string\"}}],\"inLanguage\":\"sv-SE\"},{\"@type\":\"Organization\",\"@id\":\"https:\/\/www.transtoyou.com\/sv\/#organization\",\"name\":\"Transtoyou - SV\",\"url\":\"https:\/\/www.transtoyou.com\/sv\/\",\"logo\":{\"@type\":\"ImageObject\",\"inLanguage\":\"sv-SE\",\"@id\":\"https:\/\/www.transtoyou.com\/sv\/#\/schema\/logo\/image\/\",\"url\":\"https:\/\/www.transtoyou.com\/sv\/wp-content\/uploads\/sites\/15\/2026\/01\/logo-tty-menu-bar-300x87-1.webp\",\"contentUrl\":\"https:\/\/www.transtoyou.com\/sv\/wp-content\/uploads\/sites\/15\/2026\/01\/logo-tty-menu-bar-300x87-1.webp\",\"width\":300,\"height\":87,\"caption\":\"Transtoyou - SV\"},\"image\":{\"@id\":\"https:\/\/www.transtoyou.com\/sv\/#\/schema\/logo\/image\/\"}}]}<\/script>\n<!-- \/ Yoast SEO plugin. -->","yoast_head_json":{"title":"Saxenda | Effektiv Viktminskning - Transtoyou","description":"Uppt\u00e4ck Saxenda p\u00e5 Transtoyou f\u00f6r effektiv viktkontroll. Kliniskt granskad, p\u00e5litlig och bekv\u00e4m. Handla nu f\u00f6r din h\u00e4lsa.","robots":{"index":"noindex","follow":"follow","max-snippet":"max-snippet:-1","max-image-preview":"max-image-preview:large","max-video-preview":"max-video-preview:-1"},"og_locale":"sv_SE","og_type":"article","og_title":"Saxenda | Effektiv Viktminskning - Transtoyou","og_description":"Uppt\u00e4ck Saxenda p\u00e5 Transtoyou f\u00f6r effektiv viktkontroll. Kliniskt granskad, p\u00e5litlig och bekv\u00e4m. Handla nu f\u00f6r din h\u00e4lsa.","og_url":"https:\/\/www.transtoyou.com\/sv\/product\/saxenda\/","og_site_name":"Transtoyou - SV","article_modified_time":"2026-03-05T09:40:32+00:00","twitter_card":"summary_large_image","twitter_misc":{"Ber\u00e4knad l\u00e4stid":"1 minut"},"schema":{"@context":"https:\/\/schema.org","@graph":[{"@type":"WebPage","@id":"https:\/\/www.transtoyou.com\/sv\/product\/saxenda\/","url":"https:\/\/www.transtoyou.com\/sv\/product\/saxenda\/","name":"Saxenda | Effektiv Viktminskning - Transtoyou","isPartOf":{"@id":"https:\/\/www.transtoyou.com\/sv\/#website"},"primaryImageOfPage":{"@id":"https:\/\/www.transtoyou.com\/sv\/product\/saxenda\/#primaryimage"},"image":{"@id":"https:\/\/www.transtoyou.com\/sv\/product\/saxenda\/#primaryimage"},"thumbnailUrl":"https:\/\/www.transtoyou.com\/sv\/wp-content\/uploads\/sites\/15\/2026\/01\/tty-no-product-image-8.webp","datePublished":"2026-01-22T14:52:27+00:00","dateModified":"2026-03-05T09:40:32+00:00","description":"Uppt\u00e4ck Saxenda p\u00e5 Transtoyou f\u00f6r effektiv viktkontroll. Kliniskt granskad, p\u00e5litlig och bekv\u00e4m. Handla nu f\u00f6r din h\u00e4lsa.","breadcrumb":{"@id":"https:\/\/www.transtoyou.com\/sv\/product\/saxenda\/#breadcrumb"},"inLanguage":"sv-SE","potentialAction":[{"@type":"ReadAction","target":["https:\/\/www.transtoyou.com\/sv\/product\/saxenda\/"]}]},{"@type":"ImageObject","inLanguage":"sv-SE","@id":"https:\/\/www.transtoyou.com\/sv\/product\/saxenda\/#primaryimage","url":"https:\/\/www.transtoyou.com\/sv\/wp-content\/uploads\/sites\/15\/2026\/01\/tty-no-product-image-8.webp","contentUrl":"https:\/\/www.transtoyou.com\/sv\/wp-content\/uploads\/sites\/15\/2026\/01\/tty-no-product-image-8.webp","width":1000,"height":1000,"caption":"Standard produktbild"},{"@type":"WebSite","@id":"https:\/\/www.transtoyou.com\/sv\/#website","url":"https:\/\/www.transtoyou.com\/sv\/","name":"Transtoyou - SV","description":"","publisher":{"@id":"https:\/\/www.transtoyou.com\/sv\/#organization"},"potentialAction":[{"@type":"SearchAction","target":{"@type":"EntryPoint","urlTemplate":"https:\/\/www.transtoyou.com\/sv\/?s={search_term_string}"},"query-input":{"@type":"PropertyValueSpecification","valueRequired":true,"valueName":"search_term_string"}}],"inLanguage":"sv-SE"},{"@type":"Organization","@id":"https:\/\/www.transtoyou.com\/sv\/#organization","name":"Transtoyou - SV","url":"https:\/\/www.transtoyou.com\/sv\/","logo":{"@type":"ImageObject","inLanguage":"sv-SE","@id":"https:\/\/www.transtoyou.com\/sv\/#\/schema\/logo\/image\/","url":"https:\/\/www.transtoyou.com\/sv\/wp-content\/uploads\/sites\/15\/2026\/01\/logo-tty-menu-bar-300x87-1.webp","contentUrl":"https:\/\/www.transtoyou.com\/sv\/wp-content\/uploads\/sites\/15\/2026\/01\/logo-tty-menu-bar-300x87-1.webp","width":300,"height":87,"caption":"Transtoyou - SV"},"image":{"@id":"https:\/\/www.transtoyou.com\/sv\/#\/schema\/logo\/image\/"}}]}},"_links":{"self":[{"href":"https:\/\/www.transtoyou.com\/sv\/wp-json\/wp\/v2\/product\/461","targetHints":{"allow":["GET"]}}],"collection":[{"href":"https:\/\/www.transtoyou.com\/sv\/wp-json\/wp\/v2\/product"}],"about":[{"href":"https:\/\/www.transtoyou.com\/sv\/wp-json\/wp\/v2\/types\/product"}],"replies":[{"embeddable":true,"href":"https:\/\/www.transtoyou.com\/sv\/wp-json\/wp\/v2\/comments?post=461"}],"wp:featuredmedia":[{"embeddable":true,"href":"https:\/\/www.transtoyou.com\/sv\/wp-json\/wp\/v2\/media\/463"}],"wp:attachment":[{"href":"https:\/\/www.transtoyou.com\/sv\/wp-json\/wp\/v2\/media?parent=461"}],"wp:term":[{"taxonomy":"product_brand","embeddable":true,"href":"https:\/\/www.transtoyou.com\/sv\/wp-json\/wp\/v2\/product_brand?post=461"},{"taxonomy":"product_cat","embeddable":true,"href":"https:\/\/www.transtoyou.com\/sv\/wp-json\/wp\/v2\/product_cat?post=461"},{"taxonomy":"product_tag","embeddable":true,"href":"https:\/\/www.transtoyou.com\/sv\/wp-json\/wp\/v2\/product_tag?post=461"},{"taxonomy":"expert","embeddable":true,"href":"https:\/\/www.transtoyou.com\/sv\/wp-json\/wp\/v2\/expert?post=461"}],"curies":[{"name":"wp","href":"https:\/\/api.w.org\/{rel}","templated":true}]}}