{"id":464,"date":"2026-01-22T15:09:08","date_gmt":"2026-01-22T15:09:08","guid":{"rendered":"https:\/\/www.transtoyou.com\/sv\/product\/orlistat\/"},"modified":"2026-03-01T09:30:42","modified_gmt":"2026-03-01T09:30:42","slug":"orlistat","status":"publish","type":"product","link":"https:\/\/www.transtoyou.com\/sv\/product\/orlistat\/","title":{"rendered":"Orlistat"},"content":{"rendered":"<p>Orlistat \u00e4r ett viktminskningsmedel som verkar genom att f\u00f6rhindra absorptionen av fett fr\u00e5n maten du \u00e4ter. Det anv\u00e4nds vanligtvis av vuxna som \u00e4r \u00f6verviktiga eller feta och som vill hantera sin vikt i kombination med en kalorireducerad, l\u00e5g-fett diet. Till skillnad fr\u00e5n aptitd\u00e4mpande medel som p\u00e5verkar hj\u00e4rnan, verkar Orlistat lokalt i mag-tarmkanalen och riktar sig mot enzymet lipas. Detta enzym \u00e4r ansvarigt f\u00f6r att bryta ner kostfett s\u00e5 att det kan absorberas av kroppen. Genom att h\u00e4mma lipas s\u00e4kerst\u00e4ller Orlistat att cirka en tredjedel av kostfettet inte absorberas utan ist\u00e4llet passerar genom kroppen p\u00e5 ett naturligt s\u00e4tt.<\/p>\n<p>Orlistat tas vanligtvis tre g\u00e5nger per dag med varje huvudm\u00e5ltid som inneh\u00e5ller fett. Dess effektivitet \u00e4r n\u00e4ra kopplad till att uppr\u00e4tth\u00e5lla en balanserad kost och att delta i regelbunden fysisk aktivitet. De flesta anv\u00e4ndare b\u00f6rjar se gradvis viktminskning inom n\u00e5gra veckor. Dessutom har Orlistat visat sig hj\u00e4lpa till att f\u00f6rb\u00e4ttra blodtryck, kolesterolniv\u00e5er och blodsockerkontroll hos personer med viktrelaterade h\u00e4lsotillst\u00e5nd.<\/p>\n<p>De vanligaste biverkningarna \u00e4r av digestionsnatur och inkluderar oljiga eller feta avf\u00f6ringar, \u00f6kade tarmr\u00f6relser eller magobehag. Dessa biverkningar minskar ofta n\u00e4r kroppen anpassar sig och n\u00e4r anv\u00e4ndare antar en kost med l\u00e4gre fettinneh\u00e5ll. F\u00f6r att st\u00f6dja absorptionen av fettl\u00f6sliga vitaminer rekommenderas det ofta att ta ett multivitamintillskott vid en annan tid p\u00e5 dagen \u00e4n Orlistat-dosen.<\/p>\n","protected":false},"excerpt":{"rendered":"<ul>\n<li>Minskar fettabsorption<\/li>\n<li>Icke-systematisk viktminskningshj\u00e4lp<\/li>\n<li>Hj\u00e4lper till att f\u00f6rb\u00e4ttra metabol h\u00e4lsa<\/li>\n<\/ul>\n","protected":false},"featured_media":466,"comment_status":"open","ping_status":"closed","template":"","meta":[],"product_brand":[],"product_cat":[157],"product_tag":[],"expert":[16],"class_list":{"0":"post-464","1":"product","2":"type-product","3":"status-publish","4":"has-post-thumbnail","6":"product_cat-viktnedgang","7":"expert-dr-c-alexandru","9":"first","10":"instock","11":"shipping-taxable","12":"product-type-variable"},"yoast_head":"<!-- This site is optimized with the Yoast SEO plugin v27.0 - https:\/\/yoast.com\/product\/yoast-seo-wordpress\/ -->\n<title>Orlistat | Effektiv Viktkontroll - Transtoyou<\/title>\n<meta name=\"description\" content=\"Orlistat: St\u00f6d viktkontroll med denna effektiva produkt, tillg\u00e4nglig p\u00e5 Transtoyou. Handla nu f\u00f6r en p\u00e5litlig l\u00f6sning p\u00e5 din h\u00e4lsosamma resa.\" \/>\n<meta name=\"robots\" content=\"noindex, follow, max-snippet:-1, max-image-preview:large, max-video-preview:-1\" \/>\n<meta property=\"og:locale\" content=\"sv_SE\" \/>\n<meta property=\"og:type\" content=\"article\" \/>\n<meta property=\"og:title\" content=\"Orlistat | Effektiv Viktkontroll - Transtoyou\" \/>\n<meta property=\"og:description\" content=\"Orlistat: St\u00f6d viktkontroll med denna effektiva produkt, tillg\u00e4nglig p\u00e5 Transtoyou. Handla nu f\u00f6r en p\u00e5litlig l\u00f6sning p\u00e5 din h\u00e4lsosamma resa.\" \/>\n<meta property=\"og:url\" content=\"https:\/\/www.transtoyou.com\/sv\/product\/orlistat\/\" \/>\n<meta property=\"og:site_name\" content=\"Transtoyou - SV\" \/>\n<meta property=\"article:modified_time\" content=\"2026-03-01T09:30:42+00:00\" \/>\n<meta name=\"twitter:card\" content=\"summary_large_image\" \/>\n<meta name=\"twitter:label1\" content=\"Ber\u00e4knad l\u00e4stid\" \/>\n\t<meta name=\"twitter:data1\" content=\"1 minut\" \/>\n<script type=\"application\/ld+json\" class=\"yoast-schema-graph\">{\"@context\":\"https:\/\/schema.org\",\"@graph\":[{\"@type\":\"WebPage\",\"@id\":\"https:\/\/www.transtoyou.com\/sv\/product\/orlistat\/\",\"url\":\"https:\/\/www.transtoyou.com\/sv\/product\/orlistat\/\",\"name\":\"Orlistat | Effektiv Viktkontroll - Transtoyou\",\"isPartOf\":{\"@id\":\"https:\/\/www.transtoyou.com\/sv\/#website\"},\"primaryImageOfPage\":{\"@id\":\"https:\/\/www.transtoyou.com\/sv\/product\/orlistat\/#primaryimage\"},\"image\":{\"@id\":\"https:\/\/www.transtoyou.com\/sv\/product\/orlistat\/#primaryimage\"},\"thumbnailUrl\":\"https:\/\/www.transtoyou.com\/sv\/wp-content\/uploads\/sites\/15\/2026\/01\/tty-no-product-image-9.webp\",\"datePublished\":\"2026-01-22T15:09:08+00:00\",\"dateModified\":\"2026-03-01T09:30:42+00:00\",\"description\":\"Orlistat: St\u00f6d viktkontroll med denna effektiva produkt, tillg\u00e4nglig p\u00e5 Transtoyou. Handla nu f\u00f6r en p\u00e5litlig l\u00f6sning p\u00e5 din h\u00e4lsosamma resa.\",\"breadcrumb\":{\"@id\":\"https:\/\/www.transtoyou.com\/sv\/product\/orlistat\/#breadcrumb\"},\"inLanguage\":\"sv-SE\",\"potentialAction\":[{\"@type\":\"ReadAction\",\"target\":[\"https:\/\/www.transtoyou.com\/sv\/product\/orlistat\/\"]}]},{\"@type\":\"ImageObject\",\"inLanguage\":\"sv-SE\",\"@id\":\"https:\/\/www.transtoyou.com\/sv\/product\/orlistat\/#primaryimage\",\"url\":\"https:\/\/www.transtoyou.com\/sv\/wp-content\/uploads\/sites\/15\/2026\/01\/tty-no-product-image-9.webp\",\"contentUrl\":\"https:\/\/www.transtoyou.com\/sv\/wp-content\/uploads\/sites\/15\/2026\/01\/tty-no-product-image-9.webp\",\"width\":1000,\"height\":1000,\"caption\":\"Standard produktbild\"},{\"@type\":\"WebSite\",\"@id\":\"https:\/\/www.transtoyou.com\/sv\/#website\",\"url\":\"https:\/\/www.transtoyou.com\/sv\/\",\"name\":\"Transtoyou - SV\",\"description\":\"\",\"publisher\":{\"@id\":\"https:\/\/www.transtoyou.com\/sv\/#organization\"},\"potentialAction\":[{\"@type\":\"SearchAction\",\"target\":{\"@type\":\"EntryPoint\",\"urlTemplate\":\"https:\/\/www.transtoyou.com\/sv\/?s={search_term_string}\"},\"query-input\":{\"@type\":\"PropertyValueSpecification\",\"valueRequired\":true,\"valueName\":\"search_term_string\"}}],\"inLanguage\":\"sv-SE\"},{\"@type\":\"Organization\",\"@id\":\"https:\/\/www.transtoyou.com\/sv\/#organization\",\"name\":\"Transtoyou - SV\",\"url\":\"https:\/\/www.transtoyou.com\/sv\/\",\"logo\":{\"@type\":\"ImageObject\",\"inLanguage\":\"sv-SE\",\"@id\":\"https:\/\/www.transtoyou.com\/sv\/#\/schema\/logo\/image\/\",\"url\":\"https:\/\/www.transtoyou.com\/sv\/wp-content\/uploads\/sites\/15\/2026\/01\/logo-tty-menu-bar-300x87-1.webp\",\"contentUrl\":\"https:\/\/www.transtoyou.com\/sv\/wp-content\/uploads\/sites\/15\/2026\/01\/logo-tty-menu-bar-300x87-1.webp\",\"width\":300,\"height\":87,\"caption\":\"Transtoyou - SV\"},\"image\":{\"@id\":\"https:\/\/www.transtoyou.com\/sv\/#\/schema\/logo\/image\/\"}}]}<\/script>\n<!-- \/ Yoast SEO plugin. -->","yoast_head_json":{"title":"Orlistat | Effektiv Viktkontroll - Transtoyou","description":"Orlistat: St\u00f6d viktkontroll med denna effektiva produkt, tillg\u00e4nglig p\u00e5 Transtoyou. Handla nu f\u00f6r en p\u00e5litlig l\u00f6sning p\u00e5 din h\u00e4lsosamma resa.","robots":{"index":"noindex","follow":"follow","max-snippet":"max-snippet:-1","max-image-preview":"max-image-preview:large","max-video-preview":"max-video-preview:-1"},"og_locale":"sv_SE","og_type":"article","og_title":"Orlistat | Effektiv Viktkontroll - Transtoyou","og_description":"Orlistat: St\u00f6d viktkontroll med denna effektiva produkt, tillg\u00e4nglig p\u00e5 Transtoyou. Handla nu f\u00f6r en p\u00e5litlig l\u00f6sning p\u00e5 din h\u00e4lsosamma resa.","og_url":"https:\/\/www.transtoyou.com\/sv\/product\/orlistat\/","og_site_name":"Transtoyou - SV","article_modified_time":"2026-03-01T09:30:42+00:00","twitter_card":"summary_large_image","twitter_misc":{"Ber\u00e4knad l\u00e4stid":"1 minut"},"schema":{"@context":"https:\/\/schema.org","@graph":[{"@type":"WebPage","@id":"https:\/\/www.transtoyou.com\/sv\/product\/orlistat\/","url":"https:\/\/www.transtoyou.com\/sv\/product\/orlistat\/","name":"Orlistat | Effektiv Viktkontroll - Transtoyou","isPartOf":{"@id":"https:\/\/www.transtoyou.com\/sv\/#website"},"primaryImageOfPage":{"@id":"https:\/\/www.transtoyou.com\/sv\/product\/orlistat\/#primaryimage"},"image":{"@id":"https:\/\/www.transtoyou.com\/sv\/product\/orlistat\/#primaryimage"},"thumbnailUrl":"https:\/\/www.transtoyou.com\/sv\/wp-content\/uploads\/sites\/15\/2026\/01\/tty-no-product-image-9.webp","datePublished":"2026-01-22T15:09:08+00:00","dateModified":"2026-03-01T09:30:42+00:00","description":"Orlistat: St\u00f6d viktkontroll med denna effektiva produkt, tillg\u00e4nglig p\u00e5 Transtoyou. Handla nu f\u00f6r en p\u00e5litlig l\u00f6sning p\u00e5 din h\u00e4lsosamma resa.","breadcrumb":{"@id":"https:\/\/www.transtoyou.com\/sv\/product\/orlistat\/#breadcrumb"},"inLanguage":"sv-SE","potentialAction":[{"@type":"ReadAction","target":["https:\/\/www.transtoyou.com\/sv\/product\/orlistat\/"]}]},{"@type":"ImageObject","inLanguage":"sv-SE","@id":"https:\/\/www.transtoyou.com\/sv\/product\/orlistat\/#primaryimage","url":"https:\/\/www.transtoyou.com\/sv\/wp-content\/uploads\/sites\/15\/2026\/01\/tty-no-product-image-9.webp","contentUrl":"https:\/\/www.transtoyou.com\/sv\/wp-content\/uploads\/sites\/15\/2026\/01\/tty-no-product-image-9.webp","width":1000,"height":1000,"caption":"Standard produktbild"},{"@type":"WebSite","@id":"https:\/\/www.transtoyou.com\/sv\/#website","url":"https:\/\/www.transtoyou.com\/sv\/","name":"Transtoyou - SV","description":"","publisher":{"@id":"https:\/\/www.transtoyou.com\/sv\/#organization"},"potentialAction":[{"@type":"SearchAction","target":{"@type":"EntryPoint","urlTemplate":"https:\/\/www.transtoyou.com\/sv\/?s={search_term_string}"},"query-input":{"@type":"PropertyValueSpecification","valueRequired":true,"valueName":"search_term_string"}}],"inLanguage":"sv-SE"},{"@type":"Organization","@id":"https:\/\/www.transtoyou.com\/sv\/#organization","name":"Transtoyou - SV","url":"https:\/\/www.transtoyou.com\/sv\/","logo":{"@type":"ImageObject","inLanguage":"sv-SE","@id":"https:\/\/www.transtoyou.com\/sv\/#\/schema\/logo\/image\/","url":"https:\/\/www.transtoyou.com\/sv\/wp-content\/uploads\/sites\/15\/2026\/01\/logo-tty-menu-bar-300x87-1.webp","contentUrl":"https:\/\/www.transtoyou.com\/sv\/wp-content\/uploads\/sites\/15\/2026\/01\/logo-tty-menu-bar-300x87-1.webp","width":300,"height":87,"caption":"Transtoyou - SV"},"image":{"@id":"https:\/\/www.transtoyou.com\/sv\/#\/schema\/logo\/image\/"}}]}},"_links":{"self":[{"href":"https:\/\/www.transtoyou.com\/sv\/wp-json\/wp\/v2\/product\/464","targetHints":{"allow":["GET"]}}],"collection":[{"href":"https:\/\/www.transtoyou.com\/sv\/wp-json\/wp\/v2\/product"}],"about":[{"href":"https:\/\/www.transtoyou.com\/sv\/wp-json\/wp\/v2\/types\/product"}],"replies":[{"embeddable":true,"href":"https:\/\/www.transtoyou.com\/sv\/wp-json\/wp\/v2\/comments?post=464"}],"wp:featuredmedia":[{"embeddable":true,"href":"https:\/\/www.transtoyou.com\/sv\/wp-json\/wp\/v2\/media\/466"}],"wp:attachment":[{"href":"https:\/\/www.transtoyou.com\/sv\/wp-json\/wp\/v2\/media?parent=464"}],"wp:term":[{"taxonomy":"product_brand","embeddable":true,"href":"https:\/\/www.transtoyou.com\/sv\/wp-json\/wp\/v2\/product_brand?post=464"},{"taxonomy":"product_cat","embeddable":true,"href":"https:\/\/www.transtoyou.com\/sv\/wp-json\/wp\/v2\/product_cat?post=464"},{"taxonomy":"product_tag","embeddable":true,"href":"https:\/\/www.transtoyou.com\/sv\/wp-json\/wp\/v2\/product_tag?post=464"},{"taxonomy":"expert","embeddable":true,"href":"https:\/\/www.transtoyou.com\/sv\/wp-json\/wp\/v2\/expert?post=464"}],"curies":[{"name":"wp","href":"https:\/\/api.w.org\/{rel}","templated":true}]}}