{"id":488,"date":"2026-01-22T17:20:03","date_gmt":"2026-01-22T17:20:03","guid":{"rendered":"https:\/\/www.transtoyou.com\/sv\/product\/aciclovir\/"},"modified":"2026-02-12T14:12:26","modified_gmt":"2026-02-12T14:12:26","slug":"aciclovir","status":"publish","type":"product","link":"https:\/\/www.transtoyou.com\/sv\/product\/aciclovir\/","title":{"rendered":"Aciklovir"},"content":{"rendered":"<p>Aciklovir \u00e4r ett antiviralt l\u00e4kemedel som anv\u00e4nds f\u00f6r att behandla infektioner orsakade av herpesvirus (s\u00e5som HSV och VZV), inklusive genital herpes, muns\u00e5r och b\u00e4ltros. Det fungerar genom att sakta ner tillv\u00e4xten och spridningen av herpesviruset i kroppen, vilket hj\u00e4lper till att minska sv\u00e5righetsgraden och varaktigheten av utbrott. Aciklovir botar inte herpesinfektioner men kan effektivt hantera symtom och minska frekvensen av \u00e5terkommande utbrott.<\/p>\n<p>L\u00e4kemedlet finns i olika former, inklusive tabletter, kr\u00e4mer och intraven\u00f6sa l\u00f6sningar. F\u00f6r hudrelaterade utbrott som muns\u00e5r eller b\u00e4ltros appliceras kr\u00e4men ofta direkt p\u00e5 det drabbade omr\u00e5det. Vid mer utbredda eller sv\u00e5ra infektioner indikeras tabletter eller intraven\u00f6s administrering.<\/p>\n<p>Aciklovir fungerar genom att st\u00f6ra virusets f\u00f6rm\u00e5ga att reproducera sitt genetiska material. Detta inneb\u00e4r att medan viruset f\u00f6rblir vilande i kroppen, s\u00e5 undertrycks aktiv reproduktion, vilket hj\u00e4lper till att begr\u00e4nsa infektionen och fr\u00e4mja snabbare l\u00e4kning.<\/p>\n<p>De flesta m\u00e4rker symtomlindring inom n\u00e5gra dagar efter att behandlingen p\u00e5b\u00f6rjats, s\u00e4rskilt n\u00e4r det tas vid de f\u00f6rsta tecknen p\u00e5 ett utbrott.<\/p>\n<p>Typiska behandlingskurser varar i fem till tio dagar, beroende p\u00e5 tillst\u00e5ndet och administrationsformen. F\u00f6r genital herpes \u00e4r en typisk dos f\u00f6r vuxna 400 mg tre g\u00e5nger dagligen i 5 till 10 dagar. F\u00f6r \u00e5terkommande utbrott kan vissa individer ta Aciklovir dagligen som en suppressiv terapi f\u00f6r att minska \u00e5terfall.<\/p>\n","protected":false},"excerpt":{"rendered":"<ul>\n<li>Effektiv mot herpesvirus<\/li>\n<li>Minimerar utbrottets sv\u00e5righetsgrad och varaktighet<\/li>\n<li>Finns i kr\u00e4m- och tablettform<\/li>\n<\/ul>\n","protected":false},"featured_media":1325,"comment_status":"open","ping_status":"closed","template":"","meta":[],"product_brand":[],"product_cat":[115,73,143],"product_tag":[],"expert":[21],"class_list":{"0":"post-488","1":"product","2":"type-product","3":"status-publish","4":"has-post-thumbnail","6":"product_cat-herpes","7":"product_cat-munsar","8":"product_cat-takpannor","9":"expert-dr-m-sharoyko","11":"first","12":"instock","13":"shipping-taxable","14":"purchasable","15":"product-type-variable"},"yoast_head":"<!-- This site is optimized with the Yoast SEO plugin v27.0 - https:\/\/yoast.com\/product\/yoast-seo-wordpress\/ -->\n<title>Aciklovir | Effektiv antiviral lindring - Transtoyou<\/title>\n<meta name=\"description\" content=\"Aciklovir finns p\u00e5 Transtoyou, din p\u00e5litliga k\u00e4lla f\u00f6r effektiv virbehandling. Handla nu f\u00f6r snabb tillg\u00e5ng till kvalitetsprodukter.\" \/>\n<meta name=\"robots\" content=\"noindex, follow, max-snippet:-1, max-image-preview:large, max-video-preview:-1\" \/>\n<meta property=\"og:locale\" content=\"sv_SE\" \/>\n<meta property=\"og:type\" content=\"article\" \/>\n<meta property=\"og:title\" content=\"Aciklovir | Effektiv antiviral lindring - Transtoyou\" \/>\n<meta property=\"og:description\" content=\"Aciklovir finns p\u00e5 Transtoyou, din p\u00e5litliga k\u00e4lla f\u00f6r effektiv virbehandling. Handla nu f\u00f6r snabb tillg\u00e5ng till kvalitetsprodukter.\" \/>\n<meta property=\"og:url\" content=\"https:\/\/www.transtoyou.com\/sv\/product\/aciclovir\/\" \/>\n<meta property=\"og:site_name\" content=\"Transtoyou - SV\" \/>\n<meta property=\"article:modified_time\" content=\"2026-02-12T14:12:26+00:00\" \/>\n<meta name=\"twitter:card\" content=\"summary_large_image\" \/>\n<meta name=\"twitter:label1\" content=\"Ber\u00e4knad l\u00e4stid\" \/>\n\t<meta name=\"twitter:data1\" content=\"1 minut\" \/>\n<script type=\"application\/ld+json\" class=\"yoast-schema-graph\">{\"@context\":\"https:\/\/schema.org\",\"@graph\":[{\"@type\":\"WebPage\",\"@id\":\"https:\/\/www.transtoyou.com\/sv\/product\/aciclovir\/\",\"url\":\"https:\/\/www.transtoyou.com\/sv\/product\/aciclovir\/\",\"name\":\"Aciklovir | Effektiv antiviral lindring - Transtoyou\",\"isPartOf\":{\"@id\":\"https:\/\/www.transtoyou.com\/sv\/#website\"},\"primaryImageOfPage\":{\"@id\":\"https:\/\/www.transtoyou.com\/sv\/product\/aciclovir\/#primaryimage\"},\"image\":{\"@id\":\"https:\/\/www.transtoyou.com\/sv\/product\/aciclovir\/#primaryimage\"},\"thumbnailUrl\":\"https:\/\/www.transtoyou.com\/sv\/wp-content\/uploads\/sites\/15\/2026\/02\/Aciclovir-mean-image.png\",\"datePublished\":\"2026-01-22T17:20:03+00:00\",\"dateModified\":\"2026-02-12T14:12:26+00:00\",\"description\":\"Aciklovir finns p\u00e5 Transtoyou, din p\u00e5litliga k\u00e4lla f\u00f6r effektiv virbehandling. Handla nu f\u00f6r snabb tillg\u00e5ng till kvalitetsprodukter.\",\"breadcrumb\":{\"@id\":\"https:\/\/www.transtoyou.com\/sv\/product\/aciclovir\/#breadcrumb\"},\"inLanguage\":\"sv-SE\",\"potentialAction\":[{\"@type\":\"ReadAction\",\"target\":[\"https:\/\/www.transtoyou.com\/sv\/product\/aciclovir\/\"]}]},{\"@type\":\"ImageObject\",\"inLanguage\":\"sv-SE\",\"@id\":\"https:\/\/www.transtoyou.com\/sv\/product\/aciclovir\/#primaryimage\",\"url\":\"https:\/\/www.transtoyou.com\/sv\/wp-content\/uploads\/sites\/15\/2026\/02\/Aciclovir-mean-image.png\",\"contentUrl\":\"https:\/\/www.transtoyou.com\/sv\/wp-content\/uploads\/sites\/15\/2026\/02\/Aciclovir-mean-image.png\",\"width\":1080,\"height\":1080,\"caption\":\"Aciklovir best\u00e4llning online - Transtoyou\"},{\"@type\":\"WebSite\",\"@id\":\"https:\/\/www.transtoyou.com\/sv\/#website\",\"url\":\"https:\/\/www.transtoyou.com\/sv\/\",\"name\":\"Transtoyou - SV\",\"description\":\"\",\"publisher\":{\"@id\":\"https:\/\/www.transtoyou.com\/sv\/#organization\"},\"potentialAction\":[{\"@type\":\"SearchAction\",\"target\":{\"@type\":\"EntryPoint\",\"urlTemplate\":\"https:\/\/www.transtoyou.com\/sv\/?s={search_term_string}\"},\"query-input\":{\"@type\":\"PropertyValueSpecification\",\"valueRequired\":true,\"valueName\":\"search_term_string\"}}],\"inLanguage\":\"sv-SE\"},{\"@type\":\"Organization\",\"@id\":\"https:\/\/www.transtoyou.com\/sv\/#organization\",\"name\":\"Transtoyou - SV\",\"url\":\"https:\/\/www.transtoyou.com\/sv\/\",\"logo\":{\"@type\":\"ImageObject\",\"inLanguage\":\"sv-SE\",\"@id\":\"https:\/\/www.transtoyou.com\/sv\/#\/schema\/logo\/image\/\",\"url\":\"https:\/\/www.transtoyou.com\/sv\/wp-content\/uploads\/sites\/15\/2026\/01\/logo-tty-menu-bar-300x87-1.webp\",\"contentUrl\":\"https:\/\/www.transtoyou.com\/sv\/wp-content\/uploads\/sites\/15\/2026\/01\/logo-tty-menu-bar-300x87-1.webp\",\"width\":300,\"height\":87,\"caption\":\"Transtoyou - SV\"},\"image\":{\"@id\":\"https:\/\/www.transtoyou.com\/sv\/#\/schema\/logo\/image\/\"}}]}<\/script>\n<!-- \/ Yoast SEO plugin. -->","yoast_head_json":{"title":"Aciklovir | Effektiv antiviral lindring - Transtoyou","description":"Aciklovir finns p\u00e5 Transtoyou, din p\u00e5litliga k\u00e4lla f\u00f6r effektiv virbehandling. Handla nu f\u00f6r snabb tillg\u00e5ng till kvalitetsprodukter.","robots":{"index":"noindex","follow":"follow","max-snippet":"max-snippet:-1","max-image-preview":"max-image-preview:large","max-video-preview":"max-video-preview:-1"},"og_locale":"sv_SE","og_type":"article","og_title":"Aciklovir | Effektiv antiviral lindring - Transtoyou","og_description":"Aciklovir finns p\u00e5 Transtoyou, din p\u00e5litliga k\u00e4lla f\u00f6r effektiv virbehandling. Handla nu f\u00f6r snabb tillg\u00e5ng till kvalitetsprodukter.","og_url":"https:\/\/www.transtoyou.com\/sv\/product\/aciclovir\/","og_site_name":"Transtoyou - SV","article_modified_time":"2026-02-12T14:12:26+00:00","twitter_card":"summary_large_image","twitter_misc":{"Ber\u00e4knad l\u00e4stid":"1 minut"},"schema":{"@context":"https:\/\/schema.org","@graph":[{"@type":"WebPage","@id":"https:\/\/www.transtoyou.com\/sv\/product\/aciclovir\/","url":"https:\/\/www.transtoyou.com\/sv\/product\/aciclovir\/","name":"Aciklovir | Effektiv antiviral lindring - Transtoyou","isPartOf":{"@id":"https:\/\/www.transtoyou.com\/sv\/#website"},"primaryImageOfPage":{"@id":"https:\/\/www.transtoyou.com\/sv\/product\/aciclovir\/#primaryimage"},"image":{"@id":"https:\/\/www.transtoyou.com\/sv\/product\/aciclovir\/#primaryimage"},"thumbnailUrl":"https:\/\/www.transtoyou.com\/sv\/wp-content\/uploads\/sites\/15\/2026\/02\/Aciclovir-mean-image.png","datePublished":"2026-01-22T17:20:03+00:00","dateModified":"2026-02-12T14:12:26+00:00","description":"Aciklovir finns p\u00e5 Transtoyou, din p\u00e5litliga k\u00e4lla f\u00f6r effektiv virbehandling. Handla nu f\u00f6r snabb tillg\u00e5ng till kvalitetsprodukter.","breadcrumb":{"@id":"https:\/\/www.transtoyou.com\/sv\/product\/aciclovir\/#breadcrumb"},"inLanguage":"sv-SE","potentialAction":[{"@type":"ReadAction","target":["https:\/\/www.transtoyou.com\/sv\/product\/aciclovir\/"]}]},{"@type":"ImageObject","inLanguage":"sv-SE","@id":"https:\/\/www.transtoyou.com\/sv\/product\/aciclovir\/#primaryimage","url":"https:\/\/www.transtoyou.com\/sv\/wp-content\/uploads\/sites\/15\/2026\/02\/Aciclovir-mean-image.png","contentUrl":"https:\/\/www.transtoyou.com\/sv\/wp-content\/uploads\/sites\/15\/2026\/02\/Aciclovir-mean-image.png","width":1080,"height":1080,"caption":"Aciklovir best\u00e4llning online - Transtoyou"},{"@type":"WebSite","@id":"https:\/\/www.transtoyou.com\/sv\/#website","url":"https:\/\/www.transtoyou.com\/sv\/","name":"Transtoyou - SV","description":"","publisher":{"@id":"https:\/\/www.transtoyou.com\/sv\/#organization"},"potentialAction":[{"@type":"SearchAction","target":{"@type":"EntryPoint","urlTemplate":"https:\/\/www.transtoyou.com\/sv\/?s={search_term_string}"},"query-input":{"@type":"PropertyValueSpecification","valueRequired":true,"valueName":"search_term_string"}}],"inLanguage":"sv-SE"},{"@type":"Organization","@id":"https:\/\/www.transtoyou.com\/sv\/#organization","name":"Transtoyou - SV","url":"https:\/\/www.transtoyou.com\/sv\/","logo":{"@type":"ImageObject","inLanguage":"sv-SE","@id":"https:\/\/www.transtoyou.com\/sv\/#\/schema\/logo\/image\/","url":"https:\/\/www.transtoyou.com\/sv\/wp-content\/uploads\/sites\/15\/2026\/01\/logo-tty-menu-bar-300x87-1.webp","contentUrl":"https:\/\/www.transtoyou.com\/sv\/wp-content\/uploads\/sites\/15\/2026\/01\/logo-tty-menu-bar-300x87-1.webp","width":300,"height":87,"caption":"Transtoyou - SV"},"image":{"@id":"https:\/\/www.transtoyou.com\/sv\/#\/schema\/logo\/image\/"}}]}},"_links":{"self":[{"href":"https:\/\/www.transtoyou.com\/sv\/wp-json\/wp\/v2\/product\/488","targetHints":{"allow":["GET"]}}],"collection":[{"href":"https:\/\/www.transtoyou.com\/sv\/wp-json\/wp\/v2\/product"}],"about":[{"href":"https:\/\/www.transtoyou.com\/sv\/wp-json\/wp\/v2\/types\/product"}],"replies":[{"embeddable":true,"href":"https:\/\/www.transtoyou.com\/sv\/wp-json\/wp\/v2\/comments?post=488"}],"wp:featuredmedia":[{"embeddable":true,"href":"https:\/\/www.transtoyou.com\/sv\/wp-json\/wp\/v2\/media\/1325"}],"wp:attachment":[{"href":"https:\/\/www.transtoyou.com\/sv\/wp-json\/wp\/v2\/media?parent=488"}],"wp:term":[{"taxonomy":"product_brand","embeddable":true,"href":"https:\/\/www.transtoyou.com\/sv\/wp-json\/wp\/v2\/product_brand?post=488"},{"taxonomy":"product_cat","embeddable":true,"href":"https:\/\/www.transtoyou.com\/sv\/wp-json\/wp\/v2\/product_cat?post=488"},{"taxonomy":"product_tag","embeddable":true,"href":"https:\/\/www.transtoyou.com\/sv\/wp-json\/wp\/v2\/product_tag?post=488"},{"taxonomy":"expert","embeddable":true,"href":"https:\/\/www.transtoyou.com\/sv\/wp-json\/wp\/v2\/expert?post=488"}],"curies":[{"name":"wp","href":"https:\/\/api.w.org\/{rel}","templated":true}]}}