{"id":500,"date":"2026-01-22T18:24:51","date_gmt":"2026-01-22T18:24:51","guid":{"rendered":"https:\/\/www.transtoyou.com\/sv\/product\/zyban\/"},"modified":"2026-01-22T18:26:03","modified_gmt":"2026-01-22T18:26:03","slug":"zyban","status":"publish","type":"product","link":"https:\/\/www.transtoyou.com\/sv\/product\/zyban\/","title":{"rendered":"Zyban"},"content":{"rendered":"<p>Zyban \u00e4r en receptbelagd medicin som anv\u00e4nds f\u00f6r att hj\u00e4lpa m\u00e4nniskor att sluta r\u00f6ka. Den inneh\u00e5ller bupropion, en f\u00f6rening som ursprungligen utvecklades som ett antidepressivt medel men som senare visade sig betydligt minska nikotinbeg\u00e4r och abstinenssymptom. Till skillnad fr\u00e5n nikotiners\u00e4ttningsbehandlingar inneh\u00e5ller Zyban inte nikotin. Ist\u00e4llet verkar den genom att f\u00f6r\u00e4ndra niv\u00e5erna av vissa neurotransmittorer i hj\u00e4rnan, s\u00e4rskilt dopamin och noradrenalin, som \u00e4r involverade i beroende och hum\u00f6rreglering.<\/p>\n<p>Zyban tas som en tablett, vanligtvis p\u00e5b\u00f6rjad en till tv\u00e5 veckor f\u00f6re det planerade slutdatumet. Detta g\u00f6r att medicinen kan byggas upp i systemet och b\u00f6rja minska beg\u00e4ren vid tidpunkten d\u00e5 r\u00f6kningen upph\u00f6r. Behandlingen forts\u00e4tter vanligtvis i 7 till 12 veckor, beroende p\u00e5 individuell framsteg och l\u00e4karens rekommendationer.<\/p>\n<p>Zyban \u00e4r s\u00e4rskilt hj\u00e4lpsam f\u00f6r individer som har f\u00f6rs\u00f6kt andra hj\u00e4lpmedel f\u00f6r att sluta r\u00f6ka utan framg\u00e5ng eller f\u00f6r dem som f\u00f6redrar en icke-nikotinbaserad metod. N\u00e4r den anv\u00e4nds tillsammans med beteendest\u00f6d har Zyban visat sig avsev\u00e4rt \u00f6ka chanserna att sluta framg\u00e5ngsrikt.<\/p>\n<p>Biverkningar kan inkludera muntorrhet, s\u00f6mnl\u00f6shet, huvudv\u00e4rk eller f\u00f6r\u00e4ndringar i aptit. Det \u00e4r viktigt att inte \u00f6verskrida den f\u00f6reskrivna dosen, eftersom h\u00f6gre doser kan \u00f6ka risken f\u00f6r anfall. Zyban b\u00f6r inte anv\u00e4ndas i kombination med andra mediciner som ocks\u00e5 p\u00e5verkar serotonin eller hos personer med en historia av anfall eller \u00e4tst\u00f6rningar.<\/p>\n","protected":false},"excerpt":{"rendered":"<ul>\n<li>R\u00f6kavv\u00e4njande hj\u00e4lpmedel utan nikotin<\/li>\n<li>Minskar beg\u00e4r och abstinens<\/li>\n<li>B\u00f6rja 1 vecka f\u00f6re slutdatum<\/li>\n<\/ul>\n","protected":false},"featured_media":502,"comment_status":"open","ping_status":"closed","template":"","meta":[],"product_brand":[],"product_cat":[146],"product_tag":[],"expert":[16],"class_list":{"0":"post-500","1":"product","2":"type-product","3":"status-publish","4":"has-post-thumbnail","6":"product_cat-sluta-roka-hjalpmedel","7":"expert-dr-c-alexandru","9":"first","10":"instock","11":"shipping-taxable","12":"product-type-variable"},"yoast_head":"<!-- This site is optimized with the Yoast SEO plugin v27.0 - https:\/\/yoast.com\/product\/yoast-seo-wordpress\/ -->\n<title>Zyban | Hj\u00e4lp f\u00f6r att Sluta R\u00f6ka - Transtoyou<\/title>\n<meta name=\"description\" content=\"Uppt\u00e4ck Zyban p\u00e5 Transtoyou, din p\u00e5litliga k\u00e4lla f\u00f6r h\u00e4lsol\u00f6sningar. Handla nu f\u00f6r effektivt st\u00f6d i att sluta r\u00f6ka. Skaffa din idag!\" \/>\n<meta name=\"robots\" content=\"noindex, follow, max-snippet:-1, max-image-preview:large, max-video-preview:-1\" \/>\n<meta property=\"og:locale\" content=\"sv_SE\" \/>\n<meta property=\"og:type\" content=\"article\" \/>\n<meta property=\"og:title\" content=\"Zyban | Hj\u00e4lp f\u00f6r att Sluta R\u00f6ka - Transtoyou\" \/>\n<meta property=\"og:description\" content=\"Uppt\u00e4ck Zyban p\u00e5 Transtoyou, din p\u00e5litliga k\u00e4lla f\u00f6r h\u00e4lsol\u00f6sningar. Handla nu f\u00f6r effektivt st\u00f6d i att sluta r\u00f6ka. Skaffa din idag!\" \/>\n<meta property=\"og:url\" content=\"https:\/\/www.transtoyou.com\/sv\/product\/zyban\/\" \/>\n<meta property=\"og:site_name\" content=\"Transtoyou - SV\" \/>\n<meta property=\"article:modified_time\" content=\"2026-01-22T18:26:03+00:00\" \/>\n<meta name=\"twitter:card\" content=\"summary_large_image\" \/>\n<meta name=\"twitter:label1\" content=\"Ber\u00e4knad l\u00e4stid\" \/>\n\t<meta name=\"twitter:data1\" content=\"1 minut\" \/>\n<script type=\"application\/ld+json\" class=\"yoast-schema-graph\">{\"@context\":\"https:\/\/schema.org\",\"@graph\":[{\"@type\":\"WebPage\",\"@id\":\"https:\/\/www.transtoyou.com\/sv\/product\/zyban\/\",\"url\":\"https:\/\/www.transtoyou.com\/sv\/product\/zyban\/\",\"name\":\"Zyban | Hj\u00e4lp f\u00f6r att Sluta R\u00f6ka - Transtoyou\",\"isPartOf\":{\"@id\":\"https:\/\/www.transtoyou.com\/sv\/#website\"},\"primaryImageOfPage\":{\"@id\":\"https:\/\/www.transtoyou.com\/sv\/product\/zyban\/#primaryimage\"},\"image\":{\"@id\":\"https:\/\/www.transtoyou.com\/sv\/product\/zyban\/#primaryimage\"},\"thumbnailUrl\":\"https:\/\/www.transtoyou.com\/sv\/wp-content\/uploads\/sites\/15\/2026\/01\/tty-no-product-image-21.webp\",\"datePublished\":\"2026-01-22T18:24:51+00:00\",\"dateModified\":\"2026-01-22T18:26:03+00:00\",\"description\":\"Uppt\u00e4ck Zyban p\u00e5 Transtoyou, din p\u00e5litliga k\u00e4lla f\u00f6r h\u00e4lsol\u00f6sningar. Handla nu f\u00f6r effektivt st\u00f6d i att sluta r\u00f6ka. Skaffa din idag!\",\"breadcrumb\":{\"@id\":\"https:\/\/www.transtoyou.com\/sv\/product\/zyban\/#breadcrumb\"},\"inLanguage\":\"sv-SE\",\"potentialAction\":[{\"@type\":\"ReadAction\",\"target\":[\"https:\/\/www.transtoyou.com\/sv\/product\/zyban\/\"]}]},{\"@type\":\"ImageObject\",\"inLanguage\":\"sv-SE\",\"@id\":\"https:\/\/www.transtoyou.com\/sv\/product\/zyban\/#primaryimage\",\"url\":\"https:\/\/www.transtoyou.com\/sv\/wp-content\/uploads\/sites\/15\/2026\/01\/tty-no-product-image-21.webp\",\"contentUrl\":\"https:\/\/www.transtoyou.com\/sv\/wp-content\/uploads\/sites\/15\/2026\/01\/tty-no-product-image-21.webp\",\"width\":1000,\"height\":1000,\"caption\":\"Standard produktbild\"},{\"@type\":\"WebSite\",\"@id\":\"https:\/\/www.transtoyou.com\/sv\/#website\",\"url\":\"https:\/\/www.transtoyou.com\/sv\/\",\"name\":\"Transtoyou - SV\",\"description\":\"\",\"publisher\":{\"@id\":\"https:\/\/www.transtoyou.com\/sv\/#organization\"},\"potentialAction\":[{\"@type\":\"SearchAction\",\"target\":{\"@type\":\"EntryPoint\",\"urlTemplate\":\"https:\/\/www.transtoyou.com\/sv\/?s={search_term_string}\"},\"query-input\":{\"@type\":\"PropertyValueSpecification\",\"valueRequired\":true,\"valueName\":\"search_term_string\"}}],\"inLanguage\":\"sv-SE\"},{\"@type\":\"Organization\",\"@id\":\"https:\/\/www.transtoyou.com\/sv\/#organization\",\"name\":\"Transtoyou - SV\",\"url\":\"https:\/\/www.transtoyou.com\/sv\/\",\"logo\":{\"@type\":\"ImageObject\",\"inLanguage\":\"sv-SE\",\"@id\":\"https:\/\/www.transtoyou.com\/sv\/#\/schema\/logo\/image\/\",\"url\":\"https:\/\/www.transtoyou.com\/sv\/wp-content\/uploads\/sites\/15\/2026\/01\/logo-tty-menu-bar-300x87-1.webp\",\"contentUrl\":\"https:\/\/www.transtoyou.com\/sv\/wp-content\/uploads\/sites\/15\/2026\/01\/logo-tty-menu-bar-300x87-1.webp\",\"width\":300,\"height\":87,\"caption\":\"Transtoyou - SV\"},\"image\":{\"@id\":\"https:\/\/www.transtoyou.com\/sv\/#\/schema\/logo\/image\/\"}}]}<\/script>\n<!-- \/ Yoast SEO plugin. -->","yoast_head_json":{"title":"Zyban | Hj\u00e4lp f\u00f6r att Sluta R\u00f6ka - Transtoyou","description":"Uppt\u00e4ck Zyban p\u00e5 Transtoyou, din p\u00e5litliga k\u00e4lla f\u00f6r h\u00e4lsol\u00f6sningar. Handla nu f\u00f6r effektivt st\u00f6d i att sluta r\u00f6ka. Skaffa din idag!","robots":{"index":"noindex","follow":"follow","max-snippet":"max-snippet:-1","max-image-preview":"max-image-preview:large","max-video-preview":"max-video-preview:-1"},"og_locale":"sv_SE","og_type":"article","og_title":"Zyban | Hj\u00e4lp f\u00f6r att Sluta R\u00f6ka - Transtoyou","og_description":"Uppt\u00e4ck Zyban p\u00e5 Transtoyou, din p\u00e5litliga k\u00e4lla f\u00f6r h\u00e4lsol\u00f6sningar. Handla nu f\u00f6r effektivt st\u00f6d i att sluta r\u00f6ka. Skaffa din idag!","og_url":"https:\/\/www.transtoyou.com\/sv\/product\/zyban\/","og_site_name":"Transtoyou - SV","article_modified_time":"2026-01-22T18:26:03+00:00","twitter_card":"summary_large_image","twitter_misc":{"Ber\u00e4knad l\u00e4stid":"1 minut"},"schema":{"@context":"https:\/\/schema.org","@graph":[{"@type":"WebPage","@id":"https:\/\/www.transtoyou.com\/sv\/product\/zyban\/","url":"https:\/\/www.transtoyou.com\/sv\/product\/zyban\/","name":"Zyban | Hj\u00e4lp f\u00f6r att Sluta R\u00f6ka - Transtoyou","isPartOf":{"@id":"https:\/\/www.transtoyou.com\/sv\/#website"},"primaryImageOfPage":{"@id":"https:\/\/www.transtoyou.com\/sv\/product\/zyban\/#primaryimage"},"image":{"@id":"https:\/\/www.transtoyou.com\/sv\/product\/zyban\/#primaryimage"},"thumbnailUrl":"https:\/\/www.transtoyou.com\/sv\/wp-content\/uploads\/sites\/15\/2026\/01\/tty-no-product-image-21.webp","datePublished":"2026-01-22T18:24:51+00:00","dateModified":"2026-01-22T18:26:03+00:00","description":"Uppt\u00e4ck Zyban p\u00e5 Transtoyou, din p\u00e5litliga k\u00e4lla f\u00f6r h\u00e4lsol\u00f6sningar. Handla nu f\u00f6r effektivt st\u00f6d i att sluta r\u00f6ka. Skaffa din idag!","breadcrumb":{"@id":"https:\/\/www.transtoyou.com\/sv\/product\/zyban\/#breadcrumb"},"inLanguage":"sv-SE","potentialAction":[{"@type":"ReadAction","target":["https:\/\/www.transtoyou.com\/sv\/product\/zyban\/"]}]},{"@type":"ImageObject","inLanguage":"sv-SE","@id":"https:\/\/www.transtoyou.com\/sv\/product\/zyban\/#primaryimage","url":"https:\/\/www.transtoyou.com\/sv\/wp-content\/uploads\/sites\/15\/2026\/01\/tty-no-product-image-21.webp","contentUrl":"https:\/\/www.transtoyou.com\/sv\/wp-content\/uploads\/sites\/15\/2026\/01\/tty-no-product-image-21.webp","width":1000,"height":1000,"caption":"Standard produktbild"},{"@type":"WebSite","@id":"https:\/\/www.transtoyou.com\/sv\/#website","url":"https:\/\/www.transtoyou.com\/sv\/","name":"Transtoyou - SV","description":"","publisher":{"@id":"https:\/\/www.transtoyou.com\/sv\/#organization"},"potentialAction":[{"@type":"SearchAction","target":{"@type":"EntryPoint","urlTemplate":"https:\/\/www.transtoyou.com\/sv\/?s={search_term_string}"},"query-input":{"@type":"PropertyValueSpecification","valueRequired":true,"valueName":"search_term_string"}}],"inLanguage":"sv-SE"},{"@type":"Organization","@id":"https:\/\/www.transtoyou.com\/sv\/#organization","name":"Transtoyou - SV","url":"https:\/\/www.transtoyou.com\/sv\/","logo":{"@type":"ImageObject","inLanguage":"sv-SE","@id":"https:\/\/www.transtoyou.com\/sv\/#\/schema\/logo\/image\/","url":"https:\/\/www.transtoyou.com\/sv\/wp-content\/uploads\/sites\/15\/2026\/01\/logo-tty-menu-bar-300x87-1.webp","contentUrl":"https:\/\/www.transtoyou.com\/sv\/wp-content\/uploads\/sites\/15\/2026\/01\/logo-tty-menu-bar-300x87-1.webp","width":300,"height":87,"caption":"Transtoyou - SV"},"image":{"@id":"https:\/\/www.transtoyou.com\/sv\/#\/schema\/logo\/image\/"}}]}},"_links":{"self":[{"href":"https:\/\/www.transtoyou.com\/sv\/wp-json\/wp\/v2\/product\/500","targetHints":{"allow":["GET"]}}],"collection":[{"href":"https:\/\/www.transtoyou.com\/sv\/wp-json\/wp\/v2\/product"}],"about":[{"href":"https:\/\/www.transtoyou.com\/sv\/wp-json\/wp\/v2\/types\/product"}],"replies":[{"embeddable":true,"href":"https:\/\/www.transtoyou.com\/sv\/wp-json\/wp\/v2\/comments?post=500"}],"wp:featuredmedia":[{"embeddable":true,"href":"https:\/\/www.transtoyou.com\/sv\/wp-json\/wp\/v2\/media\/502"}],"wp:attachment":[{"href":"https:\/\/www.transtoyou.com\/sv\/wp-json\/wp\/v2\/media?parent=500"}],"wp:term":[{"taxonomy":"product_brand","embeddable":true,"href":"https:\/\/www.transtoyou.com\/sv\/wp-json\/wp\/v2\/product_brand?post=500"},{"taxonomy":"product_cat","embeddable":true,"href":"https:\/\/www.transtoyou.com\/sv\/wp-json\/wp\/v2\/product_cat?post=500"},{"taxonomy":"product_tag","embeddable":true,"href":"https:\/\/www.transtoyou.com\/sv\/wp-json\/wp\/v2\/product_tag?post=500"},{"taxonomy":"expert","embeddable":true,"href":"https:\/\/www.transtoyou.com\/sv\/wp-json\/wp\/v2\/expert?post=500"}],"curies":[{"name":"wp","href":"https:\/\/api.w.org\/{rel}","templated":true}]}}