{"id":503,"date":"2026-01-22T18:41:41","date_gmt":"2026-01-22T18:41:41","guid":{"rendered":"https:\/\/www.transtoyou.com\/sv\/product\/nicorette\/"},"modified":"2026-01-22T18:42:50","modified_gmt":"2026-01-22T18:42:50","slug":"nicorette","status":"publish","type":"product","link":"https:\/\/www.transtoyou.com\/sv\/product\/nicorette\/","title":{"rendered":"Nicorette"},"content":{"rendered":"<p>Nicorette \u00e4r ett v\u00e4lk\u00e4nt varum\u00e4rke f\u00f6r nikotiners\u00e4ttningsterapi (NRT) som \u00e4r utformat f\u00f6r att st\u00f6dja personer som f\u00f6rs\u00f6ker sluta r\u00f6ka. Det finns i olika former. Nicorette levererar kontrollerade m\u00e4ngder nikotin till kroppen utan de skadliga \u00e4mnen som finns i cigaretter. Detta hj\u00e4lper till att minska abstinenssymptom och beg\u00e4r, vilket g\u00f6r \u00f6verg\u00e5ngen bort fr\u00e5n r\u00f6kning mer hanterbar.<\/p>\n<p>Genom att gradvis s\u00e4nka kroppens beroende av nikotin g\u00f6r Nicorette det m\u00f6jligt f\u00f6r r\u00f6kare att fokusera p\u00e5 att bryta den beteendem\u00e4ssiga vanan att r\u00f6ka utan att uppleva intensiv fysisk abstinens. Varje Nicorette-produkt erbjuder ett flexibelt s\u00e4tt att anpassa slutplanen efter individuella preferenser och livsstilar. Till exempel ger pl\u00e5ster ett j\u00e4mnt nikotintillskott under dagen, medan tuggummi eller pastiller erbjuder mer omedelbar lindring vid beg\u00e4r.<\/p>\n<p>Nicorette-produkter anv\u00e4nds vanligtvis under en period av 8 till 12 veckor, med dosering som minskar \u00f6ver tid. De kan anv\u00e4ndas p\u00e5 egen hand eller i kombination, till exempel genom att kombinera ett pl\u00e5ster med tuggummi.<\/p>\n<p>Biverkningar kan inkludera mild irritation i halsen eller munnen, hicka, hudk\u00e4nslighet (fr\u00e5n pl\u00e5ster) eller magbesv\u00e4r. Dessa effekter \u00e4r vanligtvis tillf\u00e4lliga. Nicorette rekommenderas inte under graviditet eller amning om det inte godk\u00e4nts av en l\u00e4kare.<\/p>\n","protected":false},"excerpt":{"rendered":"<ul>\n<li>Minskar nikotinbehov<\/li>\n<li>Flera format tillg\u00e4ngliga<\/li>\n<li>Hj\u00e4lper att sluta r\u00f6ka gradvis<\/li>\n<\/ul>\n","protected":false},"featured_media":505,"comment_status":"open","ping_status":"closed","template":"","meta":[],"product_brand":[],"product_cat":[146],"product_tag":[],"expert":[16],"class_list":{"0":"post-503","1":"product","2":"type-product","3":"status-publish","4":"has-post-thumbnail","6":"product_cat-sluta-roka-hjalpmedel","7":"expert-dr-c-alexandru","9":"first","10":"instock","11":"shipping-taxable","12":"product-type-variable"},"yoast_head":"<!-- This site is optimized with the Yoast SEO plugin v27.0 - https:\/\/yoast.com\/product\/yoast-seo-wordpress\/ -->\n<title>Nicorette | Sluta R\u00f6ka Hj\u00e4lp &amp; Beg\u00e4ran Lindring - Transtoyou<\/title>\n<meta name=\"description\" content=\"Nicorette, tillg\u00e4nglig p\u00e5 Transtoyou, hj\u00e4lper till att lindra r\u00f6kavv\u00e4njning med kontrollerad nikotin. Handla nu f\u00f6r flexibla avv\u00e4njningsplaner anpassade f\u00f6r dig.\" \/>\n<meta name=\"robots\" content=\"noindex, follow, max-snippet:-1, max-image-preview:large, max-video-preview:-1\" \/>\n<meta property=\"og:locale\" content=\"sv_SE\" \/>\n<meta property=\"og:type\" content=\"article\" \/>\n<meta property=\"og:title\" content=\"Nicorette | Sluta R\u00f6ka Hj\u00e4lp &amp; Beg\u00e4ran Lindring - Transtoyou\" \/>\n<meta property=\"og:description\" content=\"Nicorette, tillg\u00e4nglig p\u00e5 Transtoyou, hj\u00e4lper till att lindra r\u00f6kavv\u00e4njning med kontrollerad nikotin. Handla nu f\u00f6r flexibla avv\u00e4njningsplaner anpassade f\u00f6r dig.\" \/>\n<meta property=\"og:url\" content=\"https:\/\/www.transtoyou.com\/sv\/product\/nicorette\/\" \/>\n<meta property=\"og:site_name\" content=\"Transtoyou - SV\" \/>\n<meta property=\"article:modified_time\" content=\"2026-01-22T18:42:50+00:00\" \/>\n<meta name=\"twitter:card\" content=\"summary_large_image\" \/>\n<meta name=\"twitter:label1\" content=\"Ber\u00e4knad l\u00e4stid\" \/>\n\t<meta name=\"twitter:data1\" content=\"1 minut\" \/>\n<script type=\"application\/ld+json\" class=\"yoast-schema-graph\">{\"@context\":\"https:\/\/schema.org\",\"@graph\":[{\"@type\":\"WebPage\",\"@id\":\"https:\/\/www.transtoyou.com\/sv\/product\/nicorette\/\",\"url\":\"https:\/\/www.transtoyou.com\/sv\/product\/nicorette\/\",\"name\":\"Nicorette | Sluta R\u00f6ka Hj\u00e4lp & Beg\u00e4ran Lindring - Transtoyou\",\"isPartOf\":{\"@id\":\"https:\/\/www.transtoyou.com\/sv\/#website\"},\"primaryImageOfPage\":{\"@id\":\"https:\/\/www.transtoyou.com\/sv\/product\/nicorette\/#primaryimage\"},\"image\":{\"@id\":\"https:\/\/www.transtoyou.com\/sv\/product\/nicorette\/#primaryimage\"},\"thumbnailUrl\":\"https:\/\/www.transtoyou.com\/sv\/wp-content\/uploads\/sites\/15\/2026\/01\/tty-no-product-image-22.webp\",\"datePublished\":\"2026-01-22T18:41:41+00:00\",\"dateModified\":\"2026-01-22T18:42:50+00:00\",\"description\":\"Nicorette, tillg\u00e4nglig p\u00e5 Transtoyou, hj\u00e4lper till att lindra r\u00f6kavv\u00e4njning med kontrollerad nikotin. Handla nu f\u00f6r flexibla avv\u00e4njningsplaner anpassade f\u00f6r dig.\",\"breadcrumb\":{\"@id\":\"https:\/\/www.transtoyou.com\/sv\/product\/nicorette\/#breadcrumb\"},\"inLanguage\":\"sv-SE\",\"potentialAction\":[{\"@type\":\"ReadAction\",\"target\":[\"https:\/\/www.transtoyou.com\/sv\/product\/nicorette\/\"]}]},{\"@type\":\"ImageObject\",\"inLanguage\":\"sv-SE\",\"@id\":\"https:\/\/www.transtoyou.com\/sv\/product\/nicorette\/#primaryimage\",\"url\":\"https:\/\/www.transtoyou.com\/sv\/wp-content\/uploads\/sites\/15\/2026\/01\/tty-no-product-image-22.webp\",\"contentUrl\":\"https:\/\/www.transtoyou.com\/sv\/wp-content\/uploads\/sites\/15\/2026\/01\/tty-no-product-image-22.webp\",\"width\":1000,\"height\":1000,\"caption\":\"Standard produktbild\"},{\"@type\":\"WebSite\",\"@id\":\"https:\/\/www.transtoyou.com\/sv\/#website\",\"url\":\"https:\/\/www.transtoyou.com\/sv\/\",\"name\":\"Transtoyou - SV\",\"description\":\"\",\"publisher\":{\"@id\":\"https:\/\/www.transtoyou.com\/sv\/#organization\"},\"potentialAction\":[{\"@type\":\"SearchAction\",\"target\":{\"@type\":\"EntryPoint\",\"urlTemplate\":\"https:\/\/www.transtoyou.com\/sv\/?s={search_term_string}\"},\"query-input\":{\"@type\":\"PropertyValueSpecification\",\"valueRequired\":true,\"valueName\":\"search_term_string\"}}],\"inLanguage\":\"sv-SE\"},{\"@type\":\"Organization\",\"@id\":\"https:\/\/www.transtoyou.com\/sv\/#organization\",\"name\":\"Transtoyou - SV\",\"url\":\"https:\/\/www.transtoyou.com\/sv\/\",\"logo\":{\"@type\":\"ImageObject\",\"inLanguage\":\"sv-SE\",\"@id\":\"https:\/\/www.transtoyou.com\/sv\/#\/schema\/logo\/image\/\",\"url\":\"https:\/\/www.transtoyou.com\/sv\/wp-content\/uploads\/sites\/15\/2026\/01\/logo-tty-menu-bar-300x87-1.webp\",\"contentUrl\":\"https:\/\/www.transtoyou.com\/sv\/wp-content\/uploads\/sites\/15\/2026\/01\/logo-tty-menu-bar-300x87-1.webp\",\"width\":300,\"height\":87,\"caption\":\"Transtoyou - SV\"},\"image\":{\"@id\":\"https:\/\/www.transtoyou.com\/sv\/#\/schema\/logo\/image\/\"}}]}<\/script>\n<!-- \/ Yoast SEO plugin. -->","yoast_head_json":{"title":"Nicorette | Sluta R\u00f6ka Hj\u00e4lp & Beg\u00e4ran Lindring - Transtoyou","description":"Nicorette, tillg\u00e4nglig p\u00e5 Transtoyou, hj\u00e4lper till att lindra r\u00f6kavv\u00e4njning med kontrollerad nikotin. Handla nu f\u00f6r flexibla avv\u00e4njningsplaner anpassade f\u00f6r dig.","robots":{"index":"noindex","follow":"follow","max-snippet":"max-snippet:-1","max-image-preview":"max-image-preview:large","max-video-preview":"max-video-preview:-1"},"og_locale":"sv_SE","og_type":"article","og_title":"Nicorette | Sluta R\u00f6ka Hj\u00e4lp & Beg\u00e4ran Lindring - Transtoyou","og_description":"Nicorette, tillg\u00e4nglig p\u00e5 Transtoyou, hj\u00e4lper till att lindra r\u00f6kavv\u00e4njning med kontrollerad nikotin. Handla nu f\u00f6r flexibla avv\u00e4njningsplaner anpassade f\u00f6r dig.","og_url":"https:\/\/www.transtoyou.com\/sv\/product\/nicorette\/","og_site_name":"Transtoyou - SV","article_modified_time":"2026-01-22T18:42:50+00:00","twitter_card":"summary_large_image","twitter_misc":{"Ber\u00e4knad l\u00e4stid":"1 minut"},"schema":{"@context":"https:\/\/schema.org","@graph":[{"@type":"WebPage","@id":"https:\/\/www.transtoyou.com\/sv\/product\/nicorette\/","url":"https:\/\/www.transtoyou.com\/sv\/product\/nicorette\/","name":"Nicorette | Sluta R\u00f6ka Hj\u00e4lp & Beg\u00e4ran Lindring - Transtoyou","isPartOf":{"@id":"https:\/\/www.transtoyou.com\/sv\/#website"},"primaryImageOfPage":{"@id":"https:\/\/www.transtoyou.com\/sv\/product\/nicorette\/#primaryimage"},"image":{"@id":"https:\/\/www.transtoyou.com\/sv\/product\/nicorette\/#primaryimage"},"thumbnailUrl":"https:\/\/www.transtoyou.com\/sv\/wp-content\/uploads\/sites\/15\/2026\/01\/tty-no-product-image-22.webp","datePublished":"2026-01-22T18:41:41+00:00","dateModified":"2026-01-22T18:42:50+00:00","description":"Nicorette, tillg\u00e4nglig p\u00e5 Transtoyou, hj\u00e4lper till att lindra r\u00f6kavv\u00e4njning med kontrollerad nikotin. Handla nu f\u00f6r flexibla avv\u00e4njningsplaner anpassade f\u00f6r dig.","breadcrumb":{"@id":"https:\/\/www.transtoyou.com\/sv\/product\/nicorette\/#breadcrumb"},"inLanguage":"sv-SE","potentialAction":[{"@type":"ReadAction","target":["https:\/\/www.transtoyou.com\/sv\/product\/nicorette\/"]}]},{"@type":"ImageObject","inLanguage":"sv-SE","@id":"https:\/\/www.transtoyou.com\/sv\/product\/nicorette\/#primaryimage","url":"https:\/\/www.transtoyou.com\/sv\/wp-content\/uploads\/sites\/15\/2026\/01\/tty-no-product-image-22.webp","contentUrl":"https:\/\/www.transtoyou.com\/sv\/wp-content\/uploads\/sites\/15\/2026\/01\/tty-no-product-image-22.webp","width":1000,"height":1000,"caption":"Standard produktbild"},{"@type":"WebSite","@id":"https:\/\/www.transtoyou.com\/sv\/#website","url":"https:\/\/www.transtoyou.com\/sv\/","name":"Transtoyou - SV","description":"","publisher":{"@id":"https:\/\/www.transtoyou.com\/sv\/#organization"},"potentialAction":[{"@type":"SearchAction","target":{"@type":"EntryPoint","urlTemplate":"https:\/\/www.transtoyou.com\/sv\/?s={search_term_string}"},"query-input":{"@type":"PropertyValueSpecification","valueRequired":true,"valueName":"search_term_string"}}],"inLanguage":"sv-SE"},{"@type":"Organization","@id":"https:\/\/www.transtoyou.com\/sv\/#organization","name":"Transtoyou - SV","url":"https:\/\/www.transtoyou.com\/sv\/","logo":{"@type":"ImageObject","inLanguage":"sv-SE","@id":"https:\/\/www.transtoyou.com\/sv\/#\/schema\/logo\/image\/","url":"https:\/\/www.transtoyou.com\/sv\/wp-content\/uploads\/sites\/15\/2026\/01\/logo-tty-menu-bar-300x87-1.webp","contentUrl":"https:\/\/www.transtoyou.com\/sv\/wp-content\/uploads\/sites\/15\/2026\/01\/logo-tty-menu-bar-300x87-1.webp","width":300,"height":87,"caption":"Transtoyou - SV"},"image":{"@id":"https:\/\/www.transtoyou.com\/sv\/#\/schema\/logo\/image\/"}}]}},"_links":{"self":[{"href":"https:\/\/www.transtoyou.com\/sv\/wp-json\/wp\/v2\/product\/503","targetHints":{"allow":["GET"]}}],"collection":[{"href":"https:\/\/www.transtoyou.com\/sv\/wp-json\/wp\/v2\/product"}],"about":[{"href":"https:\/\/www.transtoyou.com\/sv\/wp-json\/wp\/v2\/types\/product"}],"replies":[{"embeddable":true,"href":"https:\/\/www.transtoyou.com\/sv\/wp-json\/wp\/v2\/comments?post=503"}],"wp:featuredmedia":[{"embeddable":true,"href":"https:\/\/www.transtoyou.com\/sv\/wp-json\/wp\/v2\/media\/505"}],"wp:attachment":[{"href":"https:\/\/www.transtoyou.com\/sv\/wp-json\/wp\/v2\/media?parent=503"}],"wp:term":[{"taxonomy":"product_brand","embeddable":true,"href":"https:\/\/www.transtoyou.com\/sv\/wp-json\/wp\/v2\/product_brand?post=503"},{"taxonomy":"product_cat","embeddable":true,"href":"https:\/\/www.transtoyou.com\/sv\/wp-json\/wp\/v2\/product_cat?post=503"},{"taxonomy":"product_tag","embeddable":true,"href":"https:\/\/www.transtoyou.com\/sv\/wp-json\/wp\/v2\/product_tag?post=503"},{"taxonomy":"expert","embeddable":true,"href":"https:\/\/www.transtoyou.com\/sv\/wp-json\/wp\/v2\/expert?post=503"}],"curies":[{"name":"wp","href":"https:\/\/api.w.org\/{rel}","templated":true}]}}