{"id":506,"date":"2026-01-22T18:57:22","date_gmt":"2026-01-22T18:57:22","guid":{"rendered":"https:\/\/www.transtoyou.com\/sv\/product\/decigatan\/"},"modified":"2026-01-22T18:58:28","modified_gmt":"2026-01-22T18:58:28","slug":"decigatan","status":"publish","type":"product","link":"https:\/\/www.transtoyou.com\/sv\/product\/decigatan\/","title":{"rendered":"Decigatan"},"content":{"rendered":"<p>Decigatan \u00e4r en receptbelagd medicin som \u00e4r utformad f\u00f6r att st\u00f6dja personer som vill sluta r\u00f6ka. Den inneh\u00e5ller cytisin, en v\u00e4xtbaserad f\u00f6rening som hj\u00e4lper till att minska beg\u00e4r och abstinenssymptom genom att delvis stimulera nikotinreceptorer i hj\u00e4rnan. Denna verkan underl\u00e4ttar \u00f6verg\u00e5ngen bort fr\u00e5n nikotinberoende och minskar de bel\u00f6nande effekterna av r\u00f6kning.<\/p>\n<p>Till skillnad fr\u00e5n nikotiners\u00e4ttningsterapier som tillf\u00f6r nikotin till kroppen, fungerar Decigatan genom att efterlikna vissa av nikotins effekter samtidigt som den blockerar dess starkare beroendeframkallande egenskaper. Denna dubbla mekanism hj\u00e4lper r\u00f6kare att gradvis minska sitt beroende av cigaretter samtidigt som de upplever f\u00e4rre beg\u00e4r och mindre obehag under avv\u00e4njningsprocessen.<\/p>\n<p>Decigatan tas vanligtvis under en 25-dagars period, med en gradvis minskande dosering. Under denna tid uppmanas anv\u00e4ndare att sluta r\u00f6ka helt inom de f\u00f6rsta fem dagarna. Den strukturerade behandlingsplanen st\u00f6djer b\u00e5de fysiska och psykologiska abstinenssymptom, vilket g\u00f6r det l\u00e4ttare att bryta r\u00f6kvanan.<\/p>\n<p>De flesta anv\u00e4ndare t\u00e5l Decigatan v\u00e4l, \u00e4ven om vissa kan uppleva milda biverkningar som illam\u00e5ende, muntorrhet eller s\u00f6mnproblem. Som med alla mediciner \u00e4r det viktigt att noggrant f\u00f6lja doseringsschemat och att undvika r\u00f6kning medan man tar behandlingen, eftersom en kombination av b\u00e5da kan leda till biverkningar eller minskad effektivitet.<\/p>\n<p>Decigatan rekommenderas inte under graviditet eller amning och b\u00f6r inte anv\u00e4ndas av personer med vissa medicinska tillst\u00e5nd utan medicinsk v\u00e4gledning.<\/p>\n","protected":false},"excerpt":{"rendered":"<ul>\n<li>Minskar nikotinbeg\u00e4r<\/li>\n<li>25-dagars behandlingskurs<\/li>\n<li>V\u00e4xtbaserat aktivt \u00e4mne<\/li>\n<\/ul>\n","protected":false},"featured_media":508,"comment_status":"open","ping_status":"closed","template":"","meta":[],"product_brand":[],"product_cat":[146],"product_tag":[],"expert":[16],"class_list":{"0":"post-506","1":"product","2":"type-product","3":"status-publish","4":"has-post-thumbnail","6":"product_cat-sluta-roka-hjalpmedel","7":"expert-dr-c-alexandru","9":"first","10":"instock","11":"shipping-taxable","12":"product-type-variable"},"yoast_head":"<!-- This site is optimized with the Yoast SEO plugin v27.0 - https:\/\/yoast.com\/product\/yoast-seo-wordpress\/ -->\n<title>Decigatan | St\u00f6d f\u00f6r att Sluta R\u00f6ka - Transtoyou<\/title>\n<meta name=\"description\" content=\"Decigatan, ett receptbelagt hj\u00e4lpmedel f\u00f6r att sluta r\u00f6ka, minskar beg\u00e4r och abstinens. Konsultera v\u00e5ra l\u00e4kare f\u00f6r en skr\u00e4ddarsydd behandlingsplan.\" \/>\n<meta name=\"robots\" content=\"noindex, follow, max-snippet:-1, max-image-preview:large, max-video-preview:-1\" \/>\n<meta property=\"og:locale\" content=\"sv_SE\" \/>\n<meta property=\"og:type\" content=\"article\" \/>\n<meta property=\"og:title\" content=\"Decigatan | St\u00f6d f\u00f6r att Sluta R\u00f6ka - Transtoyou\" \/>\n<meta property=\"og:description\" content=\"Decigatan, ett receptbelagt hj\u00e4lpmedel f\u00f6r att sluta r\u00f6ka, minskar beg\u00e4r och abstinens. Konsultera v\u00e5ra l\u00e4kare f\u00f6r en skr\u00e4ddarsydd behandlingsplan.\" \/>\n<meta property=\"og:url\" content=\"https:\/\/www.transtoyou.com\/sv\/product\/decigatan\/\" \/>\n<meta property=\"og:site_name\" content=\"Transtoyou - SV\" \/>\n<meta property=\"article:modified_time\" content=\"2026-01-22T18:58:28+00:00\" \/>\n<meta name=\"twitter:card\" content=\"summary_large_image\" \/>\n<meta name=\"twitter:label1\" content=\"Ber\u00e4knad l\u00e4stid\" \/>\n\t<meta name=\"twitter:data1\" content=\"1 minut\" \/>\n<script type=\"application\/ld+json\" class=\"yoast-schema-graph\">{\"@context\":\"https:\/\/schema.org\",\"@graph\":[{\"@type\":\"WebPage\",\"@id\":\"https:\/\/www.transtoyou.com\/sv\/product\/decigatan\/\",\"url\":\"https:\/\/www.transtoyou.com\/sv\/product\/decigatan\/\",\"name\":\"Decigatan | St\u00f6d f\u00f6r att Sluta R\u00f6ka - Transtoyou\",\"isPartOf\":{\"@id\":\"https:\/\/www.transtoyou.com\/sv\/#website\"},\"primaryImageOfPage\":{\"@id\":\"https:\/\/www.transtoyou.com\/sv\/product\/decigatan\/#primaryimage\"},\"image\":{\"@id\":\"https:\/\/www.transtoyou.com\/sv\/product\/decigatan\/#primaryimage\"},\"thumbnailUrl\":\"https:\/\/www.transtoyou.com\/sv\/wp-content\/uploads\/sites\/15\/2026\/01\/tty-no-product-image-23.webp\",\"datePublished\":\"2026-01-22T18:57:22+00:00\",\"dateModified\":\"2026-01-22T18:58:28+00:00\",\"description\":\"Decigatan, ett receptbelagt hj\u00e4lpmedel f\u00f6r att sluta r\u00f6ka, minskar beg\u00e4r och abstinens. Konsultera v\u00e5ra l\u00e4kare f\u00f6r en skr\u00e4ddarsydd behandlingsplan.\",\"breadcrumb\":{\"@id\":\"https:\/\/www.transtoyou.com\/sv\/product\/decigatan\/#breadcrumb\"},\"inLanguage\":\"sv-SE\",\"potentialAction\":[{\"@type\":\"ReadAction\",\"target\":[\"https:\/\/www.transtoyou.com\/sv\/product\/decigatan\/\"]}]},{\"@type\":\"ImageObject\",\"inLanguage\":\"sv-SE\",\"@id\":\"https:\/\/www.transtoyou.com\/sv\/product\/decigatan\/#primaryimage\",\"url\":\"https:\/\/www.transtoyou.com\/sv\/wp-content\/uploads\/sites\/15\/2026\/01\/tty-no-product-image-23.webp\",\"contentUrl\":\"https:\/\/www.transtoyou.com\/sv\/wp-content\/uploads\/sites\/15\/2026\/01\/tty-no-product-image-23.webp\",\"width\":1000,\"height\":1000,\"caption\":\"Standard produktbild\"},{\"@type\":\"WebSite\",\"@id\":\"https:\/\/www.transtoyou.com\/sv\/#website\",\"url\":\"https:\/\/www.transtoyou.com\/sv\/\",\"name\":\"Transtoyou - SV\",\"description\":\"\",\"publisher\":{\"@id\":\"https:\/\/www.transtoyou.com\/sv\/#organization\"},\"potentialAction\":[{\"@type\":\"SearchAction\",\"target\":{\"@type\":\"EntryPoint\",\"urlTemplate\":\"https:\/\/www.transtoyou.com\/sv\/?s={search_term_string}\"},\"query-input\":{\"@type\":\"PropertyValueSpecification\",\"valueRequired\":true,\"valueName\":\"search_term_string\"}}],\"inLanguage\":\"sv-SE\"},{\"@type\":\"Organization\",\"@id\":\"https:\/\/www.transtoyou.com\/sv\/#organization\",\"name\":\"Transtoyou - SV\",\"url\":\"https:\/\/www.transtoyou.com\/sv\/\",\"logo\":{\"@type\":\"ImageObject\",\"inLanguage\":\"sv-SE\",\"@id\":\"https:\/\/www.transtoyou.com\/sv\/#\/schema\/logo\/image\/\",\"url\":\"https:\/\/www.transtoyou.com\/sv\/wp-content\/uploads\/sites\/15\/2026\/01\/logo-tty-menu-bar-300x87-1.webp\",\"contentUrl\":\"https:\/\/www.transtoyou.com\/sv\/wp-content\/uploads\/sites\/15\/2026\/01\/logo-tty-menu-bar-300x87-1.webp\",\"width\":300,\"height\":87,\"caption\":\"Transtoyou - SV\"},\"image\":{\"@id\":\"https:\/\/www.transtoyou.com\/sv\/#\/schema\/logo\/image\/\"}}]}<\/script>\n<!-- \/ Yoast SEO plugin. -->","yoast_head_json":{"title":"Decigatan | St\u00f6d f\u00f6r att Sluta R\u00f6ka - Transtoyou","description":"Decigatan, ett receptbelagt hj\u00e4lpmedel f\u00f6r att sluta r\u00f6ka, minskar beg\u00e4r och abstinens. Konsultera v\u00e5ra l\u00e4kare f\u00f6r en skr\u00e4ddarsydd behandlingsplan.","robots":{"index":"noindex","follow":"follow","max-snippet":"max-snippet:-1","max-image-preview":"max-image-preview:large","max-video-preview":"max-video-preview:-1"},"og_locale":"sv_SE","og_type":"article","og_title":"Decigatan | St\u00f6d f\u00f6r att Sluta R\u00f6ka - Transtoyou","og_description":"Decigatan, ett receptbelagt hj\u00e4lpmedel f\u00f6r att sluta r\u00f6ka, minskar beg\u00e4r och abstinens. Konsultera v\u00e5ra l\u00e4kare f\u00f6r en skr\u00e4ddarsydd behandlingsplan.","og_url":"https:\/\/www.transtoyou.com\/sv\/product\/decigatan\/","og_site_name":"Transtoyou - SV","article_modified_time":"2026-01-22T18:58:28+00:00","twitter_card":"summary_large_image","twitter_misc":{"Ber\u00e4knad l\u00e4stid":"1 minut"},"schema":{"@context":"https:\/\/schema.org","@graph":[{"@type":"WebPage","@id":"https:\/\/www.transtoyou.com\/sv\/product\/decigatan\/","url":"https:\/\/www.transtoyou.com\/sv\/product\/decigatan\/","name":"Decigatan | St\u00f6d f\u00f6r att Sluta R\u00f6ka - Transtoyou","isPartOf":{"@id":"https:\/\/www.transtoyou.com\/sv\/#website"},"primaryImageOfPage":{"@id":"https:\/\/www.transtoyou.com\/sv\/product\/decigatan\/#primaryimage"},"image":{"@id":"https:\/\/www.transtoyou.com\/sv\/product\/decigatan\/#primaryimage"},"thumbnailUrl":"https:\/\/www.transtoyou.com\/sv\/wp-content\/uploads\/sites\/15\/2026\/01\/tty-no-product-image-23.webp","datePublished":"2026-01-22T18:57:22+00:00","dateModified":"2026-01-22T18:58:28+00:00","description":"Decigatan, ett receptbelagt hj\u00e4lpmedel f\u00f6r att sluta r\u00f6ka, minskar beg\u00e4r och abstinens. Konsultera v\u00e5ra l\u00e4kare f\u00f6r en skr\u00e4ddarsydd behandlingsplan.","breadcrumb":{"@id":"https:\/\/www.transtoyou.com\/sv\/product\/decigatan\/#breadcrumb"},"inLanguage":"sv-SE","potentialAction":[{"@type":"ReadAction","target":["https:\/\/www.transtoyou.com\/sv\/product\/decigatan\/"]}]},{"@type":"ImageObject","inLanguage":"sv-SE","@id":"https:\/\/www.transtoyou.com\/sv\/product\/decigatan\/#primaryimage","url":"https:\/\/www.transtoyou.com\/sv\/wp-content\/uploads\/sites\/15\/2026\/01\/tty-no-product-image-23.webp","contentUrl":"https:\/\/www.transtoyou.com\/sv\/wp-content\/uploads\/sites\/15\/2026\/01\/tty-no-product-image-23.webp","width":1000,"height":1000,"caption":"Standard produktbild"},{"@type":"WebSite","@id":"https:\/\/www.transtoyou.com\/sv\/#website","url":"https:\/\/www.transtoyou.com\/sv\/","name":"Transtoyou - SV","description":"","publisher":{"@id":"https:\/\/www.transtoyou.com\/sv\/#organization"},"potentialAction":[{"@type":"SearchAction","target":{"@type":"EntryPoint","urlTemplate":"https:\/\/www.transtoyou.com\/sv\/?s={search_term_string}"},"query-input":{"@type":"PropertyValueSpecification","valueRequired":true,"valueName":"search_term_string"}}],"inLanguage":"sv-SE"},{"@type":"Organization","@id":"https:\/\/www.transtoyou.com\/sv\/#organization","name":"Transtoyou - SV","url":"https:\/\/www.transtoyou.com\/sv\/","logo":{"@type":"ImageObject","inLanguage":"sv-SE","@id":"https:\/\/www.transtoyou.com\/sv\/#\/schema\/logo\/image\/","url":"https:\/\/www.transtoyou.com\/sv\/wp-content\/uploads\/sites\/15\/2026\/01\/logo-tty-menu-bar-300x87-1.webp","contentUrl":"https:\/\/www.transtoyou.com\/sv\/wp-content\/uploads\/sites\/15\/2026\/01\/logo-tty-menu-bar-300x87-1.webp","width":300,"height":87,"caption":"Transtoyou - SV"},"image":{"@id":"https:\/\/www.transtoyou.com\/sv\/#\/schema\/logo\/image\/"}}]}},"_links":{"self":[{"href":"https:\/\/www.transtoyou.com\/sv\/wp-json\/wp\/v2\/product\/506","targetHints":{"allow":["GET"]}}],"collection":[{"href":"https:\/\/www.transtoyou.com\/sv\/wp-json\/wp\/v2\/product"}],"about":[{"href":"https:\/\/www.transtoyou.com\/sv\/wp-json\/wp\/v2\/types\/product"}],"replies":[{"embeddable":true,"href":"https:\/\/www.transtoyou.com\/sv\/wp-json\/wp\/v2\/comments?post=506"}],"wp:featuredmedia":[{"embeddable":true,"href":"https:\/\/www.transtoyou.com\/sv\/wp-json\/wp\/v2\/media\/508"}],"wp:attachment":[{"href":"https:\/\/www.transtoyou.com\/sv\/wp-json\/wp\/v2\/media?parent=506"}],"wp:term":[{"taxonomy":"product_brand","embeddable":true,"href":"https:\/\/www.transtoyou.com\/sv\/wp-json\/wp\/v2\/product_brand?post=506"},{"taxonomy":"product_cat","embeddable":true,"href":"https:\/\/www.transtoyou.com\/sv\/wp-json\/wp\/v2\/product_cat?post=506"},{"taxonomy":"product_tag","embeddable":true,"href":"https:\/\/www.transtoyou.com\/sv\/wp-json\/wp\/v2\/product_tag?post=506"},{"taxonomy":"expert","embeddable":true,"href":"https:\/\/www.transtoyou.com\/sv\/wp-json\/wp\/v2\/expert?post=506"}],"curies":[{"name":"wp","href":"https:\/\/api.w.org\/{rel}","templated":true}]}}