{"id":512,"date":"2026-01-22T19:26:45","date_gmt":"2026-01-22T19:26:45","guid":{"rendered":"https:\/\/www.transtoyou.com\/sv\/product\/valtrex\/"},"modified":"2026-01-22T19:27:48","modified_gmt":"2026-01-22T19:27:48","slug":"valtrex","status":"publish","type":"product","link":"https:\/\/www.transtoyou.com\/sv\/product\/valtrex\/","title":{"rendered":"Valtrex"},"content":{"rendered":"<p>Valtrex \u00e4r en antiviral medicin (virusbek\u00e4mpande medicin) som anv\u00e4nds f\u00f6r att behandla infektioner orsakade av herpesvirus. Det \u00e4r en prodrug av aciklovir, vilket betyder att din kropp omvandlar det till sin aktiva form (aciklovir) efter att ha tagit det. Aciklovir verkar genom att stoppa viruset fr\u00e5n att reproducera sitt DNA (genetiskt material), vilket f\u00f6rhindrar att det multipliceras och sprids (blockerar viral replikation).<\/p>\n<p>Valtrex ordineras fr\u00e4mst f\u00f6r infektioner orsakade av herpesvirus, inklusive muns\u00e5r (oral herpes), genital herpes, b\u00e4ltros (herpes zoster), \u00f6goninfektioner p\u00e5 grund av herpes och f\u00f6r att f\u00f6rebygga cytomegalovirus (CMV) infektioner hos personer som har genomg\u00e5tt en organtransplantation. Det anv\u00e4nds ocks\u00e5 l\u00e5ngsiktigt f\u00f6r att minska frekvensen av utbrott.<\/p>\n<p>Valtrex p\u00e5verkar kroppen genom att kontrollera viruset under aktiva utbrott och genom att minska risken f\u00f6r framtida \u00e5terfall. Det fungerar bra n\u00e4r det p\u00e5b\u00f6rjas tidigt i symtomen, ofta inom de f\u00f6rsta 1\u20131,5 timmarna. Eftersom det endast riktar sig mot virusinfekterade celler, skonas vanligtvis friska celler, vilket resulterar i f\u00e4rre biverkningar.<\/p>\n<p>De fr\u00e4msta f\u00f6rdelarna med Valtrex \u00e4r dess snabba effekt, anv\u00e4ndarv\u00e4nlighet (oral tablett), f\u00e4rre dagliga doser j\u00e4mf\u00f6rt med \u00e4ldre antiviraler och starka bevis p\u00e5 effektivitet. Det minskar sm\u00e4rta och l\u00e4kningstid under utbrott och kan ocks\u00e5 minska risken f\u00f6r att \u00f6verf\u00f6ra viruset till andra n\u00e4r det anv\u00e4nds dagligen.<\/p>\n<p>Valtrex botar inte herpes men hj\u00e4lper till att hantera det effektivt och g\u00f6r det l\u00e4ttare att leva med tillst\u00e5ndet.<\/p>\n","protected":false},"excerpt":{"rendered":"<ul>\n<li>Antiviral mot herpesvirus<\/li>\n<li>Hj\u00e4lper till att minska utbrott och symptom<\/li>\n<li>Eng\u00e5ngsdaglig alternativ f\u00f6r f\u00f6rebyggande<\/li>\n<\/ul>\n","protected":false},"featured_media":514,"comment_status":"open","ping_status":"closed","template":"","meta":[],"product_brand":[],"product_cat":[115,73,143],"product_tag":[],"expert":[17],"class_list":{"0":"post-512","1":"product","2":"type-product","3":"status-publish","4":"has-post-thumbnail","6":"product_cat-herpes","7":"product_cat-munsar","8":"product_cat-takpannor","9":"expert-dr-c-munoz-parada","11":"first","12":"instock","13":"shipping-taxable","14":"product-type-variable"},"yoast_head":"<!-- This site is optimized with the Yoast SEO plugin v27.0 - https:\/\/yoast.com\/product\/yoast-seo-wordpress\/ -->\n<title>Valtrex | Effektivt antiviralt st\u00f6d - Transtoyou<\/title>\n<meta name=\"description\" content=\"Valtrex finns tillg\u00e4ngligt p\u00e5 Transtoyou, som erbjuder p\u00e5litligt antiviralt st\u00f6d. Uppt\u00e4ck dess f\u00f6rdelar f\u00f6r att hantera herpesymtom. K\u00f6p nu f\u00f6r effektiv v\u00e5rd.\" \/>\n<meta name=\"robots\" content=\"noindex, follow, max-snippet:-1, max-image-preview:large, max-video-preview:-1\" \/>\n<meta property=\"og:locale\" content=\"sv_SE\" \/>\n<meta property=\"og:type\" content=\"article\" \/>\n<meta property=\"og:title\" content=\"Valtrex | Effektivt antiviralt st\u00f6d - Transtoyou\" \/>\n<meta property=\"og:description\" content=\"Valtrex finns tillg\u00e4ngligt p\u00e5 Transtoyou, som erbjuder p\u00e5litligt antiviralt st\u00f6d. Uppt\u00e4ck dess f\u00f6rdelar f\u00f6r att hantera herpesymtom. K\u00f6p nu f\u00f6r effektiv v\u00e5rd.\" \/>\n<meta property=\"og:url\" content=\"https:\/\/www.transtoyou.com\/sv\/product\/valtrex\/\" \/>\n<meta property=\"og:site_name\" content=\"Transtoyou - SV\" \/>\n<meta property=\"article:modified_time\" content=\"2026-01-22T19:27:48+00:00\" \/>\n<meta name=\"twitter:card\" content=\"summary_large_image\" \/>\n<meta name=\"twitter:label1\" content=\"Ber\u00e4knad l\u00e4stid\" \/>\n\t<meta name=\"twitter:data1\" content=\"1 minut\" \/>\n<script type=\"application\/ld+json\" class=\"yoast-schema-graph\">{\"@context\":\"https:\/\/schema.org\",\"@graph\":[{\"@type\":\"WebPage\",\"@id\":\"https:\/\/www.transtoyou.com\/sv\/product\/valtrex\/\",\"url\":\"https:\/\/www.transtoyou.com\/sv\/product\/valtrex\/\",\"name\":\"Valtrex | Effektivt antiviralt st\u00f6d - Transtoyou\",\"isPartOf\":{\"@id\":\"https:\/\/www.transtoyou.com\/sv\/#website\"},\"primaryImageOfPage\":{\"@id\":\"https:\/\/www.transtoyou.com\/sv\/product\/valtrex\/#primaryimage\"},\"image\":{\"@id\":\"https:\/\/www.transtoyou.com\/sv\/product\/valtrex\/#primaryimage\"},\"thumbnailUrl\":\"https:\/\/www.transtoyou.com\/sv\/wp-content\/uploads\/sites\/15\/2026\/01\/tty-no-product-image-25.webp\",\"datePublished\":\"2026-01-22T19:26:45+00:00\",\"dateModified\":\"2026-01-22T19:27:48+00:00\",\"description\":\"Valtrex finns tillg\u00e4ngligt p\u00e5 Transtoyou, som erbjuder p\u00e5litligt antiviralt st\u00f6d. Uppt\u00e4ck dess f\u00f6rdelar f\u00f6r att hantera herpesymtom. K\u00f6p nu f\u00f6r effektiv v\u00e5rd.\",\"breadcrumb\":{\"@id\":\"https:\/\/www.transtoyou.com\/sv\/product\/valtrex\/#breadcrumb\"},\"inLanguage\":\"sv-SE\",\"potentialAction\":[{\"@type\":\"ReadAction\",\"target\":[\"https:\/\/www.transtoyou.com\/sv\/product\/valtrex\/\"]}]},{\"@type\":\"ImageObject\",\"inLanguage\":\"sv-SE\",\"@id\":\"https:\/\/www.transtoyou.com\/sv\/product\/valtrex\/#primaryimage\",\"url\":\"https:\/\/www.transtoyou.com\/sv\/wp-content\/uploads\/sites\/15\/2026\/01\/tty-no-product-image-25.webp\",\"contentUrl\":\"https:\/\/www.transtoyou.com\/sv\/wp-content\/uploads\/sites\/15\/2026\/01\/tty-no-product-image-25.webp\",\"width\":1000,\"height\":1000,\"caption\":\"Standard produktbild\"},{\"@type\":\"WebSite\",\"@id\":\"https:\/\/www.transtoyou.com\/sv\/#website\",\"url\":\"https:\/\/www.transtoyou.com\/sv\/\",\"name\":\"Transtoyou - SV\",\"description\":\"\",\"publisher\":{\"@id\":\"https:\/\/www.transtoyou.com\/sv\/#organization\"},\"potentialAction\":[{\"@type\":\"SearchAction\",\"target\":{\"@type\":\"EntryPoint\",\"urlTemplate\":\"https:\/\/www.transtoyou.com\/sv\/?s={search_term_string}\"},\"query-input\":{\"@type\":\"PropertyValueSpecification\",\"valueRequired\":true,\"valueName\":\"search_term_string\"}}],\"inLanguage\":\"sv-SE\"},{\"@type\":\"Organization\",\"@id\":\"https:\/\/www.transtoyou.com\/sv\/#organization\",\"name\":\"Transtoyou - SV\",\"url\":\"https:\/\/www.transtoyou.com\/sv\/\",\"logo\":{\"@type\":\"ImageObject\",\"inLanguage\":\"sv-SE\",\"@id\":\"https:\/\/www.transtoyou.com\/sv\/#\/schema\/logo\/image\/\",\"url\":\"https:\/\/www.transtoyou.com\/sv\/wp-content\/uploads\/sites\/15\/2026\/01\/logo-tty-menu-bar-300x87-1.webp\",\"contentUrl\":\"https:\/\/www.transtoyou.com\/sv\/wp-content\/uploads\/sites\/15\/2026\/01\/logo-tty-menu-bar-300x87-1.webp\",\"width\":300,\"height\":87,\"caption\":\"Transtoyou - SV\"},\"image\":{\"@id\":\"https:\/\/www.transtoyou.com\/sv\/#\/schema\/logo\/image\/\"}}]}<\/script>\n<!-- \/ Yoast SEO plugin. -->","yoast_head_json":{"title":"Valtrex | Effektivt antiviralt st\u00f6d - Transtoyou","description":"Valtrex finns tillg\u00e4ngligt p\u00e5 Transtoyou, som erbjuder p\u00e5litligt antiviralt st\u00f6d. Uppt\u00e4ck dess f\u00f6rdelar f\u00f6r att hantera herpesymtom. K\u00f6p nu f\u00f6r effektiv v\u00e5rd.","robots":{"index":"noindex","follow":"follow","max-snippet":"max-snippet:-1","max-image-preview":"max-image-preview:large","max-video-preview":"max-video-preview:-1"},"og_locale":"sv_SE","og_type":"article","og_title":"Valtrex | Effektivt antiviralt st\u00f6d - Transtoyou","og_description":"Valtrex finns tillg\u00e4ngligt p\u00e5 Transtoyou, som erbjuder p\u00e5litligt antiviralt st\u00f6d. Uppt\u00e4ck dess f\u00f6rdelar f\u00f6r att hantera herpesymtom. K\u00f6p nu f\u00f6r effektiv v\u00e5rd.","og_url":"https:\/\/www.transtoyou.com\/sv\/product\/valtrex\/","og_site_name":"Transtoyou - SV","article_modified_time":"2026-01-22T19:27:48+00:00","twitter_card":"summary_large_image","twitter_misc":{"Ber\u00e4knad l\u00e4stid":"1 minut"},"schema":{"@context":"https:\/\/schema.org","@graph":[{"@type":"WebPage","@id":"https:\/\/www.transtoyou.com\/sv\/product\/valtrex\/","url":"https:\/\/www.transtoyou.com\/sv\/product\/valtrex\/","name":"Valtrex | Effektivt antiviralt st\u00f6d - Transtoyou","isPartOf":{"@id":"https:\/\/www.transtoyou.com\/sv\/#website"},"primaryImageOfPage":{"@id":"https:\/\/www.transtoyou.com\/sv\/product\/valtrex\/#primaryimage"},"image":{"@id":"https:\/\/www.transtoyou.com\/sv\/product\/valtrex\/#primaryimage"},"thumbnailUrl":"https:\/\/www.transtoyou.com\/sv\/wp-content\/uploads\/sites\/15\/2026\/01\/tty-no-product-image-25.webp","datePublished":"2026-01-22T19:26:45+00:00","dateModified":"2026-01-22T19:27:48+00:00","description":"Valtrex finns tillg\u00e4ngligt p\u00e5 Transtoyou, som erbjuder p\u00e5litligt antiviralt st\u00f6d. Uppt\u00e4ck dess f\u00f6rdelar f\u00f6r att hantera herpesymtom. K\u00f6p nu f\u00f6r effektiv v\u00e5rd.","breadcrumb":{"@id":"https:\/\/www.transtoyou.com\/sv\/product\/valtrex\/#breadcrumb"},"inLanguage":"sv-SE","potentialAction":[{"@type":"ReadAction","target":["https:\/\/www.transtoyou.com\/sv\/product\/valtrex\/"]}]},{"@type":"ImageObject","inLanguage":"sv-SE","@id":"https:\/\/www.transtoyou.com\/sv\/product\/valtrex\/#primaryimage","url":"https:\/\/www.transtoyou.com\/sv\/wp-content\/uploads\/sites\/15\/2026\/01\/tty-no-product-image-25.webp","contentUrl":"https:\/\/www.transtoyou.com\/sv\/wp-content\/uploads\/sites\/15\/2026\/01\/tty-no-product-image-25.webp","width":1000,"height":1000,"caption":"Standard produktbild"},{"@type":"WebSite","@id":"https:\/\/www.transtoyou.com\/sv\/#website","url":"https:\/\/www.transtoyou.com\/sv\/","name":"Transtoyou - SV","description":"","publisher":{"@id":"https:\/\/www.transtoyou.com\/sv\/#organization"},"potentialAction":[{"@type":"SearchAction","target":{"@type":"EntryPoint","urlTemplate":"https:\/\/www.transtoyou.com\/sv\/?s={search_term_string}"},"query-input":{"@type":"PropertyValueSpecification","valueRequired":true,"valueName":"search_term_string"}}],"inLanguage":"sv-SE"},{"@type":"Organization","@id":"https:\/\/www.transtoyou.com\/sv\/#organization","name":"Transtoyou - SV","url":"https:\/\/www.transtoyou.com\/sv\/","logo":{"@type":"ImageObject","inLanguage":"sv-SE","@id":"https:\/\/www.transtoyou.com\/sv\/#\/schema\/logo\/image\/","url":"https:\/\/www.transtoyou.com\/sv\/wp-content\/uploads\/sites\/15\/2026\/01\/logo-tty-menu-bar-300x87-1.webp","contentUrl":"https:\/\/www.transtoyou.com\/sv\/wp-content\/uploads\/sites\/15\/2026\/01\/logo-tty-menu-bar-300x87-1.webp","width":300,"height":87,"caption":"Transtoyou - SV"},"image":{"@id":"https:\/\/www.transtoyou.com\/sv\/#\/schema\/logo\/image\/"}}]}},"_links":{"self":[{"href":"https:\/\/www.transtoyou.com\/sv\/wp-json\/wp\/v2\/product\/512","targetHints":{"allow":["GET"]}}],"collection":[{"href":"https:\/\/www.transtoyou.com\/sv\/wp-json\/wp\/v2\/product"}],"about":[{"href":"https:\/\/www.transtoyou.com\/sv\/wp-json\/wp\/v2\/types\/product"}],"replies":[{"embeddable":true,"href":"https:\/\/www.transtoyou.com\/sv\/wp-json\/wp\/v2\/comments?post=512"}],"wp:featuredmedia":[{"embeddable":true,"href":"https:\/\/www.transtoyou.com\/sv\/wp-json\/wp\/v2\/media\/514"}],"wp:attachment":[{"href":"https:\/\/www.transtoyou.com\/sv\/wp-json\/wp\/v2\/media?parent=512"}],"wp:term":[{"taxonomy":"product_brand","embeddable":true,"href":"https:\/\/www.transtoyou.com\/sv\/wp-json\/wp\/v2\/product_brand?post=512"},{"taxonomy":"product_cat","embeddable":true,"href":"https:\/\/www.transtoyou.com\/sv\/wp-json\/wp\/v2\/product_cat?post=512"},{"taxonomy":"product_tag","embeddable":true,"href":"https:\/\/www.transtoyou.com\/sv\/wp-json\/wp\/v2\/product_tag?post=512"},{"taxonomy":"expert","embeddable":true,"href":"https:\/\/www.transtoyou.com\/sv\/wp-json\/wp\/v2\/expert?post=512"}],"curies":[{"name":"wp","href":"https:\/\/api.w.org\/{rel}","templated":true}]}}