{"id":515,"date":"2026-01-22T19:40:50","date_gmt":"2026-01-22T19:40:50","guid":{"rendered":"https:\/\/www.transtoyou.com\/sv\/product\/valaciclovir\/"},"modified":"2026-03-06T14:56:52","modified_gmt":"2026-03-06T14:56:52","slug":"valaciclovir","status":"publish","type":"product","link":"https:\/\/www.transtoyou.com\/sv\/product\/valaciclovir\/","title":{"rendered":"Valaciclovir"},"content":{"rendered":"<p>Valaciclovir \u00e4r en antiviral medicin (virusbek\u00e4mpande medicin) som anv\u00e4nds f\u00f6r att behandla infektioner orsakade av herpesvirus. Det \u00e4r en prodrug av aciklovir, vilket betyder att din kropp omvandlar det till sin aktiva form (aciklovir) efter att ha tagit det. Aciklovir verkar genom att st\u00f6ra virusets f\u00f6rm\u00e5ga att kopiera sitt DNA (blockerar viral replikation), vilket effektivt stoppar det fr\u00e5n att f\u00f6r\u00f6ka sig och sprida sig.<\/p>\n<p>Valaciclovir anv\u00e4nds fr\u00e4mst f\u00f6r att behandla och f\u00f6rebygga herpes simplex-infektioner, inklusive muns\u00e5r och genital herpes, b\u00e4ltros (herpes zoster) eller \u00f6goninfektioner orsakade av herpes. Det \u00e4r s\u00e4rskilt hj\u00e4lpsamt f\u00f6r att minska sm\u00e4rta, varaktighet och \u00e5terkommande symtom.<\/p>\n<p>Denna medicin hj\u00e4lper till att minska sv\u00e5righetsgraden av utbrott och kan f\u00f6rkorta l\u00e4kningstiden. N\u00e4r den anv\u00e4nds som en f\u00f6rebyggande behandling s\u00e4nker den antalet \u00e5terfall och kan g\u00f6ra skov mindre sv\u00e5ra. Den b\u00f6rjar verka snabbt (inom 1\u20131,5 timmar efter intag), och eftersom den tas oralt \u00e4r den bekv\u00e4m och l\u00e4tt att anv\u00e4nda. M\u00e5nga m\u00e4nniskor drar nytta av dess l\u00e5ngvariga effekt med relativt f\u00e5 biverkningar.<\/p>\n<p>Valaciclovir botar inte herpes, men det g\u00f6r det l\u00e4ttare att leva med viruset genom att begr\u00e4nsa dess p\u00e5verkan p\u00e5 det dagliga livet.<\/p>\n","protected":false},"excerpt":{"rendered":"<ul>\n<li>Antiviral mot herpesvirus<\/li>\n<li>Hj\u00e4lper till att minska utbrott och symtom<\/li>\n<li>Eng\u00e5ngsdaglig alternativ f\u00f6r f\u00f6rebyggande<\/li>\n<\/ul>\n","protected":false},"featured_media":517,"comment_status":"open","ping_status":"closed","template":"","meta":[],"product_brand":[],"product_cat":[115,73,143],"product_tag":[],"expert":[17],"class_list":{"0":"post-515","1":"product","2":"type-product","3":"status-publish","4":"has-post-thumbnail","6":"product_cat-herpes","7":"product_cat-munsar","8":"product_cat-takpannor","9":"expert-dr-c-munoz-parada","11":"first","12":"instock","13":"shipping-taxable","14":"product-type-variable"},"yoast_head":"<!-- This site is optimized with the Yoast SEO plugin v27.0 - https:\/\/yoast.com\/product\/yoast-seo-wordpress\/ -->\n<title>Valaciclovir | Bek\u00e4mpa herpes och b\u00e4ltros snabbt - Transtoyou<\/title>\n<meta name=\"description\" content=\"Valaciclovir, en effektiv antiviral f\u00f6r behandling av herpes, minskar symtom och \u00e5terfall. Uppt\u00e4ck f\u00f6rdelarna p\u00e5 Transtoyou idag.\" \/>\n<meta name=\"robots\" content=\"noindex, follow, max-snippet:-1, max-image-preview:large, max-video-preview:-1\" \/>\n<meta property=\"og:locale\" content=\"sv_SE\" \/>\n<meta property=\"og:type\" content=\"article\" \/>\n<meta property=\"og:title\" content=\"Valaciclovir | Bek\u00e4mpa herpes och b\u00e4ltros snabbt - Transtoyou\" \/>\n<meta property=\"og:description\" content=\"Valaciclovir, en effektiv antiviral f\u00f6r behandling av herpes, minskar symtom och \u00e5terfall. Uppt\u00e4ck f\u00f6rdelarna p\u00e5 Transtoyou idag.\" \/>\n<meta property=\"og:url\" content=\"https:\/\/www.transtoyou.com\/sv\/product\/valaciclovir\/\" \/>\n<meta property=\"og:site_name\" content=\"Transtoyou - SV\" \/>\n<meta property=\"article:modified_time\" content=\"2026-03-06T14:56:52+00:00\" \/>\n<meta name=\"twitter:card\" content=\"summary_large_image\" \/>\n<meta name=\"twitter:label1\" content=\"Ber\u00e4knad l\u00e4stid\" \/>\n\t<meta name=\"twitter:data1\" content=\"1 minut\" \/>\n<script type=\"application\/ld+json\" class=\"yoast-schema-graph\">{\"@context\":\"https:\/\/schema.org\",\"@graph\":[{\"@type\":\"WebPage\",\"@id\":\"https:\/\/www.transtoyou.com\/sv\/product\/valaciclovir\/\",\"url\":\"https:\/\/www.transtoyou.com\/sv\/product\/valaciclovir\/\",\"name\":\"Valaciclovir | Bek\u00e4mpa herpes och b\u00e4ltros snabbt - Transtoyou\",\"isPartOf\":{\"@id\":\"https:\/\/www.transtoyou.com\/sv\/#website\"},\"primaryImageOfPage\":{\"@id\":\"https:\/\/www.transtoyou.com\/sv\/product\/valaciclovir\/#primaryimage\"},\"image\":{\"@id\":\"https:\/\/www.transtoyou.com\/sv\/product\/valaciclovir\/#primaryimage\"},\"thumbnailUrl\":\"https:\/\/www.transtoyou.com\/sv\/wp-content\/uploads\/sites\/15\/2026\/01\/tty-no-product-image-26.webp\",\"datePublished\":\"2026-01-22T19:40:50+00:00\",\"dateModified\":\"2026-03-06T14:56:52+00:00\",\"description\":\"Valaciclovir, en effektiv antiviral f\u00f6r behandling av herpes, minskar symtom och \u00e5terfall. Uppt\u00e4ck f\u00f6rdelarna p\u00e5 Transtoyou idag.\",\"breadcrumb\":{\"@id\":\"https:\/\/www.transtoyou.com\/sv\/product\/valaciclovir\/#breadcrumb\"},\"inLanguage\":\"sv-SE\",\"potentialAction\":[{\"@type\":\"ReadAction\",\"target\":[\"https:\/\/www.transtoyou.com\/sv\/product\/valaciclovir\/\"]}]},{\"@type\":\"ImageObject\",\"inLanguage\":\"sv-SE\",\"@id\":\"https:\/\/www.transtoyou.com\/sv\/product\/valaciclovir\/#primaryimage\",\"url\":\"https:\/\/www.transtoyou.com\/sv\/wp-content\/uploads\/sites\/15\/2026\/01\/tty-no-product-image-26.webp\",\"contentUrl\":\"https:\/\/www.transtoyou.com\/sv\/wp-content\/uploads\/sites\/15\/2026\/01\/tty-no-product-image-26.webp\",\"width\":1000,\"height\":1000,\"caption\":\"Standard produktbild\"},{\"@type\":\"WebSite\",\"@id\":\"https:\/\/www.transtoyou.com\/sv\/#website\",\"url\":\"https:\/\/www.transtoyou.com\/sv\/\",\"name\":\"Transtoyou - SV\",\"description\":\"\",\"publisher\":{\"@id\":\"https:\/\/www.transtoyou.com\/sv\/#organization\"},\"potentialAction\":[{\"@type\":\"SearchAction\",\"target\":{\"@type\":\"EntryPoint\",\"urlTemplate\":\"https:\/\/www.transtoyou.com\/sv\/?s={search_term_string}\"},\"query-input\":{\"@type\":\"PropertyValueSpecification\",\"valueRequired\":true,\"valueName\":\"search_term_string\"}}],\"inLanguage\":\"sv-SE\"},{\"@type\":\"Organization\",\"@id\":\"https:\/\/www.transtoyou.com\/sv\/#organization\",\"name\":\"Transtoyou - SV\",\"url\":\"https:\/\/www.transtoyou.com\/sv\/\",\"logo\":{\"@type\":\"ImageObject\",\"inLanguage\":\"sv-SE\",\"@id\":\"https:\/\/www.transtoyou.com\/sv\/#\/schema\/logo\/image\/\",\"url\":\"https:\/\/www.transtoyou.com\/sv\/wp-content\/uploads\/sites\/15\/2026\/01\/logo-tty-menu-bar-300x87-1.webp\",\"contentUrl\":\"https:\/\/www.transtoyou.com\/sv\/wp-content\/uploads\/sites\/15\/2026\/01\/logo-tty-menu-bar-300x87-1.webp\",\"width\":300,\"height\":87,\"caption\":\"Transtoyou - SV\"},\"image\":{\"@id\":\"https:\/\/www.transtoyou.com\/sv\/#\/schema\/logo\/image\/\"}}]}<\/script>\n<!-- \/ Yoast SEO plugin. -->","yoast_head_json":{"title":"Valaciclovir | Bek\u00e4mpa herpes och b\u00e4ltros snabbt - Transtoyou","description":"Valaciclovir, en effektiv antiviral f\u00f6r behandling av herpes, minskar symtom och \u00e5terfall. Uppt\u00e4ck f\u00f6rdelarna p\u00e5 Transtoyou idag.","robots":{"index":"noindex","follow":"follow","max-snippet":"max-snippet:-1","max-image-preview":"max-image-preview:large","max-video-preview":"max-video-preview:-1"},"og_locale":"sv_SE","og_type":"article","og_title":"Valaciclovir | Bek\u00e4mpa herpes och b\u00e4ltros snabbt - Transtoyou","og_description":"Valaciclovir, en effektiv antiviral f\u00f6r behandling av herpes, minskar symtom och \u00e5terfall. Uppt\u00e4ck f\u00f6rdelarna p\u00e5 Transtoyou idag.","og_url":"https:\/\/www.transtoyou.com\/sv\/product\/valaciclovir\/","og_site_name":"Transtoyou - SV","article_modified_time":"2026-03-06T14:56:52+00:00","twitter_card":"summary_large_image","twitter_misc":{"Ber\u00e4knad l\u00e4stid":"1 minut"},"schema":{"@context":"https:\/\/schema.org","@graph":[{"@type":"WebPage","@id":"https:\/\/www.transtoyou.com\/sv\/product\/valaciclovir\/","url":"https:\/\/www.transtoyou.com\/sv\/product\/valaciclovir\/","name":"Valaciclovir | Bek\u00e4mpa herpes och b\u00e4ltros snabbt - Transtoyou","isPartOf":{"@id":"https:\/\/www.transtoyou.com\/sv\/#website"},"primaryImageOfPage":{"@id":"https:\/\/www.transtoyou.com\/sv\/product\/valaciclovir\/#primaryimage"},"image":{"@id":"https:\/\/www.transtoyou.com\/sv\/product\/valaciclovir\/#primaryimage"},"thumbnailUrl":"https:\/\/www.transtoyou.com\/sv\/wp-content\/uploads\/sites\/15\/2026\/01\/tty-no-product-image-26.webp","datePublished":"2026-01-22T19:40:50+00:00","dateModified":"2026-03-06T14:56:52+00:00","description":"Valaciclovir, en effektiv antiviral f\u00f6r behandling av herpes, minskar symtom och \u00e5terfall. Uppt\u00e4ck f\u00f6rdelarna p\u00e5 Transtoyou idag.","breadcrumb":{"@id":"https:\/\/www.transtoyou.com\/sv\/product\/valaciclovir\/#breadcrumb"},"inLanguage":"sv-SE","potentialAction":[{"@type":"ReadAction","target":["https:\/\/www.transtoyou.com\/sv\/product\/valaciclovir\/"]}]},{"@type":"ImageObject","inLanguage":"sv-SE","@id":"https:\/\/www.transtoyou.com\/sv\/product\/valaciclovir\/#primaryimage","url":"https:\/\/www.transtoyou.com\/sv\/wp-content\/uploads\/sites\/15\/2026\/01\/tty-no-product-image-26.webp","contentUrl":"https:\/\/www.transtoyou.com\/sv\/wp-content\/uploads\/sites\/15\/2026\/01\/tty-no-product-image-26.webp","width":1000,"height":1000,"caption":"Standard produktbild"},{"@type":"WebSite","@id":"https:\/\/www.transtoyou.com\/sv\/#website","url":"https:\/\/www.transtoyou.com\/sv\/","name":"Transtoyou - SV","description":"","publisher":{"@id":"https:\/\/www.transtoyou.com\/sv\/#organization"},"potentialAction":[{"@type":"SearchAction","target":{"@type":"EntryPoint","urlTemplate":"https:\/\/www.transtoyou.com\/sv\/?s={search_term_string}"},"query-input":{"@type":"PropertyValueSpecification","valueRequired":true,"valueName":"search_term_string"}}],"inLanguage":"sv-SE"},{"@type":"Organization","@id":"https:\/\/www.transtoyou.com\/sv\/#organization","name":"Transtoyou - SV","url":"https:\/\/www.transtoyou.com\/sv\/","logo":{"@type":"ImageObject","inLanguage":"sv-SE","@id":"https:\/\/www.transtoyou.com\/sv\/#\/schema\/logo\/image\/","url":"https:\/\/www.transtoyou.com\/sv\/wp-content\/uploads\/sites\/15\/2026\/01\/logo-tty-menu-bar-300x87-1.webp","contentUrl":"https:\/\/www.transtoyou.com\/sv\/wp-content\/uploads\/sites\/15\/2026\/01\/logo-tty-menu-bar-300x87-1.webp","width":300,"height":87,"caption":"Transtoyou - SV"},"image":{"@id":"https:\/\/www.transtoyou.com\/sv\/#\/schema\/logo\/image\/"}}]}},"_links":{"self":[{"href":"https:\/\/www.transtoyou.com\/sv\/wp-json\/wp\/v2\/product\/515","targetHints":{"allow":["GET"]}}],"collection":[{"href":"https:\/\/www.transtoyou.com\/sv\/wp-json\/wp\/v2\/product"}],"about":[{"href":"https:\/\/www.transtoyou.com\/sv\/wp-json\/wp\/v2\/types\/product"}],"replies":[{"embeddable":true,"href":"https:\/\/www.transtoyou.com\/sv\/wp-json\/wp\/v2\/comments?post=515"}],"wp:featuredmedia":[{"embeddable":true,"href":"https:\/\/www.transtoyou.com\/sv\/wp-json\/wp\/v2\/media\/517"}],"wp:attachment":[{"href":"https:\/\/www.transtoyou.com\/sv\/wp-json\/wp\/v2\/media?parent=515"}],"wp:term":[{"taxonomy":"product_brand","embeddable":true,"href":"https:\/\/www.transtoyou.com\/sv\/wp-json\/wp\/v2\/product_brand?post=515"},{"taxonomy":"product_cat","embeddable":true,"href":"https:\/\/www.transtoyou.com\/sv\/wp-json\/wp\/v2\/product_cat?post=515"},{"taxonomy":"product_tag","embeddable":true,"href":"https:\/\/www.transtoyou.com\/sv\/wp-json\/wp\/v2\/product_tag?post=515"},{"taxonomy":"expert","embeddable":true,"href":"https:\/\/www.transtoyou.com\/sv\/wp-json\/wp\/v2\/expert?post=515"}],"curies":[{"name":"wp","href":"https:\/\/api.w.org\/{rel}","templated":true}]}}