{"id":518,"date":"2026-01-22T19:53:55","date_gmt":"2026-01-22T19:53:55","guid":{"rendered":"https:\/\/www.transtoyou.com\/sv\/product\/xyloproct\/"},"modified":"2026-03-08T10:55:06","modified_gmt":"2026-03-08T10:55:06","slug":"xyloproct","status":"publish","type":"product","link":"https:\/\/www.transtoyou.com\/sv\/product\/xyloproct\/","title":{"rendered":"Xyloproct"},"content":{"rendered":"<p>Xyloproct \u00e4r en topikal behandling som \u00e4r utformad f\u00f6r att lindra symtom orsakade av hemorrojder och andra anala eller rektala tillst\u00e5nd. Den kombinerar lidokain (ett lokalt bed\u00f6vningsmedel) och hydrokortison (ett antiinflammatoriskt steroid). Dessa ingredienser arbetar tillsammans f\u00f6r att ge snabb lindring fr\u00e5n sm\u00e4rta, kl\u00e5da, svullnad och irritation (lugnar inflammation och obehag).<\/p>\n<p>Lidokain bed\u00f6var omr\u00e5det (lindrar sm\u00e4rta och kl\u00e5da genom att blockera nervsignaler), medan hydrokortison minskar rodnad, svullnad och kl\u00e5da (antiinflammatorisk och kl\u00e5dlindrande effekt).<\/p>\n<p>Xyloproct anv\u00e4nds f\u00f6r att behandla inflammation och kl\u00e5da kopplad till hemorrojder (svullna blodk\u00e4rl i rektalomr\u00e5det) och anal obehag. Den ger riktad, snabbverkande lindring f\u00f6r symtom som sm\u00e4rta, svullnad, kl\u00e5da och \u00f6mhet. Formuleringen levereras vanligtvis som en mjuk salva.<\/p>\n<p>De fr\u00e4msta f\u00f6rdelarna med Xyloproct inkluderar snabb lindring av symtom, kombinerad terapeutisk verkan (bed\u00f6vande, antiinflammatorisk, antiseptisk och l\u00e4kande) och enkel anv\u00e4ndning. Det \u00e4r en omfattande behandling f\u00f6r akuta hemorrojdepisoder och kopplad rektal obehag.<\/p>\n","protected":false},"excerpt":{"rendered":"<ul>\n<li>Lindrar hemorrojdsymtom snabbt<\/li>\n<li>Kombinerar sm\u00e4rtlindring och anti-inflammation<\/li>\n<li>Enkel att anv\u00e4nda rektal applikator<\/li>\n<\/ul>\n","protected":false},"featured_media":520,"comment_status":"open","ping_status":"closed","template":"","meta":[],"product_brand":[],"product_cat":[113],"product_tag":[],"expert":[17],"class_list":{"0":"post-518","1":"product","2":"type-product","3":"status-publish","4":"has-post-thumbnail","6":"product_cat-hemorrhoider","7":"expert-dr-c-munoz-parada","9":"first","10":"instock","11":"shipping-taxable","12":"product-type-variable"},"yoast_head":"<!-- This site is optimized with the Yoast SEO plugin v27.0 - https:\/\/yoast.com\/product\/yoast-seo-wordpress\/ -->\n<title>Xyloproct | Snabb lindring f\u00f6r hemorrojder - Transtoyou<\/title>\n<meta name=\"description\" content=\"Xyloproct, tillg\u00e4nglig h\u00e4r, ger snabb lindring fr\u00e5n hemorrojdsymtom med lidokain och hydrokortison. F\u00e5 riktad komfort idag!\" \/>\n<meta name=\"robots\" content=\"noindex, follow, max-snippet:-1, max-image-preview:large, max-video-preview:-1\" \/>\n<meta property=\"og:locale\" content=\"sv_SE\" \/>\n<meta property=\"og:type\" content=\"article\" \/>\n<meta property=\"og:title\" content=\"Xyloproct | Snabb lindring f\u00f6r hemorrojder - Transtoyou\" \/>\n<meta property=\"og:description\" content=\"Xyloproct, tillg\u00e4nglig h\u00e4r, ger snabb lindring fr\u00e5n hemorrojdsymtom med lidokain och hydrokortison. F\u00e5 riktad komfort idag!\" \/>\n<meta property=\"og:url\" content=\"https:\/\/www.transtoyou.com\/sv\/product\/xyloproct\/\" \/>\n<meta property=\"og:site_name\" content=\"Transtoyou - SV\" \/>\n<meta property=\"article:modified_time\" content=\"2026-03-08T10:55:06+00:00\" \/>\n<meta name=\"twitter:card\" content=\"summary_large_image\" \/>\n<meta name=\"twitter:label1\" content=\"Ber\u00e4knad l\u00e4stid\" \/>\n\t<meta name=\"twitter:data1\" content=\"1 minut\" \/>\n<script type=\"application\/ld+json\" class=\"yoast-schema-graph\">{\"@context\":\"https:\/\/schema.org\",\"@graph\":[{\"@type\":\"WebPage\",\"@id\":\"https:\/\/www.transtoyou.com\/sv\/product\/xyloproct\/\",\"url\":\"https:\/\/www.transtoyou.com\/sv\/product\/xyloproct\/\",\"name\":\"Xyloproct | Snabb lindring f\u00f6r hemorrojder - Transtoyou\",\"isPartOf\":{\"@id\":\"https:\/\/www.transtoyou.com\/sv\/#website\"},\"primaryImageOfPage\":{\"@id\":\"https:\/\/www.transtoyou.com\/sv\/product\/xyloproct\/#primaryimage\"},\"image\":{\"@id\":\"https:\/\/www.transtoyou.com\/sv\/product\/xyloproct\/#primaryimage\"},\"thumbnailUrl\":\"https:\/\/www.transtoyou.com\/sv\/wp-content\/uploads\/sites\/15\/2026\/01\/tty-no-product-image-27.webp\",\"datePublished\":\"2026-01-22T19:53:55+00:00\",\"dateModified\":\"2026-03-08T10:55:06+00:00\",\"description\":\"Xyloproct, tillg\u00e4nglig h\u00e4r, ger snabb lindring fr\u00e5n hemorrojdsymtom med lidokain och hydrokortison. F\u00e5 riktad komfort idag!\",\"breadcrumb\":{\"@id\":\"https:\/\/www.transtoyou.com\/sv\/product\/xyloproct\/#breadcrumb\"},\"inLanguage\":\"sv-SE\",\"potentialAction\":[{\"@type\":\"ReadAction\",\"target\":[\"https:\/\/www.transtoyou.com\/sv\/product\/xyloproct\/\"]}]},{\"@type\":\"ImageObject\",\"inLanguage\":\"sv-SE\",\"@id\":\"https:\/\/www.transtoyou.com\/sv\/product\/xyloproct\/#primaryimage\",\"url\":\"https:\/\/www.transtoyou.com\/sv\/wp-content\/uploads\/sites\/15\/2026\/01\/tty-no-product-image-27.webp\",\"contentUrl\":\"https:\/\/www.transtoyou.com\/sv\/wp-content\/uploads\/sites\/15\/2026\/01\/tty-no-product-image-27.webp\",\"width\":1000,\"height\":1000,\"caption\":\"Standard produktbild\"},{\"@type\":\"WebSite\",\"@id\":\"https:\/\/www.transtoyou.com\/sv\/#website\",\"url\":\"https:\/\/www.transtoyou.com\/sv\/\",\"name\":\"Transtoyou - SV\",\"description\":\"\",\"publisher\":{\"@id\":\"https:\/\/www.transtoyou.com\/sv\/#organization\"},\"potentialAction\":[{\"@type\":\"SearchAction\",\"target\":{\"@type\":\"EntryPoint\",\"urlTemplate\":\"https:\/\/www.transtoyou.com\/sv\/?s={search_term_string}\"},\"query-input\":{\"@type\":\"PropertyValueSpecification\",\"valueRequired\":true,\"valueName\":\"search_term_string\"}}],\"inLanguage\":\"sv-SE\"},{\"@type\":\"Organization\",\"@id\":\"https:\/\/www.transtoyou.com\/sv\/#organization\",\"name\":\"Transtoyou - SV\",\"url\":\"https:\/\/www.transtoyou.com\/sv\/\",\"logo\":{\"@type\":\"ImageObject\",\"inLanguage\":\"sv-SE\",\"@id\":\"https:\/\/www.transtoyou.com\/sv\/#\/schema\/logo\/image\/\",\"url\":\"https:\/\/www.transtoyou.com\/sv\/wp-content\/uploads\/sites\/15\/2026\/01\/logo-tty-menu-bar-300x87-1.webp\",\"contentUrl\":\"https:\/\/www.transtoyou.com\/sv\/wp-content\/uploads\/sites\/15\/2026\/01\/logo-tty-menu-bar-300x87-1.webp\",\"width\":300,\"height\":87,\"caption\":\"Transtoyou - SV\"},\"image\":{\"@id\":\"https:\/\/www.transtoyou.com\/sv\/#\/schema\/logo\/image\/\"}}]}<\/script>\n<!-- \/ Yoast SEO plugin. -->","yoast_head_json":{"title":"Xyloproct | Snabb lindring f\u00f6r hemorrojder - Transtoyou","description":"Xyloproct, tillg\u00e4nglig h\u00e4r, ger snabb lindring fr\u00e5n hemorrojdsymtom med lidokain och hydrokortison. F\u00e5 riktad komfort idag!","robots":{"index":"noindex","follow":"follow","max-snippet":"max-snippet:-1","max-image-preview":"max-image-preview:large","max-video-preview":"max-video-preview:-1"},"og_locale":"sv_SE","og_type":"article","og_title":"Xyloproct | Snabb lindring f\u00f6r hemorrojder - Transtoyou","og_description":"Xyloproct, tillg\u00e4nglig h\u00e4r, ger snabb lindring fr\u00e5n hemorrojdsymtom med lidokain och hydrokortison. F\u00e5 riktad komfort idag!","og_url":"https:\/\/www.transtoyou.com\/sv\/product\/xyloproct\/","og_site_name":"Transtoyou - SV","article_modified_time":"2026-03-08T10:55:06+00:00","twitter_card":"summary_large_image","twitter_misc":{"Ber\u00e4knad l\u00e4stid":"1 minut"},"schema":{"@context":"https:\/\/schema.org","@graph":[{"@type":"WebPage","@id":"https:\/\/www.transtoyou.com\/sv\/product\/xyloproct\/","url":"https:\/\/www.transtoyou.com\/sv\/product\/xyloproct\/","name":"Xyloproct | Snabb lindring f\u00f6r hemorrojder - Transtoyou","isPartOf":{"@id":"https:\/\/www.transtoyou.com\/sv\/#website"},"primaryImageOfPage":{"@id":"https:\/\/www.transtoyou.com\/sv\/product\/xyloproct\/#primaryimage"},"image":{"@id":"https:\/\/www.transtoyou.com\/sv\/product\/xyloproct\/#primaryimage"},"thumbnailUrl":"https:\/\/www.transtoyou.com\/sv\/wp-content\/uploads\/sites\/15\/2026\/01\/tty-no-product-image-27.webp","datePublished":"2026-01-22T19:53:55+00:00","dateModified":"2026-03-08T10:55:06+00:00","description":"Xyloproct, tillg\u00e4nglig h\u00e4r, ger snabb lindring fr\u00e5n hemorrojdsymtom med lidokain och hydrokortison. F\u00e5 riktad komfort idag!","breadcrumb":{"@id":"https:\/\/www.transtoyou.com\/sv\/product\/xyloproct\/#breadcrumb"},"inLanguage":"sv-SE","potentialAction":[{"@type":"ReadAction","target":["https:\/\/www.transtoyou.com\/sv\/product\/xyloproct\/"]}]},{"@type":"ImageObject","inLanguage":"sv-SE","@id":"https:\/\/www.transtoyou.com\/sv\/product\/xyloproct\/#primaryimage","url":"https:\/\/www.transtoyou.com\/sv\/wp-content\/uploads\/sites\/15\/2026\/01\/tty-no-product-image-27.webp","contentUrl":"https:\/\/www.transtoyou.com\/sv\/wp-content\/uploads\/sites\/15\/2026\/01\/tty-no-product-image-27.webp","width":1000,"height":1000,"caption":"Standard produktbild"},{"@type":"WebSite","@id":"https:\/\/www.transtoyou.com\/sv\/#website","url":"https:\/\/www.transtoyou.com\/sv\/","name":"Transtoyou - SV","description":"","publisher":{"@id":"https:\/\/www.transtoyou.com\/sv\/#organization"},"potentialAction":[{"@type":"SearchAction","target":{"@type":"EntryPoint","urlTemplate":"https:\/\/www.transtoyou.com\/sv\/?s={search_term_string}"},"query-input":{"@type":"PropertyValueSpecification","valueRequired":true,"valueName":"search_term_string"}}],"inLanguage":"sv-SE"},{"@type":"Organization","@id":"https:\/\/www.transtoyou.com\/sv\/#organization","name":"Transtoyou - SV","url":"https:\/\/www.transtoyou.com\/sv\/","logo":{"@type":"ImageObject","inLanguage":"sv-SE","@id":"https:\/\/www.transtoyou.com\/sv\/#\/schema\/logo\/image\/","url":"https:\/\/www.transtoyou.com\/sv\/wp-content\/uploads\/sites\/15\/2026\/01\/logo-tty-menu-bar-300x87-1.webp","contentUrl":"https:\/\/www.transtoyou.com\/sv\/wp-content\/uploads\/sites\/15\/2026\/01\/logo-tty-menu-bar-300x87-1.webp","width":300,"height":87,"caption":"Transtoyou - SV"},"image":{"@id":"https:\/\/www.transtoyou.com\/sv\/#\/schema\/logo\/image\/"}}]}},"_links":{"self":[{"href":"https:\/\/www.transtoyou.com\/sv\/wp-json\/wp\/v2\/product\/518","targetHints":{"allow":["GET"]}}],"collection":[{"href":"https:\/\/www.transtoyou.com\/sv\/wp-json\/wp\/v2\/product"}],"about":[{"href":"https:\/\/www.transtoyou.com\/sv\/wp-json\/wp\/v2\/types\/product"}],"replies":[{"embeddable":true,"href":"https:\/\/www.transtoyou.com\/sv\/wp-json\/wp\/v2\/comments?post=518"}],"wp:featuredmedia":[{"embeddable":true,"href":"https:\/\/www.transtoyou.com\/sv\/wp-json\/wp\/v2\/media\/520"}],"wp:attachment":[{"href":"https:\/\/www.transtoyou.com\/sv\/wp-json\/wp\/v2\/media?parent=518"}],"wp:term":[{"taxonomy":"product_brand","embeddable":true,"href":"https:\/\/www.transtoyou.com\/sv\/wp-json\/wp\/v2\/product_brand?post=518"},{"taxonomy":"product_cat","embeddable":true,"href":"https:\/\/www.transtoyou.com\/sv\/wp-json\/wp\/v2\/product_cat?post=518"},{"taxonomy":"product_tag","embeddable":true,"href":"https:\/\/www.transtoyou.com\/sv\/wp-json\/wp\/v2\/product_tag?post=518"},{"taxonomy":"expert","embeddable":true,"href":"https:\/\/www.transtoyou.com\/sv\/wp-json\/wp\/v2\/expert?post=518"}],"curies":[{"name":"wp","href":"https:\/\/api.w.org\/{rel}","templated":true}]}}