{"id":569,"date":"2026-01-23T16:05:29","date_gmt":"2026-01-23T16:05:29","guid":{"rendered":"https:\/\/www.transtoyou.com\/sv\/product\/sandrena\/"},"modified":"2026-01-23T16:06:24","modified_gmt":"2026-01-23T16:06:24","slug":"sandrena","status":"publish","type":"product","link":"https:\/\/www.transtoyou.com\/sv\/product\/sandrena\/","title":{"rendered":"Sandrena"},"content":{"rendered":"<p>Sandrena \u00e4r en transdermal gel som inneh\u00e5ller estradiol hemihydrat, en form av \u00f6strogen. Den behandlar symtom kopplade till \u00f6strogendeficit under naturlig eller kirurgisk menopaus, s\u00e5som v\u00e4rmevallningar, nattsvett och vaginal torrhet. Sandrena kan ocks\u00e5 anv\u00e4ndas f\u00f6r tidig f\u00f6rebyggande av postmenopausal osteoporos.<\/p>\n<p>L\u00e4kemedlet verkar genom att leverera estradiol direkt genom huden in i blodomloppet, vilket omg\u00e5r levern och minskar hormonfluktuationer j\u00e4mf\u00f6rt med orala \u00f6strogener. Estradiol binder till \u00f6strogenreceptorer och ut\u00f6var anti-osteoporotiska, lipidreglerande och vasomotoriskt stabiliserande effekter. Det uppr\u00e4tth\u00e5ller ocks\u00e5 h\u00e4lsan hos huden, urinv\u00e4garna och skelettet.<\/p>\n<p>I kroppen h\u00f6jer Sandrena effektivt estradiolniv\u00e5erna f\u00f6r att \u00e5terst\u00e4lla hormonbalansen, f\u00f6rb\u00e4ttra symtomen p\u00e5 menopaus samtidigt som det uppr\u00e4tth\u00e5ller ett gynnsamt f\u00f6rh\u00e5llande mellan estradiol och estron. Det erbjuder stabila blodniv\u00e5er med minimala dagliga fluktuationer och kan enkelt justeras baserat p\u00e5 individuella terapeutiska behov.<\/p>\n<p>Sandrena tolereras generellt v\u00e4l, men det kr\u00e4ver kombination med ett gestagen hos kvinnor med en intakt livmoder f\u00f6r att f\u00f6rhindra endometriehyperplasi.<\/p>\n","protected":false},"excerpt":{"rendered":"<ul>\n<li>Lindring av klimakteriebesv\u00e4r<\/li>\n<li>Transdermalt \u00f6strogengelbehandling<\/li>\n<li>Hj\u00e4lper till att f\u00f6rebygga tidig bensk\u00f6rhet<\/li>\n<\/ul>\n","protected":false},"featured_media":571,"comment_status":"open","ping_status":"closed","template":"","meta":[],"product_brand":[],"product_cat":[119,96],"product_tag":[],"expert":[17],"class_list":{"0":"post-569","1":"product","2":"type-product","3":"status-publish","4":"has-post-thumbnail","6":"product_cat-hormonersattningsterapi-hrt","7":"product_cat-ostrogen-feminiserande-terapi","8":"expert-dr-c-munoz-parada","10":"first","11":"instock","12":"shipping-taxable","13":"product-type-variable"},"yoast_head":"<!-- This site is optimized with the Yoast SEO plugin v27.0 - https:\/\/yoast.com\/product\/yoast-seo-wordpress\/ -->\n<title>Sandrena | P\u00e5litligt St\u00f6d f\u00f6r Hormonbalans - Transtoyou<\/title>\n<meta name=\"description\" content=\"Sandrena finns nu p\u00e5 Transtoyou, erbjuder hormonst\u00f6d med kliniskt granskade f\u00f6rdelar. Handla idag f\u00f6r p\u00e5litliga, kvalitativa h\u00e4lsol\u00f6sningar.\" \/>\n<meta name=\"robots\" content=\"noindex, follow, max-snippet:-1, max-image-preview:large, max-video-preview:-1\" \/>\n<meta property=\"og:locale\" content=\"sv_SE\" \/>\n<meta property=\"og:type\" content=\"article\" \/>\n<meta property=\"og:title\" content=\"Sandrena | P\u00e5litligt St\u00f6d f\u00f6r Hormonbalans - Transtoyou\" \/>\n<meta property=\"og:description\" content=\"Sandrena finns nu p\u00e5 Transtoyou, erbjuder hormonst\u00f6d med kliniskt granskade f\u00f6rdelar. Handla idag f\u00f6r p\u00e5litliga, kvalitativa h\u00e4lsol\u00f6sningar.\" \/>\n<meta property=\"og:url\" content=\"https:\/\/www.transtoyou.com\/sv\/product\/sandrena\/\" \/>\n<meta property=\"og:site_name\" content=\"Transtoyou - SV\" \/>\n<meta property=\"article:modified_time\" content=\"2026-01-23T16:06:24+00:00\" \/>\n<meta name=\"twitter:card\" content=\"summary_large_image\" \/>\n<meta name=\"twitter:label1\" content=\"Ber\u00e4knad l\u00e4stid\" \/>\n\t<meta name=\"twitter:data1\" content=\"1 minut\" \/>\n<script type=\"application\/ld+json\" class=\"yoast-schema-graph\">{\"@context\":\"https:\/\/schema.org\",\"@graph\":[{\"@type\":\"WebPage\",\"@id\":\"https:\/\/www.transtoyou.com\/sv\/product\/sandrena\/\",\"url\":\"https:\/\/www.transtoyou.com\/sv\/product\/sandrena\/\",\"name\":\"Sandrena | P\u00e5litligt St\u00f6d f\u00f6r Hormonbalans - Transtoyou\",\"isPartOf\":{\"@id\":\"https:\/\/www.transtoyou.com\/sv\/#website\"},\"primaryImageOfPage\":{\"@id\":\"https:\/\/www.transtoyou.com\/sv\/product\/sandrena\/#primaryimage\"},\"image\":{\"@id\":\"https:\/\/www.transtoyou.com\/sv\/product\/sandrena\/#primaryimage\"},\"thumbnailUrl\":\"https:\/\/www.transtoyou.com\/sv\/wp-content\/uploads\/sites\/15\/2026\/01\/tty-no-product-image-29.webp\",\"datePublished\":\"2026-01-23T16:05:29+00:00\",\"dateModified\":\"2026-01-23T16:06:24+00:00\",\"description\":\"Sandrena finns nu p\u00e5 Transtoyou, erbjuder hormonst\u00f6d med kliniskt granskade f\u00f6rdelar. Handla idag f\u00f6r p\u00e5litliga, kvalitativa h\u00e4lsol\u00f6sningar.\",\"breadcrumb\":{\"@id\":\"https:\/\/www.transtoyou.com\/sv\/product\/sandrena\/#breadcrumb\"},\"inLanguage\":\"sv-SE\",\"potentialAction\":[{\"@type\":\"ReadAction\",\"target\":[\"https:\/\/www.transtoyou.com\/sv\/product\/sandrena\/\"]}]},{\"@type\":\"ImageObject\",\"inLanguage\":\"sv-SE\",\"@id\":\"https:\/\/www.transtoyou.com\/sv\/product\/sandrena\/#primaryimage\",\"url\":\"https:\/\/www.transtoyou.com\/sv\/wp-content\/uploads\/sites\/15\/2026\/01\/tty-no-product-image-29.webp\",\"contentUrl\":\"https:\/\/www.transtoyou.com\/sv\/wp-content\/uploads\/sites\/15\/2026\/01\/tty-no-product-image-29.webp\",\"width\":1000,\"height\":1000,\"caption\":\"Standard produktbild\"},{\"@type\":\"WebSite\",\"@id\":\"https:\/\/www.transtoyou.com\/sv\/#website\",\"url\":\"https:\/\/www.transtoyou.com\/sv\/\",\"name\":\"Transtoyou - SV\",\"description\":\"\",\"publisher\":{\"@id\":\"https:\/\/www.transtoyou.com\/sv\/#organization\"},\"potentialAction\":[{\"@type\":\"SearchAction\",\"target\":{\"@type\":\"EntryPoint\",\"urlTemplate\":\"https:\/\/www.transtoyou.com\/sv\/?s={search_term_string}\"},\"query-input\":{\"@type\":\"PropertyValueSpecification\",\"valueRequired\":true,\"valueName\":\"search_term_string\"}}],\"inLanguage\":\"sv-SE\"},{\"@type\":\"Organization\",\"@id\":\"https:\/\/www.transtoyou.com\/sv\/#organization\",\"name\":\"Transtoyou - SV\",\"url\":\"https:\/\/www.transtoyou.com\/sv\/\",\"logo\":{\"@type\":\"ImageObject\",\"inLanguage\":\"sv-SE\",\"@id\":\"https:\/\/www.transtoyou.com\/sv\/#\/schema\/logo\/image\/\",\"url\":\"https:\/\/www.transtoyou.com\/sv\/wp-content\/uploads\/sites\/15\/2026\/01\/logo-tty-menu-bar-300x87-1.webp\",\"contentUrl\":\"https:\/\/www.transtoyou.com\/sv\/wp-content\/uploads\/sites\/15\/2026\/01\/logo-tty-menu-bar-300x87-1.webp\",\"width\":300,\"height\":87,\"caption\":\"Transtoyou - SV\"},\"image\":{\"@id\":\"https:\/\/www.transtoyou.com\/sv\/#\/schema\/logo\/image\/\"}}]}<\/script>\n<!-- \/ Yoast SEO plugin. -->","yoast_head_json":{"title":"Sandrena | P\u00e5litligt St\u00f6d f\u00f6r Hormonbalans - Transtoyou","description":"Sandrena finns nu p\u00e5 Transtoyou, erbjuder hormonst\u00f6d med kliniskt granskade f\u00f6rdelar. Handla idag f\u00f6r p\u00e5litliga, kvalitativa h\u00e4lsol\u00f6sningar.","robots":{"index":"noindex","follow":"follow","max-snippet":"max-snippet:-1","max-image-preview":"max-image-preview:large","max-video-preview":"max-video-preview:-1"},"og_locale":"sv_SE","og_type":"article","og_title":"Sandrena | P\u00e5litligt St\u00f6d f\u00f6r Hormonbalans - Transtoyou","og_description":"Sandrena finns nu p\u00e5 Transtoyou, erbjuder hormonst\u00f6d med kliniskt granskade f\u00f6rdelar. Handla idag f\u00f6r p\u00e5litliga, kvalitativa h\u00e4lsol\u00f6sningar.","og_url":"https:\/\/www.transtoyou.com\/sv\/product\/sandrena\/","og_site_name":"Transtoyou - SV","article_modified_time":"2026-01-23T16:06:24+00:00","twitter_card":"summary_large_image","twitter_misc":{"Ber\u00e4knad l\u00e4stid":"1 minut"},"schema":{"@context":"https:\/\/schema.org","@graph":[{"@type":"WebPage","@id":"https:\/\/www.transtoyou.com\/sv\/product\/sandrena\/","url":"https:\/\/www.transtoyou.com\/sv\/product\/sandrena\/","name":"Sandrena | P\u00e5litligt St\u00f6d f\u00f6r Hormonbalans - Transtoyou","isPartOf":{"@id":"https:\/\/www.transtoyou.com\/sv\/#website"},"primaryImageOfPage":{"@id":"https:\/\/www.transtoyou.com\/sv\/product\/sandrena\/#primaryimage"},"image":{"@id":"https:\/\/www.transtoyou.com\/sv\/product\/sandrena\/#primaryimage"},"thumbnailUrl":"https:\/\/www.transtoyou.com\/sv\/wp-content\/uploads\/sites\/15\/2026\/01\/tty-no-product-image-29.webp","datePublished":"2026-01-23T16:05:29+00:00","dateModified":"2026-01-23T16:06:24+00:00","description":"Sandrena finns nu p\u00e5 Transtoyou, erbjuder hormonst\u00f6d med kliniskt granskade f\u00f6rdelar. Handla idag f\u00f6r p\u00e5litliga, kvalitativa h\u00e4lsol\u00f6sningar.","breadcrumb":{"@id":"https:\/\/www.transtoyou.com\/sv\/product\/sandrena\/#breadcrumb"},"inLanguage":"sv-SE","potentialAction":[{"@type":"ReadAction","target":["https:\/\/www.transtoyou.com\/sv\/product\/sandrena\/"]}]},{"@type":"ImageObject","inLanguage":"sv-SE","@id":"https:\/\/www.transtoyou.com\/sv\/product\/sandrena\/#primaryimage","url":"https:\/\/www.transtoyou.com\/sv\/wp-content\/uploads\/sites\/15\/2026\/01\/tty-no-product-image-29.webp","contentUrl":"https:\/\/www.transtoyou.com\/sv\/wp-content\/uploads\/sites\/15\/2026\/01\/tty-no-product-image-29.webp","width":1000,"height":1000,"caption":"Standard produktbild"},{"@type":"WebSite","@id":"https:\/\/www.transtoyou.com\/sv\/#website","url":"https:\/\/www.transtoyou.com\/sv\/","name":"Transtoyou - SV","description":"","publisher":{"@id":"https:\/\/www.transtoyou.com\/sv\/#organization"},"potentialAction":[{"@type":"SearchAction","target":{"@type":"EntryPoint","urlTemplate":"https:\/\/www.transtoyou.com\/sv\/?s={search_term_string}"},"query-input":{"@type":"PropertyValueSpecification","valueRequired":true,"valueName":"search_term_string"}}],"inLanguage":"sv-SE"},{"@type":"Organization","@id":"https:\/\/www.transtoyou.com\/sv\/#organization","name":"Transtoyou - SV","url":"https:\/\/www.transtoyou.com\/sv\/","logo":{"@type":"ImageObject","inLanguage":"sv-SE","@id":"https:\/\/www.transtoyou.com\/sv\/#\/schema\/logo\/image\/","url":"https:\/\/www.transtoyou.com\/sv\/wp-content\/uploads\/sites\/15\/2026\/01\/logo-tty-menu-bar-300x87-1.webp","contentUrl":"https:\/\/www.transtoyou.com\/sv\/wp-content\/uploads\/sites\/15\/2026\/01\/logo-tty-menu-bar-300x87-1.webp","width":300,"height":87,"caption":"Transtoyou - SV"},"image":{"@id":"https:\/\/www.transtoyou.com\/sv\/#\/schema\/logo\/image\/"}}]}},"_links":{"self":[{"href":"https:\/\/www.transtoyou.com\/sv\/wp-json\/wp\/v2\/product\/569","targetHints":{"allow":["GET"]}}],"collection":[{"href":"https:\/\/www.transtoyou.com\/sv\/wp-json\/wp\/v2\/product"}],"about":[{"href":"https:\/\/www.transtoyou.com\/sv\/wp-json\/wp\/v2\/types\/product"}],"replies":[{"embeddable":true,"href":"https:\/\/www.transtoyou.com\/sv\/wp-json\/wp\/v2\/comments?post=569"}],"wp:featuredmedia":[{"embeddable":true,"href":"https:\/\/www.transtoyou.com\/sv\/wp-json\/wp\/v2\/media\/571"}],"wp:attachment":[{"href":"https:\/\/www.transtoyou.com\/sv\/wp-json\/wp\/v2\/media?parent=569"}],"wp:term":[{"taxonomy":"product_brand","embeddable":true,"href":"https:\/\/www.transtoyou.com\/sv\/wp-json\/wp\/v2\/product_brand?post=569"},{"taxonomy":"product_cat","embeddable":true,"href":"https:\/\/www.transtoyou.com\/sv\/wp-json\/wp\/v2\/product_cat?post=569"},{"taxonomy":"product_tag","embeddable":true,"href":"https:\/\/www.transtoyou.com\/sv\/wp-json\/wp\/v2\/product_tag?post=569"},{"taxonomy":"expert","embeddable":true,"href":"https:\/\/www.transtoyou.com\/sv\/wp-json\/wp\/v2\/expert?post=569"}],"curies":[{"name":"wp","href":"https:\/\/api.w.org\/{rel}","templated":true}]}}