{"id":572,"date":"2026-01-23T16:19:55","date_gmt":"2026-01-23T16:19:55","guid":{"rendered":"https:\/\/www.transtoyou.com\/sv\/product\/spedra\/"},"modified":"2026-03-05T11:31:49","modified_gmt":"2026-03-05T11:31:49","slug":"spedra","status":"publish","type":"product","link":"https:\/\/www.transtoyou.com\/sv\/product\/spedra\/","title":{"rendered":"Spedra"},"content":{"rendered":"<p>Spedra \u00e4r en snabbverkande medicin som anv\u00e4nds f\u00f6r att behandla erektil dysfunktion (ED). Den inneh\u00e5ller avanafil, en selektiv fosfodiesteras typ 5 (PDE5) h\u00e4mmare. N\u00e4r en man blir sexuellt stimulerad \u00f6kar blodfl\u00f6det, vilket ger en erektion. Avanafil blockerar PDE5-enzymet f\u00f6r att f\u00f6rl\u00e4nga erektionsprocessen.<\/p>\n<p>Spedra \u00e4r indicerat f\u00f6r ED, inklusive de med milda till sv\u00e5ra symtom, s\u00e5 l\u00e4nge sexuell stimulering \u00e4r n\u00e4rvarande. Det \u00e4r inte effektivt utan det. Verkan intr\u00e4der p\u00e5 s\u00e5 lite som 15\u201330 minuter, och effekterna kan vara i upp till 2 timmar, beroende p\u00e5 individen.<\/p>\n<p>Denna medicin tolereras v\u00e4l och har en gynnsam s\u00e4kerhetsprofil n\u00e4r den anv\u00e4nds enligt f\u00f6reskrift. Den kan anv\u00e4ndas av alla \u00e5ldrar, inklusive \u00e4ldre vuxna, och har den f\u00f6rdelen att den snabbt absorberas. Till skillnad fr\u00e5n vissa PDE5-h\u00e4mmare \u00e4r Spedras matinteraktioner minimala, \u00e4ven om en fettrik m\u00e5ltid kan f\u00f6rdr\u00f6ja absorptionen n\u00e5got.<\/p>\n","protected":false},"excerpt":{"rendered":"<ul>\n<li>Snabb effekt inom 15\u201330 minuter<\/li>\n<li>Effektiv i upp till 2 timmar<\/li>\n<li>Kan tas med eller utan mat<\/li>\n<\/ul>\n","protected":false},"featured_media":574,"comment_status":"open","ping_status":"closed","template":"","meta":[],"product_brand":[],"product_cat":[95],"product_tag":[],"expert":[17],"class_list":{"0":"post-572","1":"product","2":"type-product","3":"status-publish","4":"has-post-thumbnail","6":"product_cat-erektil-dysfunktion-behandlingar","7":"expert-dr-c-munoz-parada","9":"first","10":"instock","11":"shipping-taxable","12":"product-type-variable"},"yoast_head":"<!-- This site is optimized with the Yoast SEO plugin v27.0 - https:\/\/yoast.com\/product\/yoast-seo-wordpress\/ -->\n<title>Spedra | Snabbverkande l\u00f6sning f\u00f6r ED - Transtoyou<\/title>\n<meta name=\"description\" content=\"Spedra, nu tillg\u00e4nglig p\u00e5 Transtoyou. F\u00f6rb\u00e4ttra ditt v\u00e4lbefinnande med denna unika h\u00e4lsoprodukt. Uppt\u00e4ck f\u00f6rdelarna och handla idag!\" \/>\n<meta name=\"robots\" content=\"noindex, follow, max-snippet:-1, max-image-preview:large, max-video-preview:-1\" \/>\n<meta property=\"og:locale\" content=\"sv_SE\" \/>\n<meta property=\"og:type\" content=\"article\" \/>\n<meta property=\"og:title\" content=\"Spedra | Snabbverkande l\u00f6sning f\u00f6r ED - Transtoyou\" \/>\n<meta property=\"og:description\" content=\"Spedra, nu tillg\u00e4nglig p\u00e5 Transtoyou. F\u00f6rb\u00e4ttra ditt v\u00e4lbefinnande med denna unika h\u00e4lsoprodukt. Uppt\u00e4ck f\u00f6rdelarna och handla idag!\" \/>\n<meta property=\"og:url\" content=\"https:\/\/www.transtoyou.com\/sv\/product\/spedra\/\" \/>\n<meta property=\"og:site_name\" content=\"Transtoyou - SV\" \/>\n<meta property=\"article:modified_time\" content=\"2026-03-05T11:31:49+00:00\" \/>\n<meta name=\"twitter:card\" content=\"summary_large_image\" \/>\n<meta name=\"twitter:label1\" content=\"Ber\u00e4knad l\u00e4stid\" \/>\n\t<meta name=\"twitter:data1\" content=\"1 minut\" \/>\n<script type=\"application\/ld+json\" class=\"yoast-schema-graph\">{\"@context\":\"https:\/\/schema.org\",\"@graph\":[{\"@type\":\"WebPage\",\"@id\":\"https:\/\/www.transtoyou.com\/sv\/product\/spedra\/\",\"url\":\"https:\/\/www.transtoyou.com\/sv\/product\/spedra\/\",\"name\":\"Spedra | Snabbverkande l\u00f6sning f\u00f6r ED - Transtoyou\",\"isPartOf\":{\"@id\":\"https:\/\/www.transtoyou.com\/sv\/#website\"},\"primaryImageOfPage\":{\"@id\":\"https:\/\/www.transtoyou.com\/sv\/product\/spedra\/#primaryimage\"},\"image\":{\"@id\":\"https:\/\/www.transtoyou.com\/sv\/product\/spedra\/#primaryimage\"},\"thumbnailUrl\":\"https:\/\/www.transtoyou.com\/sv\/wp-content\/uploads\/sites\/15\/2026\/01\/tty-no-product-image-30.webp\",\"datePublished\":\"2026-01-23T16:19:55+00:00\",\"dateModified\":\"2026-03-05T11:31:49+00:00\",\"description\":\"Spedra, nu tillg\u00e4nglig p\u00e5 Transtoyou. F\u00f6rb\u00e4ttra ditt v\u00e4lbefinnande med denna unika h\u00e4lsoprodukt. Uppt\u00e4ck f\u00f6rdelarna och handla idag!\",\"breadcrumb\":{\"@id\":\"https:\/\/www.transtoyou.com\/sv\/product\/spedra\/#breadcrumb\"},\"inLanguage\":\"sv-SE\",\"potentialAction\":[{\"@type\":\"ReadAction\",\"target\":[\"https:\/\/www.transtoyou.com\/sv\/product\/spedra\/\"]}]},{\"@type\":\"ImageObject\",\"inLanguage\":\"sv-SE\",\"@id\":\"https:\/\/www.transtoyou.com\/sv\/product\/spedra\/#primaryimage\",\"url\":\"https:\/\/www.transtoyou.com\/sv\/wp-content\/uploads\/sites\/15\/2026\/01\/tty-no-product-image-30.webp\",\"contentUrl\":\"https:\/\/www.transtoyou.com\/sv\/wp-content\/uploads\/sites\/15\/2026\/01\/tty-no-product-image-30.webp\",\"width\":1000,\"height\":1000,\"caption\":\"Standard produktbild\"},{\"@type\":\"WebSite\",\"@id\":\"https:\/\/www.transtoyou.com\/sv\/#website\",\"url\":\"https:\/\/www.transtoyou.com\/sv\/\",\"name\":\"Transtoyou - SV\",\"description\":\"\",\"publisher\":{\"@id\":\"https:\/\/www.transtoyou.com\/sv\/#organization\"},\"potentialAction\":[{\"@type\":\"SearchAction\",\"target\":{\"@type\":\"EntryPoint\",\"urlTemplate\":\"https:\/\/www.transtoyou.com\/sv\/?s={search_term_string}\"},\"query-input\":{\"@type\":\"PropertyValueSpecification\",\"valueRequired\":true,\"valueName\":\"search_term_string\"}}],\"inLanguage\":\"sv-SE\"},{\"@type\":\"Organization\",\"@id\":\"https:\/\/www.transtoyou.com\/sv\/#organization\",\"name\":\"Transtoyou - SV\",\"url\":\"https:\/\/www.transtoyou.com\/sv\/\",\"logo\":{\"@type\":\"ImageObject\",\"inLanguage\":\"sv-SE\",\"@id\":\"https:\/\/www.transtoyou.com\/sv\/#\/schema\/logo\/image\/\",\"url\":\"https:\/\/www.transtoyou.com\/sv\/wp-content\/uploads\/sites\/15\/2026\/01\/logo-tty-menu-bar-300x87-1.webp\",\"contentUrl\":\"https:\/\/www.transtoyou.com\/sv\/wp-content\/uploads\/sites\/15\/2026\/01\/logo-tty-menu-bar-300x87-1.webp\",\"width\":300,\"height\":87,\"caption\":\"Transtoyou - SV\"},\"image\":{\"@id\":\"https:\/\/www.transtoyou.com\/sv\/#\/schema\/logo\/image\/\"}}]}<\/script>\n<!-- \/ Yoast SEO plugin. -->","yoast_head_json":{"title":"Spedra | Snabbverkande l\u00f6sning f\u00f6r ED - Transtoyou","description":"Spedra, nu tillg\u00e4nglig p\u00e5 Transtoyou. F\u00f6rb\u00e4ttra ditt v\u00e4lbefinnande med denna unika h\u00e4lsoprodukt. Uppt\u00e4ck f\u00f6rdelarna och handla idag!","robots":{"index":"noindex","follow":"follow","max-snippet":"max-snippet:-1","max-image-preview":"max-image-preview:large","max-video-preview":"max-video-preview:-1"},"og_locale":"sv_SE","og_type":"article","og_title":"Spedra | Snabbverkande l\u00f6sning f\u00f6r ED - Transtoyou","og_description":"Spedra, nu tillg\u00e4nglig p\u00e5 Transtoyou. F\u00f6rb\u00e4ttra ditt v\u00e4lbefinnande med denna unika h\u00e4lsoprodukt. Uppt\u00e4ck f\u00f6rdelarna och handla idag!","og_url":"https:\/\/www.transtoyou.com\/sv\/product\/spedra\/","og_site_name":"Transtoyou - SV","article_modified_time":"2026-03-05T11:31:49+00:00","twitter_card":"summary_large_image","twitter_misc":{"Ber\u00e4knad l\u00e4stid":"1 minut"},"schema":{"@context":"https:\/\/schema.org","@graph":[{"@type":"WebPage","@id":"https:\/\/www.transtoyou.com\/sv\/product\/spedra\/","url":"https:\/\/www.transtoyou.com\/sv\/product\/spedra\/","name":"Spedra | Snabbverkande l\u00f6sning f\u00f6r ED - Transtoyou","isPartOf":{"@id":"https:\/\/www.transtoyou.com\/sv\/#website"},"primaryImageOfPage":{"@id":"https:\/\/www.transtoyou.com\/sv\/product\/spedra\/#primaryimage"},"image":{"@id":"https:\/\/www.transtoyou.com\/sv\/product\/spedra\/#primaryimage"},"thumbnailUrl":"https:\/\/www.transtoyou.com\/sv\/wp-content\/uploads\/sites\/15\/2026\/01\/tty-no-product-image-30.webp","datePublished":"2026-01-23T16:19:55+00:00","dateModified":"2026-03-05T11:31:49+00:00","description":"Spedra, nu tillg\u00e4nglig p\u00e5 Transtoyou. F\u00f6rb\u00e4ttra ditt v\u00e4lbefinnande med denna unika h\u00e4lsoprodukt. Uppt\u00e4ck f\u00f6rdelarna och handla idag!","breadcrumb":{"@id":"https:\/\/www.transtoyou.com\/sv\/product\/spedra\/#breadcrumb"},"inLanguage":"sv-SE","potentialAction":[{"@type":"ReadAction","target":["https:\/\/www.transtoyou.com\/sv\/product\/spedra\/"]}]},{"@type":"ImageObject","inLanguage":"sv-SE","@id":"https:\/\/www.transtoyou.com\/sv\/product\/spedra\/#primaryimage","url":"https:\/\/www.transtoyou.com\/sv\/wp-content\/uploads\/sites\/15\/2026\/01\/tty-no-product-image-30.webp","contentUrl":"https:\/\/www.transtoyou.com\/sv\/wp-content\/uploads\/sites\/15\/2026\/01\/tty-no-product-image-30.webp","width":1000,"height":1000,"caption":"Standard produktbild"},{"@type":"WebSite","@id":"https:\/\/www.transtoyou.com\/sv\/#website","url":"https:\/\/www.transtoyou.com\/sv\/","name":"Transtoyou - SV","description":"","publisher":{"@id":"https:\/\/www.transtoyou.com\/sv\/#organization"},"potentialAction":[{"@type":"SearchAction","target":{"@type":"EntryPoint","urlTemplate":"https:\/\/www.transtoyou.com\/sv\/?s={search_term_string}"},"query-input":{"@type":"PropertyValueSpecification","valueRequired":true,"valueName":"search_term_string"}}],"inLanguage":"sv-SE"},{"@type":"Organization","@id":"https:\/\/www.transtoyou.com\/sv\/#organization","name":"Transtoyou - SV","url":"https:\/\/www.transtoyou.com\/sv\/","logo":{"@type":"ImageObject","inLanguage":"sv-SE","@id":"https:\/\/www.transtoyou.com\/sv\/#\/schema\/logo\/image\/","url":"https:\/\/www.transtoyou.com\/sv\/wp-content\/uploads\/sites\/15\/2026\/01\/logo-tty-menu-bar-300x87-1.webp","contentUrl":"https:\/\/www.transtoyou.com\/sv\/wp-content\/uploads\/sites\/15\/2026\/01\/logo-tty-menu-bar-300x87-1.webp","width":300,"height":87,"caption":"Transtoyou - SV"},"image":{"@id":"https:\/\/www.transtoyou.com\/sv\/#\/schema\/logo\/image\/"}}]}},"_links":{"self":[{"href":"https:\/\/www.transtoyou.com\/sv\/wp-json\/wp\/v2\/product\/572","targetHints":{"allow":["GET"]}}],"collection":[{"href":"https:\/\/www.transtoyou.com\/sv\/wp-json\/wp\/v2\/product"}],"about":[{"href":"https:\/\/www.transtoyou.com\/sv\/wp-json\/wp\/v2\/types\/product"}],"replies":[{"embeddable":true,"href":"https:\/\/www.transtoyou.com\/sv\/wp-json\/wp\/v2\/comments?post=572"}],"wp:featuredmedia":[{"embeddable":true,"href":"https:\/\/www.transtoyou.com\/sv\/wp-json\/wp\/v2\/media\/574"}],"wp:attachment":[{"href":"https:\/\/www.transtoyou.com\/sv\/wp-json\/wp\/v2\/media?parent=572"}],"wp:term":[{"taxonomy":"product_brand","embeddable":true,"href":"https:\/\/www.transtoyou.com\/sv\/wp-json\/wp\/v2\/product_brand?post=572"},{"taxonomy":"product_cat","embeddable":true,"href":"https:\/\/www.transtoyou.com\/sv\/wp-json\/wp\/v2\/product_cat?post=572"},{"taxonomy":"product_tag","embeddable":true,"href":"https:\/\/www.transtoyou.com\/sv\/wp-json\/wp\/v2\/product_tag?post=572"},{"taxonomy":"expert","embeddable":true,"href":"https:\/\/www.transtoyou.com\/sv\/wp-json\/wp\/v2\/expert?post=572"}],"curies":[{"name":"wp","href":"https:\/\/api.w.org\/{rel}","templated":true}]}}