{"id":575,"date":"2026-01-23T16:34:15","date_gmt":"2026-01-23T16:34:15","guid":{"rendered":"https:\/\/www.transtoyou.com\/sv\/product\/fucidin\/"},"modified":"2026-01-23T16:35:10","modified_gmt":"2026-01-23T16:35:10","slug":"fucidin","status":"publish","type":"product","link":"https:\/\/www.transtoyou.com\/sv\/product\/fucidin\/","title":{"rendered":"Fucidin"},"content":{"rendered":"<p>Fucidin \u00e4r ett topiskt antibiotikum som anv\u00e4nds f\u00f6r att behandla hudinfektioner orsakade av vissa bakterier. Det inneh\u00e5ller fusidinsyra, ett steroidliknande antibiotikum som verkar genom att h\u00e4mma den bakteriella proteinsyntesen, vilket effektivt stoppar tillv\u00e4xten och spridningen av bakterier.<\/p>\n<p>Fucidin ordineras vanligtvis f\u00f6r lokala hudinfektioner som impetigo, infekterad eksem, follikulit, furunkler (b\u00f6ld), infekterade s\u00e5r och infekterade insektsbett.<\/p>\n<p>Det hj\u00e4lper till att minska rodnad, inflammation, svullnad och v\u00e4tska orsakad av infektionen. Det har inga svampd\u00f6dande eller antivirala egenskaper, s\u00e5 det \u00e4r inte effektivt mot infektioner orsakade av svampar eller virus.<\/p>\n<p>De fr\u00e4msta f\u00f6rdelarna med Fucidin inkluderar dess h\u00f6ga effektivitet mot bakterier, snabb lindring av symtom och god hudtolerans. Det \u00e4r l\u00e4mpligt f\u00f6r kortvarig anv\u00e4ndning och kan anv\u00e4ndas med eller utan f\u00f6rband beroende p\u00e5 sv\u00e5righetsgraden och platsen f\u00f6r lesionen. Det \u00e4r s\u00e4rskilt anv\u00e4ndbart n\u00e4r systemiska antibiotika inte kr\u00e4vs eller f\u00f6r att undvika anv\u00e4ndning av orala antibiotika.<\/p>\n","protected":false},"excerpt":{"rendered":"<ul>\n<li>Riktar in sig p\u00e5 bakteriella hudinfektioner<\/li>\n<li>Passar f\u00f6r infekterad eksem<\/li>\n<li>Snabbverkande topikal antibiotikakr\u00e4m<\/li>\n<\/ul>\n","protected":false},"featured_media":577,"comment_status":"open","ping_status":"closed","template":"","meta":[],"product_brand":[],"product_cat":[89],"product_tag":[],"expert":[17],"class_list":{"0":"post-575","1":"product","2":"type-product","3":"status-publish","4":"has-post-thumbnail","6":"product_cat-eksem","7":"expert-dr-c-munoz-parada","9":"first","10":"instock","11":"shipping-taxable","12":"product-type-variable"},"yoast_head":"<!-- This site is optimized with the Yoast SEO plugin v27.0 - https:\/\/yoast.com\/product\/yoast-seo-wordpress\/ -->\n<title>Fucidin | Effektiv Behandling av Hudinfektioner - Transtoyou<\/title>\n<meta name=\"description\" content=\"Fucidin, en topikal antibiotika, behandlar effektivt hudinfektioner. K\u00f6p nu f\u00f6r snabb lindring av symtom och bra hudtolerans, tillg\u00e4nglig p\u00e5 Transtoyou.\" \/>\n<meta name=\"robots\" content=\"noindex, follow, max-snippet:-1, max-image-preview:large, max-video-preview:-1\" \/>\n<meta property=\"og:locale\" content=\"sv_SE\" \/>\n<meta property=\"og:type\" content=\"article\" \/>\n<meta property=\"og:title\" content=\"Fucidin | Effektiv Behandling av Hudinfektioner - Transtoyou\" \/>\n<meta property=\"og:description\" content=\"Fucidin, en topikal antibiotika, behandlar effektivt hudinfektioner. K\u00f6p nu f\u00f6r snabb lindring av symtom och bra hudtolerans, tillg\u00e4nglig p\u00e5 Transtoyou.\" \/>\n<meta property=\"og:url\" content=\"https:\/\/www.transtoyou.com\/sv\/product\/fucidin\/\" \/>\n<meta property=\"og:site_name\" content=\"Transtoyou - SV\" \/>\n<meta property=\"article:modified_time\" content=\"2026-01-23T16:35:10+00:00\" \/>\n<meta name=\"twitter:card\" content=\"summary_large_image\" \/>\n<meta name=\"twitter:label1\" content=\"Ber\u00e4knad l\u00e4stid\" \/>\n\t<meta name=\"twitter:data1\" content=\"1 minut\" \/>\n<script type=\"application\/ld+json\" class=\"yoast-schema-graph\">{\"@context\":\"https:\/\/schema.org\",\"@graph\":[{\"@type\":\"WebPage\",\"@id\":\"https:\/\/www.transtoyou.com\/sv\/product\/fucidin\/\",\"url\":\"https:\/\/www.transtoyou.com\/sv\/product\/fucidin\/\",\"name\":\"Fucidin | Effektiv Behandling av Hudinfektioner - Transtoyou\",\"isPartOf\":{\"@id\":\"https:\/\/www.transtoyou.com\/sv\/#website\"},\"primaryImageOfPage\":{\"@id\":\"https:\/\/www.transtoyou.com\/sv\/product\/fucidin\/#primaryimage\"},\"image\":{\"@id\":\"https:\/\/www.transtoyou.com\/sv\/product\/fucidin\/#primaryimage\"},\"thumbnailUrl\":\"https:\/\/www.transtoyou.com\/sv\/wp-content\/uploads\/sites\/15\/2026\/01\/tty-no-product-image-31.webp\",\"datePublished\":\"2026-01-23T16:34:15+00:00\",\"dateModified\":\"2026-01-23T16:35:10+00:00\",\"description\":\"Fucidin, en topikal antibiotika, behandlar effektivt hudinfektioner. K\u00f6p nu f\u00f6r snabb lindring av symtom och bra hudtolerans, tillg\u00e4nglig p\u00e5 Transtoyou.\",\"breadcrumb\":{\"@id\":\"https:\/\/www.transtoyou.com\/sv\/product\/fucidin\/#breadcrumb\"},\"inLanguage\":\"sv-SE\",\"potentialAction\":[{\"@type\":\"ReadAction\",\"target\":[\"https:\/\/www.transtoyou.com\/sv\/product\/fucidin\/\"]}]},{\"@type\":\"ImageObject\",\"inLanguage\":\"sv-SE\",\"@id\":\"https:\/\/www.transtoyou.com\/sv\/product\/fucidin\/#primaryimage\",\"url\":\"https:\/\/www.transtoyou.com\/sv\/wp-content\/uploads\/sites\/15\/2026\/01\/tty-no-product-image-31.webp\",\"contentUrl\":\"https:\/\/www.transtoyou.com\/sv\/wp-content\/uploads\/sites\/15\/2026\/01\/tty-no-product-image-31.webp\",\"width\":1000,\"height\":1000,\"caption\":\"Standard produktbild\"},{\"@type\":\"WebSite\",\"@id\":\"https:\/\/www.transtoyou.com\/sv\/#website\",\"url\":\"https:\/\/www.transtoyou.com\/sv\/\",\"name\":\"Transtoyou - SV\",\"description\":\"\",\"publisher\":{\"@id\":\"https:\/\/www.transtoyou.com\/sv\/#organization\"},\"potentialAction\":[{\"@type\":\"SearchAction\",\"target\":{\"@type\":\"EntryPoint\",\"urlTemplate\":\"https:\/\/www.transtoyou.com\/sv\/?s={search_term_string}\"},\"query-input\":{\"@type\":\"PropertyValueSpecification\",\"valueRequired\":true,\"valueName\":\"search_term_string\"}}],\"inLanguage\":\"sv-SE\"},{\"@type\":\"Organization\",\"@id\":\"https:\/\/www.transtoyou.com\/sv\/#organization\",\"name\":\"Transtoyou - SV\",\"url\":\"https:\/\/www.transtoyou.com\/sv\/\",\"logo\":{\"@type\":\"ImageObject\",\"inLanguage\":\"sv-SE\",\"@id\":\"https:\/\/www.transtoyou.com\/sv\/#\/schema\/logo\/image\/\",\"url\":\"https:\/\/www.transtoyou.com\/sv\/wp-content\/uploads\/sites\/15\/2026\/01\/logo-tty-menu-bar-300x87-1.webp\",\"contentUrl\":\"https:\/\/www.transtoyou.com\/sv\/wp-content\/uploads\/sites\/15\/2026\/01\/logo-tty-menu-bar-300x87-1.webp\",\"width\":300,\"height\":87,\"caption\":\"Transtoyou - SV\"},\"image\":{\"@id\":\"https:\/\/www.transtoyou.com\/sv\/#\/schema\/logo\/image\/\"}}]}<\/script>\n<!-- \/ Yoast SEO plugin. -->","yoast_head_json":{"title":"Fucidin | Effektiv Behandling av Hudinfektioner - Transtoyou","description":"Fucidin, en topikal antibiotika, behandlar effektivt hudinfektioner. K\u00f6p nu f\u00f6r snabb lindring av symtom och bra hudtolerans, tillg\u00e4nglig p\u00e5 Transtoyou.","robots":{"index":"noindex","follow":"follow","max-snippet":"max-snippet:-1","max-image-preview":"max-image-preview:large","max-video-preview":"max-video-preview:-1"},"og_locale":"sv_SE","og_type":"article","og_title":"Fucidin | Effektiv Behandling av Hudinfektioner - Transtoyou","og_description":"Fucidin, en topikal antibiotika, behandlar effektivt hudinfektioner. K\u00f6p nu f\u00f6r snabb lindring av symtom och bra hudtolerans, tillg\u00e4nglig p\u00e5 Transtoyou.","og_url":"https:\/\/www.transtoyou.com\/sv\/product\/fucidin\/","og_site_name":"Transtoyou - SV","article_modified_time":"2026-01-23T16:35:10+00:00","twitter_card":"summary_large_image","twitter_misc":{"Ber\u00e4knad l\u00e4stid":"1 minut"},"schema":{"@context":"https:\/\/schema.org","@graph":[{"@type":"WebPage","@id":"https:\/\/www.transtoyou.com\/sv\/product\/fucidin\/","url":"https:\/\/www.transtoyou.com\/sv\/product\/fucidin\/","name":"Fucidin | Effektiv Behandling av Hudinfektioner - Transtoyou","isPartOf":{"@id":"https:\/\/www.transtoyou.com\/sv\/#website"},"primaryImageOfPage":{"@id":"https:\/\/www.transtoyou.com\/sv\/product\/fucidin\/#primaryimage"},"image":{"@id":"https:\/\/www.transtoyou.com\/sv\/product\/fucidin\/#primaryimage"},"thumbnailUrl":"https:\/\/www.transtoyou.com\/sv\/wp-content\/uploads\/sites\/15\/2026\/01\/tty-no-product-image-31.webp","datePublished":"2026-01-23T16:34:15+00:00","dateModified":"2026-01-23T16:35:10+00:00","description":"Fucidin, en topikal antibiotika, behandlar effektivt hudinfektioner. K\u00f6p nu f\u00f6r snabb lindring av symtom och bra hudtolerans, tillg\u00e4nglig p\u00e5 Transtoyou.","breadcrumb":{"@id":"https:\/\/www.transtoyou.com\/sv\/product\/fucidin\/#breadcrumb"},"inLanguage":"sv-SE","potentialAction":[{"@type":"ReadAction","target":["https:\/\/www.transtoyou.com\/sv\/product\/fucidin\/"]}]},{"@type":"ImageObject","inLanguage":"sv-SE","@id":"https:\/\/www.transtoyou.com\/sv\/product\/fucidin\/#primaryimage","url":"https:\/\/www.transtoyou.com\/sv\/wp-content\/uploads\/sites\/15\/2026\/01\/tty-no-product-image-31.webp","contentUrl":"https:\/\/www.transtoyou.com\/sv\/wp-content\/uploads\/sites\/15\/2026\/01\/tty-no-product-image-31.webp","width":1000,"height":1000,"caption":"Standard produktbild"},{"@type":"WebSite","@id":"https:\/\/www.transtoyou.com\/sv\/#website","url":"https:\/\/www.transtoyou.com\/sv\/","name":"Transtoyou - SV","description":"","publisher":{"@id":"https:\/\/www.transtoyou.com\/sv\/#organization"},"potentialAction":[{"@type":"SearchAction","target":{"@type":"EntryPoint","urlTemplate":"https:\/\/www.transtoyou.com\/sv\/?s={search_term_string}"},"query-input":{"@type":"PropertyValueSpecification","valueRequired":true,"valueName":"search_term_string"}}],"inLanguage":"sv-SE"},{"@type":"Organization","@id":"https:\/\/www.transtoyou.com\/sv\/#organization","name":"Transtoyou - SV","url":"https:\/\/www.transtoyou.com\/sv\/","logo":{"@type":"ImageObject","inLanguage":"sv-SE","@id":"https:\/\/www.transtoyou.com\/sv\/#\/schema\/logo\/image\/","url":"https:\/\/www.transtoyou.com\/sv\/wp-content\/uploads\/sites\/15\/2026\/01\/logo-tty-menu-bar-300x87-1.webp","contentUrl":"https:\/\/www.transtoyou.com\/sv\/wp-content\/uploads\/sites\/15\/2026\/01\/logo-tty-menu-bar-300x87-1.webp","width":300,"height":87,"caption":"Transtoyou - SV"},"image":{"@id":"https:\/\/www.transtoyou.com\/sv\/#\/schema\/logo\/image\/"}}]}},"_links":{"self":[{"href":"https:\/\/www.transtoyou.com\/sv\/wp-json\/wp\/v2\/product\/575","targetHints":{"allow":["GET"]}}],"collection":[{"href":"https:\/\/www.transtoyou.com\/sv\/wp-json\/wp\/v2\/product"}],"about":[{"href":"https:\/\/www.transtoyou.com\/sv\/wp-json\/wp\/v2\/types\/product"}],"replies":[{"embeddable":true,"href":"https:\/\/www.transtoyou.com\/sv\/wp-json\/wp\/v2\/comments?post=575"}],"wp:featuredmedia":[{"embeddable":true,"href":"https:\/\/www.transtoyou.com\/sv\/wp-json\/wp\/v2\/media\/577"}],"wp:attachment":[{"href":"https:\/\/www.transtoyou.com\/sv\/wp-json\/wp\/v2\/media?parent=575"}],"wp:term":[{"taxonomy":"product_brand","embeddable":true,"href":"https:\/\/www.transtoyou.com\/sv\/wp-json\/wp\/v2\/product_brand?post=575"},{"taxonomy":"product_cat","embeddable":true,"href":"https:\/\/www.transtoyou.com\/sv\/wp-json\/wp\/v2\/product_cat?post=575"},{"taxonomy":"product_tag","embeddable":true,"href":"https:\/\/www.transtoyou.com\/sv\/wp-json\/wp\/v2\/product_tag?post=575"},{"taxonomy":"expert","embeddable":true,"href":"https:\/\/www.transtoyou.com\/sv\/wp-json\/wp\/v2\/expert?post=575"}],"curies":[{"name":"wp","href":"https:\/\/api.w.org\/{rel}","templated":true}]}}