{"id":596,"date":"2026-01-23T18:18:23","date_gmt":"2026-01-23T18:18:23","guid":{"rendered":"https:\/\/www.transtoyou.com\/sv\/product\/yasmin\/"},"modified":"2026-01-23T18:19:27","modified_gmt":"2026-01-23T18:19:27","slug":"yasmin","status":"publish","type":"product","link":"https:\/\/www.transtoyou.com\/sv\/product\/yasmin\/","title":{"rendered":"Yasmin"},"content":{"rendered":"<p>Yasmin \u00e4r en kombinerad p-piller som inneh\u00e5ller tv\u00e5 aktiva ingredienser: etinylestradiol (ett \u00f6strogen) och drospirenon (ett gestagen). Den anv\u00e4nds f\u00f6r att f\u00f6rhindra graviditet och tas dagligen i 21 dagar, f\u00f6ljt av en 7-dagars paus. Yasmin verkar fr\u00e4mst genom att f\u00f6rhindra \u00e4gglossning (fris\u00e4ttningen av ett \u00e4gg fr\u00e5n \u00e4ggstockarna). Den g\u00f6r ocks\u00e5 livmoderhalsens slem tjockare, vilket g\u00f6r det sv\u00e5rare f\u00f6r spermier att n\u00e5 \u00e4gget, och f\u00f6r\u00e4ndrar livmoderslemhinnan f\u00f6r att f\u00f6rhindra implantation.<\/p>\n<p>Yasmin \u00e4r indicerat f\u00f6r preventivmedel hos vuxna kvinnor. \u00c4ven om dess huvudsakliga syfte \u00e4r att f\u00f6rhindra graviditet, upplever m\u00e5nga ocks\u00e5 ytterligare f\u00f6rdelar, s\u00e5som mer regelbundna menstruationscykler, l\u00e4ttare menstruationer och mindre mensv\u00e4rk. Vissa m\u00e4rker ocks\u00e5 f\u00f6rb\u00e4ttringar av akne och fet hud p\u00e5 grund av den anti-androgena effekten av drospirenon.<\/p>\n<p>I kroppen efterliknar hormonerna i Yasmin naturliga kvinnliga k\u00f6nshormoner, vilket hj\u00e4lper till att reglera menstruationscykeln och minska hormonella sv\u00e4ngningar. Till skillnad fr\u00e5n vissa andra gestagener har drospirenon anti-androgena egenskaper, vilket betyder att det kan motverka effekterna av manliga hormoner som testosteron. Detta kan hj\u00e4lpa till att minska akne, v\u00e4tskeretention och uppbl\u00e5sthet. Hos transm\u00e4n som tar testosteron och fortfarande beh\u00f6ver preventivmedel kan denna anti-androgena effekt n\u00e5got minska vissa maskuliniserande f\u00f6r\u00e4ndringar.<\/p>\n<p>Yasmin tas en g\u00e5ng dagligen, helst vid samma tid varje dag. Dess preventivmedelseffekt \u00e4r p\u00e5litlig n\u00e4r den tas korrekt och konsekvent. En av f\u00f6rdelarna med Yasmin \u00e4r att den kombinerar h\u00f6g preventiv effektivitet med en f\u00f6rdelaktig biverkningsprofil hos de flesta anv\u00e4ndare. Den \u00e4r ocks\u00e5 kopplad till en l\u00e4gre risk f\u00f6r v\u00e4tskeretention och vikt\u00f6kning j\u00e4mf\u00f6rt med andra piller.<\/p>\n","protected":false},"excerpt":{"rendered":"<ul>\n<li>Effektiv daglig hormonell preventivmedel<\/li>\n<li>Hj\u00e4lper till att minska akne och uppbl\u00e5sthet<\/li>\n<li>Reglerar menstruationscykler konsekvent<\/li>\n<\/ul>\n","protected":false},"featured_media":598,"comment_status":"open","ping_status":"closed","template":"","meta":[],"product_brand":[],"product_cat":[74],"product_tag":[],"expert":[17],"class_list":{"0":"post-596","1":"product","2":"type-product","3":"status-publish","4":"has-post-thumbnail","6":"product_cat-kombinationspiller","7":"expert-dr-c-munoz-parada","9":"first","10":"instock","11":"shipping-taxable","12":"product-type-variable"},"yoast_head":"<!-- This site is optimized with the Yoast SEO plugin v27.0 - https:\/\/yoast.com\/product\/yoast-seo-wordpress\/ -->\n<title>Yasmin | P\u00e5litlig preventivl\u00f6sning - Transtoyou<\/title>\n<meta name=\"description\" content=\"Uppt\u00e4ck Yasmin, tillg\u00e4nglig p\u00e5 Transtoyou. F\u00e5 p\u00e5litligt preventivmedelsst\u00f6d. Handla nu f\u00f6r bekv\u00e4mlighet och kvalitativa v\u00e5rdl\u00f6sningar.\" \/>\n<meta name=\"robots\" content=\"noindex, follow, max-snippet:-1, max-image-preview:large, max-video-preview:-1\" \/>\n<meta property=\"og:locale\" content=\"sv_SE\" \/>\n<meta property=\"og:type\" content=\"article\" \/>\n<meta property=\"og:title\" content=\"Yasmin | P\u00e5litlig preventivl\u00f6sning - Transtoyou\" \/>\n<meta property=\"og:description\" content=\"Uppt\u00e4ck Yasmin, tillg\u00e4nglig p\u00e5 Transtoyou. F\u00e5 p\u00e5litligt preventivmedelsst\u00f6d. Handla nu f\u00f6r bekv\u00e4mlighet och kvalitativa v\u00e5rdl\u00f6sningar.\" \/>\n<meta property=\"og:url\" content=\"https:\/\/www.transtoyou.com\/sv\/product\/yasmin\/\" \/>\n<meta property=\"og:site_name\" content=\"Transtoyou - SV\" \/>\n<meta property=\"article:modified_time\" content=\"2026-01-23T18:19:27+00:00\" \/>\n<meta name=\"twitter:card\" content=\"summary_large_image\" \/>\n<meta name=\"twitter:label1\" content=\"Ber\u00e4knad l\u00e4stid\" \/>\n\t<meta name=\"twitter:data1\" content=\"1 minut\" \/>\n<script type=\"application\/ld+json\" class=\"yoast-schema-graph\">{\"@context\":\"https:\/\/schema.org\",\"@graph\":[{\"@type\":\"WebPage\",\"@id\":\"https:\/\/www.transtoyou.com\/sv\/product\/yasmin\/\",\"url\":\"https:\/\/www.transtoyou.com\/sv\/product\/yasmin\/\",\"name\":\"Yasmin | P\u00e5litlig preventivl\u00f6sning - Transtoyou\",\"isPartOf\":{\"@id\":\"https:\/\/www.transtoyou.com\/sv\/#website\"},\"primaryImageOfPage\":{\"@id\":\"https:\/\/www.transtoyou.com\/sv\/product\/yasmin\/#primaryimage\"},\"image\":{\"@id\":\"https:\/\/www.transtoyou.com\/sv\/product\/yasmin\/#primaryimage\"},\"thumbnailUrl\":\"https:\/\/www.transtoyou.com\/sv\/wp-content\/uploads\/sites\/15\/2026\/01\/tty-no-product-image-38.webp\",\"datePublished\":\"2026-01-23T18:18:23+00:00\",\"dateModified\":\"2026-01-23T18:19:27+00:00\",\"description\":\"Uppt\u00e4ck Yasmin, tillg\u00e4nglig p\u00e5 Transtoyou. F\u00e5 p\u00e5litligt preventivmedelsst\u00f6d. Handla nu f\u00f6r bekv\u00e4mlighet och kvalitativa v\u00e5rdl\u00f6sningar.\",\"breadcrumb\":{\"@id\":\"https:\/\/www.transtoyou.com\/sv\/product\/yasmin\/#breadcrumb\"},\"inLanguage\":\"sv-SE\",\"potentialAction\":[{\"@type\":\"ReadAction\",\"target\":[\"https:\/\/www.transtoyou.com\/sv\/product\/yasmin\/\"]}]},{\"@type\":\"ImageObject\",\"inLanguage\":\"sv-SE\",\"@id\":\"https:\/\/www.transtoyou.com\/sv\/product\/yasmin\/#primaryimage\",\"url\":\"https:\/\/www.transtoyou.com\/sv\/wp-content\/uploads\/sites\/15\/2026\/01\/tty-no-product-image-38.webp\",\"contentUrl\":\"https:\/\/www.transtoyou.com\/sv\/wp-content\/uploads\/sites\/15\/2026\/01\/tty-no-product-image-38.webp\",\"width\":1000,\"height\":1000,\"caption\":\"Standard produktbild\"},{\"@type\":\"WebSite\",\"@id\":\"https:\/\/www.transtoyou.com\/sv\/#website\",\"url\":\"https:\/\/www.transtoyou.com\/sv\/\",\"name\":\"Transtoyou - SV\",\"description\":\"\",\"publisher\":{\"@id\":\"https:\/\/www.transtoyou.com\/sv\/#organization\"},\"potentialAction\":[{\"@type\":\"SearchAction\",\"target\":{\"@type\":\"EntryPoint\",\"urlTemplate\":\"https:\/\/www.transtoyou.com\/sv\/?s={search_term_string}\"},\"query-input\":{\"@type\":\"PropertyValueSpecification\",\"valueRequired\":true,\"valueName\":\"search_term_string\"}}],\"inLanguage\":\"sv-SE\"},{\"@type\":\"Organization\",\"@id\":\"https:\/\/www.transtoyou.com\/sv\/#organization\",\"name\":\"Transtoyou - SV\",\"url\":\"https:\/\/www.transtoyou.com\/sv\/\",\"logo\":{\"@type\":\"ImageObject\",\"inLanguage\":\"sv-SE\",\"@id\":\"https:\/\/www.transtoyou.com\/sv\/#\/schema\/logo\/image\/\",\"url\":\"https:\/\/www.transtoyou.com\/sv\/wp-content\/uploads\/sites\/15\/2026\/01\/logo-tty-menu-bar-300x87-1.webp\",\"contentUrl\":\"https:\/\/www.transtoyou.com\/sv\/wp-content\/uploads\/sites\/15\/2026\/01\/logo-tty-menu-bar-300x87-1.webp\",\"width\":300,\"height\":87,\"caption\":\"Transtoyou - SV\"},\"image\":{\"@id\":\"https:\/\/www.transtoyou.com\/sv\/#\/schema\/logo\/image\/\"}}]}<\/script>\n<!-- \/ Yoast SEO plugin. -->","yoast_head_json":{"title":"Yasmin | P\u00e5litlig preventivl\u00f6sning - Transtoyou","description":"Uppt\u00e4ck Yasmin, tillg\u00e4nglig p\u00e5 Transtoyou. F\u00e5 p\u00e5litligt preventivmedelsst\u00f6d. Handla nu f\u00f6r bekv\u00e4mlighet och kvalitativa v\u00e5rdl\u00f6sningar.","robots":{"index":"noindex","follow":"follow","max-snippet":"max-snippet:-1","max-image-preview":"max-image-preview:large","max-video-preview":"max-video-preview:-1"},"og_locale":"sv_SE","og_type":"article","og_title":"Yasmin | P\u00e5litlig preventivl\u00f6sning - Transtoyou","og_description":"Uppt\u00e4ck Yasmin, tillg\u00e4nglig p\u00e5 Transtoyou. F\u00e5 p\u00e5litligt preventivmedelsst\u00f6d. Handla nu f\u00f6r bekv\u00e4mlighet och kvalitativa v\u00e5rdl\u00f6sningar.","og_url":"https:\/\/www.transtoyou.com\/sv\/product\/yasmin\/","og_site_name":"Transtoyou - SV","article_modified_time":"2026-01-23T18:19:27+00:00","twitter_card":"summary_large_image","twitter_misc":{"Ber\u00e4knad l\u00e4stid":"1 minut"},"schema":{"@context":"https:\/\/schema.org","@graph":[{"@type":"WebPage","@id":"https:\/\/www.transtoyou.com\/sv\/product\/yasmin\/","url":"https:\/\/www.transtoyou.com\/sv\/product\/yasmin\/","name":"Yasmin | P\u00e5litlig preventivl\u00f6sning - Transtoyou","isPartOf":{"@id":"https:\/\/www.transtoyou.com\/sv\/#website"},"primaryImageOfPage":{"@id":"https:\/\/www.transtoyou.com\/sv\/product\/yasmin\/#primaryimage"},"image":{"@id":"https:\/\/www.transtoyou.com\/sv\/product\/yasmin\/#primaryimage"},"thumbnailUrl":"https:\/\/www.transtoyou.com\/sv\/wp-content\/uploads\/sites\/15\/2026\/01\/tty-no-product-image-38.webp","datePublished":"2026-01-23T18:18:23+00:00","dateModified":"2026-01-23T18:19:27+00:00","description":"Uppt\u00e4ck Yasmin, tillg\u00e4nglig p\u00e5 Transtoyou. F\u00e5 p\u00e5litligt preventivmedelsst\u00f6d. Handla nu f\u00f6r bekv\u00e4mlighet och kvalitativa v\u00e5rdl\u00f6sningar.","breadcrumb":{"@id":"https:\/\/www.transtoyou.com\/sv\/product\/yasmin\/#breadcrumb"},"inLanguage":"sv-SE","potentialAction":[{"@type":"ReadAction","target":["https:\/\/www.transtoyou.com\/sv\/product\/yasmin\/"]}]},{"@type":"ImageObject","inLanguage":"sv-SE","@id":"https:\/\/www.transtoyou.com\/sv\/product\/yasmin\/#primaryimage","url":"https:\/\/www.transtoyou.com\/sv\/wp-content\/uploads\/sites\/15\/2026\/01\/tty-no-product-image-38.webp","contentUrl":"https:\/\/www.transtoyou.com\/sv\/wp-content\/uploads\/sites\/15\/2026\/01\/tty-no-product-image-38.webp","width":1000,"height":1000,"caption":"Standard produktbild"},{"@type":"WebSite","@id":"https:\/\/www.transtoyou.com\/sv\/#website","url":"https:\/\/www.transtoyou.com\/sv\/","name":"Transtoyou - SV","description":"","publisher":{"@id":"https:\/\/www.transtoyou.com\/sv\/#organization"},"potentialAction":[{"@type":"SearchAction","target":{"@type":"EntryPoint","urlTemplate":"https:\/\/www.transtoyou.com\/sv\/?s={search_term_string}"},"query-input":{"@type":"PropertyValueSpecification","valueRequired":true,"valueName":"search_term_string"}}],"inLanguage":"sv-SE"},{"@type":"Organization","@id":"https:\/\/www.transtoyou.com\/sv\/#organization","name":"Transtoyou - SV","url":"https:\/\/www.transtoyou.com\/sv\/","logo":{"@type":"ImageObject","inLanguage":"sv-SE","@id":"https:\/\/www.transtoyou.com\/sv\/#\/schema\/logo\/image\/","url":"https:\/\/www.transtoyou.com\/sv\/wp-content\/uploads\/sites\/15\/2026\/01\/logo-tty-menu-bar-300x87-1.webp","contentUrl":"https:\/\/www.transtoyou.com\/sv\/wp-content\/uploads\/sites\/15\/2026\/01\/logo-tty-menu-bar-300x87-1.webp","width":300,"height":87,"caption":"Transtoyou - SV"},"image":{"@id":"https:\/\/www.transtoyou.com\/sv\/#\/schema\/logo\/image\/"}}]}},"_links":{"self":[{"href":"https:\/\/www.transtoyou.com\/sv\/wp-json\/wp\/v2\/product\/596","targetHints":{"allow":["GET"]}}],"collection":[{"href":"https:\/\/www.transtoyou.com\/sv\/wp-json\/wp\/v2\/product"}],"about":[{"href":"https:\/\/www.transtoyou.com\/sv\/wp-json\/wp\/v2\/types\/product"}],"replies":[{"embeddable":true,"href":"https:\/\/www.transtoyou.com\/sv\/wp-json\/wp\/v2\/comments?post=596"}],"wp:featuredmedia":[{"embeddable":true,"href":"https:\/\/www.transtoyou.com\/sv\/wp-json\/wp\/v2\/media\/598"}],"wp:attachment":[{"href":"https:\/\/www.transtoyou.com\/sv\/wp-json\/wp\/v2\/media?parent=596"}],"wp:term":[{"taxonomy":"product_brand","embeddable":true,"href":"https:\/\/www.transtoyou.com\/sv\/wp-json\/wp\/v2\/product_brand?post=596"},{"taxonomy":"product_cat","embeddable":true,"href":"https:\/\/www.transtoyou.com\/sv\/wp-json\/wp\/v2\/product_cat?post=596"},{"taxonomy":"product_tag","embeddable":true,"href":"https:\/\/www.transtoyou.com\/sv\/wp-json\/wp\/v2\/product_tag?post=596"},{"taxonomy":"expert","embeddable":true,"href":"https:\/\/www.transtoyou.com\/sv\/wp-json\/wp\/v2\/expert?post=596"}],"curies":[{"name":"wp","href":"https:\/\/api.w.org\/{rel}","templated":true}]}}