{"id":602,"date":"2026-01-23T18:49:30","date_gmt":"2026-01-23T18:49:30","guid":{"rendered":"https:\/\/www.transtoyou.com\/sv\/product\/famenita\/"},"modified":"2026-01-23T18:50:25","modified_gmt":"2026-01-23T18:50:25","slug":"famenita","status":"publish","type":"product","link":"https:\/\/www.transtoyou.com\/sv\/product\/famenita\/","title":{"rendered":"Famenita"},"content":{"rendered":"<p>Famenita \u00e4r en mjuk kapsel som inneh\u00e5ller mikroniserad progesteron, en naturlig form av hormonet som produceras av kroppen. Den anv\u00e4nds f\u00f6r att st\u00f6dja hormonbalansen i olika situationer, inklusive hormonbehandling (HRT), hantering av menstruationsbesv\u00e4r, fertilitetsbehandling, lindring av klimakteriebesv\u00e4r och behandling av endometrios.<\/p>\n<p>Vid HRT anv\u00e4nds Famenita tillsammans med \u00f6strogen f\u00f6r att skydda livmoderslemhinnan hos personer som inte har genomg\u00e5tt en hysterektomi. \u00d6strogen ensamt kan orsaka att endometriet blir tjockare, vilket kan \u00f6ka h\u00e4lsoriskerna. Famenita hj\u00e4lper till att motverka detta genom att stabilisera livmoderslemhinnan.<\/p>\n<p>Vid fertilitetsbehandlingar st\u00f6djer Famenita den luteala fasen av menstruationscykeln och hj\u00e4lper till att f\u00f6rbereda livmodern f\u00f6r graviditet. Den kan ocks\u00e5 ordineras f\u00f6r att minska sm\u00e4rta och reglera cykler hos personer som lider av endometrios eller oregelbundna menstruationer. F\u00f6r dem som upplever klimakteriebesv\u00e4r eller premenstruella symptom kan Famenita lindra hum\u00f6rsv\u00e4ngningar, uppbl\u00e5sthet och andra hormonrelaterade obehag.<\/p>\n<p>Famenita \u00e4r bioidentisk, v\u00e4xtbaserad progesteron som kan tas oralt eller anv\u00e4ndas vaginalt, beroende p\u00e5 avsedd anv\u00e4ndning.<\/p>\n","protected":false},"excerpt":{"rendered":"<ul>\n<li>Naturlig progesteronkapsel<\/li>\n<li>St\u00f6der HRT, fertilitet och cykelreglering<\/li>\n<li>Kan anv\u00e4ndas oralt eller vaginalt<\/li>\n<\/ul>\n","protected":false},"featured_media":604,"comment_status":"open","ping_status":"closed","template":"","meta":[],"product_brand":[],"product_cat":[92,100,119,125,127],"product_tag":[],"expert":[21],"class_list":{"0":"post-602","1":"product","2":"type-product","3":"status-publish","4":"has-post-thumbnail","6":"product_cat-endometrios","7":"product_cat-fertilitets-och-agglossningsprodukter","8":"product_cat-hormonersattningsterapi-hrt","9":"product_cat-menopaus-och-pms-lindring","10":"product_cat-menstruationsobehag","11":"expert-dr-m-sharoyko","13":"first","14":"instock","15":"shipping-taxable","16":"product-type-variable"},"yoast_head":"<!-- This site is optimized with the Yoast SEO plugin v27.0 - https:\/\/yoast.com\/product\/yoast-seo-wordpress\/ -->\n<title>Famenita | Naturligt Hormonst\u00f6d - Transtoyou<\/title>\n<meta name=\"description\" content=\"Famenita, tillg\u00e4nglig h\u00e4r, st\u00f6djer hormonbalans f\u00f6r HRT, menstruationslindring och endometrios. Handla nu f\u00f6r en naturlig progesteronl\u00f6sning.\" \/>\n<meta name=\"robots\" content=\"noindex, follow, max-snippet:-1, max-image-preview:large, max-video-preview:-1\" \/>\n<meta property=\"og:locale\" content=\"sv_SE\" \/>\n<meta property=\"og:type\" content=\"article\" \/>\n<meta property=\"og:title\" content=\"Famenita | Naturligt Hormonst\u00f6d - Transtoyou\" \/>\n<meta property=\"og:description\" content=\"Famenita, tillg\u00e4nglig h\u00e4r, st\u00f6djer hormonbalans f\u00f6r HRT, menstruationslindring och endometrios. Handla nu f\u00f6r en naturlig progesteronl\u00f6sning.\" \/>\n<meta property=\"og:url\" content=\"https:\/\/www.transtoyou.com\/sv\/product\/famenita\/\" \/>\n<meta property=\"og:site_name\" content=\"Transtoyou - SV\" \/>\n<meta property=\"article:modified_time\" content=\"2026-01-23T18:50:25+00:00\" \/>\n<meta name=\"twitter:card\" content=\"summary_large_image\" \/>\n<meta name=\"twitter:label1\" content=\"Ber\u00e4knad l\u00e4stid\" \/>\n\t<meta name=\"twitter:data1\" content=\"1 minut\" \/>\n<script type=\"application\/ld+json\" class=\"yoast-schema-graph\">{\"@context\":\"https:\/\/schema.org\",\"@graph\":[{\"@type\":\"WebPage\",\"@id\":\"https:\/\/www.transtoyou.com\/sv\/product\/famenita\/\",\"url\":\"https:\/\/www.transtoyou.com\/sv\/product\/famenita\/\",\"name\":\"Famenita | Naturligt Hormonst\u00f6d - Transtoyou\",\"isPartOf\":{\"@id\":\"https:\/\/www.transtoyou.com\/sv\/#website\"},\"primaryImageOfPage\":{\"@id\":\"https:\/\/www.transtoyou.com\/sv\/product\/famenita\/#primaryimage\"},\"image\":{\"@id\":\"https:\/\/www.transtoyou.com\/sv\/product\/famenita\/#primaryimage\"},\"thumbnailUrl\":\"https:\/\/www.transtoyou.com\/sv\/wp-content\/uploads\/sites\/15\/2026\/01\/tty-no-product-image-40.webp\",\"datePublished\":\"2026-01-23T18:49:30+00:00\",\"dateModified\":\"2026-01-23T18:50:25+00:00\",\"description\":\"Famenita, tillg\u00e4nglig h\u00e4r, st\u00f6djer hormonbalans f\u00f6r HRT, menstruationslindring och endometrios. Handla nu f\u00f6r en naturlig progesteronl\u00f6sning.\",\"breadcrumb\":{\"@id\":\"https:\/\/www.transtoyou.com\/sv\/product\/famenita\/#breadcrumb\"},\"inLanguage\":\"sv-SE\",\"potentialAction\":[{\"@type\":\"ReadAction\",\"target\":[\"https:\/\/www.transtoyou.com\/sv\/product\/famenita\/\"]}]},{\"@type\":\"ImageObject\",\"inLanguage\":\"sv-SE\",\"@id\":\"https:\/\/www.transtoyou.com\/sv\/product\/famenita\/#primaryimage\",\"url\":\"https:\/\/www.transtoyou.com\/sv\/wp-content\/uploads\/sites\/15\/2026\/01\/tty-no-product-image-40.webp\",\"contentUrl\":\"https:\/\/www.transtoyou.com\/sv\/wp-content\/uploads\/sites\/15\/2026\/01\/tty-no-product-image-40.webp\",\"width\":1000,\"height\":1000,\"caption\":\"Standard produktbild\"},{\"@type\":\"WebSite\",\"@id\":\"https:\/\/www.transtoyou.com\/sv\/#website\",\"url\":\"https:\/\/www.transtoyou.com\/sv\/\",\"name\":\"Transtoyou - SV\",\"description\":\"\",\"publisher\":{\"@id\":\"https:\/\/www.transtoyou.com\/sv\/#organization\"},\"potentialAction\":[{\"@type\":\"SearchAction\",\"target\":{\"@type\":\"EntryPoint\",\"urlTemplate\":\"https:\/\/www.transtoyou.com\/sv\/?s={search_term_string}\"},\"query-input\":{\"@type\":\"PropertyValueSpecification\",\"valueRequired\":true,\"valueName\":\"search_term_string\"}}],\"inLanguage\":\"sv-SE\"},{\"@type\":\"Organization\",\"@id\":\"https:\/\/www.transtoyou.com\/sv\/#organization\",\"name\":\"Transtoyou - SV\",\"url\":\"https:\/\/www.transtoyou.com\/sv\/\",\"logo\":{\"@type\":\"ImageObject\",\"inLanguage\":\"sv-SE\",\"@id\":\"https:\/\/www.transtoyou.com\/sv\/#\/schema\/logo\/image\/\",\"url\":\"https:\/\/www.transtoyou.com\/sv\/wp-content\/uploads\/sites\/15\/2026\/01\/logo-tty-menu-bar-300x87-1.webp\",\"contentUrl\":\"https:\/\/www.transtoyou.com\/sv\/wp-content\/uploads\/sites\/15\/2026\/01\/logo-tty-menu-bar-300x87-1.webp\",\"width\":300,\"height\":87,\"caption\":\"Transtoyou - SV\"},\"image\":{\"@id\":\"https:\/\/www.transtoyou.com\/sv\/#\/schema\/logo\/image\/\"}}]}<\/script>\n<!-- \/ Yoast SEO plugin. -->","yoast_head_json":{"title":"Famenita | Naturligt Hormonst\u00f6d - Transtoyou","description":"Famenita, tillg\u00e4nglig h\u00e4r, st\u00f6djer hormonbalans f\u00f6r HRT, menstruationslindring och endometrios. Handla nu f\u00f6r en naturlig progesteronl\u00f6sning.","robots":{"index":"noindex","follow":"follow","max-snippet":"max-snippet:-1","max-image-preview":"max-image-preview:large","max-video-preview":"max-video-preview:-1"},"og_locale":"sv_SE","og_type":"article","og_title":"Famenita | Naturligt Hormonst\u00f6d - Transtoyou","og_description":"Famenita, tillg\u00e4nglig h\u00e4r, st\u00f6djer hormonbalans f\u00f6r HRT, menstruationslindring och endometrios. Handla nu f\u00f6r en naturlig progesteronl\u00f6sning.","og_url":"https:\/\/www.transtoyou.com\/sv\/product\/famenita\/","og_site_name":"Transtoyou - SV","article_modified_time":"2026-01-23T18:50:25+00:00","twitter_card":"summary_large_image","twitter_misc":{"Ber\u00e4knad l\u00e4stid":"1 minut"},"schema":{"@context":"https:\/\/schema.org","@graph":[{"@type":"WebPage","@id":"https:\/\/www.transtoyou.com\/sv\/product\/famenita\/","url":"https:\/\/www.transtoyou.com\/sv\/product\/famenita\/","name":"Famenita | Naturligt Hormonst\u00f6d - Transtoyou","isPartOf":{"@id":"https:\/\/www.transtoyou.com\/sv\/#website"},"primaryImageOfPage":{"@id":"https:\/\/www.transtoyou.com\/sv\/product\/famenita\/#primaryimage"},"image":{"@id":"https:\/\/www.transtoyou.com\/sv\/product\/famenita\/#primaryimage"},"thumbnailUrl":"https:\/\/www.transtoyou.com\/sv\/wp-content\/uploads\/sites\/15\/2026\/01\/tty-no-product-image-40.webp","datePublished":"2026-01-23T18:49:30+00:00","dateModified":"2026-01-23T18:50:25+00:00","description":"Famenita, tillg\u00e4nglig h\u00e4r, st\u00f6djer hormonbalans f\u00f6r HRT, menstruationslindring och endometrios. Handla nu f\u00f6r en naturlig progesteronl\u00f6sning.","breadcrumb":{"@id":"https:\/\/www.transtoyou.com\/sv\/product\/famenita\/#breadcrumb"},"inLanguage":"sv-SE","potentialAction":[{"@type":"ReadAction","target":["https:\/\/www.transtoyou.com\/sv\/product\/famenita\/"]}]},{"@type":"ImageObject","inLanguage":"sv-SE","@id":"https:\/\/www.transtoyou.com\/sv\/product\/famenita\/#primaryimage","url":"https:\/\/www.transtoyou.com\/sv\/wp-content\/uploads\/sites\/15\/2026\/01\/tty-no-product-image-40.webp","contentUrl":"https:\/\/www.transtoyou.com\/sv\/wp-content\/uploads\/sites\/15\/2026\/01\/tty-no-product-image-40.webp","width":1000,"height":1000,"caption":"Standard produktbild"},{"@type":"WebSite","@id":"https:\/\/www.transtoyou.com\/sv\/#website","url":"https:\/\/www.transtoyou.com\/sv\/","name":"Transtoyou - SV","description":"","publisher":{"@id":"https:\/\/www.transtoyou.com\/sv\/#organization"},"potentialAction":[{"@type":"SearchAction","target":{"@type":"EntryPoint","urlTemplate":"https:\/\/www.transtoyou.com\/sv\/?s={search_term_string}"},"query-input":{"@type":"PropertyValueSpecification","valueRequired":true,"valueName":"search_term_string"}}],"inLanguage":"sv-SE"},{"@type":"Organization","@id":"https:\/\/www.transtoyou.com\/sv\/#organization","name":"Transtoyou - SV","url":"https:\/\/www.transtoyou.com\/sv\/","logo":{"@type":"ImageObject","inLanguage":"sv-SE","@id":"https:\/\/www.transtoyou.com\/sv\/#\/schema\/logo\/image\/","url":"https:\/\/www.transtoyou.com\/sv\/wp-content\/uploads\/sites\/15\/2026\/01\/logo-tty-menu-bar-300x87-1.webp","contentUrl":"https:\/\/www.transtoyou.com\/sv\/wp-content\/uploads\/sites\/15\/2026\/01\/logo-tty-menu-bar-300x87-1.webp","width":300,"height":87,"caption":"Transtoyou - SV"},"image":{"@id":"https:\/\/www.transtoyou.com\/sv\/#\/schema\/logo\/image\/"}}]}},"_links":{"self":[{"href":"https:\/\/www.transtoyou.com\/sv\/wp-json\/wp\/v2\/product\/602","targetHints":{"allow":["GET"]}}],"collection":[{"href":"https:\/\/www.transtoyou.com\/sv\/wp-json\/wp\/v2\/product"}],"about":[{"href":"https:\/\/www.transtoyou.com\/sv\/wp-json\/wp\/v2\/types\/product"}],"replies":[{"embeddable":true,"href":"https:\/\/www.transtoyou.com\/sv\/wp-json\/wp\/v2\/comments?post=602"}],"wp:featuredmedia":[{"embeddable":true,"href":"https:\/\/www.transtoyou.com\/sv\/wp-json\/wp\/v2\/media\/604"}],"wp:attachment":[{"href":"https:\/\/www.transtoyou.com\/sv\/wp-json\/wp\/v2\/media?parent=602"}],"wp:term":[{"taxonomy":"product_brand","embeddable":true,"href":"https:\/\/www.transtoyou.com\/sv\/wp-json\/wp\/v2\/product_brand?post=602"},{"taxonomy":"product_cat","embeddable":true,"href":"https:\/\/www.transtoyou.com\/sv\/wp-json\/wp\/v2\/product_cat?post=602"},{"taxonomy":"product_tag","embeddable":true,"href":"https:\/\/www.transtoyou.com\/sv\/wp-json\/wp\/v2\/product_tag?post=602"},{"taxonomy":"expert","embeddable":true,"href":"https:\/\/www.transtoyou.com\/sv\/wp-json\/wp\/v2\/expert?post=602"}],"curies":[{"name":"wp","href":"https:\/\/api.w.org\/{rel}","templated":true}]}}