{"id":611,"date":"2026-01-23T19:32:34","date_gmt":"2026-01-23T19:32:34","guid":{"rendered":"https:\/\/www.transtoyou.com\/sv\/product\/mirena\/"},"modified":"2026-01-23T19:33:32","modified_gmt":"2026-01-23T19:33:32","slug":"mirena","status":"publish","type":"product","link":"https:\/\/www.transtoyou.com\/sv\/product\/mirena\/","title":{"rendered":"Mirena"},"content":{"rendered":"<p>Mirena \u00e4r en hormonfris\u00e4ttande intrauterin enhet som erbjuder l\u00e5ngvarig preventivmedel och anv\u00e4nds ocks\u00e5 f\u00f6r att minska kraftig menstruationsbl\u00f6dning. Den inneh\u00e5ller levonorgestrel, ett gestagen som l\u00e5ngsamt frig\u00f6rs i livmodern under flera \u00e5r. N\u00e4r den v\u00e4l \u00e4r p\u00e5 plats ger Mirena p\u00e5litligt skydd mot graviditet i upp till fem \u00e5r samtidigt som den hj\u00e4lper till att d\u00e4mpa eller l\u00e4tta menstruationsbl\u00f6dningen.<\/p>\n<p>Enheten placeras i livmodern under en kort procedur p\u00e5 kliniken. Den fungerar genom att f\u00f6rtjocka livmoderhalsens slem f\u00f6r att blockera spermier, f\u00f6r\u00e4ndra livmoderslemhinnan f\u00f6r att f\u00f6rhindra implantation, och hos vissa individer kan den d\u00e4mpa \u00e4gglossningen. Hormonet levereras direkt till livmodern, s\u00e5 systemisk hormonexponering f\u00f6rblir l\u00e5g.<\/p>\n<p>Mirena v\u00e4ljs ofta inte bara f\u00f6r sina preventivmedelsf\u00f6rdelar utan ocks\u00e5 f\u00f6r sin f\u00f6rm\u00e5ga att kraftigt minska menstruationsfl\u00f6det. M\u00e5nga anv\u00e4ndare upplever l\u00e4ttare menstruationer, och i vissa fall slutar menstruationerna helt. Den anv\u00e4nds ofta av personer som upplever kraftiga eller sm\u00e4rtsamma menstruationer eller som f\u00f6redrar en l\u00e5ngsiktig, l\u00e5gt underh\u00e5llsl\u00f6sning som undviker dagliga piller.<\/p>\n<p>Som en hormonbaserad spiral som inte inneh\u00e5ller \u00f6strogen \u00e4r Mirena ett bra alternativ f\u00f6r dem som inte kan eller f\u00f6redrar att inte anv\u00e4nda \u00f6strogeninneh\u00e5llande preventivmedel. Den kan tas bort n\u00e4r som helst, och fertiliteten \u00e5terkommer vanligtvis snabbt efter borttagning.<\/p>\n","protected":false},"excerpt":{"rendered":"<ul>\n<li>Hormonspiral i upp till 5 \u00e5r<\/li>\n<li>Reducerar eller stoppar menstruationen<\/li>\n<li>\u00d6strogenfri preventivmetod<\/li>\n<\/ul>\n","protected":false},"featured_media":612,"comment_status":"open","ping_status":"closed","template":"","meta":[],"product_brand":[],"product_cat":[121,128],"product_tag":[],"expert":[19],"class_list":{"0":"post-611","1":"product","2":"type-product","3":"status-publish","4":"has-post-thumbnail","6":"product_cat-intrauterint-preventivmedel-iud","7":"product_cat-menstruationshamning","8":"expert-dr-j-vazquez","10":"first","11":"instock","12":"shipping-taxable","13":"product-type-simple"},"yoast_head":"<!-- This site is optimized with the Yoast SEO plugin v27.0 - https:\/\/yoast.com\/product\/yoast-seo-wordpress\/ -->\n<title>Mirena | Effektiv preventivmedelsl\u00f6sning - Transtoyou<\/title>\n<meta name=\"description\" content=\"Mirena: P\u00e5litlig preventivl\u00f6sning finns h\u00e4r. Utforska f\u00f6rdelar och handla idag p\u00e5 Transtoyou f\u00f6r bekv\u00e4m och p\u00e5litlig v\u00e5rd.\" \/>\n<meta name=\"robots\" content=\"noindex, follow, max-snippet:-1, max-image-preview:large, max-video-preview:-1\" \/>\n<meta property=\"og:locale\" content=\"sv_SE\" \/>\n<meta property=\"og:type\" content=\"article\" \/>\n<meta property=\"og:title\" content=\"Mirena | Effektiv preventivmedelsl\u00f6sning - Transtoyou\" \/>\n<meta property=\"og:description\" content=\"Mirena: P\u00e5litlig preventivl\u00f6sning finns h\u00e4r. Utforska f\u00f6rdelar och handla idag p\u00e5 Transtoyou f\u00f6r bekv\u00e4m och p\u00e5litlig v\u00e5rd.\" \/>\n<meta property=\"og:url\" content=\"https:\/\/www.transtoyou.com\/sv\/product\/mirena\/\" \/>\n<meta property=\"og:site_name\" content=\"Transtoyou - SV\" \/>\n<meta property=\"article:modified_time\" content=\"2026-01-23T19:33:32+00:00\" \/>\n<meta name=\"twitter:card\" content=\"summary_large_image\" \/>\n<meta name=\"twitter:label1\" content=\"Ber\u00e4knad l\u00e4stid\" \/>\n\t<meta name=\"twitter:data1\" content=\"1 minut\" \/>\n<script type=\"application\/ld+json\" class=\"yoast-schema-graph\">{\"@context\":\"https:\/\/schema.org\",\"@graph\":[{\"@type\":\"WebPage\",\"@id\":\"https:\/\/www.transtoyou.com\/sv\/product\/mirena\/\",\"url\":\"https:\/\/www.transtoyou.com\/sv\/product\/mirena\/\",\"name\":\"Mirena | Effektiv preventivmedelsl\u00f6sning - Transtoyou\",\"isPartOf\":{\"@id\":\"https:\/\/www.transtoyou.com\/sv\/#website\"},\"primaryImageOfPage\":{\"@id\":\"https:\/\/www.transtoyou.com\/sv\/product\/mirena\/#primaryimage\"},\"image\":{\"@id\":\"https:\/\/www.transtoyou.com\/sv\/product\/mirena\/#primaryimage\"},\"thumbnailUrl\":\"https:\/\/www.transtoyou.com\/sv\/wp-content\/uploads\/sites\/15\/2026\/01\/tty-no-product-image-43.webp\",\"datePublished\":\"2026-01-23T19:32:34+00:00\",\"dateModified\":\"2026-01-23T19:33:32+00:00\",\"description\":\"Mirena: P\u00e5litlig preventivl\u00f6sning finns h\u00e4r. Utforska f\u00f6rdelar och handla idag p\u00e5 Transtoyou f\u00f6r bekv\u00e4m och p\u00e5litlig v\u00e5rd.\",\"breadcrumb\":{\"@id\":\"https:\/\/www.transtoyou.com\/sv\/product\/mirena\/#breadcrumb\"},\"inLanguage\":\"sv-SE\",\"potentialAction\":[{\"@type\":\"ReadAction\",\"target\":[\"https:\/\/www.transtoyou.com\/sv\/product\/mirena\/\"]}]},{\"@type\":\"ImageObject\",\"inLanguage\":\"sv-SE\",\"@id\":\"https:\/\/www.transtoyou.com\/sv\/product\/mirena\/#primaryimage\",\"url\":\"https:\/\/www.transtoyou.com\/sv\/wp-content\/uploads\/sites\/15\/2026\/01\/tty-no-product-image-43.webp\",\"contentUrl\":\"https:\/\/www.transtoyou.com\/sv\/wp-content\/uploads\/sites\/15\/2026\/01\/tty-no-product-image-43.webp\",\"width\":1000,\"height\":1000,\"caption\":\"Standard produktbild\"},{\"@type\":\"WebSite\",\"@id\":\"https:\/\/www.transtoyou.com\/sv\/#website\",\"url\":\"https:\/\/www.transtoyou.com\/sv\/\",\"name\":\"Transtoyou - SV\",\"description\":\"\",\"publisher\":{\"@id\":\"https:\/\/www.transtoyou.com\/sv\/#organization\"},\"potentialAction\":[{\"@type\":\"SearchAction\",\"target\":{\"@type\":\"EntryPoint\",\"urlTemplate\":\"https:\/\/www.transtoyou.com\/sv\/?s={search_term_string}\"},\"query-input\":{\"@type\":\"PropertyValueSpecification\",\"valueRequired\":true,\"valueName\":\"search_term_string\"}}],\"inLanguage\":\"sv-SE\"},{\"@type\":\"Organization\",\"@id\":\"https:\/\/www.transtoyou.com\/sv\/#organization\",\"name\":\"Transtoyou - SV\",\"url\":\"https:\/\/www.transtoyou.com\/sv\/\",\"logo\":{\"@type\":\"ImageObject\",\"inLanguage\":\"sv-SE\",\"@id\":\"https:\/\/www.transtoyou.com\/sv\/#\/schema\/logo\/image\/\",\"url\":\"https:\/\/www.transtoyou.com\/sv\/wp-content\/uploads\/sites\/15\/2026\/01\/logo-tty-menu-bar-300x87-1.webp\",\"contentUrl\":\"https:\/\/www.transtoyou.com\/sv\/wp-content\/uploads\/sites\/15\/2026\/01\/logo-tty-menu-bar-300x87-1.webp\",\"width\":300,\"height\":87,\"caption\":\"Transtoyou - SV\"},\"image\":{\"@id\":\"https:\/\/www.transtoyou.com\/sv\/#\/schema\/logo\/image\/\"}}]}<\/script>\n<!-- \/ Yoast SEO plugin. -->","yoast_head_json":{"title":"Mirena | Effektiv preventivmedelsl\u00f6sning - Transtoyou","description":"Mirena: P\u00e5litlig preventivl\u00f6sning finns h\u00e4r. Utforska f\u00f6rdelar och handla idag p\u00e5 Transtoyou f\u00f6r bekv\u00e4m och p\u00e5litlig v\u00e5rd.","robots":{"index":"noindex","follow":"follow","max-snippet":"max-snippet:-1","max-image-preview":"max-image-preview:large","max-video-preview":"max-video-preview:-1"},"og_locale":"sv_SE","og_type":"article","og_title":"Mirena | Effektiv preventivmedelsl\u00f6sning - Transtoyou","og_description":"Mirena: P\u00e5litlig preventivl\u00f6sning finns h\u00e4r. Utforska f\u00f6rdelar och handla idag p\u00e5 Transtoyou f\u00f6r bekv\u00e4m och p\u00e5litlig v\u00e5rd.","og_url":"https:\/\/www.transtoyou.com\/sv\/product\/mirena\/","og_site_name":"Transtoyou - SV","article_modified_time":"2026-01-23T19:33:32+00:00","twitter_card":"summary_large_image","twitter_misc":{"Ber\u00e4knad l\u00e4stid":"1 minut"},"schema":{"@context":"https:\/\/schema.org","@graph":[{"@type":"WebPage","@id":"https:\/\/www.transtoyou.com\/sv\/product\/mirena\/","url":"https:\/\/www.transtoyou.com\/sv\/product\/mirena\/","name":"Mirena | Effektiv preventivmedelsl\u00f6sning - Transtoyou","isPartOf":{"@id":"https:\/\/www.transtoyou.com\/sv\/#website"},"primaryImageOfPage":{"@id":"https:\/\/www.transtoyou.com\/sv\/product\/mirena\/#primaryimage"},"image":{"@id":"https:\/\/www.transtoyou.com\/sv\/product\/mirena\/#primaryimage"},"thumbnailUrl":"https:\/\/www.transtoyou.com\/sv\/wp-content\/uploads\/sites\/15\/2026\/01\/tty-no-product-image-43.webp","datePublished":"2026-01-23T19:32:34+00:00","dateModified":"2026-01-23T19:33:32+00:00","description":"Mirena: P\u00e5litlig preventivl\u00f6sning finns h\u00e4r. Utforska f\u00f6rdelar och handla idag p\u00e5 Transtoyou f\u00f6r bekv\u00e4m och p\u00e5litlig v\u00e5rd.","breadcrumb":{"@id":"https:\/\/www.transtoyou.com\/sv\/product\/mirena\/#breadcrumb"},"inLanguage":"sv-SE","potentialAction":[{"@type":"ReadAction","target":["https:\/\/www.transtoyou.com\/sv\/product\/mirena\/"]}]},{"@type":"ImageObject","inLanguage":"sv-SE","@id":"https:\/\/www.transtoyou.com\/sv\/product\/mirena\/#primaryimage","url":"https:\/\/www.transtoyou.com\/sv\/wp-content\/uploads\/sites\/15\/2026\/01\/tty-no-product-image-43.webp","contentUrl":"https:\/\/www.transtoyou.com\/sv\/wp-content\/uploads\/sites\/15\/2026\/01\/tty-no-product-image-43.webp","width":1000,"height":1000,"caption":"Standard produktbild"},{"@type":"WebSite","@id":"https:\/\/www.transtoyou.com\/sv\/#website","url":"https:\/\/www.transtoyou.com\/sv\/","name":"Transtoyou - SV","description":"","publisher":{"@id":"https:\/\/www.transtoyou.com\/sv\/#organization"},"potentialAction":[{"@type":"SearchAction","target":{"@type":"EntryPoint","urlTemplate":"https:\/\/www.transtoyou.com\/sv\/?s={search_term_string}"},"query-input":{"@type":"PropertyValueSpecification","valueRequired":true,"valueName":"search_term_string"}}],"inLanguage":"sv-SE"},{"@type":"Organization","@id":"https:\/\/www.transtoyou.com\/sv\/#organization","name":"Transtoyou - SV","url":"https:\/\/www.transtoyou.com\/sv\/","logo":{"@type":"ImageObject","inLanguage":"sv-SE","@id":"https:\/\/www.transtoyou.com\/sv\/#\/schema\/logo\/image\/","url":"https:\/\/www.transtoyou.com\/sv\/wp-content\/uploads\/sites\/15\/2026\/01\/logo-tty-menu-bar-300x87-1.webp","contentUrl":"https:\/\/www.transtoyou.com\/sv\/wp-content\/uploads\/sites\/15\/2026\/01\/logo-tty-menu-bar-300x87-1.webp","width":300,"height":87,"caption":"Transtoyou - SV"},"image":{"@id":"https:\/\/www.transtoyou.com\/sv\/#\/schema\/logo\/image\/"}}]}},"_links":{"self":[{"href":"https:\/\/www.transtoyou.com\/sv\/wp-json\/wp\/v2\/product\/611","targetHints":{"allow":["GET"]}}],"collection":[{"href":"https:\/\/www.transtoyou.com\/sv\/wp-json\/wp\/v2\/product"}],"about":[{"href":"https:\/\/www.transtoyou.com\/sv\/wp-json\/wp\/v2\/types\/product"}],"replies":[{"embeddable":true,"href":"https:\/\/www.transtoyou.com\/sv\/wp-json\/wp\/v2\/comments?post=611"}],"wp:featuredmedia":[{"embeddable":true,"href":"https:\/\/www.transtoyou.com\/sv\/wp-json\/wp\/v2\/media\/612"}],"wp:attachment":[{"href":"https:\/\/www.transtoyou.com\/sv\/wp-json\/wp\/v2\/media?parent=611"}],"wp:term":[{"taxonomy":"product_brand","embeddable":true,"href":"https:\/\/www.transtoyou.com\/sv\/wp-json\/wp\/v2\/product_brand?post=611"},{"taxonomy":"product_cat","embeddable":true,"href":"https:\/\/www.transtoyou.com\/sv\/wp-json\/wp\/v2\/product_cat?post=611"},{"taxonomy":"product_tag","embeddable":true,"href":"https:\/\/www.transtoyou.com\/sv\/wp-json\/wp\/v2\/product_tag?post=611"},{"taxonomy":"expert","embeddable":true,"href":"https:\/\/www.transtoyou.com\/sv\/wp-json\/wp\/v2\/expert?post=611"}],"curies":[{"name":"wp","href":"https:\/\/api.w.org\/{rel}","templated":true}]}}