{"id":613,"date":"2026-01-23T19:46:38","date_gmt":"2026-01-23T19:46:38","guid":{"rendered":"https:\/\/www.transtoyou.com\/sv\/product\/kyleena\/"},"modified":"2026-01-23T19:47:35","modified_gmt":"2026-01-23T19:47:35","slug":"kyleena","status":"publish","type":"product","link":"https:\/\/www.transtoyou.com\/sv\/product\/kyleena\/","title":{"rendered":"Kyleena"},"content":{"rendered":"<p>Kyleena \u00e4r en liten, flexibel intrauterin enhet som sl\u00e4pper ut en l\u00e5g dos av hormonet levonorgestrel direkt in i livmodern. Den ger l\u00e5ngvarig reversibel preventivmedel i upp till fem \u00e5r och \u00e4r bland de mest effektiva preventivmetoderna som finns tillg\u00e4ngliga. N\u00e4r den v\u00e4l \u00e4r placerad fungerar Kyleena kontinuerligt utan att kr\u00e4va daglig uppm\u00e4rksamhet.<\/p>\n<p>Enheten placeras inuti livmodern under en enkel procedur. Den sl\u00e4pper l\u00e5ngsamt ut levonorgestrel, vilket f\u00f6rtjockar livmoderhalsslemmet f\u00f6r att f\u00f6rhindra spermier fr\u00e5n att n\u00e5 \u00e4gget och kan \u00e4ven h\u00e4mma \u00e4gglossningen hos vissa personer. Hormonet sl\u00e4pps lokalt i sm\u00e5 m\u00e4ngder, vilket minskar risken f\u00f6r systemiska biverkningar.<\/p>\n<p>Kyleena \u00e4r mindre \u00e4n vissa andra IUD:er och v\u00e4ljs ofta av individer som f\u00f6redrar ett l\u00e5gdos hormonalt alternativ eller som inte har haft barn. Den \u00e4r effektiv inom 24 timmar efter placering och kan tas bort n\u00e4r som helst, vilket g\u00f6r att fertiliteten snabbt \u00e5terkommer. Till skillnad fr\u00e5n dagliga piller eller injektioner erbjuder Kyleena kontinuerligt skydd utan att kr\u00e4va regelbundna \u00e5tg\u00e4rder fr\u00e5n anv\u00e4ndaren.<\/p>\n<p>Denna IUD \u00e4r en diskret och mycket p\u00e5litlig metod f\u00f6r preventivmedel som g\u00f6r att anv\u00e4ndare kan undvika \u00f6strogen och v\u00e4lja en l\u00e5ngsiktig, l\u00e5gt underh\u00e5llsl\u00f6sning. Kyleena inneh\u00e5ller inte koppar och \u00e4r inte avsedd f\u00f6r n\u00f6dkontraception. Du kan beg\u00e4ra Kyleena p\u00e5 Transtoyou men du m\u00e5ste boka en tid med en professionell som kan placera IUD:n \u00e5t dig.<\/p>\n","protected":false},"excerpt":{"rendered":"<ul>\n<li>L\u00e5ngverkande hormonspiral<\/li>\n<li>Effektiv i upp till fem \u00e5r<\/li>\n<li>L\u00e5gdos och \u00f6strogenfri<\/li>\n<\/ul>\n","protected":false},"featured_media":615,"comment_status":"open","ping_status":"closed","template":"","meta":[],"product_brand":[],"product_cat":[121,128],"product_tag":[],"expert":[19],"class_list":{"0":"post-613","1":"product","2":"type-product","3":"status-publish","4":"has-post-thumbnail","6":"product_cat-intrauterint-preventivmedel-iud","7":"product_cat-menstruationshamning","8":"expert-dr-j-vazquez","10":"first","11":"instock","12":"shipping-taxable","13":"product-type-variable"},"yoast_head":"<!-- This site is optimized with the Yoast SEO plugin v27.0 - https:\/\/yoast.com\/product\/yoast-seo-wordpress\/ -->\n<title>Kyleena | Effektiv l\u00e5ngsiktig preventivmedel - Transtoyou<\/title>\n<meta name=\"description\" content=\"Kyleena, tillg\u00e4nglig p\u00e5 Transtoyou, erbjuder p\u00e5litlig och l\u00e5ngvarig preventivmedel. Uppt\u00e4ck dess f\u00f6rdelar idag f\u00f6r en trygg l\u00f6sning p\u00e5 dina familjeplaneringsbehov.\" \/>\n<meta name=\"robots\" content=\"noindex, follow, max-snippet:-1, max-image-preview:large, max-video-preview:-1\" \/>\n<meta property=\"og:locale\" content=\"sv_SE\" \/>\n<meta property=\"og:type\" content=\"article\" \/>\n<meta property=\"og:title\" content=\"Kyleena | Effektiv l\u00e5ngsiktig preventivmedel - Transtoyou\" \/>\n<meta property=\"og:description\" content=\"Kyleena, tillg\u00e4nglig p\u00e5 Transtoyou, erbjuder p\u00e5litlig och l\u00e5ngvarig preventivmedel. Uppt\u00e4ck dess f\u00f6rdelar idag f\u00f6r en trygg l\u00f6sning p\u00e5 dina familjeplaneringsbehov.\" \/>\n<meta property=\"og:url\" content=\"https:\/\/www.transtoyou.com\/sv\/product\/kyleena\/\" \/>\n<meta property=\"og:site_name\" content=\"Transtoyou - SV\" \/>\n<meta property=\"article:modified_time\" content=\"2026-01-23T19:47:35+00:00\" \/>\n<meta name=\"twitter:card\" content=\"summary_large_image\" \/>\n<meta name=\"twitter:label1\" content=\"Ber\u00e4knad l\u00e4stid\" \/>\n\t<meta name=\"twitter:data1\" content=\"1 minut\" \/>\n<script type=\"application\/ld+json\" class=\"yoast-schema-graph\">{\"@context\":\"https:\/\/schema.org\",\"@graph\":[{\"@type\":\"WebPage\",\"@id\":\"https:\/\/www.transtoyou.com\/sv\/product\/kyleena\/\",\"url\":\"https:\/\/www.transtoyou.com\/sv\/product\/kyleena\/\",\"name\":\"Kyleena | Effektiv l\u00e5ngsiktig preventivmedel - Transtoyou\",\"isPartOf\":{\"@id\":\"https:\/\/www.transtoyou.com\/sv\/#website\"},\"primaryImageOfPage\":{\"@id\":\"https:\/\/www.transtoyou.com\/sv\/product\/kyleena\/#primaryimage\"},\"image\":{\"@id\":\"https:\/\/www.transtoyou.com\/sv\/product\/kyleena\/#primaryimage\"},\"thumbnailUrl\":\"https:\/\/www.transtoyou.com\/sv\/wp-content\/uploads\/sites\/15\/2026\/01\/tty-no-product-image-44.webp\",\"datePublished\":\"2026-01-23T19:46:38+00:00\",\"dateModified\":\"2026-01-23T19:47:35+00:00\",\"description\":\"Kyleena, tillg\u00e4nglig p\u00e5 Transtoyou, erbjuder p\u00e5litlig och l\u00e5ngvarig preventivmedel. Uppt\u00e4ck dess f\u00f6rdelar idag f\u00f6r en trygg l\u00f6sning p\u00e5 dina familjeplaneringsbehov.\",\"breadcrumb\":{\"@id\":\"https:\/\/www.transtoyou.com\/sv\/product\/kyleena\/#breadcrumb\"},\"inLanguage\":\"sv-SE\",\"potentialAction\":[{\"@type\":\"ReadAction\",\"target\":[\"https:\/\/www.transtoyou.com\/sv\/product\/kyleena\/\"]}]},{\"@type\":\"ImageObject\",\"inLanguage\":\"sv-SE\",\"@id\":\"https:\/\/www.transtoyou.com\/sv\/product\/kyleena\/#primaryimage\",\"url\":\"https:\/\/www.transtoyou.com\/sv\/wp-content\/uploads\/sites\/15\/2026\/01\/tty-no-product-image-44.webp\",\"contentUrl\":\"https:\/\/www.transtoyou.com\/sv\/wp-content\/uploads\/sites\/15\/2026\/01\/tty-no-product-image-44.webp\",\"width\":1000,\"height\":1000,\"caption\":\"Standard produktbild\"},{\"@type\":\"WebSite\",\"@id\":\"https:\/\/www.transtoyou.com\/sv\/#website\",\"url\":\"https:\/\/www.transtoyou.com\/sv\/\",\"name\":\"Transtoyou - SV\",\"description\":\"\",\"publisher\":{\"@id\":\"https:\/\/www.transtoyou.com\/sv\/#organization\"},\"potentialAction\":[{\"@type\":\"SearchAction\",\"target\":{\"@type\":\"EntryPoint\",\"urlTemplate\":\"https:\/\/www.transtoyou.com\/sv\/?s={search_term_string}\"},\"query-input\":{\"@type\":\"PropertyValueSpecification\",\"valueRequired\":true,\"valueName\":\"search_term_string\"}}],\"inLanguage\":\"sv-SE\"},{\"@type\":\"Organization\",\"@id\":\"https:\/\/www.transtoyou.com\/sv\/#organization\",\"name\":\"Transtoyou - SV\",\"url\":\"https:\/\/www.transtoyou.com\/sv\/\",\"logo\":{\"@type\":\"ImageObject\",\"inLanguage\":\"sv-SE\",\"@id\":\"https:\/\/www.transtoyou.com\/sv\/#\/schema\/logo\/image\/\",\"url\":\"https:\/\/www.transtoyou.com\/sv\/wp-content\/uploads\/sites\/15\/2026\/01\/logo-tty-menu-bar-300x87-1.webp\",\"contentUrl\":\"https:\/\/www.transtoyou.com\/sv\/wp-content\/uploads\/sites\/15\/2026\/01\/logo-tty-menu-bar-300x87-1.webp\",\"width\":300,\"height\":87,\"caption\":\"Transtoyou - SV\"},\"image\":{\"@id\":\"https:\/\/www.transtoyou.com\/sv\/#\/schema\/logo\/image\/\"}}]}<\/script>\n<!-- \/ Yoast SEO plugin. -->","yoast_head_json":{"title":"Kyleena | Effektiv l\u00e5ngsiktig preventivmedel - Transtoyou","description":"Kyleena, tillg\u00e4nglig p\u00e5 Transtoyou, erbjuder p\u00e5litlig och l\u00e5ngvarig preventivmedel. Uppt\u00e4ck dess f\u00f6rdelar idag f\u00f6r en trygg l\u00f6sning p\u00e5 dina familjeplaneringsbehov.","robots":{"index":"noindex","follow":"follow","max-snippet":"max-snippet:-1","max-image-preview":"max-image-preview:large","max-video-preview":"max-video-preview:-1"},"og_locale":"sv_SE","og_type":"article","og_title":"Kyleena | Effektiv l\u00e5ngsiktig preventivmedel - Transtoyou","og_description":"Kyleena, tillg\u00e4nglig p\u00e5 Transtoyou, erbjuder p\u00e5litlig och l\u00e5ngvarig preventivmedel. Uppt\u00e4ck dess f\u00f6rdelar idag f\u00f6r en trygg l\u00f6sning p\u00e5 dina familjeplaneringsbehov.","og_url":"https:\/\/www.transtoyou.com\/sv\/product\/kyleena\/","og_site_name":"Transtoyou - SV","article_modified_time":"2026-01-23T19:47:35+00:00","twitter_card":"summary_large_image","twitter_misc":{"Ber\u00e4knad l\u00e4stid":"1 minut"},"schema":{"@context":"https:\/\/schema.org","@graph":[{"@type":"WebPage","@id":"https:\/\/www.transtoyou.com\/sv\/product\/kyleena\/","url":"https:\/\/www.transtoyou.com\/sv\/product\/kyleena\/","name":"Kyleena | Effektiv l\u00e5ngsiktig preventivmedel - Transtoyou","isPartOf":{"@id":"https:\/\/www.transtoyou.com\/sv\/#website"},"primaryImageOfPage":{"@id":"https:\/\/www.transtoyou.com\/sv\/product\/kyleena\/#primaryimage"},"image":{"@id":"https:\/\/www.transtoyou.com\/sv\/product\/kyleena\/#primaryimage"},"thumbnailUrl":"https:\/\/www.transtoyou.com\/sv\/wp-content\/uploads\/sites\/15\/2026\/01\/tty-no-product-image-44.webp","datePublished":"2026-01-23T19:46:38+00:00","dateModified":"2026-01-23T19:47:35+00:00","description":"Kyleena, tillg\u00e4nglig p\u00e5 Transtoyou, erbjuder p\u00e5litlig och l\u00e5ngvarig preventivmedel. Uppt\u00e4ck dess f\u00f6rdelar idag f\u00f6r en trygg l\u00f6sning p\u00e5 dina familjeplaneringsbehov.","breadcrumb":{"@id":"https:\/\/www.transtoyou.com\/sv\/product\/kyleena\/#breadcrumb"},"inLanguage":"sv-SE","potentialAction":[{"@type":"ReadAction","target":["https:\/\/www.transtoyou.com\/sv\/product\/kyleena\/"]}]},{"@type":"ImageObject","inLanguage":"sv-SE","@id":"https:\/\/www.transtoyou.com\/sv\/product\/kyleena\/#primaryimage","url":"https:\/\/www.transtoyou.com\/sv\/wp-content\/uploads\/sites\/15\/2026\/01\/tty-no-product-image-44.webp","contentUrl":"https:\/\/www.transtoyou.com\/sv\/wp-content\/uploads\/sites\/15\/2026\/01\/tty-no-product-image-44.webp","width":1000,"height":1000,"caption":"Standard produktbild"},{"@type":"WebSite","@id":"https:\/\/www.transtoyou.com\/sv\/#website","url":"https:\/\/www.transtoyou.com\/sv\/","name":"Transtoyou - SV","description":"","publisher":{"@id":"https:\/\/www.transtoyou.com\/sv\/#organization"},"potentialAction":[{"@type":"SearchAction","target":{"@type":"EntryPoint","urlTemplate":"https:\/\/www.transtoyou.com\/sv\/?s={search_term_string}"},"query-input":{"@type":"PropertyValueSpecification","valueRequired":true,"valueName":"search_term_string"}}],"inLanguage":"sv-SE"},{"@type":"Organization","@id":"https:\/\/www.transtoyou.com\/sv\/#organization","name":"Transtoyou - SV","url":"https:\/\/www.transtoyou.com\/sv\/","logo":{"@type":"ImageObject","inLanguage":"sv-SE","@id":"https:\/\/www.transtoyou.com\/sv\/#\/schema\/logo\/image\/","url":"https:\/\/www.transtoyou.com\/sv\/wp-content\/uploads\/sites\/15\/2026\/01\/logo-tty-menu-bar-300x87-1.webp","contentUrl":"https:\/\/www.transtoyou.com\/sv\/wp-content\/uploads\/sites\/15\/2026\/01\/logo-tty-menu-bar-300x87-1.webp","width":300,"height":87,"caption":"Transtoyou - SV"},"image":{"@id":"https:\/\/www.transtoyou.com\/sv\/#\/schema\/logo\/image\/"}}]}},"_links":{"self":[{"href":"https:\/\/www.transtoyou.com\/sv\/wp-json\/wp\/v2\/product\/613","targetHints":{"allow":["GET"]}}],"collection":[{"href":"https:\/\/www.transtoyou.com\/sv\/wp-json\/wp\/v2\/product"}],"about":[{"href":"https:\/\/www.transtoyou.com\/sv\/wp-json\/wp\/v2\/types\/product"}],"replies":[{"embeddable":true,"href":"https:\/\/www.transtoyou.com\/sv\/wp-json\/wp\/v2\/comments?post=613"}],"wp:featuredmedia":[{"embeddable":true,"href":"https:\/\/www.transtoyou.com\/sv\/wp-json\/wp\/v2\/media\/615"}],"wp:attachment":[{"href":"https:\/\/www.transtoyou.com\/sv\/wp-json\/wp\/v2\/media?parent=613"}],"wp:term":[{"taxonomy":"product_brand","embeddable":true,"href":"https:\/\/www.transtoyou.com\/sv\/wp-json\/wp\/v2\/product_brand?post=613"},{"taxonomy":"product_cat","embeddable":true,"href":"https:\/\/www.transtoyou.com\/sv\/wp-json\/wp\/v2\/product_cat?post=613"},{"taxonomy":"product_tag","embeddable":true,"href":"https:\/\/www.transtoyou.com\/sv\/wp-json\/wp\/v2\/product_tag?post=613"},{"taxonomy":"expert","embeddable":true,"href":"https:\/\/www.transtoyou.com\/sv\/wp-json\/wp\/v2\/expert?post=613"}],"curies":[{"name":"wp","href":"https:\/\/api.w.org\/{rel}","templated":true}]}}