{"id":616,"date":"2026-01-23T20:01:25","date_gmt":"2026-01-23T20:01:25","guid":{"rendered":"https:\/\/www.transtoyou.com\/sv\/product\/zumenon\/"},"modified":"2026-01-23T20:02:31","modified_gmt":"2026-01-23T20:02:31","slug":"zumenon","status":"publish","type":"product","link":"https:\/\/www.transtoyou.com\/sv\/product\/zumenon\/","title":{"rendered":"Zumenon"},"content":{"rendered":"<p>Zumenon \u00e4r en receptbelagd medicin f\u00f6r hormonbehandling. Varje tablett inneh\u00e5ller estradiol, en form av \u00f6strogen som \u00e4r identisk med den som produceras naturligt i kroppen. Den anv\u00e4nds f\u00f6r att behandla symtom p\u00e5 \u00f6strogendeficit hos personer som har genomg\u00e5tt klimakteriet och kan \u00e4ven anv\u00e4ndas i \u00f6strogen- och feminiserande hormonbehandling.<\/p>\n<p>F\u00f6r individer som upplever klimakteriet hj\u00e4lper Zumenon till att minska symtom som vallningar, nattsvett, hum\u00f6rf\u00f6r\u00e4ndringar och vaginal torrhet. Dessa symtom \u00e4r ofta resultatet av sjunkande \u00f6strogenniv\u00e5er. Genom att \u00e5terst\u00e4lla estradiolniv\u00e5erna st\u00f6djer Zumenon hormonbalansen och f\u00f6rb\u00e4ttrar komforten under den postmenopausala perioden.<\/p>\n<p>Zumenon anv\u00e4nds ocks\u00e5 i samband med k\u00f6nsbekr\u00e4ftande hormonbehandling. Hos transkvinnor kan estradiolen i Zumenon st\u00f6dja feminiserande fysiska f\u00f6r\u00e4ndringar inklusive fettf\u00f6rdelning, hudmjukg\u00f6rande och br\u00f6stutveckling. Den orala formen kan f\u00f6redras av individer som vill ha en enkel, bekant administrationsmetod.<\/p>\n<p>Zumenon tas vanligtvis en g\u00e5ng dagligen, och doseringen kan justeras enligt individuella behandlingsm\u00e5l. Den kan anv\u00e4ndas ensam eller tillsammans med ett gestagen f\u00f6r individer som har livmoder. Oavsett om det g\u00e4ller klimakteriet eller k\u00f6ns\u00f6verg\u00e5ng erbjuder Zumenon ett enkelt s\u00e4tt att komplettera \u00f6strogenniv\u00e5erna och st\u00f6dja l\u00e5ngsiktig hormonbalans.<\/p>\n","protected":false},"excerpt":{"rendered":"<ul>\n<li>Daglig oral \u00f6strogentablett<\/li>\n<li>Anv\u00e4nds f\u00f6r klimakteriet och \u00f6verg\u00e5ngen<\/li>\n<li>St\u00f6der hormonbalansen<\/li>\n<\/ul>\n","protected":false},"featured_media":618,"comment_status":"open","ping_status":"closed","template":"","meta":[],"product_brand":[],"product_cat":[119,96],"product_tag":[],"expert":[19],"class_list":{"0":"post-616","1":"product","2":"type-product","3":"status-publish","4":"has-post-thumbnail","6":"product_cat-hormonersattningsterapi-hrt","7":"product_cat-ostrogen-feminiserande-terapi","8":"expert-dr-j-vazquez","10":"first","11":"instock","12":"shipping-taxable","13":"product-type-variable"},"yoast_head":"<!-- This site is optimized with the Yoast SEO plugin v27.0 - https:\/\/yoast.com\/product\/yoast-seo-wordpress\/ -->\n<title>Zumenon | St\u00f6d f\u00f6r hormonbalans - Transtoyou<\/title>\n<meta name=\"description\" content=\"Zumenon, tillg\u00e4ngligt h\u00e4r, erbjuder f\u00f6rdelar med hormonbehandling. Handla nu f\u00f6r effektiv lindring och \u00f6kat v\u00e4lbefinnande med Transtoyous p\u00e5litliga tj\u00e4nst.\" \/>\n<meta name=\"robots\" content=\"noindex, follow, max-snippet:-1, max-image-preview:large, max-video-preview:-1\" \/>\n<meta property=\"og:locale\" content=\"sv_SE\" \/>\n<meta property=\"og:type\" content=\"article\" \/>\n<meta property=\"og:title\" content=\"Zumenon | St\u00f6d f\u00f6r hormonbalans - Transtoyou\" \/>\n<meta property=\"og:description\" content=\"Zumenon, tillg\u00e4ngligt h\u00e4r, erbjuder f\u00f6rdelar med hormonbehandling. Handla nu f\u00f6r effektiv lindring och \u00f6kat v\u00e4lbefinnande med Transtoyous p\u00e5litliga tj\u00e4nst.\" \/>\n<meta property=\"og:url\" content=\"https:\/\/www.transtoyou.com\/sv\/product\/zumenon\/\" \/>\n<meta property=\"og:site_name\" content=\"Transtoyou - SV\" \/>\n<meta property=\"article:modified_time\" content=\"2026-01-23T20:02:31+00:00\" \/>\n<meta name=\"twitter:card\" content=\"summary_large_image\" \/>\n<meta name=\"twitter:label1\" content=\"Ber\u00e4knad l\u00e4stid\" \/>\n\t<meta name=\"twitter:data1\" content=\"1 minut\" \/>\n<script type=\"application\/ld+json\" class=\"yoast-schema-graph\">{\"@context\":\"https:\/\/schema.org\",\"@graph\":[{\"@type\":\"WebPage\",\"@id\":\"https:\/\/www.transtoyou.com\/sv\/product\/zumenon\/\",\"url\":\"https:\/\/www.transtoyou.com\/sv\/product\/zumenon\/\",\"name\":\"Zumenon | St\u00f6d f\u00f6r hormonbalans - Transtoyou\",\"isPartOf\":{\"@id\":\"https:\/\/www.transtoyou.com\/sv\/#website\"},\"primaryImageOfPage\":{\"@id\":\"https:\/\/www.transtoyou.com\/sv\/product\/zumenon\/#primaryimage\"},\"image\":{\"@id\":\"https:\/\/www.transtoyou.com\/sv\/product\/zumenon\/#primaryimage\"},\"thumbnailUrl\":\"https:\/\/www.transtoyou.com\/sv\/wp-content\/uploads\/sites\/15\/2026\/01\/tty-no-product-image-45.webp\",\"datePublished\":\"2026-01-23T20:01:25+00:00\",\"dateModified\":\"2026-01-23T20:02:31+00:00\",\"description\":\"Zumenon, tillg\u00e4ngligt h\u00e4r, erbjuder f\u00f6rdelar med hormonbehandling. Handla nu f\u00f6r effektiv lindring och \u00f6kat v\u00e4lbefinnande med Transtoyous p\u00e5litliga tj\u00e4nst.\",\"breadcrumb\":{\"@id\":\"https:\/\/www.transtoyou.com\/sv\/product\/zumenon\/#breadcrumb\"},\"inLanguage\":\"sv-SE\",\"potentialAction\":[{\"@type\":\"ReadAction\",\"target\":[\"https:\/\/www.transtoyou.com\/sv\/product\/zumenon\/\"]}]},{\"@type\":\"ImageObject\",\"inLanguage\":\"sv-SE\",\"@id\":\"https:\/\/www.transtoyou.com\/sv\/product\/zumenon\/#primaryimage\",\"url\":\"https:\/\/www.transtoyou.com\/sv\/wp-content\/uploads\/sites\/15\/2026\/01\/tty-no-product-image-45.webp\",\"contentUrl\":\"https:\/\/www.transtoyou.com\/sv\/wp-content\/uploads\/sites\/15\/2026\/01\/tty-no-product-image-45.webp\",\"width\":1000,\"height\":1000,\"caption\":\"Standard produktbild\"},{\"@type\":\"WebSite\",\"@id\":\"https:\/\/www.transtoyou.com\/sv\/#website\",\"url\":\"https:\/\/www.transtoyou.com\/sv\/\",\"name\":\"Transtoyou - SV\",\"description\":\"\",\"publisher\":{\"@id\":\"https:\/\/www.transtoyou.com\/sv\/#organization\"},\"potentialAction\":[{\"@type\":\"SearchAction\",\"target\":{\"@type\":\"EntryPoint\",\"urlTemplate\":\"https:\/\/www.transtoyou.com\/sv\/?s={search_term_string}\"},\"query-input\":{\"@type\":\"PropertyValueSpecification\",\"valueRequired\":true,\"valueName\":\"search_term_string\"}}],\"inLanguage\":\"sv-SE\"},{\"@type\":\"Organization\",\"@id\":\"https:\/\/www.transtoyou.com\/sv\/#organization\",\"name\":\"Transtoyou - SV\",\"url\":\"https:\/\/www.transtoyou.com\/sv\/\",\"logo\":{\"@type\":\"ImageObject\",\"inLanguage\":\"sv-SE\",\"@id\":\"https:\/\/www.transtoyou.com\/sv\/#\/schema\/logo\/image\/\",\"url\":\"https:\/\/www.transtoyou.com\/sv\/wp-content\/uploads\/sites\/15\/2026\/01\/logo-tty-menu-bar-300x87-1.webp\",\"contentUrl\":\"https:\/\/www.transtoyou.com\/sv\/wp-content\/uploads\/sites\/15\/2026\/01\/logo-tty-menu-bar-300x87-1.webp\",\"width\":300,\"height\":87,\"caption\":\"Transtoyou - SV\"},\"image\":{\"@id\":\"https:\/\/www.transtoyou.com\/sv\/#\/schema\/logo\/image\/\"}}]}<\/script>\n<!-- \/ Yoast SEO plugin. -->","yoast_head_json":{"title":"Zumenon | St\u00f6d f\u00f6r hormonbalans - Transtoyou","description":"Zumenon, tillg\u00e4ngligt h\u00e4r, erbjuder f\u00f6rdelar med hormonbehandling. Handla nu f\u00f6r effektiv lindring och \u00f6kat v\u00e4lbefinnande med Transtoyous p\u00e5litliga tj\u00e4nst.","robots":{"index":"noindex","follow":"follow","max-snippet":"max-snippet:-1","max-image-preview":"max-image-preview:large","max-video-preview":"max-video-preview:-1"},"og_locale":"sv_SE","og_type":"article","og_title":"Zumenon | St\u00f6d f\u00f6r hormonbalans - Transtoyou","og_description":"Zumenon, tillg\u00e4ngligt h\u00e4r, erbjuder f\u00f6rdelar med hormonbehandling. Handla nu f\u00f6r effektiv lindring och \u00f6kat v\u00e4lbefinnande med Transtoyous p\u00e5litliga tj\u00e4nst.","og_url":"https:\/\/www.transtoyou.com\/sv\/product\/zumenon\/","og_site_name":"Transtoyou - SV","article_modified_time":"2026-01-23T20:02:31+00:00","twitter_card":"summary_large_image","twitter_misc":{"Ber\u00e4knad l\u00e4stid":"1 minut"},"schema":{"@context":"https:\/\/schema.org","@graph":[{"@type":"WebPage","@id":"https:\/\/www.transtoyou.com\/sv\/product\/zumenon\/","url":"https:\/\/www.transtoyou.com\/sv\/product\/zumenon\/","name":"Zumenon | St\u00f6d f\u00f6r hormonbalans - Transtoyou","isPartOf":{"@id":"https:\/\/www.transtoyou.com\/sv\/#website"},"primaryImageOfPage":{"@id":"https:\/\/www.transtoyou.com\/sv\/product\/zumenon\/#primaryimage"},"image":{"@id":"https:\/\/www.transtoyou.com\/sv\/product\/zumenon\/#primaryimage"},"thumbnailUrl":"https:\/\/www.transtoyou.com\/sv\/wp-content\/uploads\/sites\/15\/2026\/01\/tty-no-product-image-45.webp","datePublished":"2026-01-23T20:01:25+00:00","dateModified":"2026-01-23T20:02:31+00:00","description":"Zumenon, tillg\u00e4ngligt h\u00e4r, erbjuder f\u00f6rdelar med hormonbehandling. Handla nu f\u00f6r effektiv lindring och \u00f6kat v\u00e4lbefinnande med Transtoyous p\u00e5litliga tj\u00e4nst.","breadcrumb":{"@id":"https:\/\/www.transtoyou.com\/sv\/product\/zumenon\/#breadcrumb"},"inLanguage":"sv-SE","potentialAction":[{"@type":"ReadAction","target":["https:\/\/www.transtoyou.com\/sv\/product\/zumenon\/"]}]},{"@type":"ImageObject","inLanguage":"sv-SE","@id":"https:\/\/www.transtoyou.com\/sv\/product\/zumenon\/#primaryimage","url":"https:\/\/www.transtoyou.com\/sv\/wp-content\/uploads\/sites\/15\/2026\/01\/tty-no-product-image-45.webp","contentUrl":"https:\/\/www.transtoyou.com\/sv\/wp-content\/uploads\/sites\/15\/2026\/01\/tty-no-product-image-45.webp","width":1000,"height":1000,"caption":"Standard produktbild"},{"@type":"WebSite","@id":"https:\/\/www.transtoyou.com\/sv\/#website","url":"https:\/\/www.transtoyou.com\/sv\/","name":"Transtoyou - SV","description":"","publisher":{"@id":"https:\/\/www.transtoyou.com\/sv\/#organization"},"potentialAction":[{"@type":"SearchAction","target":{"@type":"EntryPoint","urlTemplate":"https:\/\/www.transtoyou.com\/sv\/?s={search_term_string}"},"query-input":{"@type":"PropertyValueSpecification","valueRequired":true,"valueName":"search_term_string"}}],"inLanguage":"sv-SE"},{"@type":"Organization","@id":"https:\/\/www.transtoyou.com\/sv\/#organization","name":"Transtoyou - SV","url":"https:\/\/www.transtoyou.com\/sv\/","logo":{"@type":"ImageObject","inLanguage":"sv-SE","@id":"https:\/\/www.transtoyou.com\/sv\/#\/schema\/logo\/image\/","url":"https:\/\/www.transtoyou.com\/sv\/wp-content\/uploads\/sites\/15\/2026\/01\/logo-tty-menu-bar-300x87-1.webp","contentUrl":"https:\/\/www.transtoyou.com\/sv\/wp-content\/uploads\/sites\/15\/2026\/01\/logo-tty-menu-bar-300x87-1.webp","width":300,"height":87,"caption":"Transtoyou - SV"},"image":{"@id":"https:\/\/www.transtoyou.com\/sv\/#\/schema\/logo\/image\/"}}]}},"_links":{"self":[{"href":"https:\/\/www.transtoyou.com\/sv\/wp-json\/wp\/v2\/product\/616","targetHints":{"allow":["GET"]}}],"collection":[{"href":"https:\/\/www.transtoyou.com\/sv\/wp-json\/wp\/v2\/product"}],"about":[{"href":"https:\/\/www.transtoyou.com\/sv\/wp-json\/wp\/v2\/types\/product"}],"replies":[{"embeddable":true,"href":"https:\/\/www.transtoyou.com\/sv\/wp-json\/wp\/v2\/comments?post=616"}],"wp:featuredmedia":[{"embeddable":true,"href":"https:\/\/www.transtoyou.com\/sv\/wp-json\/wp\/v2\/media\/618"}],"wp:attachment":[{"href":"https:\/\/www.transtoyou.com\/sv\/wp-json\/wp\/v2\/media?parent=616"}],"wp:term":[{"taxonomy":"product_brand","embeddable":true,"href":"https:\/\/www.transtoyou.com\/sv\/wp-json\/wp\/v2\/product_brand?post=616"},{"taxonomy":"product_cat","embeddable":true,"href":"https:\/\/www.transtoyou.com\/sv\/wp-json\/wp\/v2\/product_cat?post=616"},{"taxonomy":"product_tag","embeddable":true,"href":"https:\/\/www.transtoyou.com\/sv\/wp-json\/wp\/v2\/product_tag?post=616"},{"taxonomy":"expert","embeddable":true,"href":"https:\/\/www.transtoyou.com\/sv\/wp-json\/wp\/v2\/expert?post=616"}],"curies":[{"name":"wp","href":"https:\/\/api.w.org\/{rel}","templated":true}]}}