{"id":631,"date":"2026-01-23T21:24:41","date_gmt":"2026-01-23T21:24:41","guid":{"rendered":"https:\/\/www.transtoyou.com\/sv\/product\/femoston\/"},"modified":"2026-01-23T21:25:32","modified_gmt":"2026-01-23T21:25:32","slug":"femoston","status":"publish","type":"product","link":"https:\/\/www.transtoyou.com\/sv\/product\/femoston\/","title":{"rendered":"Femoston"},"content":{"rendered":"<p>Femoston \u00e4r en tablett som anv\u00e4nds som en del av hormonbehandling f\u00f6r att lindra symtom kopplade till l\u00e5ga \u00f6strogenniv\u00e5er. Den inneh\u00e5ller tv\u00e5 hormoner: estradiol, en form av \u00f6strogen, och dydrogesteron, ett gestagen som hj\u00e4lper till att skydda livmoderslemhinnan. Denna kombination anv\u00e4nds vanligtvis av personer som har n\u00e5tt klimakteriet och fortfarande har en livmoder.<\/p>\n<p>Klimakteriesymtom som v\u00e4rmevallningar, nattliga svettningar, hum\u00f6rsv\u00e4ngningar och vaginal torrhet uppst\u00e5r p\u00e5 grund av minskade \u00f6strogenniv\u00e5er. Femoston \u00e5terst\u00e4ller detta hormon f\u00f6r att \u00e5terf\u00e5 balansen och minska obehag. Gestagenkomponenten hj\u00e4lper till att f\u00f6rhindra att livmoderslemhinnan blir f\u00f6r tjock, vilket kan h\u00e4nda n\u00e4r \u00f6strogen anv\u00e4nds ensamt.<\/p>\n<p>Femoston tas en g\u00e5ng dagligen, med olika formuleringar tillg\u00e4ngliga beroende p\u00e5 om ett kontinuerligt eller cykliskt hormonm\u00f6nster beh\u00f6vs. Regelbunden anv\u00e4ndning hj\u00e4lper till att hantera b\u00e5de de kortsiktiga symtomen p\u00e5 \u00f6strogenbrist och bidrar till l\u00e5ngsiktiga m\u00e5l relaterade till hormonstabilitet och livskvalitet.<\/p>\n","protected":false},"excerpt":{"rendered":"<ul>\n<li>Daglig oral hormon-tablett<\/li>\n<li>Lindrar klimakteriet<\/li>\n<li>Kombinerar \u00f6strogen och gestagen<\/li>\n<\/ul>\n","protected":false},"featured_media":633,"comment_status":"open","ping_status":"closed","template":"","meta":[],"product_brand":[],"product_cat":[119,125],"product_tag":[],"expert":[16],"class_list":{"0":"post-631","1":"product","2":"type-product","3":"status-publish","4":"has-post-thumbnail","6":"product_cat-hormonersattningsterapi-hrt","7":"product_cat-menopaus-och-pms-lindring","8":"expert-dr-c-alexandru","10":"first","11":"instock","12":"shipping-taxable","13":"product-type-variable"},"yoast_head":"<!-- This site is optimized with the Yoast SEO plugin v27.0 - https:\/\/yoast.com\/product\/yoast-seo-wordpress\/ -->\n<title>Femoston | St\u00f6d f\u00f6r hormonbalans - Transtoyou<\/title>\n<meta name=\"description\" content=\"Femoston, tillg\u00e4nglig p\u00e5 Transtoyou. Uppt\u00e4ck dess f\u00f6rdelar f\u00f6r hormonbalans och v\u00e4lbefinnande. Handla nu f\u00f6r en p\u00e5litlig l\u00f6sning.\" \/>\n<meta name=\"robots\" content=\"noindex, follow, max-snippet:-1, max-image-preview:large, max-video-preview:-1\" \/>\n<meta property=\"og:locale\" content=\"sv_SE\" \/>\n<meta property=\"og:type\" content=\"article\" \/>\n<meta property=\"og:title\" content=\"Femoston | St\u00f6d f\u00f6r hormonbalans - Transtoyou\" \/>\n<meta property=\"og:description\" content=\"Femoston, tillg\u00e4nglig p\u00e5 Transtoyou. Uppt\u00e4ck dess f\u00f6rdelar f\u00f6r hormonbalans och v\u00e4lbefinnande. Handla nu f\u00f6r en p\u00e5litlig l\u00f6sning.\" \/>\n<meta property=\"og:url\" content=\"https:\/\/www.transtoyou.com\/sv\/product\/femoston\/\" \/>\n<meta property=\"og:site_name\" content=\"Transtoyou - SV\" \/>\n<meta property=\"article:modified_time\" content=\"2026-01-23T21:25:32+00:00\" \/>\n<meta name=\"twitter:card\" content=\"summary_large_image\" \/>\n<meta name=\"twitter:label1\" content=\"Ber\u00e4knad l\u00e4stid\" \/>\n\t<meta name=\"twitter:data1\" content=\"1 minut\" \/>\n<script type=\"application\/ld+json\" class=\"yoast-schema-graph\">{\"@context\":\"https:\/\/schema.org\",\"@graph\":[{\"@type\":\"WebPage\",\"@id\":\"https:\/\/www.transtoyou.com\/sv\/product\/femoston\/\",\"url\":\"https:\/\/www.transtoyou.com\/sv\/product\/femoston\/\",\"name\":\"Femoston | St\u00f6d f\u00f6r hormonbalans - Transtoyou\",\"isPartOf\":{\"@id\":\"https:\/\/www.transtoyou.com\/sv\/#website\"},\"primaryImageOfPage\":{\"@id\":\"https:\/\/www.transtoyou.com\/sv\/product\/femoston\/#primaryimage\"},\"image\":{\"@id\":\"https:\/\/www.transtoyou.com\/sv\/product\/femoston\/#primaryimage\"},\"thumbnailUrl\":\"https:\/\/www.transtoyou.com\/sv\/wp-content\/uploads\/sites\/15\/2026\/01\/tty-no-product-image-50.webp\",\"datePublished\":\"2026-01-23T21:24:41+00:00\",\"dateModified\":\"2026-01-23T21:25:32+00:00\",\"description\":\"Femoston, tillg\u00e4nglig p\u00e5 Transtoyou. Uppt\u00e4ck dess f\u00f6rdelar f\u00f6r hormonbalans och v\u00e4lbefinnande. Handla nu f\u00f6r en p\u00e5litlig l\u00f6sning.\",\"breadcrumb\":{\"@id\":\"https:\/\/www.transtoyou.com\/sv\/product\/femoston\/#breadcrumb\"},\"inLanguage\":\"sv-SE\",\"potentialAction\":[{\"@type\":\"ReadAction\",\"target\":[\"https:\/\/www.transtoyou.com\/sv\/product\/femoston\/\"]}]},{\"@type\":\"ImageObject\",\"inLanguage\":\"sv-SE\",\"@id\":\"https:\/\/www.transtoyou.com\/sv\/product\/femoston\/#primaryimage\",\"url\":\"https:\/\/www.transtoyou.com\/sv\/wp-content\/uploads\/sites\/15\/2026\/01\/tty-no-product-image-50.webp\",\"contentUrl\":\"https:\/\/www.transtoyou.com\/sv\/wp-content\/uploads\/sites\/15\/2026\/01\/tty-no-product-image-50.webp\",\"width\":1000,\"height\":1000,\"caption\":\"Standard produktbild\"},{\"@type\":\"WebSite\",\"@id\":\"https:\/\/www.transtoyou.com\/sv\/#website\",\"url\":\"https:\/\/www.transtoyou.com\/sv\/\",\"name\":\"Transtoyou - SV\",\"description\":\"\",\"publisher\":{\"@id\":\"https:\/\/www.transtoyou.com\/sv\/#organization\"},\"potentialAction\":[{\"@type\":\"SearchAction\",\"target\":{\"@type\":\"EntryPoint\",\"urlTemplate\":\"https:\/\/www.transtoyou.com\/sv\/?s={search_term_string}\"},\"query-input\":{\"@type\":\"PropertyValueSpecification\",\"valueRequired\":true,\"valueName\":\"search_term_string\"}}],\"inLanguage\":\"sv-SE\"},{\"@type\":\"Organization\",\"@id\":\"https:\/\/www.transtoyou.com\/sv\/#organization\",\"name\":\"Transtoyou - SV\",\"url\":\"https:\/\/www.transtoyou.com\/sv\/\",\"logo\":{\"@type\":\"ImageObject\",\"inLanguage\":\"sv-SE\",\"@id\":\"https:\/\/www.transtoyou.com\/sv\/#\/schema\/logo\/image\/\",\"url\":\"https:\/\/www.transtoyou.com\/sv\/wp-content\/uploads\/sites\/15\/2026\/01\/logo-tty-menu-bar-300x87-1.webp\",\"contentUrl\":\"https:\/\/www.transtoyou.com\/sv\/wp-content\/uploads\/sites\/15\/2026\/01\/logo-tty-menu-bar-300x87-1.webp\",\"width\":300,\"height\":87,\"caption\":\"Transtoyou - SV\"},\"image\":{\"@id\":\"https:\/\/www.transtoyou.com\/sv\/#\/schema\/logo\/image\/\"}}]}<\/script>\n<!-- \/ Yoast SEO plugin. -->","yoast_head_json":{"title":"Femoston | St\u00f6d f\u00f6r hormonbalans - Transtoyou","description":"Femoston, tillg\u00e4nglig p\u00e5 Transtoyou. Uppt\u00e4ck dess f\u00f6rdelar f\u00f6r hormonbalans och v\u00e4lbefinnande. Handla nu f\u00f6r en p\u00e5litlig l\u00f6sning.","robots":{"index":"noindex","follow":"follow","max-snippet":"max-snippet:-1","max-image-preview":"max-image-preview:large","max-video-preview":"max-video-preview:-1"},"og_locale":"sv_SE","og_type":"article","og_title":"Femoston | St\u00f6d f\u00f6r hormonbalans - Transtoyou","og_description":"Femoston, tillg\u00e4nglig p\u00e5 Transtoyou. Uppt\u00e4ck dess f\u00f6rdelar f\u00f6r hormonbalans och v\u00e4lbefinnande. Handla nu f\u00f6r en p\u00e5litlig l\u00f6sning.","og_url":"https:\/\/www.transtoyou.com\/sv\/product\/femoston\/","og_site_name":"Transtoyou - SV","article_modified_time":"2026-01-23T21:25:32+00:00","twitter_card":"summary_large_image","twitter_misc":{"Ber\u00e4knad l\u00e4stid":"1 minut"},"schema":{"@context":"https:\/\/schema.org","@graph":[{"@type":"WebPage","@id":"https:\/\/www.transtoyou.com\/sv\/product\/femoston\/","url":"https:\/\/www.transtoyou.com\/sv\/product\/femoston\/","name":"Femoston | St\u00f6d f\u00f6r hormonbalans - Transtoyou","isPartOf":{"@id":"https:\/\/www.transtoyou.com\/sv\/#website"},"primaryImageOfPage":{"@id":"https:\/\/www.transtoyou.com\/sv\/product\/femoston\/#primaryimage"},"image":{"@id":"https:\/\/www.transtoyou.com\/sv\/product\/femoston\/#primaryimage"},"thumbnailUrl":"https:\/\/www.transtoyou.com\/sv\/wp-content\/uploads\/sites\/15\/2026\/01\/tty-no-product-image-50.webp","datePublished":"2026-01-23T21:24:41+00:00","dateModified":"2026-01-23T21:25:32+00:00","description":"Femoston, tillg\u00e4nglig p\u00e5 Transtoyou. Uppt\u00e4ck dess f\u00f6rdelar f\u00f6r hormonbalans och v\u00e4lbefinnande. Handla nu f\u00f6r en p\u00e5litlig l\u00f6sning.","breadcrumb":{"@id":"https:\/\/www.transtoyou.com\/sv\/product\/femoston\/#breadcrumb"},"inLanguage":"sv-SE","potentialAction":[{"@type":"ReadAction","target":["https:\/\/www.transtoyou.com\/sv\/product\/femoston\/"]}]},{"@type":"ImageObject","inLanguage":"sv-SE","@id":"https:\/\/www.transtoyou.com\/sv\/product\/femoston\/#primaryimage","url":"https:\/\/www.transtoyou.com\/sv\/wp-content\/uploads\/sites\/15\/2026\/01\/tty-no-product-image-50.webp","contentUrl":"https:\/\/www.transtoyou.com\/sv\/wp-content\/uploads\/sites\/15\/2026\/01\/tty-no-product-image-50.webp","width":1000,"height":1000,"caption":"Standard produktbild"},{"@type":"WebSite","@id":"https:\/\/www.transtoyou.com\/sv\/#website","url":"https:\/\/www.transtoyou.com\/sv\/","name":"Transtoyou - SV","description":"","publisher":{"@id":"https:\/\/www.transtoyou.com\/sv\/#organization"},"potentialAction":[{"@type":"SearchAction","target":{"@type":"EntryPoint","urlTemplate":"https:\/\/www.transtoyou.com\/sv\/?s={search_term_string}"},"query-input":{"@type":"PropertyValueSpecification","valueRequired":true,"valueName":"search_term_string"}}],"inLanguage":"sv-SE"},{"@type":"Organization","@id":"https:\/\/www.transtoyou.com\/sv\/#organization","name":"Transtoyou - SV","url":"https:\/\/www.transtoyou.com\/sv\/","logo":{"@type":"ImageObject","inLanguage":"sv-SE","@id":"https:\/\/www.transtoyou.com\/sv\/#\/schema\/logo\/image\/","url":"https:\/\/www.transtoyou.com\/sv\/wp-content\/uploads\/sites\/15\/2026\/01\/logo-tty-menu-bar-300x87-1.webp","contentUrl":"https:\/\/www.transtoyou.com\/sv\/wp-content\/uploads\/sites\/15\/2026\/01\/logo-tty-menu-bar-300x87-1.webp","width":300,"height":87,"caption":"Transtoyou - SV"},"image":{"@id":"https:\/\/www.transtoyou.com\/sv\/#\/schema\/logo\/image\/"}}]}},"_links":{"self":[{"href":"https:\/\/www.transtoyou.com\/sv\/wp-json\/wp\/v2\/product\/631","targetHints":{"allow":["GET"]}}],"collection":[{"href":"https:\/\/www.transtoyou.com\/sv\/wp-json\/wp\/v2\/product"}],"about":[{"href":"https:\/\/www.transtoyou.com\/sv\/wp-json\/wp\/v2\/types\/product"}],"replies":[{"embeddable":true,"href":"https:\/\/www.transtoyou.com\/sv\/wp-json\/wp\/v2\/comments?post=631"}],"wp:featuredmedia":[{"embeddable":true,"href":"https:\/\/www.transtoyou.com\/sv\/wp-json\/wp\/v2\/media\/633"}],"wp:attachment":[{"href":"https:\/\/www.transtoyou.com\/sv\/wp-json\/wp\/v2\/media?parent=631"}],"wp:term":[{"taxonomy":"product_brand","embeddable":true,"href":"https:\/\/www.transtoyou.com\/sv\/wp-json\/wp\/v2\/product_brand?post=631"},{"taxonomy":"product_cat","embeddable":true,"href":"https:\/\/www.transtoyou.com\/sv\/wp-json\/wp\/v2\/product_cat?post=631"},{"taxonomy":"product_tag","embeddable":true,"href":"https:\/\/www.transtoyou.com\/sv\/wp-json\/wp\/v2\/product_tag?post=631"},{"taxonomy":"expert","embeddable":true,"href":"https:\/\/www.transtoyou.com\/sv\/wp-json\/wp\/v2\/expert?post=631"}],"curies":[{"name":"wp","href":"https:\/\/api.w.org\/{rel}","templated":true}]}}