{"id":634,"date":"2026-01-23T21:38:18","date_gmt":"2026-01-23T21:38:18","guid":{"rendered":"https:\/\/www.transtoyou.com\/sv\/product\/lenzetto\/"},"modified":"2026-01-23T21:39:18","modified_gmt":"2026-01-23T21:39:18","slug":"lenzetto","status":"publish","type":"product","link":"https:\/\/www.transtoyou.com\/sv\/product\/lenzetto\/","title":{"rendered":"Lenzetto"},"content":{"rendered":"<p>Lenzetto \u00e4r en spray som anv\u00e4nds f\u00f6r att leverera \u00f6strogen genom huden och in i blodomloppet. Den inneh\u00e5ller estradiol, en form av \u00f6strogen som \u00e4r identisk med hormonet som produceras naturligt i kroppen. Denna medicin anv\u00e4nds i hormonbehandling f\u00f6r att behandla symtom orsakade av l\u00e5ga \u00f6strogenniv\u00e5er och \u00e4r ocks\u00e5 l\u00e4mplig f\u00f6r anv\u00e4ndning i feminiserande hormonbehandling.<\/p>\n<p>Under klimakteriet, eller i situationer d\u00e4r \u00f6strogen beh\u00f6vs av andra sk\u00e4l, kan personer uppleva symtom som v\u00e4rmevallningar, nattsvett, hum\u00f6rf\u00f6r\u00e4ndringar och vaginal torrhet. Lenzetto \u00e5terst\u00e4ller \u00f6strogenniv\u00e5erna f\u00f6r att hj\u00e4lpa till att minska sv\u00e5righetsgraden av dessa symtom. Eftersom sprayen appliceras p\u00e5 huden undviker den matsm\u00e4ltningssystemet och erbjuder ett flexibelt, icke-oralt alternativ till tabletter eller pl\u00e5ster.<\/p>\n<p>Sprayen appliceras en g\u00e5ng dagligen p\u00e5 ren, torr hud, vanligtvis p\u00e5 den inre underarmen. Den torkar snabbt och l\u00e4mnar ingen rest. Lenzetto m\u00f6jligg\u00f6r personlig dosering och en diskret, l\u00e5gt underh\u00e5llande metod f\u00f6r \u00f6strogenleverans f\u00f6r b\u00e5de lindring av klimakteriebesv\u00e4r och feminiserande v\u00e5rd.<\/p>\n","protected":false},"excerpt":{"rendered":"<ul>\n<li>Spray\u00f6strogen f\u00f6r hudabsorption<\/li>\n<li>Anv\u00e4nds f\u00f6r klimakteriet<\/li>\n<li>Justerbar daglig dosering<\/li>\n<\/ul>\n","protected":false},"featured_media":636,"comment_status":"open","ping_status":"closed","template":"","meta":[],"product_brand":[],"product_cat":[119],"product_tag":[],"expert":[16],"class_list":{"0":"post-634","1":"product","2":"type-product","3":"status-publish","4":"has-post-thumbnail","6":"product_cat-hormonersattningsterapi-hrt","7":"expert-dr-c-alexandru","9":"first","10":"instock","11":"shipping-taxable","12":"product-type-variable"},"yoast_head":"<!-- This site is optimized with the Yoast SEO plugin v27.0 - https:\/\/yoast.com\/product\/yoast-seo-wordpress\/ -->\n<title>Lenzetto | Enkel Applikation Hormon Spray - Transtoyou<\/title>\n<meta name=\"description\" content=\"Lenzetto, tillg\u00e4ngligt p\u00e5 Transtoyou, erbjuder effektiv lindring f\u00f6r menopausbesv\u00e4r. Uppt\u00e4ck f\u00f6rdelarna och handla nu f\u00f6r en smidig l\u00f6sning.\" \/>\n<meta name=\"robots\" content=\"noindex, follow, max-snippet:-1, max-image-preview:large, max-video-preview:-1\" \/>\n<meta property=\"og:locale\" content=\"sv_SE\" \/>\n<meta property=\"og:type\" content=\"article\" \/>\n<meta property=\"og:title\" content=\"Lenzetto | Enkel Applikation Hormon Spray - Transtoyou\" \/>\n<meta property=\"og:description\" content=\"Lenzetto, tillg\u00e4ngligt p\u00e5 Transtoyou, erbjuder effektiv lindring f\u00f6r menopausbesv\u00e4r. Uppt\u00e4ck f\u00f6rdelarna och handla nu f\u00f6r en smidig l\u00f6sning.\" \/>\n<meta property=\"og:url\" content=\"https:\/\/www.transtoyou.com\/sv\/product\/lenzetto\/\" \/>\n<meta property=\"og:site_name\" content=\"Transtoyou - SV\" \/>\n<meta property=\"article:modified_time\" content=\"2026-01-23T21:39:18+00:00\" \/>\n<meta name=\"twitter:card\" content=\"summary_large_image\" \/>\n<meta name=\"twitter:label1\" content=\"Ber\u00e4knad l\u00e4stid\" \/>\n\t<meta name=\"twitter:data1\" content=\"1 minut\" \/>\n<script type=\"application\/ld+json\" class=\"yoast-schema-graph\">{\"@context\":\"https:\/\/schema.org\",\"@graph\":[{\"@type\":\"WebPage\",\"@id\":\"https:\/\/www.transtoyou.com\/sv\/product\/lenzetto\/\",\"url\":\"https:\/\/www.transtoyou.com\/sv\/product\/lenzetto\/\",\"name\":\"Lenzetto | Enkel Applikation Hormon Spray - Transtoyou\",\"isPartOf\":{\"@id\":\"https:\/\/www.transtoyou.com\/sv\/#website\"},\"primaryImageOfPage\":{\"@id\":\"https:\/\/www.transtoyou.com\/sv\/product\/lenzetto\/#primaryimage\"},\"image\":{\"@id\":\"https:\/\/www.transtoyou.com\/sv\/product\/lenzetto\/#primaryimage\"},\"thumbnailUrl\":\"https:\/\/www.transtoyou.com\/sv\/wp-content\/uploads\/sites\/15\/2026\/01\/tty-no-product-image-51.webp\",\"datePublished\":\"2026-01-23T21:38:18+00:00\",\"dateModified\":\"2026-01-23T21:39:18+00:00\",\"description\":\"Lenzetto, tillg\u00e4ngligt p\u00e5 Transtoyou, erbjuder effektiv lindring f\u00f6r menopausbesv\u00e4r. Uppt\u00e4ck f\u00f6rdelarna och handla nu f\u00f6r en smidig l\u00f6sning.\",\"breadcrumb\":{\"@id\":\"https:\/\/www.transtoyou.com\/sv\/product\/lenzetto\/#breadcrumb\"},\"inLanguage\":\"sv-SE\",\"potentialAction\":[{\"@type\":\"ReadAction\",\"target\":[\"https:\/\/www.transtoyou.com\/sv\/product\/lenzetto\/\"]}]},{\"@type\":\"ImageObject\",\"inLanguage\":\"sv-SE\",\"@id\":\"https:\/\/www.transtoyou.com\/sv\/product\/lenzetto\/#primaryimage\",\"url\":\"https:\/\/www.transtoyou.com\/sv\/wp-content\/uploads\/sites\/15\/2026\/01\/tty-no-product-image-51.webp\",\"contentUrl\":\"https:\/\/www.transtoyou.com\/sv\/wp-content\/uploads\/sites\/15\/2026\/01\/tty-no-product-image-51.webp\",\"width\":1000,\"height\":1000,\"caption\":\"Standard produktbild\"},{\"@type\":\"WebSite\",\"@id\":\"https:\/\/www.transtoyou.com\/sv\/#website\",\"url\":\"https:\/\/www.transtoyou.com\/sv\/\",\"name\":\"Transtoyou - SV\",\"description\":\"\",\"publisher\":{\"@id\":\"https:\/\/www.transtoyou.com\/sv\/#organization\"},\"potentialAction\":[{\"@type\":\"SearchAction\",\"target\":{\"@type\":\"EntryPoint\",\"urlTemplate\":\"https:\/\/www.transtoyou.com\/sv\/?s={search_term_string}\"},\"query-input\":{\"@type\":\"PropertyValueSpecification\",\"valueRequired\":true,\"valueName\":\"search_term_string\"}}],\"inLanguage\":\"sv-SE\"},{\"@type\":\"Organization\",\"@id\":\"https:\/\/www.transtoyou.com\/sv\/#organization\",\"name\":\"Transtoyou - SV\",\"url\":\"https:\/\/www.transtoyou.com\/sv\/\",\"logo\":{\"@type\":\"ImageObject\",\"inLanguage\":\"sv-SE\",\"@id\":\"https:\/\/www.transtoyou.com\/sv\/#\/schema\/logo\/image\/\",\"url\":\"https:\/\/www.transtoyou.com\/sv\/wp-content\/uploads\/sites\/15\/2026\/01\/logo-tty-menu-bar-300x87-1.webp\",\"contentUrl\":\"https:\/\/www.transtoyou.com\/sv\/wp-content\/uploads\/sites\/15\/2026\/01\/logo-tty-menu-bar-300x87-1.webp\",\"width\":300,\"height\":87,\"caption\":\"Transtoyou - SV\"},\"image\":{\"@id\":\"https:\/\/www.transtoyou.com\/sv\/#\/schema\/logo\/image\/\"}}]}<\/script>\n<!-- \/ Yoast SEO plugin. -->","yoast_head_json":{"title":"Lenzetto | Enkel Applikation Hormon Spray - Transtoyou","description":"Lenzetto, tillg\u00e4ngligt p\u00e5 Transtoyou, erbjuder effektiv lindring f\u00f6r menopausbesv\u00e4r. Uppt\u00e4ck f\u00f6rdelarna och handla nu f\u00f6r en smidig l\u00f6sning.","robots":{"index":"noindex","follow":"follow","max-snippet":"max-snippet:-1","max-image-preview":"max-image-preview:large","max-video-preview":"max-video-preview:-1"},"og_locale":"sv_SE","og_type":"article","og_title":"Lenzetto | Enkel Applikation Hormon Spray - Transtoyou","og_description":"Lenzetto, tillg\u00e4ngligt p\u00e5 Transtoyou, erbjuder effektiv lindring f\u00f6r menopausbesv\u00e4r. Uppt\u00e4ck f\u00f6rdelarna och handla nu f\u00f6r en smidig l\u00f6sning.","og_url":"https:\/\/www.transtoyou.com\/sv\/product\/lenzetto\/","og_site_name":"Transtoyou - SV","article_modified_time":"2026-01-23T21:39:18+00:00","twitter_card":"summary_large_image","twitter_misc":{"Ber\u00e4knad l\u00e4stid":"1 minut"},"schema":{"@context":"https:\/\/schema.org","@graph":[{"@type":"WebPage","@id":"https:\/\/www.transtoyou.com\/sv\/product\/lenzetto\/","url":"https:\/\/www.transtoyou.com\/sv\/product\/lenzetto\/","name":"Lenzetto | Enkel Applikation Hormon Spray - Transtoyou","isPartOf":{"@id":"https:\/\/www.transtoyou.com\/sv\/#website"},"primaryImageOfPage":{"@id":"https:\/\/www.transtoyou.com\/sv\/product\/lenzetto\/#primaryimage"},"image":{"@id":"https:\/\/www.transtoyou.com\/sv\/product\/lenzetto\/#primaryimage"},"thumbnailUrl":"https:\/\/www.transtoyou.com\/sv\/wp-content\/uploads\/sites\/15\/2026\/01\/tty-no-product-image-51.webp","datePublished":"2026-01-23T21:38:18+00:00","dateModified":"2026-01-23T21:39:18+00:00","description":"Lenzetto, tillg\u00e4ngligt p\u00e5 Transtoyou, erbjuder effektiv lindring f\u00f6r menopausbesv\u00e4r. Uppt\u00e4ck f\u00f6rdelarna och handla nu f\u00f6r en smidig l\u00f6sning.","breadcrumb":{"@id":"https:\/\/www.transtoyou.com\/sv\/product\/lenzetto\/#breadcrumb"},"inLanguage":"sv-SE","potentialAction":[{"@type":"ReadAction","target":["https:\/\/www.transtoyou.com\/sv\/product\/lenzetto\/"]}]},{"@type":"ImageObject","inLanguage":"sv-SE","@id":"https:\/\/www.transtoyou.com\/sv\/product\/lenzetto\/#primaryimage","url":"https:\/\/www.transtoyou.com\/sv\/wp-content\/uploads\/sites\/15\/2026\/01\/tty-no-product-image-51.webp","contentUrl":"https:\/\/www.transtoyou.com\/sv\/wp-content\/uploads\/sites\/15\/2026\/01\/tty-no-product-image-51.webp","width":1000,"height":1000,"caption":"Standard produktbild"},{"@type":"WebSite","@id":"https:\/\/www.transtoyou.com\/sv\/#website","url":"https:\/\/www.transtoyou.com\/sv\/","name":"Transtoyou - SV","description":"","publisher":{"@id":"https:\/\/www.transtoyou.com\/sv\/#organization"},"potentialAction":[{"@type":"SearchAction","target":{"@type":"EntryPoint","urlTemplate":"https:\/\/www.transtoyou.com\/sv\/?s={search_term_string}"},"query-input":{"@type":"PropertyValueSpecification","valueRequired":true,"valueName":"search_term_string"}}],"inLanguage":"sv-SE"},{"@type":"Organization","@id":"https:\/\/www.transtoyou.com\/sv\/#organization","name":"Transtoyou - SV","url":"https:\/\/www.transtoyou.com\/sv\/","logo":{"@type":"ImageObject","inLanguage":"sv-SE","@id":"https:\/\/www.transtoyou.com\/sv\/#\/schema\/logo\/image\/","url":"https:\/\/www.transtoyou.com\/sv\/wp-content\/uploads\/sites\/15\/2026\/01\/logo-tty-menu-bar-300x87-1.webp","contentUrl":"https:\/\/www.transtoyou.com\/sv\/wp-content\/uploads\/sites\/15\/2026\/01\/logo-tty-menu-bar-300x87-1.webp","width":300,"height":87,"caption":"Transtoyou - SV"},"image":{"@id":"https:\/\/www.transtoyou.com\/sv\/#\/schema\/logo\/image\/"}}]}},"_links":{"self":[{"href":"https:\/\/www.transtoyou.com\/sv\/wp-json\/wp\/v2\/product\/634","targetHints":{"allow":["GET"]}}],"collection":[{"href":"https:\/\/www.transtoyou.com\/sv\/wp-json\/wp\/v2\/product"}],"about":[{"href":"https:\/\/www.transtoyou.com\/sv\/wp-json\/wp\/v2\/types\/product"}],"replies":[{"embeddable":true,"href":"https:\/\/www.transtoyou.com\/sv\/wp-json\/wp\/v2\/comments?post=634"}],"wp:featuredmedia":[{"embeddable":true,"href":"https:\/\/www.transtoyou.com\/sv\/wp-json\/wp\/v2\/media\/636"}],"wp:attachment":[{"href":"https:\/\/www.transtoyou.com\/sv\/wp-json\/wp\/v2\/media?parent=634"}],"wp:term":[{"taxonomy":"product_brand","embeddable":true,"href":"https:\/\/www.transtoyou.com\/sv\/wp-json\/wp\/v2\/product_brand?post=634"},{"taxonomy":"product_cat","embeddable":true,"href":"https:\/\/www.transtoyou.com\/sv\/wp-json\/wp\/v2\/product_cat?post=634"},{"taxonomy":"product_tag","embeddable":true,"href":"https:\/\/www.transtoyou.com\/sv\/wp-json\/wp\/v2\/product_tag?post=634"},{"taxonomy":"expert","embeddable":true,"href":"https:\/\/www.transtoyou.com\/sv\/wp-json\/wp\/v2\/expert?post=634"}],"curies":[{"name":"wp","href":"https:\/\/api.w.org\/{rel}","templated":true}]}}