{"id":643,"date":"2026-01-23T22:27:03","date_gmt":"2026-01-23T22:27:03","guid":{"rendered":"https:\/\/www.transtoyou.com\/sv\/product\/metoprolol\/"},"modified":"2026-02-26T08:50:36","modified_gmt":"2026-02-26T08:50:36","slug":"metoprolol","status":"publish","type":"product","link":"https:\/\/www.transtoyou.com\/sv\/product\/metoprolol\/","title":{"rendered":"Metoprolol"},"content":{"rendered":"<p>Metoprolol \u00e4r en medicin som tillh\u00f6r klassen beta-blockerare och ordineras vanligtvis f\u00f6r att hantera h\u00f6gt blodtryck. Genom att s\u00e4nka hj\u00e4rtfrekvensen och minska kraften i hj\u00e4rtats sammandragningar hj\u00e4lper det hj\u00e4rtat att arbeta mer effektivt och minskar trycket p\u00e5 blodk\u00e4rlen. Detta g\u00f6r det till ett alternativ i b\u00e5de initiala och l\u00e5ngsiktiga behandlingsplaner f\u00f6r hypertoni.<\/p>\n<p>N\u00e4r blodtrycket f\u00f6rblir f\u00f6rh\u00f6jt under en l\u00e4ngre tid \u00f6kar det risken f\u00f6r allvarliga h\u00e4lsokomplikationer som hj\u00e4rtinfarkt, stroke eller njurskador. Metoprolol verkar genom att blockera verkan av vissa naturliga kemikalier i kroppen, s\u00e5som adrenalin, p\u00e5 hj\u00e4rtat och blodk\u00e4rlen. Som ett resultat s\u00e4nker det hj\u00e4rtfrekvensen och minskar belastningen p\u00e5 det kardiovaskul\u00e4ra systemet.<\/p>\n<p>Metoprolol tas vanligtvis i tablettform en eller tv\u00e5 g\u00e5nger om dagen. Personer som tar Metoprolol k\u00e4nner vanligtvis inte av dess effekter direkt, men \u00f6ver tid hj\u00e4lper det att skydda hj\u00e4rtat och blodk\u00e4rlen fr\u00e5n skador orsakade av l\u00e5ngvarig hypertoni. Regelbunden anv\u00e4ndning \u00e4r avg\u00f6rande f\u00f6r att uppr\u00e4tth\u00e5lla stabila blodtrycksniv\u00e5er och f\u00f6rebygga komplikationer, \u00e4ven om inga symtom \u00e4r n\u00e4rvarande.<\/p>\n<p>Metoprolol kan orsaka vissa milda biverkningar, s\u00e5som tr\u00f6tthet, kalla extremiteter eller yrsel, s\u00e4rskilt n\u00e4r man b\u00f6rjar med medicinen. Dessa avtar vanligtvis n\u00e4r kroppen anpassar sig. Som med alla blodtrycksbehandlingar \u00e4r regelbunden \u00f6vervakning och medicinsk uppf\u00f6ljning viktiga f\u00f6r att s\u00e4kerst\u00e4lla s\u00e4kerhet och effektivitet.<\/p>\n","protected":false},"excerpt":{"rendered":"<ul>\n<li>Eng\u00e5ngsdags hj\u00e4rtspecifik blockerare<\/li>\n<li>Bevisad att minska post-MI d\u00f6dsfall<\/li>\n<li>Styr pulsen, trycket, hj\u00e4rtklappning<\/li>\n<\/ul>\n","protected":false},"featured_media":645,"comment_status":"open","ping_status":"closed","template":"","meta":[],"product_brand":[],"product_cat":[116],"product_tag":[],"expert":[21],"class_list":{"0":"post-643","1":"product","2":"type-product","3":"status-publish","4":"has-post-thumbnail","6":"product_cat-hogt-blodtryck","7":"expert-dr-m-sharoyko","9":"first","10":"instock","11":"shipping-taxable","12":"product-type-variable"},"yoast_head":"<!-- This site is optimized with the Yoast SEO plugin v27.0 - https:\/\/yoast.com\/product\/yoast-seo-wordpress\/ -->\n<title>Metoprolol | Hantera Blodtrycket Effektivt - Transtoyou<\/title>\n<meta name=\"description\" content=\"Uppt\u00e4ck Metoprolol, en beta-blockerare f\u00f6r h\u00f6gt blodtryck, tillg\u00e4nglig p\u00e5 Transtoyou. Minskar belastningen p\u00e5 hj\u00e4rtat och f\u00f6rb\u00e4ttrar hj\u00e4rt-k\u00e4rlh\u00e4lsan.\" \/>\n<meta name=\"robots\" content=\"noindex, follow, max-snippet:-1, max-image-preview:large, max-video-preview:-1\" \/>\n<meta property=\"og:locale\" content=\"sv_SE\" \/>\n<meta property=\"og:type\" content=\"article\" \/>\n<meta property=\"og:title\" content=\"Metoprolol | Hantera Blodtrycket Effektivt - Transtoyou\" \/>\n<meta property=\"og:description\" content=\"Uppt\u00e4ck Metoprolol, en beta-blockerare f\u00f6r h\u00f6gt blodtryck, tillg\u00e4nglig p\u00e5 Transtoyou. Minskar belastningen p\u00e5 hj\u00e4rtat och f\u00f6rb\u00e4ttrar hj\u00e4rt-k\u00e4rlh\u00e4lsan.\" \/>\n<meta property=\"og:url\" content=\"https:\/\/www.transtoyou.com\/sv\/product\/metoprolol\/\" \/>\n<meta property=\"og:site_name\" content=\"Transtoyou - SV\" \/>\n<meta property=\"article:modified_time\" content=\"2026-02-26T08:50:36+00:00\" \/>\n<meta name=\"twitter:card\" content=\"summary_large_image\" \/>\n<meta name=\"twitter:label1\" content=\"Ber\u00e4knad l\u00e4stid\" \/>\n\t<meta name=\"twitter:data1\" content=\"1 minut\" \/>\n<script type=\"application\/ld+json\" class=\"yoast-schema-graph\">{\"@context\":\"https:\/\/schema.org\",\"@graph\":[{\"@type\":\"WebPage\",\"@id\":\"https:\/\/www.transtoyou.com\/sv\/product\/metoprolol\/\",\"url\":\"https:\/\/www.transtoyou.com\/sv\/product\/metoprolol\/\",\"name\":\"Metoprolol | Hantera Blodtrycket Effektivt - Transtoyou\",\"isPartOf\":{\"@id\":\"https:\/\/www.transtoyou.com\/sv\/#website\"},\"primaryImageOfPage\":{\"@id\":\"https:\/\/www.transtoyou.com\/sv\/product\/metoprolol\/#primaryimage\"},\"image\":{\"@id\":\"https:\/\/www.transtoyou.com\/sv\/product\/metoprolol\/#primaryimage\"},\"thumbnailUrl\":\"https:\/\/www.transtoyou.com\/sv\/wp-content\/uploads\/sites\/15\/2026\/01\/tty-no-product-image-54.webp\",\"datePublished\":\"2026-01-23T22:27:03+00:00\",\"dateModified\":\"2026-02-26T08:50:36+00:00\",\"description\":\"Uppt\u00e4ck Metoprolol, en beta-blockerare f\u00f6r h\u00f6gt blodtryck, tillg\u00e4nglig p\u00e5 Transtoyou. Minskar belastningen p\u00e5 hj\u00e4rtat och f\u00f6rb\u00e4ttrar hj\u00e4rt-k\u00e4rlh\u00e4lsan.\",\"breadcrumb\":{\"@id\":\"https:\/\/www.transtoyou.com\/sv\/product\/metoprolol\/#breadcrumb\"},\"inLanguage\":\"sv-SE\",\"potentialAction\":[{\"@type\":\"ReadAction\",\"target\":[\"https:\/\/www.transtoyou.com\/sv\/product\/metoprolol\/\"]}]},{\"@type\":\"ImageObject\",\"inLanguage\":\"sv-SE\",\"@id\":\"https:\/\/www.transtoyou.com\/sv\/product\/metoprolol\/#primaryimage\",\"url\":\"https:\/\/www.transtoyou.com\/sv\/wp-content\/uploads\/sites\/15\/2026\/01\/tty-no-product-image-54.webp\",\"contentUrl\":\"https:\/\/www.transtoyou.com\/sv\/wp-content\/uploads\/sites\/15\/2026\/01\/tty-no-product-image-54.webp\",\"width\":1000,\"height\":1000,\"caption\":\"Standard produktbild\"},{\"@type\":\"WebSite\",\"@id\":\"https:\/\/www.transtoyou.com\/sv\/#website\",\"url\":\"https:\/\/www.transtoyou.com\/sv\/\",\"name\":\"Transtoyou - SV\",\"description\":\"\",\"publisher\":{\"@id\":\"https:\/\/www.transtoyou.com\/sv\/#organization\"},\"potentialAction\":[{\"@type\":\"SearchAction\",\"target\":{\"@type\":\"EntryPoint\",\"urlTemplate\":\"https:\/\/www.transtoyou.com\/sv\/?s={search_term_string}\"},\"query-input\":{\"@type\":\"PropertyValueSpecification\",\"valueRequired\":true,\"valueName\":\"search_term_string\"}}],\"inLanguage\":\"sv-SE\"},{\"@type\":\"Organization\",\"@id\":\"https:\/\/www.transtoyou.com\/sv\/#organization\",\"name\":\"Transtoyou - SV\",\"url\":\"https:\/\/www.transtoyou.com\/sv\/\",\"logo\":{\"@type\":\"ImageObject\",\"inLanguage\":\"sv-SE\",\"@id\":\"https:\/\/www.transtoyou.com\/sv\/#\/schema\/logo\/image\/\",\"url\":\"https:\/\/www.transtoyou.com\/sv\/wp-content\/uploads\/sites\/15\/2026\/01\/logo-tty-menu-bar-300x87-1.webp\",\"contentUrl\":\"https:\/\/www.transtoyou.com\/sv\/wp-content\/uploads\/sites\/15\/2026\/01\/logo-tty-menu-bar-300x87-1.webp\",\"width\":300,\"height\":87,\"caption\":\"Transtoyou - SV\"},\"image\":{\"@id\":\"https:\/\/www.transtoyou.com\/sv\/#\/schema\/logo\/image\/\"}}]}<\/script>\n<!-- \/ Yoast SEO plugin. -->","yoast_head_json":{"title":"Metoprolol | Hantera Blodtrycket Effektivt - Transtoyou","description":"Uppt\u00e4ck Metoprolol, en beta-blockerare f\u00f6r h\u00f6gt blodtryck, tillg\u00e4nglig p\u00e5 Transtoyou. Minskar belastningen p\u00e5 hj\u00e4rtat och f\u00f6rb\u00e4ttrar hj\u00e4rt-k\u00e4rlh\u00e4lsan.","robots":{"index":"noindex","follow":"follow","max-snippet":"max-snippet:-1","max-image-preview":"max-image-preview:large","max-video-preview":"max-video-preview:-1"},"og_locale":"sv_SE","og_type":"article","og_title":"Metoprolol | Hantera Blodtrycket Effektivt - Transtoyou","og_description":"Uppt\u00e4ck Metoprolol, en beta-blockerare f\u00f6r h\u00f6gt blodtryck, tillg\u00e4nglig p\u00e5 Transtoyou. Minskar belastningen p\u00e5 hj\u00e4rtat och f\u00f6rb\u00e4ttrar hj\u00e4rt-k\u00e4rlh\u00e4lsan.","og_url":"https:\/\/www.transtoyou.com\/sv\/product\/metoprolol\/","og_site_name":"Transtoyou - SV","article_modified_time":"2026-02-26T08:50:36+00:00","twitter_card":"summary_large_image","twitter_misc":{"Ber\u00e4knad l\u00e4stid":"1 minut"},"schema":{"@context":"https:\/\/schema.org","@graph":[{"@type":"WebPage","@id":"https:\/\/www.transtoyou.com\/sv\/product\/metoprolol\/","url":"https:\/\/www.transtoyou.com\/sv\/product\/metoprolol\/","name":"Metoprolol | Hantera Blodtrycket Effektivt - Transtoyou","isPartOf":{"@id":"https:\/\/www.transtoyou.com\/sv\/#website"},"primaryImageOfPage":{"@id":"https:\/\/www.transtoyou.com\/sv\/product\/metoprolol\/#primaryimage"},"image":{"@id":"https:\/\/www.transtoyou.com\/sv\/product\/metoprolol\/#primaryimage"},"thumbnailUrl":"https:\/\/www.transtoyou.com\/sv\/wp-content\/uploads\/sites\/15\/2026\/01\/tty-no-product-image-54.webp","datePublished":"2026-01-23T22:27:03+00:00","dateModified":"2026-02-26T08:50:36+00:00","description":"Uppt\u00e4ck Metoprolol, en beta-blockerare f\u00f6r h\u00f6gt blodtryck, tillg\u00e4nglig p\u00e5 Transtoyou. Minskar belastningen p\u00e5 hj\u00e4rtat och f\u00f6rb\u00e4ttrar hj\u00e4rt-k\u00e4rlh\u00e4lsan.","breadcrumb":{"@id":"https:\/\/www.transtoyou.com\/sv\/product\/metoprolol\/#breadcrumb"},"inLanguage":"sv-SE","potentialAction":[{"@type":"ReadAction","target":["https:\/\/www.transtoyou.com\/sv\/product\/metoprolol\/"]}]},{"@type":"ImageObject","inLanguage":"sv-SE","@id":"https:\/\/www.transtoyou.com\/sv\/product\/metoprolol\/#primaryimage","url":"https:\/\/www.transtoyou.com\/sv\/wp-content\/uploads\/sites\/15\/2026\/01\/tty-no-product-image-54.webp","contentUrl":"https:\/\/www.transtoyou.com\/sv\/wp-content\/uploads\/sites\/15\/2026\/01\/tty-no-product-image-54.webp","width":1000,"height":1000,"caption":"Standard produktbild"},{"@type":"WebSite","@id":"https:\/\/www.transtoyou.com\/sv\/#website","url":"https:\/\/www.transtoyou.com\/sv\/","name":"Transtoyou - SV","description":"","publisher":{"@id":"https:\/\/www.transtoyou.com\/sv\/#organization"},"potentialAction":[{"@type":"SearchAction","target":{"@type":"EntryPoint","urlTemplate":"https:\/\/www.transtoyou.com\/sv\/?s={search_term_string}"},"query-input":{"@type":"PropertyValueSpecification","valueRequired":true,"valueName":"search_term_string"}}],"inLanguage":"sv-SE"},{"@type":"Organization","@id":"https:\/\/www.transtoyou.com\/sv\/#organization","name":"Transtoyou - SV","url":"https:\/\/www.transtoyou.com\/sv\/","logo":{"@type":"ImageObject","inLanguage":"sv-SE","@id":"https:\/\/www.transtoyou.com\/sv\/#\/schema\/logo\/image\/","url":"https:\/\/www.transtoyou.com\/sv\/wp-content\/uploads\/sites\/15\/2026\/01\/logo-tty-menu-bar-300x87-1.webp","contentUrl":"https:\/\/www.transtoyou.com\/sv\/wp-content\/uploads\/sites\/15\/2026\/01\/logo-tty-menu-bar-300x87-1.webp","width":300,"height":87,"caption":"Transtoyou - SV"},"image":{"@id":"https:\/\/www.transtoyou.com\/sv\/#\/schema\/logo\/image\/"}}]}},"_links":{"self":[{"href":"https:\/\/www.transtoyou.com\/sv\/wp-json\/wp\/v2\/product\/643","targetHints":{"allow":["GET"]}}],"collection":[{"href":"https:\/\/www.transtoyou.com\/sv\/wp-json\/wp\/v2\/product"}],"about":[{"href":"https:\/\/www.transtoyou.com\/sv\/wp-json\/wp\/v2\/types\/product"}],"replies":[{"embeddable":true,"href":"https:\/\/www.transtoyou.com\/sv\/wp-json\/wp\/v2\/comments?post=643"}],"wp:featuredmedia":[{"embeddable":true,"href":"https:\/\/www.transtoyou.com\/sv\/wp-json\/wp\/v2\/media\/645"}],"wp:attachment":[{"href":"https:\/\/www.transtoyou.com\/sv\/wp-json\/wp\/v2\/media?parent=643"}],"wp:term":[{"taxonomy":"product_brand","embeddable":true,"href":"https:\/\/www.transtoyou.com\/sv\/wp-json\/wp\/v2\/product_brand?post=643"},{"taxonomy":"product_cat","embeddable":true,"href":"https:\/\/www.transtoyou.com\/sv\/wp-json\/wp\/v2\/product_cat?post=643"},{"taxonomy":"product_tag","embeddable":true,"href":"https:\/\/www.transtoyou.com\/sv\/wp-json\/wp\/v2\/product_tag?post=643"},{"taxonomy":"expert","embeddable":true,"href":"https:\/\/www.transtoyou.com\/sv\/wp-json\/wp\/v2\/expert?post=643"}],"curies":[{"name":"wp","href":"https:\/\/api.w.org\/{rel}","templated":true}]}}