{"id":666,"date":"2026-01-24T00:34:23","date_gmt":"2026-01-24T00:34:23","guid":{"rendered":"https:\/\/www.transtoyou.com\/sv\/product\/noriday\/"},"modified":"2026-01-24T00:35:21","modified_gmt":"2026-01-24T00:35:21","slug":"noriday","status":"publish","type":"product","link":"https:\/\/www.transtoyou.com\/sv\/product\/noriday\/","title":{"rendered":"Noriday"},"content":{"rendered":"<p>Noriday \u00e4r ett gestagenbaserat preventivmedel, som vanligtvis kallas mini-piller. Det inneh\u00e5ller norethisteron, en syntetisk version av hormonet progesteron, och anv\u00e4nds f\u00f6r att f\u00f6rhindra graviditet. Noriday \u00e4r ett \u00f6strogenfritt alternativ, vilket g\u00f6r det l\u00e4mpligt f\u00f6r personer som inte kan eller inte vill ta \u00f6strogenbaserade preventivmedel.<\/p>\n<p>Detta piller fungerar fr\u00e4mst genom att f\u00f6rtjocka livmoderhalsens slem, vilket hj\u00e4lper till att minska sannolikheten f\u00f6r att spermier n\u00e5r \u00e4gget. Det p\u00e5verkar ocks\u00e5 livmoderslemhinnan f\u00f6r att minska risken f\u00f6r implantation. Hos vissa individer kan det \u00e4ven h\u00e4mma \u00e4gglossning, men detta \u00e4r inte dess huvudsakliga verkningsmekanism. Noriday m\u00e5ste tas vid samma tid varje dag, utan pauser mellan f\u00f6rpackningarna.<\/p>\n<p>Noriday kan anses vara l\u00e4mpligt f\u00f6r kvinnor som ammar, \u00e4r \u00f6ver 35 \u00e5r, eller har h\u00e4lsorisker som g\u00f6r kombinerade piller ol\u00e4mpliga. Det kan ocks\u00e5 v\u00e4ljas av personer som s\u00f6ker ett l\u00e5gdos, hormonbaserat preventivmedel. Som med m\u00e5nga mini-piller upplever vissa anv\u00e4ndare f\u00f6r\u00e4ndringar i sitt menstruationsbl\u00f6dningsm\u00f6nster, s\u00e5som fl\u00e4ckbl\u00f6dningar, oregelbundna cykler eller helt avsaknad av menstruation.<\/p>\n<p>F\u00f6r att uppr\u00e4tth\u00e5lla dess effektivitet b\u00f6r Noriday tas inom ett tre timmar l\u00e5ngt f\u00f6nster varje dag. Om det tas senare \u00e4n s\u00e5 kan preventivskyddet minska, och ytterligare preventivmedel rekommenderas under de f\u00f6ljande tv\u00e5 dagarna. Noriday erbjuder ett diskret och p\u00e5litligt alternativ f\u00f6r dem som s\u00f6ker hormonbaserat preventivmedel utan \u00f6strogen n\u00e4r det anv\u00e4nds korrekt.<\/p>\n","protected":false},"excerpt":{"rendered":"<ul>\n<li>\u00d6strogenfri daglig tablett<\/li>\n<li>Tjockar cervikalt slem och f\u00f6r\u00e4ndrar livmoderslemhinnan<\/li>\n<li>F\u00f6redras av personer med \u00f6strogenintolerans<\/li>\n<\/ul>\n","protected":false},"featured_media":668,"comment_status":"open","ping_status":"closed","template":"","meta":[],"product_brand":[],"product_cat":[132],"product_tag":[],"expert":[19],"class_list":{"0":"post-666","1":"product","2":"type-product","3":"status-publish","4":"has-post-thumbnail","6":"product_cat-mini-piller","7":"expert-dr-j-vazquez","9":"first","10":"instock","11":"shipping-taxable","12":"product-type-variable"},"yoast_head":"<!-- This site is optimized with the Yoast SEO plugin v27.0 - https:\/\/yoast.com\/product\/yoast-seo-wordpress\/ -->\n<title>Noriday | \u00d6strogenfri preventivmedelspiller - Transtoyou<\/title>\n<meta name=\"description\" content=\"Noriday mini piller, \u00f6strogenfri preventivmedel, f\u00f6rtjockar livmoderhalsens slem f\u00f6r att f\u00f6rhindra graviditet. K\u00f6p Noriday idag f\u00f6r ett hormonbalanserat val.\" \/>\n<meta name=\"robots\" content=\"noindex, follow, max-snippet:-1, max-image-preview:large, max-video-preview:-1\" \/>\n<meta property=\"og:locale\" content=\"sv_SE\" \/>\n<meta property=\"og:type\" content=\"article\" \/>\n<meta property=\"og:title\" content=\"Noriday | \u00d6strogenfri preventivmedelspiller - Transtoyou\" \/>\n<meta property=\"og:description\" content=\"Noriday mini piller, \u00f6strogenfri preventivmedel, f\u00f6rtjockar livmoderhalsens slem f\u00f6r att f\u00f6rhindra graviditet. K\u00f6p Noriday idag f\u00f6r ett hormonbalanserat val.\" \/>\n<meta property=\"og:url\" content=\"https:\/\/www.transtoyou.com\/sv\/product\/noriday\/\" \/>\n<meta property=\"og:site_name\" content=\"Transtoyou - SV\" \/>\n<meta property=\"article:modified_time\" content=\"2026-01-24T00:35:21+00:00\" \/>\n<meta name=\"twitter:card\" content=\"summary_large_image\" \/>\n<meta name=\"twitter:label1\" content=\"Ber\u00e4knad l\u00e4stid\" \/>\n\t<meta name=\"twitter:data1\" content=\"1 minut\" \/>\n<script type=\"application\/ld+json\" class=\"yoast-schema-graph\">{\"@context\":\"https:\/\/schema.org\",\"@graph\":[{\"@type\":\"WebPage\",\"@id\":\"https:\/\/www.transtoyou.com\/sv\/product\/noriday\/\",\"url\":\"https:\/\/www.transtoyou.com\/sv\/product\/noriday\/\",\"name\":\"Noriday | \u00d6strogenfri preventivmedelspiller - Transtoyou\",\"isPartOf\":{\"@id\":\"https:\/\/www.transtoyou.com\/sv\/#website\"},\"primaryImageOfPage\":{\"@id\":\"https:\/\/www.transtoyou.com\/sv\/product\/noriday\/#primaryimage\"},\"image\":{\"@id\":\"https:\/\/www.transtoyou.com\/sv\/product\/noriday\/#primaryimage\"},\"thumbnailUrl\":\"https:\/\/www.transtoyou.com\/sv\/wp-content\/uploads\/sites\/15\/2026\/01\/tty-no-product-image-62.webp\",\"datePublished\":\"2026-01-24T00:34:23+00:00\",\"dateModified\":\"2026-01-24T00:35:21+00:00\",\"description\":\"Noriday mini piller, \u00f6strogenfri preventivmedel, f\u00f6rtjockar livmoderhalsens slem f\u00f6r att f\u00f6rhindra graviditet. K\u00f6p Noriday idag f\u00f6r ett hormonbalanserat val.\",\"breadcrumb\":{\"@id\":\"https:\/\/www.transtoyou.com\/sv\/product\/noriday\/#breadcrumb\"},\"inLanguage\":\"sv-SE\",\"potentialAction\":[{\"@type\":\"ReadAction\",\"target\":[\"https:\/\/www.transtoyou.com\/sv\/product\/noriday\/\"]}]},{\"@type\":\"ImageObject\",\"inLanguage\":\"sv-SE\",\"@id\":\"https:\/\/www.transtoyou.com\/sv\/product\/noriday\/#primaryimage\",\"url\":\"https:\/\/www.transtoyou.com\/sv\/wp-content\/uploads\/sites\/15\/2026\/01\/tty-no-product-image-62.webp\",\"contentUrl\":\"https:\/\/www.transtoyou.com\/sv\/wp-content\/uploads\/sites\/15\/2026\/01\/tty-no-product-image-62.webp\",\"width\":1000,\"height\":1000,\"caption\":\"Standardproduktbild\"},{\"@type\":\"WebSite\",\"@id\":\"https:\/\/www.transtoyou.com\/sv\/#website\",\"url\":\"https:\/\/www.transtoyou.com\/sv\/\",\"name\":\"Transtoyou - SV\",\"description\":\"\",\"publisher\":{\"@id\":\"https:\/\/www.transtoyou.com\/sv\/#organization\"},\"potentialAction\":[{\"@type\":\"SearchAction\",\"target\":{\"@type\":\"EntryPoint\",\"urlTemplate\":\"https:\/\/www.transtoyou.com\/sv\/?s={search_term_string}\"},\"query-input\":{\"@type\":\"PropertyValueSpecification\",\"valueRequired\":true,\"valueName\":\"search_term_string\"}}],\"inLanguage\":\"sv-SE\"},{\"@type\":\"Organization\",\"@id\":\"https:\/\/www.transtoyou.com\/sv\/#organization\",\"name\":\"Transtoyou - SV\",\"url\":\"https:\/\/www.transtoyou.com\/sv\/\",\"logo\":{\"@type\":\"ImageObject\",\"inLanguage\":\"sv-SE\",\"@id\":\"https:\/\/www.transtoyou.com\/sv\/#\/schema\/logo\/image\/\",\"url\":\"https:\/\/www.transtoyou.com\/sv\/wp-content\/uploads\/sites\/15\/2026\/01\/logo-tty-menu-bar-300x87-1.webp\",\"contentUrl\":\"https:\/\/www.transtoyou.com\/sv\/wp-content\/uploads\/sites\/15\/2026\/01\/logo-tty-menu-bar-300x87-1.webp\",\"width\":300,\"height\":87,\"caption\":\"Transtoyou - SV\"},\"image\":{\"@id\":\"https:\/\/www.transtoyou.com\/sv\/#\/schema\/logo\/image\/\"}}]}<\/script>\n<!-- \/ Yoast SEO plugin. -->","yoast_head_json":{"title":"Noriday | \u00d6strogenfri preventivmedelspiller - Transtoyou","description":"Noriday mini piller, \u00f6strogenfri preventivmedel, f\u00f6rtjockar livmoderhalsens slem f\u00f6r att f\u00f6rhindra graviditet. K\u00f6p Noriday idag f\u00f6r ett hormonbalanserat val.","robots":{"index":"noindex","follow":"follow","max-snippet":"max-snippet:-1","max-image-preview":"max-image-preview:large","max-video-preview":"max-video-preview:-1"},"og_locale":"sv_SE","og_type":"article","og_title":"Noriday | \u00d6strogenfri preventivmedelspiller - Transtoyou","og_description":"Noriday mini piller, \u00f6strogenfri preventivmedel, f\u00f6rtjockar livmoderhalsens slem f\u00f6r att f\u00f6rhindra graviditet. K\u00f6p Noriday idag f\u00f6r ett hormonbalanserat val.","og_url":"https:\/\/www.transtoyou.com\/sv\/product\/noriday\/","og_site_name":"Transtoyou - SV","article_modified_time":"2026-01-24T00:35:21+00:00","twitter_card":"summary_large_image","twitter_misc":{"Ber\u00e4knad l\u00e4stid":"1 minut"},"schema":{"@context":"https:\/\/schema.org","@graph":[{"@type":"WebPage","@id":"https:\/\/www.transtoyou.com\/sv\/product\/noriday\/","url":"https:\/\/www.transtoyou.com\/sv\/product\/noriday\/","name":"Noriday | \u00d6strogenfri preventivmedelspiller - Transtoyou","isPartOf":{"@id":"https:\/\/www.transtoyou.com\/sv\/#website"},"primaryImageOfPage":{"@id":"https:\/\/www.transtoyou.com\/sv\/product\/noriday\/#primaryimage"},"image":{"@id":"https:\/\/www.transtoyou.com\/sv\/product\/noriday\/#primaryimage"},"thumbnailUrl":"https:\/\/www.transtoyou.com\/sv\/wp-content\/uploads\/sites\/15\/2026\/01\/tty-no-product-image-62.webp","datePublished":"2026-01-24T00:34:23+00:00","dateModified":"2026-01-24T00:35:21+00:00","description":"Noriday mini piller, \u00f6strogenfri preventivmedel, f\u00f6rtjockar livmoderhalsens slem f\u00f6r att f\u00f6rhindra graviditet. K\u00f6p Noriday idag f\u00f6r ett hormonbalanserat val.","breadcrumb":{"@id":"https:\/\/www.transtoyou.com\/sv\/product\/noriday\/#breadcrumb"},"inLanguage":"sv-SE","potentialAction":[{"@type":"ReadAction","target":["https:\/\/www.transtoyou.com\/sv\/product\/noriday\/"]}]},{"@type":"ImageObject","inLanguage":"sv-SE","@id":"https:\/\/www.transtoyou.com\/sv\/product\/noriday\/#primaryimage","url":"https:\/\/www.transtoyou.com\/sv\/wp-content\/uploads\/sites\/15\/2026\/01\/tty-no-product-image-62.webp","contentUrl":"https:\/\/www.transtoyou.com\/sv\/wp-content\/uploads\/sites\/15\/2026\/01\/tty-no-product-image-62.webp","width":1000,"height":1000,"caption":"Standardproduktbild"},{"@type":"WebSite","@id":"https:\/\/www.transtoyou.com\/sv\/#website","url":"https:\/\/www.transtoyou.com\/sv\/","name":"Transtoyou - SV","description":"","publisher":{"@id":"https:\/\/www.transtoyou.com\/sv\/#organization"},"potentialAction":[{"@type":"SearchAction","target":{"@type":"EntryPoint","urlTemplate":"https:\/\/www.transtoyou.com\/sv\/?s={search_term_string}"},"query-input":{"@type":"PropertyValueSpecification","valueRequired":true,"valueName":"search_term_string"}}],"inLanguage":"sv-SE"},{"@type":"Organization","@id":"https:\/\/www.transtoyou.com\/sv\/#organization","name":"Transtoyou - SV","url":"https:\/\/www.transtoyou.com\/sv\/","logo":{"@type":"ImageObject","inLanguage":"sv-SE","@id":"https:\/\/www.transtoyou.com\/sv\/#\/schema\/logo\/image\/","url":"https:\/\/www.transtoyou.com\/sv\/wp-content\/uploads\/sites\/15\/2026\/01\/logo-tty-menu-bar-300x87-1.webp","contentUrl":"https:\/\/www.transtoyou.com\/sv\/wp-content\/uploads\/sites\/15\/2026\/01\/logo-tty-menu-bar-300x87-1.webp","width":300,"height":87,"caption":"Transtoyou - SV"},"image":{"@id":"https:\/\/www.transtoyou.com\/sv\/#\/schema\/logo\/image\/"}}]}},"_links":{"self":[{"href":"https:\/\/www.transtoyou.com\/sv\/wp-json\/wp\/v2\/product\/666","targetHints":{"allow":["GET"]}}],"collection":[{"href":"https:\/\/www.transtoyou.com\/sv\/wp-json\/wp\/v2\/product"}],"about":[{"href":"https:\/\/www.transtoyou.com\/sv\/wp-json\/wp\/v2\/types\/product"}],"replies":[{"embeddable":true,"href":"https:\/\/www.transtoyou.com\/sv\/wp-json\/wp\/v2\/comments?post=666"}],"wp:featuredmedia":[{"embeddable":true,"href":"https:\/\/www.transtoyou.com\/sv\/wp-json\/wp\/v2\/media\/668"}],"wp:attachment":[{"href":"https:\/\/www.transtoyou.com\/sv\/wp-json\/wp\/v2\/media?parent=666"}],"wp:term":[{"taxonomy":"product_brand","embeddable":true,"href":"https:\/\/www.transtoyou.com\/sv\/wp-json\/wp\/v2\/product_brand?post=666"},{"taxonomy":"product_cat","embeddable":true,"href":"https:\/\/www.transtoyou.com\/sv\/wp-json\/wp\/v2\/product_cat?post=666"},{"taxonomy":"product_tag","embeddable":true,"href":"https:\/\/www.transtoyou.com\/sv\/wp-json\/wp\/v2\/product_tag?post=666"},{"taxonomy":"expert","embeddable":true,"href":"https:\/\/www.transtoyou.com\/sv\/wp-json\/wp\/v2\/expert?post=666"}],"curies":[{"name":"wp","href":"https:\/\/api.w.org\/{rel}","templated":true}]}}