{"id":669,"date":"2026-01-24T00:48:23","date_gmt":"2026-01-24T00:48:23","guid":{"rendered":"https:\/\/www.transtoyou.com\/sv\/product\/gabapentin\/"},"modified":"2026-01-24T00:49:18","modified_gmt":"2026-01-24T00:49:18","slug":"gabapentin","status":"publish","type":"product","link":"https:\/\/www.transtoyou.com\/sv\/product\/gabapentin\/","title":{"rendered":"Gabapentin"},"content":{"rendered":"<p>Gabapentin \u00e4r en medicin som anv\u00e4nds f\u00f6r att hantera nervsm\u00e4rta och fibromyalgi under medicinsk \u00f6vervakning. Den ordineras ocks\u00e5 f\u00f6r partiella anfall vid epilepsi, men \u00e4r allm\u00e4nt f\u00f6rskriven f\u00f6r sin f\u00f6rm\u00e5ga att lugna nervsignaler som orsakar kronisk sm\u00e4rta. Gabapentin p\u00e5verkar kemikalier och nerver i kroppen som bidrar till sm\u00e4rtk\u00e4nslan, s\u00e4rskilt n\u00e4r den h\u00e4rstammar fr\u00e5n nervskador eller dysfunktion.<\/p>\n<p>Gabapentin har visat sig vara effektivt vid behandling av tillst\u00e5nd som diabetisk nervsm\u00e4rta, postherpetisk neuralgi efter b\u00e4ltros och utbredd sm\u00e4rta relaterad till fibromyalgi. Det \u00e4r inte ett opioid och fungerar inte p\u00e5 samma s\u00e4tt som traditionella sm\u00e4rtstillande medel. Ist\u00e4llet hj\u00e4lper det till att minska k\u00e4nsligheten i nervsystemet f\u00f6r sm\u00e4rtsignaler \u00f6ver tid.<\/p>\n<p>Medicineringen tas via munnen, vanligtvis i form av tabletter eller kapslar, och dosen \u00f6kas gradvis f\u00f6r att minimera biverkningar samtidigt som \u00f6nskad sm\u00e4rtkontroll uppn\u00e5s. Gabapentin tolereras generellt v\u00e4l, \u00e4ven om vissa anv\u00e4ndare upplever yrsel, tr\u00f6tthet eller mild f\u00f6rvirring under den initiala behandlingsfasen. Dessa symtom avtar vanligtvis n\u00e4r kroppen anpassar sig.<\/p>\n<p>Gabapentin kan erbjuda betydande lindring f\u00f6r individer som hanterar ih\u00e5llande nervrelaterad obehag och \u00e4r ofta en del av en bredare behandlingsplan som kan inkludera fysioterapi eller livsstilsjusteringar.<\/p>\n","protected":false},"excerpt":{"rendered":"<ul>\n<li>Icke-opioid behandling f\u00f6r nervsm\u00e4rta<\/li>\n<li>Vanligt anv\u00e4nd f\u00f6r fibromyalgi och neuropati<\/li>\n<li>Oral medicin med justerbar dosering<\/li>\n<\/ul>\n","protected":false},"featured_media":671,"comment_status":"open","ping_status":"closed","template":"","meta":[],"product_brand":[],"product_cat":[102,133],"product_tag":[],"expert":[],"class_list":{"0":"post-669","1":"product","2":"type-product","3":"status-publish","4":"has-post-thumbnail","6":"product_cat-fibromyalgi","7":"product_cat-nervsmarta","9":"first","10":"instock","11":"shipping-taxable","12":"product-type-variable"},"yoast_head":"<!-- This site is optimized with the Yoast SEO plugin v27.0 - https:\/\/yoast.com\/product\/yoast-seo-wordpress\/ -->\n<title>Gabapentin | Effektiv Sm\u00e4rtlindring - Transtoyou<\/title>\n<meta name=\"description\" content=\"Gabapentin finns h\u00e4r f\u00f6r lindring av nervsm\u00e4rta. Handla nu p\u00e5 Transtoyou f\u00f6r kvalitativa h\u00e4lsol\u00f6sningar och effektiv symptomhantering.\" \/>\n<meta name=\"robots\" content=\"noindex, follow, max-snippet:-1, max-image-preview:large, max-video-preview:-1\" \/>\n<meta property=\"og:locale\" content=\"sv_SE\" \/>\n<meta property=\"og:type\" content=\"article\" \/>\n<meta property=\"og:title\" content=\"Gabapentin | Effektiv Sm\u00e4rtlindring - Transtoyou\" \/>\n<meta property=\"og:description\" content=\"Gabapentin finns h\u00e4r f\u00f6r lindring av nervsm\u00e4rta. Handla nu p\u00e5 Transtoyou f\u00f6r kvalitativa h\u00e4lsol\u00f6sningar och effektiv symptomhantering.\" \/>\n<meta property=\"og:url\" content=\"https:\/\/www.transtoyou.com\/sv\/product\/gabapentin\/\" \/>\n<meta property=\"og:site_name\" content=\"Transtoyou - SV\" \/>\n<meta property=\"article:modified_time\" content=\"2026-01-24T00:49:18+00:00\" \/>\n<meta name=\"twitter:card\" content=\"summary_large_image\" \/>\n<meta name=\"twitter:label1\" content=\"Ber\u00e4knad l\u00e4stid\" \/>\n\t<meta name=\"twitter:data1\" content=\"1 minut\" \/>\n<script type=\"application\/ld+json\" class=\"yoast-schema-graph\">{\"@context\":\"https:\/\/schema.org\",\"@graph\":[{\"@type\":\"WebPage\",\"@id\":\"https:\/\/www.transtoyou.com\/sv\/product\/gabapentin\/\",\"url\":\"https:\/\/www.transtoyou.com\/sv\/product\/gabapentin\/\",\"name\":\"Gabapentin | Effektiv Sm\u00e4rtlindring - Transtoyou\",\"isPartOf\":{\"@id\":\"https:\/\/www.transtoyou.com\/sv\/#website\"},\"primaryImageOfPage\":{\"@id\":\"https:\/\/www.transtoyou.com\/sv\/product\/gabapentin\/#primaryimage\"},\"image\":{\"@id\":\"https:\/\/www.transtoyou.com\/sv\/product\/gabapentin\/#primaryimage\"},\"thumbnailUrl\":\"https:\/\/www.transtoyou.com\/sv\/wp-content\/uploads\/sites\/15\/2026\/01\/tty-no-product-image-63.webp\",\"datePublished\":\"2026-01-24T00:48:23+00:00\",\"dateModified\":\"2026-01-24T00:49:18+00:00\",\"description\":\"Gabapentin finns h\u00e4r f\u00f6r lindring av nervsm\u00e4rta. Handla nu p\u00e5 Transtoyou f\u00f6r kvalitativa h\u00e4lsol\u00f6sningar och effektiv symptomhantering.\",\"breadcrumb\":{\"@id\":\"https:\/\/www.transtoyou.com\/sv\/product\/gabapentin\/#breadcrumb\"},\"inLanguage\":\"sv-SE\",\"potentialAction\":[{\"@type\":\"ReadAction\",\"target\":[\"https:\/\/www.transtoyou.com\/sv\/product\/gabapentin\/\"]}]},{\"@type\":\"ImageObject\",\"inLanguage\":\"sv-SE\",\"@id\":\"https:\/\/www.transtoyou.com\/sv\/product\/gabapentin\/#primaryimage\",\"url\":\"https:\/\/www.transtoyou.com\/sv\/wp-content\/uploads\/sites\/15\/2026\/01\/tty-no-product-image-63.webp\",\"contentUrl\":\"https:\/\/www.transtoyou.com\/sv\/wp-content\/uploads\/sites\/15\/2026\/01\/tty-no-product-image-63.webp\",\"width\":1000,\"height\":1000,\"caption\":\"Standard produktbild\"},{\"@type\":\"WebSite\",\"@id\":\"https:\/\/www.transtoyou.com\/sv\/#website\",\"url\":\"https:\/\/www.transtoyou.com\/sv\/\",\"name\":\"Transtoyou - SV\",\"description\":\"\",\"publisher\":{\"@id\":\"https:\/\/www.transtoyou.com\/sv\/#organization\"},\"potentialAction\":[{\"@type\":\"SearchAction\",\"target\":{\"@type\":\"EntryPoint\",\"urlTemplate\":\"https:\/\/www.transtoyou.com\/sv\/?s={search_term_string}\"},\"query-input\":{\"@type\":\"PropertyValueSpecification\",\"valueRequired\":true,\"valueName\":\"search_term_string\"}}],\"inLanguage\":\"sv-SE\"},{\"@type\":\"Organization\",\"@id\":\"https:\/\/www.transtoyou.com\/sv\/#organization\",\"name\":\"Transtoyou - SV\",\"url\":\"https:\/\/www.transtoyou.com\/sv\/\",\"logo\":{\"@type\":\"ImageObject\",\"inLanguage\":\"sv-SE\",\"@id\":\"https:\/\/www.transtoyou.com\/sv\/#\/schema\/logo\/image\/\",\"url\":\"https:\/\/www.transtoyou.com\/sv\/wp-content\/uploads\/sites\/15\/2026\/01\/logo-tty-menu-bar-300x87-1.webp\",\"contentUrl\":\"https:\/\/www.transtoyou.com\/sv\/wp-content\/uploads\/sites\/15\/2026\/01\/logo-tty-menu-bar-300x87-1.webp\",\"width\":300,\"height\":87,\"caption\":\"Transtoyou - SV\"},\"image\":{\"@id\":\"https:\/\/www.transtoyou.com\/sv\/#\/schema\/logo\/image\/\"}}]}<\/script>\n<!-- \/ Yoast SEO plugin. -->","yoast_head_json":{"title":"Gabapentin | Effektiv Sm\u00e4rtlindring - Transtoyou","description":"Gabapentin finns h\u00e4r f\u00f6r lindring av nervsm\u00e4rta. Handla nu p\u00e5 Transtoyou f\u00f6r kvalitativa h\u00e4lsol\u00f6sningar och effektiv symptomhantering.","robots":{"index":"noindex","follow":"follow","max-snippet":"max-snippet:-1","max-image-preview":"max-image-preview:large","max-video-preview":"max-video-preview:-1"},"og_locale":"sv_SE","og_type":"article","og_title":"Gabapentin | Effektiv Sm\u00e4rtlindring - Transtoyou","og_description":"Gabapentin finns h\u00e4r f\u00f6r lindring av nervsm\u00e4rta. Handla nu p\u00e5 Transtoyou f\u00f6r kvalitativa h\u00e4lsol\u00f6sningar och effektiv symptomhantering.","og_url":"https:\/\/www.transtoyou.com\/sv\/product\/gabapentin\/","og_site_name":"Transtoyou - SV","article_modified_time":"2026-01-24T00:49:18+00:00","twitter_card":"summary_large_image","twitter_misc":{"Ber\u00e4knad l\u00e4stid":"1 minut"},"schema":{"@context":"https:\/\/schema.org","@graph":[{"@type":"WebPage","@id":"https:\/\/www.transtoyou.com\/sv\/product\/gabapentin\/","url":"https:\/\/www.transtoyou.com\/sv\/product\/gabapentin\/","name":"Gabapentin | Effektiv Sm\u00e4rtlindring - Transtoyou","isPartOf":{"@id":"https:\/\/www.transtoyou.com\/sv\/#website"},"primaryImageOfPage":{"@id":"https:\/\/www.transtoyou.com\/sv\/product\/gabapentin\/#primaryimage"},"image":{"@id":"https:\/\/www.transtoyou.com\/sv\/product\/gabapentin\/#primaryimage"},"thumbnailUrl":"https:\/\/www.transtoyou.com\/sv\/wp-content\/uploads\/sites\/15\/2026\/01\/tty-no-product-image-63.webp","datePublished":"2026-01-24T00:48:23+00:00","dateModified":"2026-01-24T00:49:18+00:00","description":"Gabapentin finns h\u00e4r f\u00f6r lindring av nervsm\u00e4rta. Handla nu p\u00e5 Transtoyou f\u00f6r kvalitativa h\u00e4lsol\u00f6sningar och effektiv symptomhantering.","breadcrumb":{"@id":"https:\/\/www.transtoyou.com\/sv\/product\/gabapentin\/#breadcrumb"},"inLanguage":"sv-SE","potentialAction":[{"@type":"ReadAction","target":["https:\/\/www.transtoyou.com\/sv\/product\/gabapentin\/"]}]},{"@type":"ImageObject","inLanguage":"sv-SE","@id":"https:\/\/www.transtoyou.com\/sv\/product\/gabapentin\/#primaryimage","url":"https:\/\/www.transtoyou.com\/sv\/wp-content\/uploads\/sites\/15\/2026\/01\/tty-no-product-image-63.webp","contentUrl":"https:\/\/www.transtoyou.com\/sv\/wp-content\/uploads\/sites\/15\/2026\/01\/tty-no-product-image-63.webp","width":1000,"height":1000,"caption":"Standard produktbild"},{"@type":"WebSite","@id":"https:\/\/www.transtoyou.com\/sv\/#website","url":"https:\/\/www.transtoyou.com\/sv\/","name":"Transtoyou - SV","description":"","publisher":{"@id":"https:\/\/www.transtoyou.com\/sv\/#organization"},"potentialAction":[{"@type":"SearchAction","target":{"@type":"EntryPoint","urlTemplate":"https:\/\/www.transtoyou.com\/sv\/?s={search_term_string}"},"query-input":{"@type":"PropertyValueSpecification","valueRequired":true,"valueName":"search_term_string"}}],"inLanguage":"sv-SE"},{"@type":"Organization","@id":"https:\/\/www.transtoyou.com\/sv\/#organization","name":"Transtoyou - SV","url":"https:\/\/www.transtoyou.com\/sv\/","logo":{"@type":"ImageObject","inLanguage":"sv-SE","@id":"https:\/\/www.transtoyou.com\/sv\/#\/schema\/logo\/image\/","url":"https:\/\/www.transtoyou.com\/sv\/wp-content\/uploads\/sites\/15\/2026\/01\/logo-tty-menu-bar-300x87-1.webp","contentUrl":"https:\/\/www.transtoyou.com\/sv\/wp-content\/uploads\/sites\/15\/2026\/01\/logo-tty-menu-bar-300x87-1.webp","width":300,"height":87,"caption":"Transtoyou - SV"},"image":{"@id":"https:\/\/www.transtoyou.com\/sv\/#\/schema\/logo\/image\/"}}]}},"_links":{"self":[{"href":"https:\/\/www.transtoyou.com\/sv\/wp-json\/wp\/v2\/product\/669","targetHints":{"allow":["GET"]}}],"collection":[{"href":"https:\/\/www.transtoyou.com\/sv\/wp-json\/wp\/v2\/product"}],"about":[{"href":"https:\/\/www.transtoyou.com\/sv\/wp-json\/wp\/v2\/types\/product"}],"replies":[{"embeddable":true,"href":"https:\/\/www.transtoyou.com\/sv\/wp-json\/wp\/v2\/comments?post=669"}],"wp:featuredmedia":[{"embeddable":true,"href":"https:\/\/www.transtoyou.com\/sv\/wp-json\/wp\/v2\/media\/671"}],"wp:attachment":[{"href":"https:\/\/www.transtoyou.com\/sv\/wp-json\/wp\/v2\/media?parent=669"}],"wp:term":[{"taxonomy":"product_brand","embeddable":true,"href":"https:\/\/www.transtoyou.com\/sv\/wp-json\/wp\/v2\/product_brand?post=669"},{"taxonomy":"product_cat","embeddable":true,"href":"https:\/\/www.transtoyou.com\/sv\/wp-json\/wp\/v2\/product_cat?post=669"},{"taxonomy":"product_tag","embeddable":true,"href":"https:\/\/www.transtoyou.com\/sv\/wp-json\/wp\/v2\/product_tag?post=669"},{"taxonomy":"expert","embeddable":true,"href":"https:\/\/www.transtoyou.com\/sv\/wp-json\/wp\/v2\/expert?post=669"}],"curies":[{"name":"wp","href":"https:\/\/api.w.org\/{rel}","templated":true}]}}