{"id":672,"date":"2026-01-24T01:02:12","date_gmt":"2026-01-24T01:02:12","guid":{"rendered":"https:\/\/www.transtoyou.com\/sv\/product\/lyrica\/"},"modified":"2026-02-25T07:19:05","modified_gmt":"2026-02-25T07:19:05","slug":"lyrica","status":"publish","type":"product","link":"https:\/\/www.transtoyou.com\/sv\/product\/lyrica\/","title":{"rendered":"Lyrica"},"content":{"rendered":"<p>Lyrica, \u00e4ven k\u00e4nd under sitt generiska namn pregabalin, \u00e4r en receptbelagd medicin som anv\u00e4nds f\u00f6r att behandla nervsm\u00e4rta och fibromyalgi. Den \u00e4r ocks\u00e5 godk\u00e4nd f\u00f6r anv\u00e4ndning vid generaliserat \u00e5ngestsyndrom och som till\u00e4ggsterapi f\u00f6r partiella anfall. Lyrica verkar genom att lugna \u00f6veraktiva nervsignaler i hj\u00e4rnan och ryggm\u00e4rgen som orsakar kronisk sm\u00e4rta, k\u00e4nslighet eller onormala k\u00e4nslor.<\/p>\n<p>Den ordineras ofta f\u00f6r nervsm\u00e4rta kopplad till diabetes, b\u00e4ltros (postherpetisk neuralgi) eller ryggm\u00e4rgsskada. Vid fibromyalgi kan den hj\u00e4lpa till att lindra utbredd sm\u00e4rta, muskel\u00f6mhet och tr\u00f6tthet. Till skillnad fr\u00e5n opioider verkar Lyrica inte direkt p\u00e5 sm\u00e4rtreceptorer utan modulerar ist\u00e4llet kalciumkanaler i nervsystemet f\u00f6r att minska \u00f6verdriven nervaktivitet.<\/p>\n<p>Lyrica tas oralt, vanligtvis tv\u00e5 g\u00e5nger om dagen, och doserna justeras gradvis f\u00f6r att balansera effektivitet och tolerabilitet. De flesta anv\u00e4ndare b\u00f6rjar k\u00e4nna viss lindring inom den f\u00f6rsta veckan, \u00e4ven om det kan ta flera veckor f\u00f6r full nytta. N\u00e5gra vanliga biverkningar inkluderar yrsel, s\u00f6mnighet, svullnad eller torr mun. Dessa effekter f\u00f6rb\u00e4ttras ofta n\u00e4r kroppen anpassar sig till medicinen.<\/p>\n","protected":false},"excerpt":{"rendered":"<ul>\n<li>M\u00e5lmedveten lindring f\u00f6r nervsm\u00e4rta och fibromyalgi<\/li>\n<li>Modulerar nervsignaler f\u00f6r att minska obehag<\/li>\n<li>Icke-opioid, oral behandling som tas regelbundet<\/li>\n<\/ul>\n","protected":false},"featured_media":674,"comment_status":"open","ping_status":"closed","template":"","meta":[],"product_brand":[],"product_cat":[102,133],"product_tag":[],"expert":[19],"class_list":{"0":"post-672","1":"product","2":"type-product","3":"status-publish","4":"has-post-thumbnail","6":"product_cat-fibromyalgi","7":"product_cat-nervsmarta","8":"expert-dr-j-vazquez","10":"first","11":"instock","12":"shipping-taxable","13":"product-type-variable"},"yoast_head":"<!-- This site is optimized with the Yoast SEO plugin v27.0 - https:\/\/yoast.com\/product\/yoast-seo-wordpress\/ -->\n<title>Lyrica | Medicin mot nervsm\u00e4rta &amp; fibromyalgi - Transtoyou<\/title>\n<meta name=\"description\" content=\"Lyrica lindrar nervsm\u00e4rta, fibromyalgi och \u00e5ngest. Uppt\u00e4ck f\u00f6rdelarna idag p\u00e5 Transtoyou, d\u00e4r expertv\u00e5rd m\u00f6ter bekv\u00e4mlighet.\" \/>\n<meta name=\"robots\" content=\"noindex, follow, max-snippet:-1, max-image-preview:large, max-video-preview:-1\" \/>\n<meta property=\"og:locale\" content=\"sv_SE\" \/>\n<meta property=\"og:type\" content=\"article\" \/>\n<meta property=\"og:title\" content=\"Lyrica | Medicin mot nervsm\u00e4rta &amp; fibromyalgi - Transtoyou\" \/>\n<meta property=\"og:description\" content=\"Lyrica lindrar nervsm\u00e4rta, fibromyalgi och \u00e5ngest. Uppt\u00e4ck f\u00f6rdelarna idag p\u00e5 Transtoyou, d\u00e4r expertv\u00e5rd m\u00f6ter bekv\u00e4mlighet.\" \/>\n<meta property=\"og:url\" content=\"https:\/\/www.transtoyou.com\/sv\/product\/lyrica\/\" \/>\n<meta property=\"og:site_name\" content=\"Transtoyou - SV\" \/>\n<meta property=\"article:modified_time\" content=\"2026-02-25T07:19:05+00:00\" \/>\n<meta name=\"twitter:card\" content=\"summary_large_image\" \/>\n<meta name=\"twitter:label1\" content=\"Ber\u00e4knad l\u00e4stid\" \/>\n\t<meta name=\"twitter:data1\" content=\"1 minut\" \/>\n<script type=\"application\/ld+json\" class=\"yoast-schema-graph\">{\"@context\":\"https:\/\/schema.org\",\"@graph\":[{\"@type\":\"WebPage\",\"@id\":\"https:\/\/www.transtoyou.com\/sv\/product\/lyrica\/\",\"url\":\"https:\/\/www.transtoyou.com\/sv\/product\/lyrica\/\",\"name\":\"Lyrica | Medicin mot nervsm\u00e4rta & fibromyalgi - Transtoyou\",\"isPartOf\":{\"@id\":\"https:\/\/www.transtoyou.com\/sv\/#website\"},\"primaryImageOfPage\":{\"@id\":\"https:\/\/www.transtoyou.com\/sv\/product\/lyrica\/#primaryimage\"},\"image\":{\"@id\":\"https:\/\/www.transtoyou.com\/sv\/product\/lyrica\/#primaryimage\"},\"thumbnailUrl\":\"https:\/\/www.transtoyou.com\/sv\/wp-content\/uploads\/sites\/15\/2026\/01\/tty-no-product-image-64.webp\",\"datePublished\":\"2026-01-24T01:02:12+00:00\",\"dateModified\":\"2026-02-25T07:19:05+00:00\",\"description\":\"Lyrica lindrar nervsm\u00e4rta, fibromyalgi och \u00e5ngest. Uppt\u00e4ck f\u00f6rdelarna idag p\u00e5 Transtoyou, d\u00e4r expertv\u00e5rd m\u00f6ter bekv\u00e4mlighet.\",\"breadcrumb\":{\"@id\":\"https:\/\/www.transtoyou.com\/sv\/product\/lyrica\/#breadcrumb\"},\"inLanguage\":\"sv-SE\",\"potentialAction\":[{\"@type\":\"ReadAction\",\"target\":[\"https:\/\/www.transtoyou.com\/sv\/product\/lyrica\/\"]}]},{\"@type\":\"ImageObject\",\"inLanguage\":\"sv-SE\",\"@id\":\"https:\/\/www.transtoyou.com\/sv\/product\/lyrica\/#primaryimage\",\"url\":\"https:\/\/www.transtoyou.com\/sv\/wp-content\/uploads\/sites\/15\/2026\/01\/tty-no-product-image-64.webp\",\"contentUrl\":\"https:\/\/www.transtoyou.com\/sv\/wp-content\/uploads\/sites\/15\/2026\/01\/tty-no-product-image-64.webp\",\"width\":1000,\"height\":1000,\"caption\":\"Standardproduktbild\"},{\"@type\":\"WebSite\",\"@id\":\"https:\/\/www.transtoyou.com\/sv\/#website\",\"url\":\"https:\/\/www.transtoyou.com\/sv\/\",\"name\":\"Transtoyou - SV\",\"description\":\"\",\"publisher\":{\"@id\":\"https:\/\/www.transtoyou.com\/sv\/#organization\"},\"potentialAction\":[{\"@type\":\"SearchAction\",\"target\":{\"@type\":\"EntryPoint\",\"urlTemplate\":\"https:\/\/www.transtoyou.com\/sv\/?s={search_term_string}\"},\"query-input\":{\"@type\":\"PropertyValueSpecification\",\"valueRequired\":true,\"valueName\":\"search_term_string\"}}],\"inLanguage\":\"sv-SE\"},{\"@type\":\"Organization\",\"@id\":\"https:\/\/www.transtoyou.com\/sv\/#organization\",\"name\":\"Transtoyou - SV\",\"url\":\"https:\/\/www.transtoyou.com\/sv\/\",\"logo\":{\"@type\":\"ImageObject\",\"inLanguage\":\"sv-SE\",\"@id\":\"https:\/\/www.transtoyou.com\/sv\/#\/schema\/logo\/image\/\",\"url\":\"https:\/\/www.transtoyou.com\/sv\/wp-content\/uploads\/sites\/15\/2026\/01\/logo-tty-menu-bar-300x87-1.webp\",\"contentUrl\":\"https:\/\/www.transtoyou.com\/sv\/wp-content\/uploads\/sites\/15\/2026\/01\/logo-tty-menu-bar-300x87-1.webp\",\"width\":300,\"height\":87,\"caption\":\"Transtoyou - SV\"},\"image\":{\"@id\":\"https:\/\/www.transtoyou.com\/sv\/#\/schema\/logo\/image\/\"}}]}<\/script>\n<!-- \/ Yoast SEO plugin. -->","yoast_head_json":{"title":"Lyrica | Medicin mot nervsm\u00e4rta & fibromyalgi - Transtoyou","description":"Lyrica lindrar nervsm\u00e4rta, fibromyalgi och \u00e5ngest. Uppt\u00e4ck f\u00f6rdelarna idag p\u00e5 Transtoyou, d\u00e4r expertv\u00e5rd m\u00f6ter bekv\u00e4mlighet.","robots":{"index":"noindex","follow":"follow","max-snippet":"max-snippet:-1","max-image-preview":"max-image-preview:large","max-video-preview":"max-video-preview:-1"},"og_locale":"sv_SE","og_type":"article","og_title":"Lyrica | Medicin mot nervsm\u00e4rta & fibromyalgi - Transtoyou","og_description":"Lyrica lindrar nervsm\u00e4rta, fibromyalgi och \u00e5ngest. Uppt\u00e4ck f\u00f6rdelarna idag p\u00e5 Transtoyou, d\u00e4r expertv\u00e5rd m\u00f6ter bekv\u00e4mlighet.","og_url":"https:\/\/www.transtoyou.com\/sv\/product\/lyrica\/","og_site_name":"Transtoyou - SV","article_modified_time":"2026-02-25T07:19:05+00:00","twitter_card":"summary_large_image","twitter_misc":{"Ber\u00e4knad l\u00e4stid":"1 minut"},"schema":{"@context":"https:\/\/schema.org","@graph":[{"@type":"WebPage","@id":"https:\/\/www.transtoyou.com\/sv\/product\/lyrica\/","url":"https:\/\/www.transtoyou.com\/sv\/product\/lyrica\/","name":"Lyrica | Medicin mot nervsm\u00e4rta & fibromyalgi - Transtoyou","isPartOf":{"@id":"https:\/\/www.transtoyou.com\/sv\/#website"},"primaryImageOfPage":{"@id":"https:\/\/www.transtoyou.com\/sv\/product\/lyrica\/#primaryimage"},"image":{"@id":"https:\/\/www.transtoyou.com\/sv\/product\/lyrica\/#primaryimage"},"thumbnailUrl":"https:\/\/www.transtoyou.com\/sv\/wp-content\/uploads\/sites\/15\/2026\/01\/tty-no-product-image-64.webp","datePublished":"2026-01-24T01:02:12+00:00","dateModified":"2026-02-25T07:19:05+00:00","description":"Lyrica lindrar nervsm\u00e4rta, fibromyalgi och \u00e5ngest. Uppt\u00e4ck f\u00f6rdelarna idag p\u00e5 Transtoyou, d\u00e4r expertv\u00e5rd m\u00f6ter bekv\u00e4mlighet.","breadcrumb":{"@id":"https:\/\/www.transtoyou.com\/sv\/product\/lyrica\/#breadcrumb"},"inLanguage":"sv-SE","potentialAction":[{"@type":"ReadAction","target":["https:\/\/www.transtoyou.com\/sv\/product\/lyrica\/"]}]},{"@type":"ImageObject","inLanguage":"sv-SE","@id":"https:\/\/www.transtoyou.com\/sv\/product\/lyrica\/#primaryimage","url":"https:\/\/www.transtoyou.com\/sv\/wp-content\/uploads\/sites\/15\/2026\/01\/tty-no-product-image-64.webp","contentUrl":"https:\/\/www.transtoyou.com\/sv\/wp-content\/uploads\/sites\/15\/2026\/01\/tty-no-product-image-64.webp","width":1000,"height":1000,"caption":"Standardproduktbild"},{"@type":"WebSite","@id":"https:\/\/www.transtoyou.com\/sv\/#website","url":"https:\/\/www.transtoyou.com\/sv\/","name":"Transtoyou - SV","description":"","publisher":{"@id":"https:\/\/www.transtoyou.com\/sv\/#organization"},"potentialAction":[{"@type":"SearchAction","target":{"@type":"EntryPoint","urlTemplate":"https:\/\/www.transtoyou.com\/sv\/?s={search_term_string}"},"query-input":{"@type":"PropertyValueSpecification","valueRequired":true,"valueName":"search_term_string"}}],"inLanguage":"sv-SE"},{"@type":"Organization","@id":"https:\/\/www.transtoyou.com\/sv\/#organization","name":"Transtoyou - SV","url":"https:\/\/www.transtoyou.com\/sv\/","logo":{"@type":"ImageObject","inLanguage":"sv-SE","@id":"https:\/\/www.transtoyou.com\/sv\/#\/schema\/logo\/image\/","url":"https:\/\/www.transtoyou.com\/sv\/wp-content\/uploads\/sites\/15\/2026\/01\/logo-tty-menu-bar-300x87-1.webp","contentUrl":"https:\/\/www.transtoyou.com\/sv\/wp-content\/uploads\/sites\/15\/2026\/01\/logo-tty-menu-bar-300x87-1.webp","width":300,"height":87,"caption":"Transtoyou - SV"},"image":{"@id":"https:\/\/www.transtoyou.com\/sv\/#\/schema\/logo\/image\/"}}]}},"_links":{"self":[{"href":"https:\/\/www.transtoyou.com\/sv\/wp-json\/wp\/v2\/product\/672","targetHints":{"allow":["GET"]}}],"collection":[{"href":"https:\/\/www.transtoyou.com\/sv\/wp-json\/wp\/v2\/product"}],"about":[{"href":"https:\/\/www.transtoyou.com\/sv\/wp-json\/wp\/v2\/types\/product"}],"replies":[{"embeddable":true,"href":"https:\/\/www.transtoyou.com\/sv\/wp-json\/wp\/v2\/comments?post=672"}],"wp:featuredmedia":[{"embeddable":true,"href":"https:\/\/www.transtoyou.com\/sv\/wp-json\/wp\/v2\/media\/674"}],"wp:attachment":[{"href":"https:\/\/www.transtoyou.com\/sv\/wp-json\/wp\/v2\/media?parent=672"}],"wp:term":[{"taxonomy":"product_brand","embeddable":true,"href":"https:\/\/www.transtoyou.com\/sv\/wp-json\/wp\/v2\/product_brand?post=672"},{"taxonomy":"product_cat","embeddable":true,"href":"https:\/\/www.transtoyou.com\/sv\/wp-json\/wp\/v2\/product_cat?post=672"},{"taxonomy":"product_tag","embeddable":true,"href":"https:\/\/www.transtoyou.com\/sv\/wp-json\/wp\/v2\/product_tag?post=672"},{"taxonomy":"expert","embeddable":true,"href":"https:\/\/www.transtoyou.com\/sv\/wp-json\/wp\/v2\/expert?post=672"}],"curies":[{"name":"wp","href":"https:\/\/api.w.org\/{rel}","templated":true}]}}