{"id":684,"date":"2026-01-24T01:57:12","date_gmt":"2026-01-24T01:57:12","guid":{"rendered":"https:\/\/www.transtoyou.com\/sv\/product\/avodart\/"},"modified":"2026-01-24T01:58:04","modified_gmt":"2026-01-24T01:58:04","slug":"avodart","status":"publish","type":"product","link":"https:\/\/www.transtoyou.com\/sv\/product\/avodart\/","title":{"rendered":"Avodart"},"content":{"rendered":"<p>Avodart inneh\u00e5ller dutasterid, en medicin som anv\u00e4nds f\u00f6r att behandla benign prostatahyperplasi, ett tillst\u00e5nd som vanligtvis kallas f\u00f6r f\u00f6rstorad prostata. Detta tillst\u00e5nd p\u00e5verkar m\u00e5nga m\u00e4n i takt med att de blir \u00e4ldre och kan leda till urinv\u00e4gssymtom som frekvent urinering, sv\u00e5righeter att p\u00e5b\u00f6rja eller stoppa fl\u00f6det och svag str\u00e5le. Avodart verkar genom att krympa prostatan \u00f6ver tid, vilket hj\u00e4lper till att lindra dessa symtom och f\u00f6rb\u00e4ttra urinfl\u00f6det.<\/p>\n<p>Dutasterid tillh\u00f6r en klass av l\u00e4kemedel som kallas 5-alfa-reduktash\u00e4mmare. Det minskar niv\u00e5erna av dihydrotestosteron, ett hormon som f\u00e5r prostatan att v\u00e4xa. L\u00e4gre hormon niv\u00e5er leder till en mindre prostata, vilket i sin tur lindrar trycket p\u00e5 urinr\u00f6ret och g\u00f6r urinering l\u00e4ttare. Effekterna byggs gradvis upp och kan ta flera m\u00e5nader innan f\u00f6rb\u00e4ttring syns.<\/p>\n<p>Avodart tas som en daglig kapsel (som en eng\u00e5ngsdos per dag) och b\u00f6r sv\u00e4ljas hel med vatten. Konsekvens \u00e4r viktigt, eftersom missade doser kan minska effektiviteten. Det anv\u00e4nds ofta p\u00e5 l\u00e5ng sikt f\u00f6r att uppr\u00e4tth\u00e5lla f\u00f6rdelarna och minska risken f\u00f6r komplikationer som akut urinretention eller behov av prostataoperation.<\/p>\n<p>Avodart tolereras vanligtvis v\u00e4l. Biverkningar kan inkludera minskad libido, \u00f6mhet i br\u00f6sten eller sexuell dysfunktion. Dessa effekter tenderar att f\u00f6rb\u00e4ttras med tiden eller efter att behandlingen avbryts.<\/p>\n","protected":false},"excerpt":{"rendered":"<ul>\n<li>Daglig kapsel f\u00f6r f\u00f6rstorad prostata<\/li>\n<li>Minskar prostatastorlek och urinv\u00e4gssymtom<\/li>\n<li>Hj\u00e4lper till att f\u00f6rebygga l\u00e5ngsiktiga prostatakomplikationer<\/li>\n<\/ul>\n","protected":false},"featured_media":686,"comment_status":"open","ping_status":"closed","template":"","meta":[],"product_brand":[],"product_cat":[138],"product_tag":[],"expert":[21],"class_list":{"0":"post-684","1":"product","2":"type-product","3":"status-publish","4":"has-post-thumbnail","6":"product_cat-prostat-halsa","7":"expert-dr-m-sharoyko","9":"first","10":"instock","11":"shipping-taxable","12":"product-type-variable"},"yoast_head":"<!-- This site is optimized with the Yoast SEO plugin v27.0 - https:\/\/yoast.com\/product\/yoast-seo-wordpress\/ -->\n<title>Avodart | Lindra prostatabesv\u00e4r snabbt - Transtoyou<\/title>\n<meta name=\"description\" content=\"Uppt\u00e4ck Avodart p\u00e5 Transtoyou, som riktar sig mot symtom p\u00e5 f\u00f6rstorad prostata. K\u00e4nn l\u00e4ttnad med dutasterid f\u00f6r b\u00e4ttre urinfl\u00f6de. Handla nu.\" \/>\n<meta name=\"robots\" content=\"noindex, follow, max-snippet:-1, max-image-preview:large, max-video-preview:-1\" \/>\n<meta property=\"og:locale\" content=\"sv_SE\" \/>\n<meta property=\"og:type\" content=\"article\" \/>\n<meta property=\"og:title\" content=\"Avodart | Lindra prostatabesv\u00e4r snabbt - Transtoyou\" \/>\n<meta property=\"og:description\" content=\"Uppt\u00e4ck Avodart p\u00e5 Transtoyou, som riktar sig mot symtom p\u00e5 f\u00f6rstorad prostata. K\u00e4nn l\u00e4ttnad med dutasterid f\u00f6r b\u00e4ttre urinfl\u00f6de. Handla nu.\" \/>\n<meta property=\"og:url\" content=\"https:\/\/www.transtoyou.com\/sv\/product\/avodart\/\" \/>\n<meta property=\"og:site_name\" content=\"Transtoyou - SV\" \/>\n<meta property=\"article:modified_time\" content=\"2026-01-24T01:58:04+00:00\" \/>\n<meta name=\"twitter:card\" content=\"summary_large_image\" \/>\n<meta name=\"twitter:label1\" content=\"Ber\u00e4knad l\u00e4stid\" \/>\n\t<meta name=\"twitter:data1\" content=\"1 minut\" \/>\n<script type=\"application\/ld+json\" class=\"yoast-schema-graph\">{\"@context\":\"https:\/\/schema.org\",\"@graph\":[{\"@type\":\"WebPage\",\"@id\":\"https:\/\/www.transtoyou.com\/sv\/product\/avodart\/\",\"url\":\"https:\/\/www.transtoyou.com\/sv\/product\/avodart\/\",\"name\":\"Avodart | Lindra prostatabesv\u00e4r snabbt - Transtoyou\",\"isPartOf\":{\"@id\":\"https:\/\/www.transtoyou.com\/sv\/#website\"},\"primaryImageOfPage\":{\"@id\":\"https:\/\/www.transtoyou.com\/sv\/product\/avodart\/#primaryimage\"},\"image\":{\"@id\":\"https:\/\/www.transtoyou.com\/sv\/product\/avodart\/#primaryimage\"},\"thumbnailUrl\":\"https:\/\/www.transtoyou.com\/sv\/wp-content\/uploads\/sites\/15\/2026\/01\/tty-no-product-image-68.webp\",\"datePublished\":\"2026-01-24T01:57:12+00:00\",\"dateModified\":\"2026-01-24T01:58:04+00:00\",\"description\":\"Uppt\u00e4ck Avodart p\u00e5 Transtoyou, som riktar sig mot symtom p\u00e5 f\u00f6rstorad prostata. K\u00e4nn l\u00e4ttnad med dutasterid f\u00f6r b\u00e4ttre urinfl\u00f6de. Handla nu.\",\"breadcrumb\":{\"@id\":\"https:\/\/www.transtoyou.com\/sv\/product\/avodart\/#breadcrumb\"},\"inLanguage\":\"sv-SE\",\"potentialAction\":[{\"@type\":\"ReadAction\",\"target\":[\"https:\/\/www.transtoyou.com\/sv\/product\/avodart\/\"]}]},{\"@type\":\"ImageObject\",\"inLanguage\":\"sv-SE\",\"@id\":\"https:\/\/www.transtoyou.com\/sv\/product\/avodart\/#primaryimage\",\"url\":\"https:\/\/www.transtoyou.com\/sv\/wp-content\/uploads\/sites\/15\/2026\/01\/tty-no-product-image-68.webp\",\"contentUrl\":\"https:\/\/www.transtoyou.com\/sv\/wp-content\/uploads\/sites\/15\/2026\/01\/tty-no-product-image-68.webp\",\"width\":1000,\"height\":1000,\"caption\":\"Standard produktbild\"},{\"@type\":\"WebSite\",\"@id\":\"https:\/\/www.transtoyou.com\/sv\/#website\",\"url\":\"https:\/\/www.transtoyou.com\/sv\/\",\"name\":\"Transtoyou - SV\",\"description\":\"\",\"publisher\":{\"@id\":\"https:\/\/www.transtoyou.com\/sv\/#organization\"},\"potentialAction\":[{\"@type\":\"SearchAction\",\"target\":{\"@type\":\"EntryPoint\",\"urlTemplate\":\"https:\/\/www.transtoyou.com\/sv\/?s={search_term_string}\"},\"query-input\":{\"@type\":\"PropertyValueSpecification\",\"valueRequired\":true,\"valueName\":\"search_term_string\"}}],\"inLanguage\":\"sv-SE\"},{\"@type\":\"Organization\",\"@id\":\"https:\/\/www.transtoyou.com\/sv\/#organization\",\"name\":\"Transtoyou - SV\",\"url\":\"https:\/\/www.transtoyou.com\/sv\/\",\"logo\":{\"@type\":\"ImageObject\",\"inLanguage\":\"sv-SE\",\"@id\":\"https:\/\/www.transtoyou.com\/sv\/#\/schema\/logo\/image\/\",\"url\":\"https:\/\/www.transtoyou.com\/sv\/wp-content\/uploads\/sites\/15\/2026\/01\/logo-tty-menu-bar-300x87-1.webp\",\"contentUrl\":\"https:\/\/www.transtoyou.com\/sv\/wp-content\/uploads\/sites\/15\/2026\/01\/logo-tty-menu-bar-300x87-1.webp\",\"width\":300,\"height\":87,\"caption\":\"Transtoyou - SV\"},\"image\":{\"@id\":\"https:\/\/www.transtoyou.com\/sv\/#\/schema\/logo\/image\/\"}}]}<\/script>\n<!-- \/ Yoast SEO plugin. -->","yoast_head_json":{"title":"Avodart | Lindra prostatabesv\u00e4r snabbt - Transtoyou","description":"Uppt\u00e4ck Avodart p\u00e5 Transtoyou, som riktar sig mot symtom p\u00e5 f\u00f6rstorad prostata. K\u00e4nn l\u00e4ttnad med dutasterid f\u00f6r b\u00e4ttre urinfl\u00f6de. Handla nu.","robots":{"index":"noindex","follow":"follow","max-snippet":"max-snippet:-1","max-image-preview":"max-image-preview:large","max-video-preview":"max-video-preview:-1"},"og_locale":"sv_SE","og_type":"article","og_title":"Avodart | Lindra prostatabesv\u00e4r snabbt - Transtoyou","og_description":"Uppt\u00e4ck Avodart p\u00e5 Transtoyou, som riktar sig mot symtom p\u00e5 f\u00f6rstorad prostata. K\u00e4nn l\u00e4ttnad med dutasterid f\u00f6r b\u00e4ttre urinfl\u00f6de. Handla nu.","og_url":"https:\/\/www.transtoyou.com\/sv\/product\/avodart\/","og_site_name":"Transtoyou - SV","article_modified_time":"2026-01-24T01:58:04+00:00","twitter_card":"summary_large_image","twitter_misc":{"Ber\u00e4knad l\u00e4stid":"1 minut"},"schema":{"@context":"https:\/\/schema.org","@graph":[{"@type":"WebPage","@id":"https:\/\/www.transtoyou.com\/sv\/product\/avodart\/","url":"https:\/\/www.transtoyou.com\/sv\/product\/avodart\/","name":"Avodart | Lindra prostatabesv\u00e4r snabbt - Transtoyou","isPartOf":{"@id":"https:\/\/www.transtoyou.com\/sv\/#website"},"primaryImageOfPage":{"@id":"https:\/\/www.transtoyou.com\/sv\/product\/avodart\/#primaryimage"},"image":{"@id":"https:\/\/www.transtoyou.com\/sv\/product\/avodart\/#primaryimage"},"thumbnailUrl":"https:\/\/www.transtoyou.com\/sv\/wp-content\/uploads\/sites\/15\/2026\/01\/tty-no-product-image-68.webp","datePublished":"2026-01-24T01:57:12+00:00","dateModified":"2026-01-24T01:58:04+00:00","description":"Uppt\u00e4ck Avodart p\u00e5 Transtoyou, som riktar sig mot symtom p\u00e5 f\u00f6rstorad prostata. K\u00e4nn l\u00e4ttnad med dutasterid f\u00f6r b\u00e4ttre urinfl\u00f6de. Handla nu.","breadcrumb":{"@id":"https:\/\/www.transtoyou.com\/sv\/product\/avodart\/#breadcrumb"},"inLanguage":"sv-SE","potentialAction":[{"@type":"ReadAction","target":["https:\/\/www.transtoyou.com\/sv\/product\/avodart\/"]}]},{"@type":"ImageObject","inLanguage":"sv-SE","@id":"https:\/\/www.transtoyou.com\/sv\/product\/avodart\/#primaryimage","url":"https:\/\/www.transtoyou.com\/sv\/wp-content\/uploads\/sites\/15\/2026\/01\/tty-no-product-image-68.webp","contentUrl":"https:\/\/www.transtoyou.com\/sv\/wp-content\/uploads\/sites\/15\/2026\/01\/tty-no-product-image-68.webp","width":1000,"height":1000,"caption":"Standard produktbild"},{"@type":"WebSite","@id":"https:\/\/www.transtoyou.com\/sv\/#website","url":"https:\/\/www.transtoyou.com\/sv\/","name":"Transtoyou - SV","description":"","publisher":{"@id":"https:\/\/www.transtoyou.com\/sv\/#organization"},"potentialAction":[{"@type":"SearchAction","target":{"@type":"EntryPoint","urlTemplate":"https:\/\/www.transtoyou.com\/sv\/?s={search_term_string}"},"query-input":{"@type":"PropertyValueSpecification","valueRequired":true,"valueName":"search_term_string"}}],"inLanguage":"sv-SE"},{"@type":"Organization","@id":"https:\/\/www.transtoyou.com\/sv\/#organization","name":"Transtoyou - SV","url":"https:\/\/www.transtoyou.com\/sv\/","logo":{"@type":"ImageObject","inLanguage":"sv-SE","@id":"https:\/\/www.transtoyou.com\/sv\/#\/schema\/logo\/image\/","url":"https:\/\/www.transtoyou.com\/sv\/wp-content\/uploads\/sites\/15\/2026\/01\/logo-tty-menu-bar-300x87-1.webp","contentUrl":"https:\/\/www.transtoyou.com\/sv\/wp-content\/uploads\/sites\/15\/2026\/01\/logo-tty-menu-bar-300x87-1.webp","width":300,"height":87,"caption":"Transtoyou - SV"},"image":{"@id":"https:\/\/www.transtoyou.com\/sv\/#\/schema\/logo\/image\/"}}]}},"_links":{"self":[{"href":"https:\/\/www.transtoyou.com\/sv\/wp-json\/wp\/v2\/product\/684","targetHints":{"allow":["GET"]}}],"collection":[{"href":"https:\/\/www.transtoyou.com\/sv\/wp-json\/wp\/v2\/product"}],"about":[{"href":"https:\/\/www.transtoyou.com\/sv\/wp-json\/wp\/v2\/types\/product"}],"replies":[{"embeddable":true,"href":"https:\/\/www.transtoyou.com\/sv\/wp-json\/wp\/v2\/comments?post=684"}],"wp:featuredmedia":[{"embeddable":true,"href":"https:\/\/www.transtoyou.com\/sv\/wp-json\/wp\/v2\/media\/686"}],"wp:attachment":[{"href":"https:\/\/www.transtoyou.com\/sv\/wp-json\/wp\/v2\/media?parent=684"}],"wp:term":[{"taxonomy":"product_brand","embeddable":true,"href":"https:\/\/www.transtoyou.com\/sv\/wp-json\/wp\/v2\/product_brand?post=684"},{"taxonomy":"product_cat","embeddable":true,"href":"https:\/\/www.transtoyou.com\/sv\/wp-json\/wp\/v2\/product_cat?post=684"},{"taxonomy":"product_tag","embeddable":true,"href":"https:\/\/www.transtoyou.com\/sv\/wp-json\/wp\/v2\/product_tag?post=684"},{"taxonomy":"expert","embeddable":true,"href":"https:\/\/www.transtoyou.com\/sv\/wp-json\/wp\/v2\/expert?post=684"}],"curies":[{"name":"wp","href":"https:\/\/api.w.org\/{rel}","templated":true}]}}