{"id":695,"date":"2026-01-24T02:55:53","date_gmt":"2026-01-24T02:55:53","guid":{"rendered":"https:\/\/www.transtoyou.com\/sv\/product\/arilin-rapid\/"},"modified":"2026-01-24T02:56:55","modified_gmt":"2026-01-24T02:56:55","slug":"arilin-rapid","status":"publish","type":"product","link":"https:\/\/www.transtoyou.com\/sv\/product\/arilin-rapid\/","title":{"rendered":"Arilin Rapid"},"content":{"rendered":"<p>Arilin Rapid \u00e4r ett antibiotikum som anv\u00e4nds f\u00f6r att behandla trikomoniasis, en sexuellt \u00f6verf\u00f6rbar infektion orsakad av parasiten Trichomonas vaginalis. Det inneh\u00e5ller den aktiva ingrediensen metronidazol, som \u00e4r effektiv mot anaeroba organismer, inklusive protozoer och vissa bakterier. Medicinen verkar genom att p\u00e5verka mikroorganismens DNA, stoppa dess tillv\u00e4xt och rensa infektionen fr\u00e5n kroppen.<\/p>\n<p>Trikomoniasis \u00e4r en vanlig men ofta f\u00f6rbises infektion som kan drabba b\u00e5de m\u00e4n och kvinnor. Symtom hos kvinnor kan inkludera ovanlig vaginal urladdning, kl\u00e5da, obehag vid urinering eller sex, och irritation. Hos m\u00e4n kan det orsaka urethral urladdning eller irritation, \u00e4ven om m\u00e5nga personer kan vara asymtomatiska. Att behandla infektionen snabbt hj\u00e4lper till att lindra symtomen och f\u00f6rhindra komplikationer, samt \u00f6verf\u00f6ring till sexuella partners.<\/p>\n<p>Arilin Rapid ges vanligtvis som en eng\u00e5ngs- eller dubbel h\u00f6gdos vaginal pessarbehandling, vilket g\u00f6r det till ett bekv\u00e4mt alternativ f\u00f6r patienter. I vissa fall kan dock en kort behandling med l\u00e4gre dagliga orala doser av metronidazol ordineras ist\u00e4llet. Den snabbverkande formeln finns endast som vaginal pessar och s\u00e4kerst\u00e4ller h\u00f6ga koncentrationer av den aktiva ingrediensen f\u00f6r att effektivt rikta in sig p\u00e5 infektionen.<\/p>\n<p>Patienter rekommenderas generellt att undvika alkohol under behandlingen och i minst 48 timmar efter\u00e5t p\u00e5 grund av risken f\u00f6r en allvarlig interaktion k\u00e4nd som en disulfiram-liknande reaktion. Biverkningar kan inkludera en metallisk smak, illam\u00e5ende, yrsel eller magbesv\u00e4r, som vanligtvis \u00e4r milda och tillf\u00e4lliga.<\/p>\n<p>F\u00f6r att f\u00f6rhindra reinfektion \u00e4r det viktigt att sexuella partners behandlas samtidigt, \u00e4ven om de inte har n\u00e5gra symtom. Det rekommenderas ocks\u00e5 att avst\u00e5 fr\u00e5n sex tills infektionen \u00e4r helt borta.<\/p>\n","protected":false},"excerpt":{"rendered":"<ul>\n<li>Lokalt behandling av trichomoniasis med en eller tv\u00e5 doser<\/li>\n<li>Snabb avl\u00e4gsnande av parasiter<\/li>\n<li>Effektiv mot protozoala infektioner<\/li>\n<\/ul>\n","protected":false},"featured_media":696,"comment_status":"open","ping_status":"closed","template":"","meta":[],"product_brand":[],"product_cat":[152],"product_tag":[],"expert":[18],"class_list":{"0":"post-695","1":"product","2":"type-product","3":"status-publish","4":"has-post-thumbnail","6":"product_cat-trikomonasinfektion","7":"expert-dr-g-varbanov","9":"first","10":"outofstock","11":"shipping-taxable","12":"product-type-simple"},"yoast_head":"<!-- This site is optimized with the Yoast SEO plugin v27.0 - https:\/\/yoast.com\/product\/yoast-seo-wordpress\/ -->\n<title>Arilin Rapid | Effektiv antibiotika mot trikomoniasis - Transtoyou<\/title>\n<meta name=\"description\" content=\"Arilin Rapid, tillg\u00e4nglig p\u00e5 Transtoyou, behandlar effektivt trikomonasinfektion med metronidazol och stoppar infektionstillv\u00e4xt f\u00f6r snabb lindring.\" \/>\n<meta name=\"robots\" content=\"noindex, follow, max-snippet:-1, max-image-preview:large, max-video-preview:-1\" \/>\n<meta property=\"og:locale\" content=\"sv_SE\" \/>\n<meta property=\"og:type\" content=\"article\" \/>\n<meta property=\"og:title\" content=\"Arilin Rapid | Effektiv antibiotika mot trikomoniasis - Transtoyou\" \/>\n<meta property=\"og:description\" content=\"Arilin Rapid, tillg\u00e4nglig p\u00e5 Transtoyou, behandlar effektivt trikomonasinfektion med metronidazol och stoppar infektionstillv\u00e4xt f\u00f6r snabb lindring.\" \/>\n<meta property=\"og:url\" content=\"https:\/\/www.transtoyou.com\/sv\/product\/arilin-rapid\/\" \/>\n<meta property=\"og:site_name\" content=\"Transtoyou - SV\" \/>\n<meta property=\"article:modified_time\" content=\"2026-01-24T02:56:55+00:00\" \/>\n<meta name=\"twitter:card\" content=\"summary_large_image\" \/>\n<meta name=\"twitter:label1\" content=\"Ber\u00e4knad l\u00e4stid\" \/>\n\t<meta name=\"twitter:data1\" content=\"1 minut\" \/>\n<script type=\"application\/ld+json\" class=\"yoast-schema-graph\">{\"@context\":\"https:\/\/schema.org\",\"@graph\":[{\"@type\":\"WebPage\",\"@id\":\"https:\/\/www.transtoyou.com\/sv\/product\/arilin-rapid\/\",\"url\":\"https:\/\/www.transtoyou.com\/sv\/product\/arilin-rapid\/\",\"name\":\"Arilin Rapid | Effektiv antibiotika mot trikomoniasis - Transtoyou\",\"isPartOf\":{\"@id\":\"https:\/\/www.transtoyou.com\/sv\/#website\"},\"primaryImageOfPage\":{\"@id\":\"https:\/\/www.transtoyou.com\/sv\/product\/arilin-rapid\/#primaryimage\"},\"image\":{\"@id\":\"https:\/\/www.transtoyou.com\/sv\/product\/arilin-rapid\/#primaryimage\"},\"thumbnailUrl\":\"https:\/\/www.transtoyou.com\/sv\/wp-content\/uploads\/sites\/15\/2026\/01\/tty-no-product-image-72.webp\",\"datePublished\":\"2026-01-24T02:55:53+00:00\",\"dateModified\":\"2026-01-24T02:56:55+00:00\",\"description\":\"Arilin Rapid, tillg\u00e4nglig p\u00e5 Transtoyou, behandlar effektivt trikomonasinfektion med metronidazol och stoppar infektionstillv\u00e4xt f\u00f6r snabb lindring.\",\"breadcrumb\":{\"@id\":\"https:\/\/www.transtoyou.com\/sv\/product\/arilin-rapid\/#breadcrumb\"},\"inLanguage\":\"sv-SE\",\"potentialAction\":[{\"@type\":\"ReadAction\",\"target\":[\"https:\/\/www.transtoyou.com\/sv\/product\/arilin-rapid\/\"]}]},{\"@type\":\"ImageObject\",\"inLanguage\":\"sv-SE\",\"@id\":\"https:\/\/www.transtoyou.com\/sv\/product\/arilin-rapid\/#primaryimage\",\"url\":\"https:\/\/www.transtoyou.com\/sv\/wp-content\/uploads\/sites\/15\/2026\/01\/tty-no-product-image-72.webp\",\"contentUrl\":\"https:\/\/www.transtoyou.com\/sv\/wp-content\/uploads\/sites\/15\/2026\/01\/tty-no-product-image-72.webp\",\"width\":1000,\"height\":1000,\"caption\":\"Standard produktbild\"},{\"@type\":\"WebSite\",\"@id\":\"https:\/\/www.transtoyou.com\/sv\/#website\",\"url\":\"https:\/\/www.transtoyou.com\/sv\/\",\"name\":\"Transtoyou - SV\",\"description\":\"\",\"publisher\":{\"@id\":\"https:\/\/www.transtoyou.com\/sv\/#organization\"},\"potentialAction\":[{\"@type\":\"SearchAction\",\"target\":{\"@type\":\"EntryPoint\",\"urlTemplate\":\"https:\/\/www.transtoyou.com\/sv\/?s={search_term_string}\"},\"query-input\":{\"@type\":\"PropertyValueSpecification\",\"valueRequired\":true,\"valueName\":\"search_term_string\"}}],\"inLanguage\":\"sv-SE\"},{\"@type\":\"Organization\",\"@id\":\"https:\/\/www.transtoyou.com\/sv\/#organization\",\"name\":\"Transtoyou - SV\",\"url\":\"https:\/\/www.transtoyou.com\/sv\/\",\"logo\":{\"@type\":\"ImageObject\",\"inLanguage\":\"sv-SE\",\"@id\":\"https:\/\/www.transtoyou.com\/sv\/#\/schema\/logo\/image\/\",\"url\":\"https:\/\/www.transtoyou.com\/sv\/wp-content\/uploads\/sites\/15\/2026\/01\/logo-tty-menu-bar-300x87-1.webp\",\"contentUrl\":\"https:\/\/www.transtoyou.com\/sv\/wp-content\/uploads\/sites\/15\/2026\/01\/logo-tty-menu-bar-300x87-1.webp\",\"width\":300,\"height\":87,\"caption\":\"Transtoyou - SV\"},\"image\":{\"@id\":\"https:\/\/www.transtoyou.com\/sv\/#\/schema\/logo\/image\/\"}}]}<\/script>\n<!-- \/ Yoast SEO plugin. -->","yoast_head_json":{"title":"Arilin Rapid | Effektiv antibiotika mot trikomoniasis - Transtoyou","description":"Arilin Rapid, tillg\u00e4nglig p\u00e5 Transtoyou, behandlar effektivt trikomonasinfektion med metronidazol och stoppar infektionstillv\u00e4xt f\u00f6r snabb lindring.","robots":{"index":"noindex","follow":"follow","max-snippet":"max-snippet:-1","max-image-preview":"max-image-preview:large","max-video-preview":"max-video-preview:-1"},"og_locale":"sv_SE","og_type":"article","og_title":"Arilin Rapid | Effektiv antibiotika mot trikomoniasis - Transtoyou","og_description":"Arilin Rapid, tillg\u00e4nglig p\u00e5 Transtoyou, behandlar effektivt trikomonasinfektion med metronidazol och stoppar infektionstillv\u00e4xt f\u00f6r snabb lindring.","og_url":"https:\/\/www.transtoyou.com\/sv\/product\/arilin-rapid\/","og_site_name":"Transtoyou - SV","article_modified_time":"2026-01-24T02:56:55+00:00","twitter_card":"summary_large_image","twitter_misc":{"Ber\u00e4knad l\u00e4stid":"1 minut"},"schema":{"@context":"https:\/\/schema.org","@graph":[{"@type":"WebPage","@id":"https:\/\/www.transtoyou.com\/sv\/product\/arilin-rapid\/","url":"https:\/\/www.transtoyou.com\/sv\/product\/arilin-rapid\/","name":"Arilin Rapid | Effektiv antibiotika mot trikomoniasis - Transtoyou","isPartOf":{"@id":"https:\/\/www.transtoyou.com\/sv\/#website"},"primaryImageOfPage":{"@id":"https:\/\/www.transtoyou.com\/sv\/product\/arilin-rapid\/#primaryimage"},"image":{"@id":"https:\/\/www.transtoyou.com\/sv\/product\/arilin-rapid\/#primaryimage"},"thumbnailUrl":"https:\/\/www.transtoyou.com\/sv\/wp-content\/uploads\/sites\/15\/2026\/01\/tty-no-product-image-72.webp","datePublished":"2026-01-24T02:55:53+00:00","dateModified":"2026-01-24T02:56:55+00:00","description":"Arilin Rapid, tillg\u00e4nglig p\u00e5 Transtoyou, behandlar effektivt trikomonasinfektion med metronidazol och stoppar infektionstillv\u00e4xt f\u00f6r snabb lindring.","breadcrumb":{"@id":"https:\/\/www.transtoyou.com\/sv\/product\/arilin-rapid\/#breadcrumb"},"inLanguage":"sv-SE","potentialAction":[{"@type":"ReadAction","target":["https:\/\/www.transtoyou.com\/sv\/product\/arilin-rapid\/"]}]},{"@type":"ImageObject","inLanguage":"sv-SE","@id":"https:\/\/www.transtoyou.com\/sv\/product\/arilin-rapid\/#primaryimage","url":"https:\/\/www.transtoyou.com\/sv\/wp-content\/uploads\/sites\/15\/2026\/01\/tty-no-product-image-72.webp","contentUrl":"https:\/\/www.transtoyou.com\/sv\/wp-content\/uploads\/sites\/15\/2026\/01\/tty-no-product-image-72.webp","width":1000,"height":1000,"caption":"Standard produktbild"},{"@type":"WebSite","@id":"https:\/\/www.transtoyou.com\/sv\/#website","url":"https:\/\/www.transtoyou.com\/sv\/","name":"Transtoyou - SV","description":"","publisher":{"@id":"https:\/\/www.transtoyou.com\/sv\/#organization"},"potentialAction":[{"@type":"SearchAction","target":{"@type":"EntryPoint","urlTemplate":"https:\/\/www.transtoyou.com\/sv\/?s={search_term_string}"},"query-input":{"@type":"PropertyValueSpecification","valueRequired":true,"valueName":"search_term_string"}}],"inLanguage":"sv-SE"},{"@type":"Organization","@id":"https:\/\/www.transtoyou.com\/sv\/#organization","name":"Transtoyou - SV","url":"https:\/\/www.transtoyou.com\/sv\/","logo":{"@type":"ImageObject","inLanguage":"sv-SE","@id":"https:\/\/www.transtoyou.com\/sv\/#\/schema\/logo\/image\/","url":"https:\/\/www.transtoyou.com\/sv\/wp-content\/uploads\/sites\/15\/2026\/01\/logo-tty-menu-bar-300x87-1.webp","contentUrl":"https:\/\/www.transtoyou.com\/sv\/wp-content\/uploads\/sites\/15\/2026\/01\/logo-tty-menu-bar-300x87-1.webp","width":300,"height":87,"caption":"Transtoyou - SV"},"image":{"@id":"https:\/\/www.transtoyou.com\/sv\/#\/schema\/logo\/image\/"}}]}},"_links":{"self":[{"href":"https:\/\/www.transtoyou.com\/sv\/wp-json\/wp\/v2\/product\/695","targetHints":{"allow":["GET"]}}],"collection":[{"href":"https:\/\/www.transtoyou.com\/sv\/wp-json\/wp\/v2\/product"}],"about":[{"href":"https:\/\/www.transtoyou.com\/sv\/wp-json\/wp\/v2\/types\/product"}],"replies":[{"embeddable":true,"href":"https:\/\/www.transtoyou.com\/sv\/wp-json\/wp\/v2\/comments?post=695"}],"wp:featuredmedia":[{"embeddable":true,"href":"https:\/\/www.transtoyou.com\/sv\/wp-json\/wp\/v2\/media\/696"}],"wp:attachment":[{"href":"https:\/\/www.transtoyou.com\/sv\/wp-json\/wp\/v2\/media?parent=695"}],"wp:term":[{"taxonomy":"product_brand","embeddable":true,"href":"https:\/\/www.transtoyou.com\/sv\/wp-json\/wp\/v2\/product_brand?post=695"},{"taxonomy":"product_cat","embeddable":true,"href":"https:\/\/www.transtoyou.com\/sv\/wp-json\/wp\/v2\/product_cat?post=695"},{"taxonomy":"product_tag","embeddable":true,"href":"https:\/\/www.transtoyou.com\/sv\/wp-json\/wp\/v2\/product_tag?post=695"},{"taxonomy":"expert","embeddable":true,"href":"https:\/\/www.transtoyou.com\/sv\/wp-json\/wp\/v2\/expert?post=695"}],"curies":[{"name":"wp","href":"https:\/\/api.w.org\/{rel}","templated":true}]}}