{"id":703,"date":"2026-01-24T03:44:16","date_gmt":"2026-01-24T03:44:16","guid":{"rendered":"https:\/\/www.transtoyou.com\/sv\/product\/sumatriptan\/"},"modified":"2026-03-05T14:36:07","modified_gmt":"2026-03-05T14:36:07","slug":"sumatriptan","status":"publish","type":"product","link":"https:\/\/www.transtoyou.com\/sv\/product\/sumatriptan\/","title":{"rendered":"Sumatriptan"},"content":{"rendered":"<p>Sumatriptan \u00e4r en medicin som anv\u00e4nds f\u00f6r att behandla akuta migr\u00e4nanfall och klusterhuvudv\u00e4rk. Det tillh\u00f6r en grupp l\u00e4kemedel som kallas triptaner, som \u00e4r speciellt utformade f\u00f6r att lindra symtomen p\u00e5 migr\u00e4n n\u00e4r de v\u00e4l har b\u00f6rjat. Sumatriptan anv\u00e4nds inte f\u00f6r att f\u00f6rebygga migr\u00e4n, utan f\u00f6r att avbryta ett anfall efter att det har startat.<\/p>\n<p>Migr\u00e4nsymtom kan inkludera pulserande huvudv\u00e4rk, illam\u00e5ende, k\u00e4nslighet f\u00f6r ljus eller ljud och synst\u00f6rningar. Sumatriptan hj\u00e4lper genom att dra ihop vidgade blodk\u00e4rl i hj\u00e4rnan och blockera fris\u00e4ttningen av vissa kemikalier som tros utl\u00f6sa migr\u00e4nsymtom. Denna verkan hj\u00e4lper till att minska sm\u00e4rta och relaterade symtom inom en relativt kort tid.<\/p>\n<p>F\u00f6r tabletter som tas oralt \u00e4r den vanliga dosen 50 mg eller 100 mg, som tas vid b\u00f6rjan av en migr\u00e4n. Om symtomen \u00e5terkommer kan en andra dos tas efter minst tv\u00e5 timmar, men inte mer \u00e4n tv\u00e5 doser b\u00f6r tas inom 24 timmar.<\/p>\n<p>Sumatriptan fungerar b\u00e4st n\u00e4r det tas tidigt i ett migr\u00e4nanfall, innan huvudv\u00e4rken blir mer sv\u00e5r. M\u00e5nga individer upplever betydande lindring inom 30 till 60 minuter efter att ha tagit medicinen.<\/p>\n<p>Vanliga biverkningar kan inkludera stickningar, rodnad, tr\u00f6tthet eller en k\u00e4nsla av tryck i br\u00f6stet eller halsen. Dessa effekter \u00e4r vanligtvis kortvariga. Sumatriptan kanske inte \u00e4r l\u00e4mpligt f\u00f6r personer med vissa kardiovaskul\u00e4ra tillst\u00e5nd, eftersom det p\u00e5verkar blodk\u00e4rlen.<\/p>\n","protected":false},"excerpt":{"rendered":"<ul>\n<li>Snabb lindring av migr\u00e4nsymtom<\/li>\n<li>Riktar in sig p\u00e5 den vaskul\u00e4ra orsaken till huvudv\u00e4rk<\/li>\n<li>Behandlar \u00e4ven klusterhuvudv\u00e4rk effektivt<\/li>\n<\/ul>\n","protected":false},"featured_media":705,"comment_status":"open","ping_status":"closed","template":"","meta":[],"product_brand":[],"product_cat":[109],"product_tag":[],"expert":[16],"class_list":{"0":"post-703","1":"product","2":"type-product","3":"status-publish","4":"has-post-thumbnail","6":"product_cat-huvudvark-migran","7":"expert-dr-c-alexandru","9":"first","10":"instock","11":"shipping-taxable","12":"product-type-variable"},"yoast_head":"<!-- This site is optimized with the Yoast SEO plugin v27.0 - https:\/\/yoast.com\/product\/yoast-seo-wordpress\/ -->\n<title>Sumatriptan | Lindra migr\u00e4n snabbt - Transtoyou<\/title>\n<meta name=\"description\" content=\"Sumatriptan finns p\u00e5 Transtoyou och hj\u00e4lper till att snabbt lindra akuta migr\u00e4nanfall. Kontrollera dina symtom effektivt med detta p\u00e5litliga alternativ.\" \/>\n<meta name=\"robots\" content=\"noindex, follow, max-snippet:-1, max-image-preview:large, max-video-preview:-1\" \/>\n<meta property=\"og:locale\" content=\"sv_SE\" \/>\n<meta property=\"og:type\" content=\"article\" \/>\n<meta property=\"og:title\" content=\"Sumatriptan | Lindra migr\u00e4n snabbt - Transtoyou\" \/>\n<meta property=\"og:description\" content=\"Sumatriptan finns p\u00e5 Transtoyou och hj\u00e4lper till att snabbt lindra akuta migr\u00e4nanfall. Kontrollera dina symtom effektivt med detta p\u00e5litliga alternativ.\" \/>\n<meta property=\"og:url\" content=\"https:\/\/www.transtoyou.com\/sv\/product\/sumatriptan\/\" \/>\n<meta property=\"og:site_name\" content=\"Transtoyou - SV\" \/>\n<meta property=\"article:modified_time\" content=\"2026-03-05T14:36:07+00:00\" \/>\n<meta name=\"twitter:card\" content=\"summary_large_image\" \/>\n<meta name=\"twitter:label1\" content=\"Ber\u00e4knad l\u00e4stid\" \/>\n\t<meta name=\"twitter:data1\" content=\"1 minut\" \/>\n<script type=\"application\/ld+json\" class=\"yoast-schema-graph\">{\"@context\":\"https:\/\/schema.org\",\"@graph\":[{\"@type\":\"WebPage\",\"@id\":\"https:\/\/www.transtoyou.com\/sv\/product\/sumatriptan\/\",\"url\":\"https:\/\/www.transtoyou.com\/sv\/product\/sumatriptan\/\",\"name\":\"Sumatriptan | Lindra migr\u00e4n snabbt - Transtoyou\",\"isPartOf\":{\"@id\":\"https:\/\/www.transtoyou.com\/sv\/#website\"},\"primaryImageOfPage\":{\"@id\":\"https:\/\/www.transtoyou.com\/sv\/product\/sumatriptan\/#primaryimage\"},\"image\":{\"@id\":\"https:\/\/www.transtoyou.com\/sv\/product\/sumatriptan\/#primaryimage\"},\"thumbnailUrl\":\"https:\/\/www.transtoyou.com\/sv\/wp-content\/uploads\/sites\/15\/2026\/01\/tty-no-product-image-75.webp\",\"datePublished\":\"2026-01-24T03:44:16+00:00\",\"dateModified\":\"2026-03-05T14:36:07+00:00\",\"description\":\"Sumatriptan finns p\u00e5 Transtoyou och hj\u00e4lper till att snabbt lindra akuta migr\u00e4nanfall. Kontrollera dina symtom effektivt med detta p\u00e5litliga alternativ.\",\"breadcrumb\":{\"@id\":\"https:\/\/www.transtoyou.com\/sv\/product\/sumatriptan\/#breadcrumb\"},\"inLanguage\":\"sv-SE\",\"potentialAction\":[{\"@type\":\"ReadAction\",\"target\":[\"https:\/\/www.transtoyou.com\/sv\/product\/sumatriptan\/\"]}]},{\"@type\":\"ImageObject\",\"inLanguage\":\"sv-SE\",\"@id\":\"https:\/\/www.transtoyou.com\/sv\/product\/sumatriptan\/#primaryimage\",\"url\":\"https:\/\/www.transtoyou.com\/sv\/wp-content\/uploads\/sites\/15\/2026\/01\/tty-no-product-image-75.webp\",\"contentUrl\":\"https:\/\/www.transtoyou.com\/sv\/wp-content\/uploads\/sites\/15\/2026\/01\/tty-no-product-image-75.webp\",\"width\":1000,\"height\":1000,\"caption\":\"Standard produktbild\"},{\"@type\":\"WebSite\",\"@id\":\"https:\/\/www.transtoyou.com\/sv\/#website\",\"url\":\"https:\/\/www.transtoyou.com\/sv\/\",\"name\":\"Transtoyou - SV\",\"description\":\"\",\"publisher\":{\"@id\":\"https:\/\/www.transtoyou.com\/sv\/#organization\"},\"potentialAction\":[{\"@type\":\"SearchAction\",\"target\":{\"@type\":\"EntryPoint\",\"urlTemplate\":\"https:\/\/www.transtoyou.com\/sv\/?s={search_term_string}\"},\"query-input\":{\"@type\":\"PropertyValueSpecification\",\"valueRequired\":true,\"valueName\":\"search_term_string\"}}],\"inLanguage\":\"sv-SE\"},{\"@type\":\"Organization\",\"@id\":\"https:\/\/www.transtoyou.com\/sv\/#organization\",\"name\":\"Transtoyou - SV\",\"url\":\"https:\/\/www.transtoyou.com\/sv\/\",\"logo\":{\"@type\":\"ImageObject\",\"inLanguage\":\"sv-SE\",\"@id\":\"https:\/\/www.transtoyou.com\/sv\/#\/schema\/logo\/image\/\",\"url\":\"https:\/\/www.transtoyou.com\/sv\/wp-content\/uploads\/sites\/15\/2026\/01\/logo-tty-menu-bar-300x87-1.webp\",\"contentUrl\":\"https:\/\/www.transtoyou.com\/sv\/wp-content\/uploads\/sites\/15\/2026\/01\/logo-tty-menu-bar-300x87-1.webp\",\"width\":300,\"height\":87,\"caption\":\"Transtoyou - SV\"},\"image\":{\"@id\":\"https:\/\/www.transtoyou.com\/sv\/#\/schema\/logo\/image\/\"}}]}<\/script>\n<!-- \/ Yoast SEO plugin. -->","yoast_head_json":{"title":"Sumatriptan | Lindra migr\u00e4n snabbt - Transtoyou","description":"Sumatriptan finns p\u00e5 Transtoyou och hj\u00e4lper till att snabbt lindra akuta migr\u00e4nanfall. Kontrollera dina symtom effektivt med detta p\u00e5litliga alternativ.","robots":{"index":"noindex","follow":"follow","max-snippet":"max-snippet:-1","max-image-preview":"max-image-preview:large","max-video-preview":"max-video-preview:-1"},"og_locale":"sv_SE","og_type":"article","og_title":"Sumatriptan | Lindra migr\u00e4n snabbt - Transtoyou","og_description":"Sumatriptan finns p\u00e5 Transtoyou och hj\u00e4lper till att snabbt lindra akuta migr\u00e4nanfall. Kontrollera dina symtom effektivt med detta p\u00e5litliga alternativ.","og_url":"https:\/\/www.transtoyou.com\/sv\/product\/sumatriptan\/","og_site_name":"Transtoyou - SV","article_modified_time":"2026-03-05T14:36:07+00:00","twitter_card":"summary_large_image","twitter_misc":{"Ber\u00e4knad l\u00e4stid":"1 minut"},"schema":{"@context":"https:\/\/schema.org","@graph":[{"@type":"WebPage","@id":"https:\/\/www.transtoyou.com\/sv\/product\/sumatriptan\/","url":"https:\/\/www.transtoyou.com\/sv\/product\/sumatriptan\/","name":"Sumatriptan | Lindra migr\u00e4n snabbt - Transtoyou","isPartOf":{"@id":"https:\/\/www.transtoyou.com\/sv\/#website"},"primaryImageOfPage":{"@id":"https:\/\/www.transtoyou.com\/sv\/product\/sumatriptan\/#primaryimage"},"image":{"@id":"https:\/\/www.transtoyou.com\/sv\/product\/sumatriptan\/#primaryimage"},"thumbnailUrl":"https:\/\/www.transtoyou.com\/sv\/wp-content\/uploads\/sites\/15\/2026\/01\/tty-no-product-image-75.webp","datePublished":"2026-01-24T03:44:16+00:00","dateModified":"2026-03-05T14:36:07+00:00","description":"Sumatriptan finns p\u00e5 Transtoyou och hj\u00e4lper till att snabbt lindra akuta migr\u00e4nanfall. Kontrollera dina symtom effektivt med detta p\u00e5litliga alternativ.","breadcrumb":{"@id":"https:\/\/www.transtoyou.com\/sv\/product\/sumatriptan\/#breadcrumb"},"inLanguage":"sv-SE","potentialAction":[{"@type":"ReadAction","target":["https:\/\/www.transtoyou.com\/sv\/product\/sumatriptan\/"]}]},{"@type":"ImageObject","inLanguage":"sv-SE","@id":"https:\/\/www.transtoyou.com\/sv\/product\/sumatriptan\/#primaryimage","url":"https:\/\/www.transtoyou.com\/sv\/wp-content\/uploads\/sites\/15\/2026\/01\/tty-no-product-image-75.webp","contentUrl":"https:\/\/www.transtoyou.com\/sv\/wp-content\/uploads\/sites\/15\/2026\/01\/tty-no-product-image-75.webp","width":1000,"height":1000,"caption":"Standard produktbild"},{"@type":"WebSite","@id":"https:\/\/www.transtoyou.com\/sv\/#website","url":"https:\/\/www.transtoyou.com\/sv\/","name":"Transtoyou - SV","description":"","publisher":{"@id":"https:\/\/www.transtoyou.com\/sv\/#organization"},"potentialAction":[{"@type":"SearchAction","target":{"@type":"EntryPoint","urlTemplate":"https:\/\/www.transtoyou.com\/sv\/?s={search_term_string}"},"query-input":{"@type":"PropertyValueSpecification","valueRequired":true,"valueName":"search_term_string"}}],"inLanguage":"sv-SE"},{"@type":"Organization","@id":"https:\/\/www.transtoyou.com\/sv\/#organization","name":"Transtoyou - SV","url":"https:\/\/www.transtoyou.com\/sv\/","logo":{"@type":"ImageObject","inLanguage":"sv-SE","@id":"https:\/\/www.transtoyou.com\/sv\/#\/schema\/logo\/image\/","url":"https:\/\/www.transtoyou.com\/sv\/wp-content\/uploads\/sites\/15\/2026\/01\/logo-tty-menu-bar-300x87-1.webp","contentUrl":"https:\/\/www.transtoyou.com\/sv\/wp-content\/uploads\/sites\/15\/2026\/01\/logo-tty-menu-bar-300x87-1.webp","width":300,"height":87,"caption":"Transtoyou - SV"},"image":{"@id":"https:\/\/www.transtoyou.com\/sv\/#\/schema\/logo\/image\/"}}]}},"_links":{"self":[{"href":"https:\/\/www.transtoyou.com\/sv\/wp-json\/wp\/v2\/product\/703","targetHints":{"allow":["GET"]}}],"collection":[{"href":"https:\/\/www.transtoyou.com\/sv\/wp-json\/wp\/v2\/product"}],"about":[{"href":"https:\/\/www.transtoyou.com\/sv\/wp-json\/wp\/v2\/types\/product"}],"replies":[{"embeddable":true,"href":"https:\/\/www.transtoyou.com\/sv\/wp-json\/wp\/v2\/comments?post=703"}],"wp:featuredmedia":[{"embeddable":true,"href":"https:\/\/www.transtoyou.com\/sv\/wp-json\/wp\/v2\/media\/705"}],"wp:attachment":[{"href":"https:\/\/www.transtoyou.com\/sv\/wp-json\/wp\/v2\/media?parent=703"}],"wp:term":[{"taxonomy":"product_brand","embeddable":true,"href":"https:\/\/www.transtoyou.com\/sv\/wp-json\/wp\/v2\/product_brand?post=703"},{"taxonomy":"product_cat","embeddable":true,"href":"https:\/\/www.transtoyou.com\/sv\/wp-json\/wp\/v2\/product_cat?post=703"},{"taxonomy":"product_tag","embeddable":true,"href":"https:\/\/www.transtoyou.com\/sv\/wp-json\/wp\/v2\/product_tag?post=703"},{"taxonomy":"expert","embeddable":true,"href":"https:\/\/www.transtoyou.com\/sv\/wp-json\/wp\/v2\/expert?post=703"}],"curies":[{"name":"wp","href":"https:\/\/api.w.org\/{rel}","templated":true}]}}