{"id":706,"date":"2026-01-24T04:02:03","date_gmt":"2026-01-24T04:02:03","guid":{"rendered":"https:\/\/www.transtoyou.com\/sv\/product\/rizatriptan\/"},"modified":"2026-03-02T15:56:39","modified_gmt":"2026-03-02T15:56:39","slug":"rizatriptan","status":"publish","type":"product","link":"https:\/\/www.transtoyou.com\/sv\/product\/rizatriptan\/","title":{"rendered":"Rizatriptan"},"content":{"rendered":"<p>Rizatriptan \u00e4r en receptbelagd medicin som klassificeras som en selektiv serotoninreceptoragonist, \u00e4ven k\u00e4nd som en Triptan. Den anv\u00e4nds fr\u00e4mst f\u00f6r akut behandling av migr\u00e4nhuvudv\u00e4rk, med eller utan aura. Rizatriptan verkar genom att stimulera serotonin (5-HT1B och 5-HT1D) receptorer i hj\u00e4rnan, vilket leder till att dilaterade blodk\u00e4rl dras ihop. Denna vasokonstriktion hj\u00e4lper till att lindra sm\u00e4rta, illam\u00e5ende och k\u00e4nslighet f\u00f6r ljus och ljud som vanligtvis \u00e4r f\u00f6rknippade med migr\u00e4n.<\/p>\n<p>Denna medicin f\u00f6rebygger inte migr\u00e4n men behandlar effektivt migr\u00e4nattacker n\u00e4r de v\u00e4l har b\u00f6rjat. Rizatriptan \u00e4r mest effektivt n\u00e4r det tas vid f\u00f6rsta tecknet p\u00e5 migr\u00e4nsymptom. Det behandlar inte andra typer av huvudv\u00e4rk, s\u00e5som sp\u00e4nningshuvudv\u00e4rk eller klusterhuvudv\u00e4rk.<\/p>\n<p>Rizatriptans verkan hj\u00e4lper till att minska inflammation runt hj\u00e4rnans blodk\u00e4rl, vilket ger riktad lindring utan att p\u00e5verka andra kroppssystem. Den b\u00f6rjar vanligtvis verka inom 30 till 60 minuter efter intag och kan ge lindring i flera timmar. En av f\u00f6rdelarna med Rizatriptan \u00e4r dess snabba verkan och effektivitet \u00e4ven n\u00e4r migr\u00e4nsymptomen inkluderar illam\u00e5ende eller kr\u00e4kningar.<\/p>\n<p>Pati\u00ebnterna upplever ofta f\u00e4rre biverkningar j\u00e4mf\u00f6rt med andra migr\u00e4nbehandlingar, och alternativet med oroligt uppl\u00f6sande tablett erbjuder bekv\u00e4mlighet och snabb absorption, s\u00e4rskilt n\u00e4r det tas utan vatten.<\/p>\n","protected":false},"excerpt":{"rendered":"<ul>\n<li>Snabb lindring av migr\u00e4n<\/li>\n<li>Verkar inom 30 minuter<\/li>\n<li>Praktisk oral tablett<\/li>\n<\/ul>\n","protected":false},"featured_media":708,"comment_status":"open","ping_status":"closed","template":"","meta":[],"product_brand":[],"product_cat":[109],"product_tag":[],"expert":[16],"class_list":{"0":"post-706","1":"product","2":"type-product","3":"status-publish","4":"has-post-thumbnail","6":"product_cat-huvudvark-migran","7":"expert-dr-c-alexandru","9":"first","10":"instock","11":"shipping-taxable","12":"product-type-variable"},"yoast_head":"<!-- This site is optimized with the Yoast SEO plugin v27.0 - https:\/\/yoast.com\/product\/yoast-seo-wordpress\/ -->\n<title>Rizatriptan | Snabb Migr\u00e4nlindring - Transtoyou<\/title>\n<meta name=\"description\" content=\"Rizatriptan: Effektiv migr\u00e4nlindring p\u00e5 Transtoyou. F\u00e5 professionell v\u00e5rd, s\u00e4kra recept och upplev riktad lindring av huvudv\u00e4rk.\" \/>\n<meta name=\"robots\" content=\"noindex, follow, max-snippet:-1, max-image-preview:large, max-video-preview:-1\" \/>\n<meta property=\"og:locale\" content=\"sv_SE\" \/>\n<meta property=\"og:type\" content=\"article\" \/>\n<meta property=\"og:title\" content=\"Rizatriptan | Snabb Migr\u00e4nlindring - Transtoyou\" \/>\n<meta property=\"og:description\" content=\"Rizatriptan: Effektiv migr\u00e4nlindring p\u00e5 Transtoyou. F\u00e5 professionell v\u00e5rd, s\u00e4kra recept och upplev riktad lindring av huvudv\u00e4rk.\" \/>\n<meta property=\"og:url\" content=\"https:\/\/www.transtoyou.com\/sv\/product\/rizatriptan\/\" \/>\n<meta property=\"og:site_name\" content=\"Transtoyou - SV\" \/>\n<meta property=\"article:modified_time\" content=\"2026-03-02T15:56:39+00:00\" \/>\n<meta name=\"twitter:card\" content=\"summary_large_image\" \/>\n<meta name=\"twitter:label1\" content=\"Ber\u00e4knad l\u00e4stid\" \/>\n\t<meta name=\"twitter:data1\" content=\"1 minut\" \/>\n<script type=\"application\/ld+json\" class=\"yoast-schema-graph\">{\"@context\":\"https:\/\/schema.org\",\"@graph\":[{\"@type\":\"WebPage\",\"@id\":\"https:\/\/www.transtoyou.com\/sv\/product\/rizatriptan\/\",\"url\":\"https:\/\/www.transtoyou.com\/sv\/product\/rizatriptan\/\",\"name\":\"Rizatriptan | Snabb Migr\u00e4nlindring - Transtoyou\",\"isPartOf\":{\"@id\":\"https:\/\/www.transtoyou.com\/sv\/#website\"},\"primaryImageOfPage\":{\"@id\":\"https:\/\/www.transtoyou.com\/sv\/product\/rizatriptan\/#primaryimage\"},\"image\":{\"@id\":\"https:\/\/www.transtoyou.com\/sv\/product\/rizatriptan\/#primaryimage\"},\"thumbnailUrl\":\"https:\/\/www.transtoyou.com\/sv\/wp-content\/uploads\/sites\/15\/2026\/01\/tty-no-product-image-76.webp\",\"datePublished\":\"2026-01-24T04:02:03+00:00\",\"dateModified\":\"2026-03-02T15:56:39+00:00\",\"description\":\"Rizatriptan: Effektiv migr\u00e4nlindring p\u00e5 Transtoyou. F\u00e5 professionell v\u00e5rd, s\u00e4kra recept och upplev riktad lindring av huvudv\u00e4rk.\",\"breadcrumb\":{\"@id\":\"https:\/\/www.transtoyou.com\/sv\/product\/rizatriptan\/#breadcrumb\"},\"inLanguage\":\"sv-SE\",\"potentialAction\":[{\"@type\":\"ReadAction\",\"target\":[\"https:\/\/www.transtoyou.com\/sv\/product\/rizatriptan\/\"]}]},{\"@type\":\"ImageObject\",\"inLanguage\":\"sv-SE\",\"@id\":\"https:\/\/www.transtoyou.com\/sv\/product\/rizatriptan\/#primaryimage\",\"url\":\"https:\/\/www.transtoyou.com\/sv\/wp-content\/uploads\/sites\/15\/2026\/01\/tty-no-product-image-76.webp\",\"contentUrl\":\"https:\/\/www.transtoyou.com\/sv\/wp-content\/uploads\/sites\/15\/2026\/01\/tty-no-product-image-76.webp\",\"width\":1000,\"height\":1000,\"caption\":\"Standard produktbild\"},{\"@type\":\"WebSite\",\"@id\":\"https:\/\/www.transtoyou.com\/sv\/#website\",\"url\":\"https:\/\/www.transtoyou.com\/sv\/\",\"name\":\"Transtoyou - SV\",\"description\":\"\",\"publisher\":{\"@id\":\"https:\/\/www.transtoyou.com\/sv\/#organization\"},\"potentialAction\":[{\"@type\":\"SearchAction\",\"target\":{\"@type\":\"EntryPoint\",\"urlTemplate\":\"https:\/\/www.transtoyou.com\/sv\/?s={search_term_string}\"},\"query-input\":{\"@type\":\"PropertyValueSpecification\",\"valueRequired\":true,\"valueName\":\"search_term_string\"}}],\"inLanguage\":\"sv-SE\"},{\"@type\":\"Organization\",\"@id\":\"https:\/\/www.transtoyou.com\/sv\/#organization\",\"name\":\"Transtoyou - SV\",\"url\":\"https:\/\/www.transtoyou.com\/sv\/\",\"logo\":{\"@type\":\"ImageObject\",\"inLanguage\":\"sv-SE\",\"@id\":\"https:\/\/www.transtoyou.com\/sv\/#\/schema\/logo\/image\/\",\"url\":\"https:\/\/www.transtoyou.com\/sv\/wp-content\/uploads\/sites\/15\/2026\/01\/logo-tty-menu-bar-300x87-1.webp\",\"contentUrl\":\"https:\/\/www.transtoyou.com\/sv\/wp-content\/uploads\/sites\/15\/2026\/01\/logo-tty-menu-bar-300x87-1.webp\",\"width\":300,\"height\":87,\"caption\":\"Transtoyou - SV\"},\"image\":{\"@id\":\"https:\/\/www.transtoyou.com\/sv\/#\/schema\/logo\/image\/\"}}]}<\/script>\n<!-- \/ Yoast SEO plugin. -->","yoast_head_json":{"title":"Rizatriptan | Snabb Migr\u00e4nlindring - Transtoyou","description":"Rizatriptan: Effektiv migr\u00e4nlindring p\u00e5 Transtoyou. F\u00e5 professionell v\u00e5rd, s\u00e4kra recept och upplev riktad lindring av huvudv\u00e4rk.","robots":{"index":"noindex","follow":"follow","max-snippet":"max-snippet:-1","max-image-preview":"max-image-preview:large","max-video-preview":"max-video-preview:-1"},"og_locale":"sv_SE","og_type":"article","og_title":"Rizatriptan | Snabb Migr\u00e4nlindring - Transtoyou","og_description":"Rizatriptan: Effektiv migr\u00e4nlindring p\u00e5 Transtoyou. F\u00e5 professionell v\u00e5rd, s\u00e4kra recept och upplev riktad lindring av huvudv\u00e4rk.","og_url":"https:\/\/www.transtoyou.com\/sv\/product\/rizatriptan\/","og_site_name":"Transtoyou - SV","article_modified_time":"2026-03-02T15:56:39+00:00","twitter_card":"summary_large_image","twitter_misc":{"Ber\u00e4knad l\u00e4stid":"1 minut"},"schema":{"@context":"https:\/\/schema.org","@graph":[{"@type":"WebPage","@id":"https:\/\/www.transtoyou.com\/sv\/product\/rizatriptan\/","url":"https:\/\/www.transtoyou.com\/sv\/product\/rizatriptan\/","name":"Rizatriptan | Snabb Migr\u00e4nlindring - Transtoyou","isPartOf":{"@id":"https:\/\/www.transtoyou.com\/sv\/#website"},"primaryImageOfPage":{"@id":"https:\/\/www.transtoyou.com\/sv\/product\/rizatriptan\/#primaryimage"},"image":{"@id":"https:\/\/www.transtoyou.com\/sv\/product\/rizatriptan\/#primaryimage"},"thumbnailUrl":"https:\/\/www.transtoyou.com\/sv\/wp-content\/uploads\/sites\/15\/2026\/01\/tty-no-product-image-76.webp","datePublished":"2026-01-24T04:02:03+00:00","dateModified":"2026-03-02T15:56:39+00:00","description":"Rizatriptan: Effektiv migr\u00e4nlindring p\u00e5 Transtoyou. F\u00e5 professionell v\u00e5rd, s\u00e4kra recept och upplev riktad lindring av huvudv\u00e4rk.","breadcrumb":{"@id":"https:\/\/www.transtoyou.com\/sv\/product\/rizatriptan\/#breadcrumb"},"inLanguage":"sv-SE","potentialAction":[{"@type":"ReadAction","target":["https:\/\/www.transtoyou.com\/sv\/product\/rizatriptan\/"]}]},{"@type":"ImageObject","inLanguage":"sv-SE","@id":"https:\/\/www.transtoyou.com\/sv\/product\/rizatriptan\/#primaryimage","url":"https:\/\/www.transtoyou.com\/sv\/wp-content\/uploads\/sites\/15\/2026\/01\/tty-no-product-image-76.webp","contentUrl":"https:\/\/www.transtoyou.com\/sv\/wp-content\/uploads\/sites\/15\/2026\/01\/tty-no-product-image-76.webp","width":1000,"height":1000,"caption":"Standard produktbild"},{"@type":"WebSite","@id":"https:\/\/www.transtoyou.com\/sv\/#website","url":"https:\/\/www.transtoyou.com\/sv\/","name":"Transtoyou - SV","description":"","publisher":{"@id":"https:\/\/www.transtoyou.com\/sv\/#organization"},"potentialAction":[{"@type":"SearchAction","target":{"@type":"EntryPoint","urlTemplate":"https:\/\/www.transtoyou.com\/sv\/?s={search_term_string}"},"query-input":{"@type":"PropertyValueSpecification","valueRequired":true,"valueName":"search_term_string"}}],"inLanguage":"sv-SE"},{"@type":"Organization","@id":"https:\/\/www.transtoyou.com\/sv\/#organization","name":"Transtoyou - SV","url":"https:\/\/www.transtoyou.com\/sv\/","logo":{"@type":"ImageObject","inLanguage":"sv-SE","@id":"https:\/\/www.transtoyou.com\/sv\/#\/schema\/logo\/image\/","url":"https:\/\/www.transtoyou.com\/sv\/wp-content\/uploads\/sites\/15\/2026\/01\/logo-tty-menu-bar-300x87-1.webp","contentUrl":"https:\/\/www.transtoyou.com\/sv\/wp-content\/uploads\/sites\/15\/2026\/01\/logo-tty-menu-bar-300x87-1.webp","width":300,"height":87,"caption":"Transtoyou - SV"},"image":{"@id":"https:\/\/www.transtoyou.com\/sv\/#\/schema\/logo\/image\/"}}]}},"_links":{"self":[{"href":"https:\/\/www.transtoyou.com\/sv\/wp-json\/wp\/v2\/product\/706","targetHints":{"allow":["GET"]}}],"collection":[{"href":"https:\/\/www.transtoyou.com\/sv\/wp-json\/wp\/v2\/product"}],"about":[{"href":"https:\/\/www.transtoyou.com\/sv\/wp-json\/wp\/v2\/types\/product"}],"replies":[{"embeddable":true,"href":"https:\/\/www.transtoyou.com\/sv\/wp-json\/wp\/v2\/comments?post=706"}],"wp:featuredmedia":[{"embeddable":true,"href":"https:\/\/www.transtoyou.com\/sv\/wp-json\/wp\/v2\/media\/708"}],"wp:attachment":[{"href":"https:\/\/www.transtoyou.com\/sv\/wp-json\/wp\/v2\/media?parent=706"}],"wp:term":[{"taxonomy":"product_brand","embeddable":true,"href":"https:\/\/www.transtoyou.com\/sv\/wp-json\/wp\/v2\/product_brand?post=706"},{"taxonomy":"product_cat","embeddable":true,"href":"https:\/\/www.transtoyou.com\/sv\/wp-json\/wp\/v2\/product_cat?post=706"},{"taxonomy":"product_tag","embeddable":true,"href":"https:\/\/www.transtoyou.com\/sv\/wp-json\/wp\/v2\/product_tag?post=706"},{"taxonomy":"expert","embeddable":true,"href":"https:\/\/www.transtoyou.com\/sv\/wp-json\/wp\/v2\/expert?post=706"}],"curies":[{"name":"wp","href":"https:\/\/api.w.org\/{rel}","templated":true}]}}