{"id":717,"date":"2026-01-24T05:00:40","date_gmt":"2026-01-24T05:00:40","guid":{"rendered":"https:\/\/www.transtoyou.com\/sv\/product\/clomifen\/"},"modified":"2026-01-24T05:01:43","modified_gmt":"2026-01-24T05:01:43","slug":"clomifen","status":"publish","type":"product","link":"https:\/\/www.transtoyou.com\/sv\/product\/clomifen\/","title":{"rendered":"Clomifen"},"content":{"rendered":"<p>Clomifen, \u00e4ven k\u00e4nt som klomifencitrat, \u00e4r en medicin som anv\u00e4nds f\u00f6r att inducera \u00e4gglossning hos personer som upplever infertilitet. Det ordineras vanligtvis f\u00f6r personer som inte har \u00e4gglossning regelbundet eller alls, inklusive de med tillst\u00e5nd som polycystiskt ovariesyndrom (PCOS) eller andra hormonella obalanser som p\u00e5verkar menstruationscykeln.<\/p>\n<p>Clomifen verkar genom att p\u00e5verka de hormonella signalerna i hj\u00e4rnan som reglerar reproduktionssystemet. Specifikt stimulerar det hypofysen att frig\u00f6ra h\u00f6gre niv\u00e5er av follikelstimulerande hormon (FSH) och luteiniserande hormon (LH). Dessa hormoner fr\u00e4mjar utvecklingen och fris\u00e4ttningen av ett moget \u00e4gg fr\u00e5n \u00e4ggstockarna, vilket \u00f6kar chansen f\u00f6r befruktning under en naturlig menstruationscykel.<\/p>\n<p>Behandlingen tas vanligtvis som en kort kurs av tabletter, en g\u00e5ng om dagen i fem p\u00e5 varandra f\u00f6ljande dagar, vanligtvis med start tidigt i menstruationscykeln. Den exakta tidpunkten och doseringen kan variera beroende p\u00e5 individens cykelm\u00f6nster och deras respons p\u00e5 medicinen. \u00c4gglossning intr\u00e4ffar vanligtvis 5 till 10 dagar efter den sista dosen, och tidsbest\u00e4md samlag rekommenderas ofta under denna period.<\/p>\n<p>Clomifen \u00e4r ett alternativ inom fertilitetsbehandling och \u00e4r ofta en av de f\u00f6rstahandsbehandlingar som anv\u00e4nds f\u00f6r att hantera \u00e4gglossningsst\u00f6rningar. Vissa personer kan uppleva biverkningar, inklusive uppbl\u00e5sthet, hum\u00f6rf\u00f6r\u00e4ndringar eller tillf\u00e4lliga synst\u00f6rningar. Eftersom Clomifen \u00f6kar chansen f\u00f6r \u00e4gglossning finns det ocks\u00e5 en n\u00e5got \u00f6kad risk f\u00f6r flerfaldiga graviditeter, s\u00e5som tvillingar.<\/p>\n","protected":false},"excerpt":{"rendered":"<ul>\n<li>Stimulerar \u00e4gglossning naturligt<\/li>\n<li>F\u00f6rb\u00e4ttrar fertilitetsresultat<\/li>\n<li>Icke-invasiv oral terapi<\/li>\n<\/ul>\n","protected":false},"featured_media":719,"comment_status":"open","ping_status":"closed","template":"","meta":[],"product_brand":[],"product_cat":[100],"product_tag":[],"expert":[19],"class_list":{"0":"post-717","1":"product","2":"type-product","3":"status-publish","4":"has-post-thumbnail","6":"product_cat-fertilitets-och-agglossningsprodukter","7":"expert-dr-j-vazquez","9":"first","10":"instock","11":"shipping-taxable","12":"product-type-variable"},"yoast_head":"<!-- This site is optimized with the Yoast SEO plugin v27.0 - https:\/\/yoast.com\/product\/yoast-seo-wordpress\/ -->\n<title>Clomifen | St\u00f6der \u00e4gglossning och fertilitet - Transtoyou<\/title>\n<meta name=\"description\" content=\"Clomifen st\u00f6djer \u00e4gglossning f\u00f6r fertilitet, perfekt f\u00f6r PCOS. Uppt\u00e4ck dess f\u00f6rdelar p\u00e5 Transtoyou. S\u00e4kerst\u00e4ll hormonbalans, handla nu.\" \/>\n<meta name=\"robots\" content=\"noindex, follow, max-snippet:-1, max-image-preview:large, max-video-preview:-1\" \/>\n<meta property=\"og:locale\" content=\"sv_SE\" \/>\n<meta property=\"og:type\" content=\"article\" \/>\n<meta property=\"og:title\" content=\"Clomifen | St\u00f6der \u00e4gglossning och fertilitet - Transtoyou\" \/>\n<meta property=\"og:description\" content=\"Clomifen st\u00f6djer \u00e4gglossning f\u00f6r fertilitet, perfekt f\u00f6r PCOS. Uppt\u00e4ck dess f\u00f6rdelar p\u00e5 Transtoyou. S\u00e4kerst\u00e4ll hormonbalans, handla nu.\" \/>\n<meta property=\"og:url\" content=\"https:\/\/www.transtoyou.com\/sv\/product\/clomifen\/\" \/>\n<meta property=\"og:site_name\" content=\"Transtoyou - SV\" \/>\n<meta property=\"article:modified_time\" content=\"2026-01-24T05:01:43+00:00\" \/>\n<meta name=\"twitter:card\" content=\"summary_large_image\" \/>\n<meta name=\"twitter:label1\" content=\"Ber\u00e4knad l\u00e4stid\" \/>\n\t<meta name=\"twitter:data1\" content=\"1 minut\" \/>\n<script type=\"application\/ld+json\" class=\"yoast-schema-graph\">{\"@context\":\"https:\/\/schema.org\",\"@graph\":[{\"@type\":\"WebPage\",\"@id\":\"https:\/\/www.transtoyou.com\/sv\/product\/clomifen\/\",\"url\":\"https:\/\/www.transtoyou.com\/sv\/product\/clomifen\/\",\"name\":\"Clomifen | St\u00f6der \u00e4gglossning och fertilitet - Transtoyou\",\"isPartOf\":{\"@id\":\"https:\/\/www.transtoyou.com\/sv\/#website\"},\"primaryImageOfPage\":{\"@id\":\"https:\/\/www.transtoyou.com\/sv\/product\/clomifen\/#primaryimage\"},\"image\":{\"@id\":\"https:\/\/www.transtoyou.com\/sv\/product\/clomifen\/#primaryimage\"},\"thumbnailUrl\":\"https:\/\/www.transtoyou.com\/sv\/wp-content\/uploads\/sites\/15\/2026\/01\/tty-no-product-image-80.webp\",\"datePublished\":\"2026-01-24T05:00:40+00:00\",\"dateModified\":\"2026-01-24T05:01:43+00:00\",\"description\":\"Clomifen st\u00f6djer \u00e4gglossning f\u00f6r fertilitet, perfekt f\u00f6r PCOS. Uppt\u00e4ck dess f\u00f6rdelar p\u00e5 Transtoyou. S\u00e4kerst\u00e4ll hormonbalans, handla nu.\",\"breadcrumb\":{\"@id\":\"https:\/\/www.transtoyou.com\/sv\/product\/clomifen\/#breadcrumb\"},\"inLanguage\":\"sv-SE\",\"potentialAction\":[{\"@type\":\"ReadAction\",\"target\":[\"https:\/\/www.transtoyou.com\/sv\/product\/clomifen\/\"]}]},{\"@type\":\"ImageObject\",\"inLanguage\":\"sv-SE\",\"@id\":\"https:\/\/www.transtoyou.com\/sv\/product\/clomifen\/#primaryimage\",\"url\":\"https:\/\/www.transtoyou.com\/sv\/wp-content\/uploads\/sites\/15\/2026\/01\/tty-no-product-image-80.webp\",\"contentUrl\":\"https:\/\/www.transtoyou.com\/sv\/wp-content\/uploads\/sites\/15\/2026\/01\/tty-no-product-image-80.webp\",\"width\":1000,\"height\":1000,\"caption\":\"Standard produktbild\"},{\"@type\":\"WebSite\",\"@id\":\"https:\/\/www.transtoyou.com\/sv\/#website\",\"url\":\"https:\/\/www.transtoyou.com\/sv\/\",\"name\":\"Transtoyou - SV\",\"description\":\"\",\"publisher\":{\"@id\":\"https:\/\/www.transtoyou.com\/sv\/#organization\"},\"potentialAction\":[{\"@type\":\"SearchAction\",\"target\":{\"@type\":\"EntryPoint\",\"urlTemplate\":\"https:\/\/www.transtoyou.com\/sv\/?s={search_term_string}\"},\"query-input\":{\"@type\":\"PropertyValueSpecification\",\"valueRequired\":true,\"valueName\":\"search_term_string\"}}],\"inLanguage\":\"sv-SE\"},{\"@type\":\"Organization\",\"@id\":\"https:\/\/www.transtoyou.com\/sv\/#organization\",\"name\":\"Transtoyou - SV\",\"url\":\"https:\/\/www.transtoyou.com\/sv\/\",\"logo\":{\"@type\":\"ImageObject\",\"inLanguage\":\"sv-SE\",\"@id\":\"https:\/\/www.transtoyou.com\/sv\/#\/schema\/logo\/image\/\",\"url\":\"https:\/\/www.transtoyou.com\/sv\/wp-content\/uploads\/sites\/15\/2026\/01\/logo-tty-menu-bar-300x87-1.webp\",\"contentUrl\":\"https:\/\/www.transtoyou.com\/sv\/wp-content\/uploads\/sites\/15\/2026\/01\/logo-tty-menu-bar-300x87-1.webp\",\"width\":300,\"height\":87,\"caption\":\"Transtoyou - SV\"},\"image\":{\"@id\":\"https:\/\/www.transtoyou.com\/sv\/#\/schema\/logo\/image\/\"}}]}<\/script>\n<!-- \/ Yoast SEO plugin. -->","yoast_head_json":{"title":"Clomifen | St\u00f6der \u00e4gglossning och fertilitet - Transtoyou","description":"Clomifen st\u00f6djer \u00e4gglossning f\u00f6r fertilitet, perfekt f\u00f6r PCOS. Uppt\u00e4ck dess f\u00f6rdelar p\u00e5 Transtoyou. S\u00e4kerst\u00e4ll hormonbalans, handla nu.","robots":{"index":"noindex","follow":"follow","max-snippet":"max-snippet:-1","max-image-preview":"max-image-preview:large","max-video-preview":"max-video-preview:-1"},"og_locale":"sv_SE","og_type":"article","og_title":"Clomifen | St\u00f6der \u00e4gglossning och fertilitet - Transtoyou","og_description":"Clomifen st\u00f6djer \u00e4gglossning f\u00f6r fertilitet, perfekt f\u00f6r PCOS. Uppt\u00e4ck dess f\u00f6rdelar p\u00e5 Transtoyou. S\u00e4kerst\u00e4ll hormonbalans, handla nu.","og_url":"https:\/\/www.transtoyou.com\/sv\/product\/clomifen\/","og_site_name":"Transtoyou - SV","article_modified_time":"2026-01-24T05:01:43+00:00","twitter_card":"summary_large_image","twitter_misc":{"Ber\u00e4knad l\u00e4stid":"1 minut"},"schema":{"@context":"https:\/\/schema.org","@graph":[{"@type":"WebPage","@id":"https:\/\/www.transtoyou.com\/sv\/product\/clomifen\/","url":"https:\/\/www.transtoyou.com\/sv\/product\/clomifen\/","name":"Clomifen | St\u00f6der \u00e4gglossning och fertilitet - Transtoyou","isPartOf":{"@id":"https:\/\/www.transtoyou.com\/sv\/#website"},"primaryImageOfPage":{"@id":"https:\/\/www.transtoyou.com\/sv\/product\/clomifen\/#primaryimage"},"image":{"@id":"https:\/\/www.transtoyou.com\/sv\/product\/clomifen\/#primaryimage"},"thumbnailUrl":"https:\/\/www.transtoyou.com\/sv\/wp-content\/uploads\/sites\/15\/2026\/01\/tty-no-product-image-80.webp","datePublished":"2026-01-24T05:00:40+00:00","dateModified":"2026-01-24T05:01:43+00:00","description":"Clomifen st\u00f6djer \u00e4gglossning f\u00f6r fertilitet, perfekt f\u00f6r PCOS. Uppt\u00e4ck dess f\u00f6rdelar p\u00e5 Transtoyou. S\u00e4kerst\u00e4ll hormonbalans, handla nu.","breadcrumb":{"@id":"https:\/\/www.transtoyou.com\/sv\/product\/clomifen\/#breadcrumb"},"inLanguage":"sv-SE","potentialAction":[{"@type":"ReadAction","target":["https:\/\/www.transtoyou.com\/sv\/product\/clomifen\/"]}]},{"@type":"ImageObject","inLanguage":"sv-SE","@id":"https:\/\/www.transtoyou.com\/sv\/product\/clomifen\/#primaryimage","url":"https:\/\/www.transtoyou.com\/sv\/wp-content\/uploads\/sites\/15\/2026\/01\/tty-no-product-image-80.webp","contentUrl":"https:\/\/www.transtoyou.com\/sv\/wp-content\/uploads\/sites\/15\/2026\/01\/tty-no-product-image-80.webp","width":1000,"height":1000,"caption":"Standard produktbild"},{"@type":"WebSite","@id":"https:\/\/www.transtoyou.com\/sv\/#website","url":"https:\/\/www.transtoyou.com\/sv\/","name":"Transtoyou - SV","description":"","publisher":{"@id":"https:\/\/www.transtoyou.com\/sv\/#organization"},"potentialAction":[{"@type":"SearchAction","target":{"@type":"EntryPoint","urlTemplate":"https:\/\/www.transtoyou.com\/sv\/?s={search_term_string}"},"query-input":{"@type":"PropertyValueSpecification","valueRequired":true,"valueName":"search_term_string"}}],"inLanguage":"sv-SE"},{"@type":"Organization","@id":"https:\/\/www.transtoyou.com\/sv\/#organization","name":"Transtoyou - SV","url":"https:\/\/www.transtoyou.com\/sv\/","logo":{"@type":"ImageObject","inLanguage":"sv-SE","@id":"https:\/\/www.transtoyou.com\/sv\/#\/schema\/logo\/image\/","url":"https:\/\/www.transtoyou.com\/sv\/wp-content\/uploads\/sites\/15\/2026\/01\/logo-tty-menu-bar-300x87-1.webp","contentUrl":"https:\/\/www.transtoyou.com\/sv\/wp-content\/uploads\/sites\/15\/2026\/01\/logo-tty-menu-bar-300x87-1.webp","width":300,"height":87,"caption":"Transtoyou - SV"},"image":{"@id":"https:\/\/www.transtoyou.com\/sv\/#\/schema\/logo\/image\/"}}]}},"_links":{"self":[{"href":"https:\/\/www.transtoyou.com\/sv\/wp-json\/wp\/v2\/product\/717","targetHints":{"allow":["GET"]}}],"collection":[{"href":"https:\/\/www.transtoyou.com\/sv\/wp-json\/wp\/v2\/product"}],"about":[{"href":"https:\/\/www.transtoyou.com\/sv\/wp-json\/wp\/v2\/types\/product"}],"replies":[{"embeddable":true,"href":"https:\/\/www.transtoyou.com\/sv\/wp-json\/wp\/v2\/comments?post=717"}],"wp:featuredmedia":[{"embeddable":true,"href":"https:\/\/www.transtoyou.com\/sv\/wp-json\/wp\/v2\/media\/719"}],"wp:attachment":[{"href":"https:\/\/www.transtoyou.com\/sv\/wp-json\/wp\/v2\/media?parent=717"}],"wp:term":[{"taxonomy":"product_brand","embeddable":true,"href":"https:\/\/www.transtoyou.com\/sv\/wp-json\/wp\/v2\/product_brand?post=717"},{"taxonomy":"product_cat","embeddable":true,"href":"https:\/\/www.transtoyou.com\/sv\/wp-json\/wp\/v2\/product_cat?post=717"},{"taxonomy":"product_tag","embeddable":true,"href":"https:\/\/www.transtoyou.com\/sv\/wp-json\/wp\/v2\/product_tag?post=717"},{"taxonomy":"expert","embeddable":true,"href":"https:\/\/www.transtoyou.com\/sv\/wp-json\/wp\/v2\/expert?post=717"}],"curies":[{"name":"wp","href":"https:\/\/api.w.org\/{rel}","templated":true}]}}