{"id":736,"date":"2026-01-24T06:59:51","date_gmt":"2026-01-24T06:59:51","guid":{"rendered":"https:\/\/www.transtoyou.com\/sv\/product\/viagra\/"},"modified":"2026-03-18T11:49:05","modified_gmt":"2026-03-18T11:49:05","slug":"viagra","status":"publish","type":"product","link":"https:\/\/www.transtoyou.com\/sv\/product\/viagra\/","title":{"rendered":"Viagra"},"content":{"rendered":"<p>Viagra \u00e4r en behandling f\u00f6r erektil dysfunktion, som hj\u00e4lper m\u00e4n att uppn\u00e5 och uppr\u00e4tth\u00e5lla en erektion som \u00e4r l\u00e4mplig f\u00f6r sexuell aktivitet. Dess aktiva ingrediens, sildenafilcitrat, verkar genom att \u00f6ka blodfl\u00f6det till penis n\u00e4r en man \u00e4r sexuellt upphetsad. Detta f\u00f6rb\u00e4ttrar kroppens naturliga f\u00f6rm\u00e5ga att reagera p\u00e5 intimitet, vilket st\u00f6djer starkare och mer p\u00e5litliga erektioner.<\/p>\n<p>Viagra tillh\u00f6r en klass av l\u00e4kemedel som kallas PDE5-h\u00e4mmare, som slappnar av blodk\u00e4rlen i penis, vilket g\u00f6r att mer blod kan str\u00f6mma in under stimulering. Det orsakar inte en erektion p\u00e5 egen hand, sexuell upphetsning kr\u00e4vs fortfarande f\u00f6r att medicinen ska vara effektiv. N\u00e4r den \u00e4r aktiv i kroppen b\u00f6rjar Viagra vanligtvis verka inom 30 till 60 minuter, och dess effekter kan vara i ungef\u00e4r fyra till fem timmar.<\/p>\n<p>Den standardiserade startdosen \u00e4r 50 mg, som tas ungef\u00e4r en timme f\u00f6re sexuell aktivitet, \u00e4ven om detta kan justeras beroende p\u00e5 individuell respons och tolerans. Vissa m\u00e4n kan ha nytta av en l\u00e4gre dos (25 mg), medan andra kan beh\u00f6va upp till 100 mg. Den tas via munnen och kan anv\u00e4ndas med eller utan mat, \u00e4ven om fettrika m\u00e5ltider kan f\u00f6rdr\u00f6ja verkan n\u00e5got.<\/p>\n<p>Viagra tolereras generellt v\u00e4l. Vissa anv\u00e4ndare kan uppleva biverkningar som huvudv\u00e4rk, ansiktsrodnad, n\u00e4st\u00e4ppa, magbesv\u00e4r eller tillf\u00e4lliga f\u00f6r\u00e4ndringar i synen (som en bl\u00e5 nyans). Dessa effekter \u00e4r vanligtvis milda och kortvariga. Det b\u00f6r inte anv\u00e4ndas tillsammans med nitrater eller l\u00e4kemedel som signifikant s\u00e4nker blodtrycket.<\/p>\n","protected":false},"excerpt":{"rendered":"<ul>\n<li>St\u00f6der naturlig sexuell respons<\/li>\n<li>F\u00f6rb\u00e4ttrar erektil funktion<\/li>\n<li>Betrodd v\u00e4rlden \u00f6ver f\u00f6r hantering av ED<\/li>\n<\/ul>\n","protected":false},"featured_media":738,"comment_status":"open","ping_status":"closed","template":"","meta":[],"product_brand":[],"product_cat":[95],"product_tag":[],"expert":[16],"class_list":{"0":"post-736","1":"product","2":"type-product","3":"status-publish","4":"has-post-thumbnail","6":"product_cat-erektil-dysfunktion-behandlingar","7":"expert-dr-c-alexandru","9":"first","10":"instock","11":"shipping-taxable","12":"purchasable","13":"product-type-variable"},"yoast_head":"<!-- This site is optimized with the Yoast SEO plugin v27.0 - https:\/\/yoast.com\/product\/yoast-seo-wordpress\/ -->\n<title>Viagra | F\u00f6rb\u00e4ttra prestation och sj\u00e4lvf\u00f6rtroende - Transtoyou<\/title>\n<meta name=\"description\" content=\"Uppt\u00e4ck Viagra p\u00e5 Transtoyou f\u00f6r att s\u00e4kert f\u00f6rb\u00e4ttra erektil funktion. Kliniskt bevisat med sildenafilcitrat. Best\u00e4ll idag!\" \/>\n<meta name=\"robots\" content=\"noindex, follow, max-snippet:-1, max-image-preview:large, max-video-preview:-1\" \/>\n<meta property=\"og:locale\" content=\"sv_SE\" \/>\n<meta property=\"og:type\" content=\"article\" \/>\n<meta property=\"og:title\" content=\"Viagra | F\u00f6rb\u00e4ttra prestation och sj\u00e4lvf\u00f6rtroende - Transtoyou\" \/>\n<meta property=\"og:description\" content=\"Uppt\u00e4ck Viagra p\u00e5 Transtoyou f\u00f6r att s\u00e4kert f\u00f6rb\u00e4ttra erektil funktion. Kliniskt bevisat med sildenafilcitrat. Best\u00e4ll idag!\" \/>\n<meta property=\"og:url\" content=\"https:\/\/www.transtoyou.com\/sv\/product\/viagra\/\" \/>\n<meta property=\"og:site_name\" content=\"Transtoyou - SV\" \/>\n<meta property=\"article:modified_time\" content=\"2026-03-18T11:49:05+00:00\" \/>\n<meta name=\"twitter:card\" content=\"summary_large_image\" \/>\n<meta name=\"twitter:label1\" content=\"Ber\u00e4knad l\u00e4stid\" \/>\n\t<meta name=\"twitter:data1\" content=\"1 minut\" \/>\n<script type=\"application\/ld+json\" class=\"yoast-schema-graph\">{\"@context\":\"https:\/\/schema.org\",\"@graph\":[{\"@type\":\"WebPage\",\"@id\":\"https:\/\/www.transtoyou.com\/sv\/product\/viagra\/\",\"url\":\"https:\/\/www.transtoyou.com\/sv\/product\/viagra\/\",\"name\":\"Viagra | F\u00f6rb\u00e4ttra prestation och sj\u00e4lvf\u00f6rtroende - Transtoyou\",\"isPartOf\":{\"@id\":\"https:\/\/www.transtoyou.com\/sv\/#website\"},\"primaryImageOfPage\":{\"@id\":\"https:\/\/www.transtoyou.com\/sv\/product\/viagra\/#primaryimage\"},\"image\":{\"@id\":\"https:\/\/www.transtoyou.com\/sv\/product\/viagra\/#primaryimage\"},\"thumbnailUrl\":\"https:\/\/www.transtoyou.com\/sv\/wp-content\/uploads\/sites\/15\/2026\/01\/tty-no-product-image-87.webp\",\"datePublished\":\"2026-01-24T06:59:51+00:00\",\"dateModified\":\"2026-03-18T11:49:05+00:00\",\"description\":\"Uppt\u00e4ck Viagra p\u00e5 Transtoyou f\u00f6r att s\u00e4kert f\u00f6rb\u00e4ttra erektil funktion. Kliniskt bevisat med sildenafilcitrat. Best\u00e4ll idag!\",\"breadcrumb\":{\"@id\":\"https:\/\/www.transtoyou.com\/sv\/product\/viagra\/#breadcrumb\"},\"inLanguage\":\"sv-SE\",\"potentialAction\":[{\"@type\":\"ReadAction\",\"target\":[\"https:\/\/www.transtoyou.com\/sv\/product\/viagra\/\"]}]},{\"@type\":\"ImageObject\",\"inLanguage\":\"sv-SE\",\"@id\":\"https:\/\/www.transtoyou.com\/sv\/product\/viagra\/#primaryimage\",\"url\":\"https:\/\/www.transtoyou.com\/sv\/wp-content\/uploads\/sites\/15\/2026\/01\/tty-no-product-image-87.webp\",\"contentUrl\":\"https:\/\/www.transtoyou.com\/sv\/wp-content\/uploads\/sites\/15\/2026\/01\/tty-no-product-image-87.webp\",\"width\":1000,\"height\":1000,\"caption\":\"Standard produktbild\"},{\"@type\":\"WebSite\",\"@id\":\"https:\/\/www.transtoyou.com\/sv\/#website\",\"url\":\"https:\/\/www.transtoyou.com\/sv\/\",\"name\":\"Transtoyou - SV\",\"description\":\"\",\"publisher\":{\"@id\":\"https:\/\/www.transtoyou.com\/sv\/#organization\"},\"potentialAction\":[{\"@type\":\"SearchAction\",\"target\":{\"@type\":\"EntryPoint\",\"urlTemplate\":\"https:\/\/www.transtoyou.com\/sv\/?s={search_term_string}\"},\"query-input\":{\"@type\":\"PropertyValueSpecification\",\"valueRequired\":true,\"valueName\":\"search_term_string\"}}],\"inLanguage\":\"sv-SE\"},{\"@type\":\"Organization\",\"@id\":\"https:\/\/www.transtoyou.com\/sv\/#organization\",\"name\":\"Transtoyou - SV\",\"url\":\"https:\/\/www.transtoyou.com\/sv\/\",\"logo\":{\"@type\":\"ImageObject\",\"inLanguage\":\"sv-SE\",\"@id\":\"https:\/\/www.transtoyou.com\/sv\/#\/schema\/logo\/image\/\",\"url\":\"https:\/\/www.transtoyou.com\/sv\/wp-content\/uploads\/sites\/15\/2026\/01\/logo-tty-menu-bar-300x87-1.webp\",\"contentUrl\":\"https:\/\/www.transtoyou.com\/sv\/wp-content\/uploads\/sites\/15\/2026\/01\/logo-tty-menu-bar-300x87-1.webp\",\"width\":300,\"height\":87,\"caption\":\"Transtoyou - SV\"},\"image\":{\"@id\":\"https:\/\/www.transtoyou.com\/sv\/#\/schema\/logo\/image\/\"}}]}<\/script>\n<!-- \/ Yoast SEO plugin. -->","yoast_head_json":{"title":"Viagra | F\u00f6rb\u00e4ttra prestation och sj\u00e4lvf\u00f6rtroende - Transtoyou","description":"Uppt\u00e4ck Viagra p\u00e5 Transtoyou f\u00f6r att s\u00e4kert f\u00f6rb\u00e4ttra erektil funktion. Kliniskt bevisat med sildenafilcitrat. Best\u00e4ll idag!","robots":{"index":"noindex","follow":"follow","max-snippet":"max-snippet:-1","max-image-preview":"max-image-preview:large","max-video-preview":"max-video-preview:-1"},"og_locale":"sv_SE","og_type":"article","og_title":"Viagra | F\u00f6rb\u00e4ttra prestation och sj\u00e4lvf\u00f6rtroende - Transtoyou","og_description":"Uppt\u00e4ck Viagra p\u00e5 Transtoyou f\u00f6r att s\u00e4kert f\u00f6rb\u00e4ttra erektil funktion. Kliniskt bevisat med sildenafilcitrat. Best\u00e4ll idag!","og_url":"https:\/\/www.transtoyou.com\/sv\/product\/viagra\/","og_site_name":"Transtoyou - SV","article_modified_time":"2026-03-18T11:49:05+00:00","twitter_card":"summary_large_image","twitter_misc":{"Ber\u00e4knad l\u00e4stid":"1 minut"},"schema":{"@context":"https:\/\/schema.org","@graph":[{"@type":"WebPage","@id":"https:\/\/www.transtoyou.com\/sv\/product\/viagra\/","url":"https:\/\/www.transtoyou.com\/sv\/product\/viagra\/","name":"Viagra | F\u00f6rb\u00e4ttra prestation och sj\u00e4lvf\u00f6rtroende - Transtoyou","isPartOf":{"@id":"https:\/\/www.transtoyou.com\/sv\/#website"},"primaryImageOfPage":{"@id":"https:\/\/www.transtoyou.com\/sv\/product\/viagra\/#primaryimage"},"image":{"@id":"https:\/\/www.transtoyou.com\/sv\/product\/viagra\/#primaryimage"},"thumbnailUrl":"https:\/\/www.transtoyou.com\/sv\/wp-content\/uploads\/sites\/15\/2026\/01\/tty-no-product-image-87.webp","datePublished":"2026-01-24T06:59:51+00:00","dateModified":"2026-03-18T11:49:05+00:00","description":"Uppt\u00e4ck Viagra p\u00e5 Transtoyou f\u00f6r att s\u00e4kert f\u00f6rb\u00e4ttra erektil funktion. Kliniskt bevisat med sildenafilcitrat. Best\u00e4ll idag!","breadcrumb":{"@id":"https:\/\/www.transtoyou.com\/sv\/product\/viagra\/#breadcrumb"},"inLanguage":"sv-SE","potentialAction":[{"@type":"ReadAction","target":["https:\/\/www.transtoyou.com\/sv\/product\/viagra\/"]}]},{"@type":"ImageObject","inLanguage":"sv-SE","@id":"https:\/\/www.transtoyou.com\/sv\/product\/viagra\/#primaryimage","url":"https:\/\/www.transtoyou.com\/sv\/wp-content\/uploads\/sites\/15\/2026\/01\/tty-no-product-image-87.webp","contentUrl":"https:\/\/www.transtoyou.com\/sv\/wp-content\/uploads\/sites\/15\/2026\/01\/tty-no-product-image-87.webp","width":1000,"height":1000,"caption":"Standard produktbild"},{"@type":"WebSite","@id":"https:\/\/www.transtoyou.com\/sv\/#website","url":"https:\/\/www.transtoyou.com\/sv\/","name":"Transtoyou - SV","description":"","publisher":{"@id":"https:\/\/www.transtoyou.com\/sv\/#organization"},"potentialAction":[{"@type":"SearchAction","target":{"@type":"EntryPoint","urlTemplate":"https:\/\/www.transtoyou.com\/sv\/?s={search_term_string}"},"query-input":{"@type":"PropertyValueSpecification","valueRequired":true,"valueName":"search_term_string"}}],"inLanguage":"sv-SE"},{"@type":"Organization","@id":"https:\/\/www.transtoyou.com\/sv\/#organization","name":"Transtoyou - SV","url":"https:\/\/www.transtoyou.com\/sv\/","logo":{"@type":"ImageObject","inLanguage":"sv-SE","@id":"https:\/\/www.transtoyou.com\/sv\/#\/schema\/logo\/image\/","url":"https:\/\/www.transtoyou.com\/sv\/wp-content\/uploads\/sites\/15\/2026\/01\/logo-tty-menu-bar-300x87-1.webp","contentUrl":"https:\/\/www.transtoyou.com\/sv\/wp-content\/uploads\/sites\/15\/2026\/01\/logo-tty-menu-bar-300x87-1.webp","width":300,"height":87,"caption":"Transtoyou - SV"},"image":{"@id":"https:\/\/www.transtoyou.com\/sv\/#\/schema\/logo\/image\/"}}]}},"_links":{"self":[{"href":"https:\/\/www.transtoyou.com\/sv\/wp-json\/wp\/v2\/product\/736","targetHints":{"allow":["GET"]}}],"collection":[{"href":"https:\/\/www.transtoyou.com\/sv\/wp-json\/wp\/v2\/product"}],"about":[{"href":"https:\/\/www.transtoyou.com\/sv\/wp-json\/wp\/v2\/types\/product"}],"replies":[{"embeddable":true,"href":"https:\/\/www.transtoyou.com\/sv\/wp-json\/wp\/v2\/comments?post=736"}],"wp:featuredmedia":[{"embeddable":true,"href":"https:\/\/www.transtoyou.com\/sv\/wp-json\/wp\/v2\/media\/738"}],"wp:attachment":[{"href":"https:\/\/www.transtoyou.com\/sv\/wp-json\/wp\/v2\/media?parent=736"}],"wp:term":[{"taxonomy":"product_brand","embeddable":true,"href":"https:\/\/www.transtoyou.com\/sv\/wp-json\/wp\/v2\/product_brand?post=736"},{"taxonomy":"product_cat","embeddable":true,"href":"https:\/\/www.transtoyou.com\/sv\/wp-json\/wp\/v2\/product_cat?post=736"},{"taxonomy":"product_tag","embeddable":true,"href":"https:\/\/www.transtoyou.com\/sv\/wp-json\/wp\/v2\/product_tag?post=736"},{"taxonomy":"expert","embeddable":true,"href":"https:\/\/www.transtoyou.com\/sv\/wp-json\/wp\/v2\/expert?post=736"}],"curies":[{"name":"wp","href":"https:\/\/api.w.org\/{rel}","templated":true}]}}