{"id":739,"date":"2026-01-24T07:15:26","date_gmt":"2026-01-24T07:15:26","guid":{"rendered":"https:\/\/www.transtoyou.com\/sv\/product\/tadalafil\/"},"modified":"2026-03-05T15:36:05","modified_gmt":"2026-03-05T15:36:05","slug":"tadalafil","status":"publish","type":"product","link":"https:\/\/www.transtoyou.com\/sv\/product\/tadalafil\/","title":{"rendered":"Tadalafil"},"content":{"rendered":"<p>Tadalafil \u00e4r en medicin f\u00f6r behandling av erektil dysfunktion, f\u00f6r att st\u00f6dja m\u00e4n i att uppn\u00e5 och bibeh\u00e5lla en erektion som \u00e4r tillr\u00e4cklig f\u00f6r sexuell aktivitet. Det tillh\u00f6r klassen l\u00e4kemedel som kallas PDE5-h\u00e4mmare, vilka f\u00f6rb\u00e4ttrar blodfl\u00f6det till penis genom att slappna av de glatta musklerna i blodk\u00e4rlens v\u00e4ggar.<\/p>\n<p>Vad som s\u00e4rskiljer Tadalafil fr\u00e5n andra behandlingar f\u00f6r ED \u00e4r dess l\u00e5nga verkan. Efter att ha tagit en eng\u00e5ngsdos kan effekterna vara kvar i upp till 36 timmar, vilket erbjuder en mer flexibel och naturlig upplevelse kring intimitet. Detta ut\u00f6kade f\u00f6nster har gett Tadalafil rykte om att vara en &#8221;helgpiller&#8221;, vilket g\u00f6r att m\u00e4n och deras partners kan delta i sexuell aktivitet utan pressen av exakt timing.<\/p>\n<p>Tadalafil kan tas p\u00e5 tv\u00e5 s\u00e4tt.<\/p>\n<ol>\n<li>Det f\u00f6rsta \u00e4r vid behov, vanligtvis i en dos av 10 mg eller 20 mg, som tas cirka 30 minuter f\u00f6re planerad sexuell aktivitet.<\/li>\n<li>Det andra \u00e4r en g\u00e5ng om dagen, i en mycket l\u00e4gre dos (2,5 mg eller 5 mg), vilket h\u00e5ller en konstant niv\u00e5 av medicinen i kroppen. Denna dagliga metod \u00e4r idealisk f\u00f6r m\u00e4n som f\u00f6redrar att vara redo n\u00e4r som helst, utan att beh\u00f6va planera i f\u00f6rv\u00e4g.<\/li>\n<\/ol>\n<p>Medicineringen tas oralt och kan anv\u00e4ndas med eller utan mat. Dess verkanstid \u00e4r vanligtvis 30 till 60 minuter. De flesta anv\u00e4ndare t\u00e5l den v\u00e4l, \u00e4ven om vissa kan uppleva milda biverkningar som huvudv\u00e4rk, muskelv\u00e4rk, matsm\u00e4ltningsbesv\u00e4r eller n\u00e4st\u00e4ppa. Tadalafil b\u00f6r inte tas tillsammans med nitrater eller vissa blodtrycksmediciner p\u00e5 grund av risken f\u00f6r allvarliga blodtrycksfall.<\/p>\n","protected":false},"excerpt":{"rendered":"<ul>\n<li>L\u00e5ngvarig behandling av ED: upp till 36 timmars effekt<\/li>\n<li>St\u00f6der ocks\u00e5 urinv\u00e4gssymptom relaterade till BPH<\/li>\n<li>Alternativ f\u00f6r daglig eller vid behov dosering<\/li>\n<\/ul>\n","protected":false},"featured_media":741,"comment_status":"open","ping_status":"closed","template":"","meta":[],"product_brand":[],"product_cat":[95],"product_tag":[],"expert":[16],"class_list":{"0":"post-739","1":"product","2":"type-product","3":"status-publish","4":"has-post-thumbnail","6":"product_cat-erektil-dysfunktion-behandlingar","7":"expert-dr-c-alexandru","9":"first","10":"instock","11":"shipping-taxable","12":"product-type-variable"},"yoast_head":"<!-- This site is optimized with the Yoast SEO plugin v27.0 - https:\/\/yoast.com\/product\/yoast-seo-wordpress\/ -->\n<title>Tadalafil | L\u00e5ngvarig ED-l\u00f6sning - Transtoyou<\/title>\n<meta name=\"description\" content=\"Tadalafil, en l\u00e5ngvarig behandling f\u00f6r ED, \u00f6kar blodfl\u00f6det i upp till 36 timmar. Uppt\u00e4ck flexibilitet och f\u00f6rb\u00e4ttrad intimitet. L\u00e4r dig mer nu.\" \/>\n<meta name=\"robots\" content=\"noindex, follow, max-snippet:-1, max-image-preview:large, max-video-preview:-1\" \/>\n<meta property=\"og:locale\" content=\"sv_SE\" \/>\n<meta property=\"og:type\" content=\"article\" \/>\n<meta property=\"og:title\" content=\"Tadalafil | L\u00e5ngvarig ED-l\u00f6sning - Transtoyou\" \/>\n<meta property=\"og:description\" content=\"Tadalafil, en l\u00e5ngvarig behandling f\u00f6r ED, \u00f6kar blodfl\u00f6det i upp till 36 timmar. Uppt\u00e4ck flexibilitet och f\u00f6rb\u00e4ttrad intimitet. L\u00e4r dig mer nu.\" \/>\n<meta property=\"og:url\" content=\"https:\/\/www.transtoyou.com\/sv\/product\/tadalafil\/\" \/>\n<meta property=\"og:site_name\" content=\"Transtoyou - SV\" \/>\n<meta property=\"article:modified_time\" content=\"2026-03-05T15:36:05+00:00\" \/>\n<meta name=\"twitter:card\" content=\"summary_large_image\" \/>\n<meta name=\"twitter:label1\" content=\"Ber\u00e4knad l\u00e4stid\" \/>\n\t<meta name=\"twitter:data1\" content=\"1 minut\" \/>\n<script type=\"application\/ld+json\" class=\"yoast-schema-graph\">{\"@context\":\"https:\/\/schema.org\",\"@graph\":[{\"@type\":\"WebPage\",\"@id\":\"https:\/\/www.transtoyou.com\/sv\/product\/tadalafil\/\",\"url\":\"https:\/\/www.transtoyou.com\/sv\/product\/tadalafil\/\",\"name\":\"Tadalafil | L\u00e5ngvarig ED-l\u00f6sning - Transtoyou\",\"isPartOf\":{\"@id\":\"https:\/\/www.transtoyou.com\/sv\/#website\"},\"primaryImageOfPage\":{\"@id\":\"https:\/\/www.transtoyou.com\/sv\/product\/tadalafil\/#primaryimage\"},\"image\":{\"@id\":\"https:\/\/www.transtoyou.com\/sv\/product\/tadalafil\/#primaryimage\"},\"thumbnailUrl\":\"https:\/\/www.transtoyou.com\/sv\/wp-content\/uploads\/sites\/15\/2026\/01\/tty-no-product-image-88.webp\",\"datePublished\":\"2026-01-24T07:15:26+00:00\",\"dateModified\":\"2026-03-05T15:36:05+00:00\",\"description\":\"Tadalafil, en l\u00e5ngvarig behandling f\u00f6r ED, \u00f6kar blodfl\u00f6det i upp till 36 timmar. Uppt\u00e4ck flexibilitet och f\u00f6rb\u00e4ttrad intimitet. L\u00e4r dig mer nu.\",\"breadcrumb\":{\"@id\":\"https:\/\/www.transtoyou.com\/sv\/product\/tadalafil\/#breadcrumb\"},\"inLanguage\":\"sv-SE\",\"potentialAction\":[{\"@type\":\"ReadAction\",\"target\":[\"https:\/\/www.transtoyou.com\/sv\/product\/tadalafil\/\"]}]},{\"@type\":\"ImageObject\",\"inLanguage\":\"sv-SE\",\"@id\":\"https:\/\/www.transtoyou.com\/sv\/product\/tadalafil\/#primaryimage\",\"url\":\"https:\/\/www.transtoyou.com\/sv\/wp-content\/uploads\/sites\/15\/2026\/01\/tty-no-product-image-88.webp\",\"contentUrl\":\"https:\/\/www.transtoyou.com\/sv\/wp-content\/uploads\/sites\/15\/2026\/01\/tty-no-product-image-88.webp\",\"width\":1000,\"height\":1000,\"caption\":\"Standardproduktbild\"},{\"@type\":\"WebSite\",\"@id\":\"https:\/\/www.transtoyou.com\/sv\/#website\",\"url\":\"https:\/\/www.transtoyou.com\/sv\/\",\"name\":\"Transtoyou - SV\",\"description\":\"\",\"publisher\":{\"@id\":\"https:\/\/www.transtoyou.com\/sv\/#organization\"},\"potentialAction\":[{\"@type\":\"SearchAction\",\"target\":{\"@type\":\"EntryPoint\",\"urlTemplate\":\"https:\/\/www.transtoyou.com\/sv\/?s={search_term_string}\"},\"query-input\":{\"@type\":\"PropertyValueSpecification\",\"valueRequired\":true,\"valueName\":\"search_term_string\"}}],\"inLanguage\":\"sv-SE\"},{\"@type\":\"Organization\",\"@id\":\"https:\/\/www.transtoyou.com\/sv\/#organization\",\"name\":\"Transtoyou - SV\",\"url\":\"https:\/\/www.transtoyou.com\/sv\/\",\"logo\":{\"@type\":\"ImageObject\",\"inLanguage\":\"sv-SE\",\"@id\":\"https:\/\/www.transtoyou.com\/sv\/#\/schema\/logo\/image\/\",\"url\":\"https:\/\/www.transtoyou.com\/sv\/wp-content\/uploads\/sites\/15\/2026\/01\/logo-tty-menu-bar-300x87-1.webp\",\"contentUrl\":\"https:\/\/www.transtoyou.com\/sv\/wp-content\/uploads\/sites\/15\/2026\/01\/logo-tty-menu-bar-300x87-1.webp\",\"width\":300,\"height\":87,\"caption\":\"Transtoyou - SV\"},\"image\":{\"@id\":\"https:\/\/www.transtoyou.com\/sv\/#\/schema\/logo\/image\/\"}}]}<\/script>\n<!-- \/ Yoast SEO plugin. -->","yoast_head_json":{"title":"Tadalafil | L\u00e5ngvarig ED-l\u00f6sning - Transtoyou","description":"Tadalafil, en l\u00e5ngvarig behandling f\u00f6r ED, \u00f6kar blodfl\u00f6det i upp till 36 timmar. Uppt\u00e4ck flexibilitet och f\u00f6rb\u00e4ttrad intimitet. L\u00e4r dig mer nu.","robots":{"index":"noindex","follow":"follow","max-snippet":"max-snippet:-1","max-image-preview":"max-image-preview:large","max-video-preview":"max-video-preview:-1"},"og_locale":"sv_SE","og_type":"article","og_title":"Tadalafil | L\u00e5ngvarig ED-l\u00f6sning - Transtoyou","og_description":"Tadalafil, en l\u00e5ngvarig behandling f\u00f6r ED, \u00f6kar blodfl\u00f6det i upp till 36 timmar. Uppt\u00e4ck flexibilitet och f\u00f6rb\u00e4ttrad intimitet. L\u00e4r dig mer nu.","og_url":"https:\/\/www.transtoyou.com\/sv\/product\/tadalafil\/","og_site_name":"Transtoyou - SV","article_modified_time":"2026-03-05T15:36:05+00:00","twitter_card":"summary_large_image","twitter_misc":{"Ber\u00e4knad l\u00e4stid":"1 minut"},"schema":{"@context":"https:\/\/schema.org","@graph":[{"@type":"WebPage","@id":"https:\/\/www.transtoyou.com\/sv\/product\/tadalafil\/","url":"https:\/\/www.transtoyou.com\/sv\/product\/tadalafil\/","name":"Tadalafil | L\u00e5ngvarig ED-l\u00f6sning - Transtoyou","isPartOf":{"@id":"https:\/\/www.transtoyou.com\/sv\/#website"},"primaryImageOfPage":{"@id":"https:\/\/www.transtoyou.com\/sv\/product\/tadalafil\/#primaryimage"},"image":{"@id":"https:\/\/www.transtoyou.com\/sv\/product\/tadalafil\/#primaryimage"},"thumbnailUrl":"https:\/\/www.transtoyou.com\/sv\/wp-content\/uploads\/sites\/15\/2026\/01\/tty-no-product-image-88.webp","datePublished":"2026-01-24T07:15:26+00:00","dateModified":"2026-03-05T15:36:05+00:00","description":"Tadalafil, en l\u00e5ngvarig behandling f\u00f6r ED, \u00f6kar blodfl\u00f6det i upp till 36 timmar. Uppt\u00e4ck flexibilitet och f\u00f6rb\u00e4ttrad intimitet. L\u00e4r dig mer nu.","breadcrumb":{"@id":"https:\/\/www.transtoyou.com\/sv\/product\/tadalafil\/#breadcrumb"},"inLanguage":"sv-SE","potentialAction":[{"@type":"ReadAction","target":["https:\/\/www.transtoyou.com\/sv\/product\/tadalafil\/"]}]},{"@type":"ImageObject","inLanguage":"sv-SE","@id":"https:\/\/www.transtoyou.com\/sv\/product\/tadalafil\/#primaryimage","url":"https:\/\/www.transtoyou.com\/sv\/wp-content\/uploads\/sites\/15\/2026\/01\/tty-no-product-image-88.webp","contentUrl":"https:\/\/www.transtoyou.com\/sv\/wp-content\/uploads\/sites\/15\/2026\/01\/tty-no-product-image-88.webp","width":1000,"height":1000,"caption":"Standardproduktbild"},{"@type":"WebSite","@id":"https:\/\/www.transtoyou.com\/sv\/#website","url":"https:\/\/www.transtoyou.com\/sv\/","name":"Transtoyou - SV","description":"","publisher":{"@id":"https:\/\/www.transtoyou.com\/sv\/#organization"},"potentialAction":[{"@type":"SearchAction","target":{"@type":"EntryPoint","urlTemplate":"https:\/\/www.transtoyou.com\/sv\/?s={search_term_string}"},"query-input":{"@type":"PropertyValueSpecification","valueRequired":true,"valueName":"search_term_string"}}],"inLanguage":"sv-SE"},{"@type":"Organization","@id":"https:\/\/www.transtoyou.com\/sv\/#organization","name":"Transtoyou - SV","url":"https:\/\/www.transtoyou.com\/sv\/","logo":{"@type":"ImageObject","inLanguage":"sv-SE","@id":"https:\/\/www.transtoyou.com\/sv\/#\/schema\/logo\/image\/","url":"https:\/\/www.transtoyou.com\/sv\/wp-content\/uploads\/sites\/15\/2026\/01\/logo-tty-menu-bar-300x87-1.webp","contentUrl":"https:\/\/www.transtoyou.com\/sv\/wp-content\/uploads\/sites\/15\/2026\/01\/logo-tty-menu-bar-300x87-1.webp","width":300,"height":87,"caption":"Transtoyou - SV"},"image":{"@id":"https:\/\/www.transtoyou.com\/sv\/#\/schema\/logo\/image\/"}}]}},"_links":{"self":[{"href":"https:\/\/www.transtoyou.com\/sv\/wp-json\/wp\/v2\/product\/739","targetHints":{"allow":["GET"]}}],"collection":[{"href":"https:\/\/www.transtoyou.com\/sv\/wp-json\/wp\/v2\/product"}],"about":[{"href":"https:\/\/www.transtoyou.com\/sv\/wp-json\/wp\/v2\/types\/product"}],"replies":[{"embeddable":true,"href":"https:\/\/www.transtoyou.com\/sv\/wp-json\/wp\/v2\/comments?post=739"}],"wp:featuredmedia":[{"embeddable":true,"href":"https:\/\/www.transtoyou.com\/sv\/wp-json\/wp\/v2\/media\/741"}],"wp:attachment":[{"href":"https:\/\/www.transtoyou.com\/sv\/wp-json\/wp\/v2\/media?parent=739"}],"wp:term":[{"taxonomy":"product_brand","embeddable":true,"href":"https:\/\/www.transtoyou.com\/sv\/wp-json\/wp\/v2\/product_brand?post=739"},{"taxonomy":"product_cat","embeddable":true,"href":"https:\/\/www.transtoyou.com\/sv\/wp-json\/wp\/v2\/product_cat?post=739"},{"taxonomy":"product_tag","embeddable":true,"href":"https:\/\/www.transtoyou.com\/sv\/wp-json\/wp\/v2\/product_tag?post=739"},{"taxonomy":"expert","embeddable":true,"href":"https:\/\/www.transtoyou.com\/sv\/wp-json\/wp\/v2\/expert?post=739"}],"curies":[{"name":"wp","href":"https:\/\/api.w.org\/{rel}","templated":true}]}}