{"id":745,"date":"2026-01-24T07:46:16","date_gmt":"2026-01-24T07:46:16","guid":{"rendered":"https:\/\/www.transtoyou.com\/sv\/product\/viagra-connect\/"},"modified":"2026-01-24T07:47:08","modified_gmt":"2026-01-24T07:47:08","slug":"viagra-anslutning","status":"publish","type":"product","link":"https:\/\/www.transtoyou.com\/sv\/product\/viagra-anslutning\/","title":{"rendered":"Viagra Connect"},"content":{"rendered":"<p>Viagra Connect \u00e4r ett receptfritt l\u00e4kemedel som anv\u00e4nds f\u00f6r behandling av erektil dysfunktion (ED) hos vuxna m\u00e4n. Det inneh\u00e5ller sildenafilcitrat 50 mg, som tillh\u00f6r en klass av l\u00e4kemedel k\u00e4nda som fosfodiesteras typ 5 (PDE5) h\u00e4mmare.<\/p>\n<p>L\u00e4kemedlet fungerar genom att \u00f6ka blodfl\u00f6det till penis under sexuell upphetsning. Det g\u00f6r detta genom att h\u00e4mma PDE5-enzymet, som bryter ner cykliskt guanosinmonofosfat (cGMP). Detta \u00e4r en kemikalie som ansvarar f\u00f6r att slappna av den glatta muskulaturen och m\u00f6jligg\u00f6ra \u00f6kat blodfl\u00f6de i det erektila v\u00e4vnaden. Med sexuell stimulering hj\u00e4lper denna process att uppn\u00e5 och bibeh\u00e5lla en erektion.<\/p>\n<p>Viagra Connect \u00e4r indicerat f\u00f6r behandling av erektil dysfunktion, ett tillst\u00e5nd d\u00e4r en man har sv\u00e5rt att uppn\u00e5 eller bibeh\u00e5lla en erektion som \u00e4r l\u00e4mplig f\u00f6r sexuell aktivitet. Det \u00e4r inte avsett f\u00f6r anv\u00e4ndning av individer utan ED eller som en rekreationsh\u00f6jare.<\/p>\n<p>Effekterna b\u00f6rjar vanligtvis inom 30 till 60 minuter efter att man tagit tabletten, och f\u00f6rdelarna kan vara i upp till 4 timmar, beroende p\u00e5 individuell respons och externa faktorer som matintag.<\/p>\n<p>F\u00f6rdelar med Viagra Connect inkluderar snabb verkan, l\u00e4tt tillg\u00e5ng utan recept och en v\u00e4letablerad s\u00e4kerhetsprofil. Det erbjuder en p\u00e5litlig och bekv\u00e4m l\u00f6sning f\u00f6r m\u00e4n med mild till m\u00e5ttlig ED, s\u00e4rskilt n\u00e4r det anv\u00e4nds under l\u00e4mplig medicinsk v\u00e4gledning.<\/p>\n<p>Observera att \u00e4ven om l\u00e4kemedlet inte orsakar en erektion p\u00e5 egen hand, st\u00f6djer det naturliga fysiologiska svar p\u00e5 sexuell upphetsning.<\/p>\n","protected":false},"excerpt":{"rendered":"<ul>\n<li>Snabbverkande behandling f\u00f6r erektil dysfunktion<\/li>\n<li>Effektiv i upp till 4 timmar<\/li>\n<li>Finns utan recept<\/li>\n<\/ul>\n","protected":false},"featured_media":747,"comment_status":"open","ping_status":"closed","template":"","meta":[],"product_brand":[],"product_cat":[95],"product_tag":[],"expert":[19],"class_list":{"0":"post-745","1":"product","2":"type-product","3":"status-publish","4":"has-post-thumbnail","6":"product_cat-erektil-dysfunktion-behandlingar","7":"expert-dr-j-vazquez","9":"first","10":"instock","11":"shipping-taxable","12":"product-type-variable"},"yoast_head":"<!-- This site is optimized with the Yoast SEO plugin v27.0 - https:\/\/yoast.com\/product\/yoast-seo-wordpress\/ -->\n<title>Viagra Connect | F\u00f6rb\u00e4ttra Blodfl\u00f6det Naturligt - Transtoyou<\/title>\n<meta name=\"description\" content=\"Viagra Connect, tillg\u00e4nglig h\u00e4r, hj\u00e4lper till att behandla erektil dysfunktion genom att \u00f6ka blodfl\u00f6det. Handla nu f\u00f6r effektiv lindring av ED.\" \/>\n<meta name=\"robots\" content=\"noindex, follow, max-snippet:-1, max-image-preview:large, max-video-preview:-1\" \/>\n<meta property=\"og:locale\" content=\"sv_SE\" \/>\n<meta property=\"og:type\" content=\"article\" \/>\n<meta property=\"og:title\" content=\"Viagra Connect | F\u00f6rb\u00e4ttra Blodfl\u00f6det Naturligt - Transtoyou\" \/>\n<meta property=\"og:description\" content=\"Viagra Connect, tillg\u00e4nglig h\u00e4r, hj\u00e4lper till att behandla erektil dysfunktion genom att \u00f6ka blodfl\u00f6det. Handla nu f\u00f6r effektiv lindring av ED.\" \/>\n<meta property=\"og:url\" content=\"https:\/\/www.transtoyou.com\/sv\/product\/viagra-connect\/\" \/>\n<meta property=\"og:site_name\" content=\"Transtoyou - SV\" \/>\n<meta property=\"article:modified_time\" content=\"2026-01-24T07:47:08+00:00\" \/>\n<meta name=\"twitter:card\" content=\"summary_large_image\" \/>\n<meta name=\"twitter:label1\" content=\"Ber\u00e4knad l\u00e4stid\" \/>\n\t<meta name=\"twitter:data1\" content=\"1 minut\" \/>\n<script type=\"application\/ld+json\" class=\"yoast-schema-graph\">{\"@context\":\"https:\/\/schema.org\",\"@graph\":[{\"@type\":\"WebPage\",\"@id\":\"https:\/\/www.transtoyou.com\/sv\/product\/viagra-connect\/\",\"url\":\"https:\/\/www.transtoyou.com\/sv\/product\/viagra-connect\/\",\"name\":\"Viagra Connect | F\u00f6rb\u00e4ttra Blodfl\u00f6det Naturligt - Transtoyou\",\"isPartOf\":{\"@id\":\"https:\/\/www.transtoyou.com\/sv\/#website\"},\"primaryImageOfPage\":{\"@id\":\"https:\/\/www.transtoyou.com\/sv\/product\/viagra-connect\/#primaryimage\"},\"image\":{\"@id\":\"https:\/\/www.transtoyou.com\/sv\/product\/viagra-connect\/#primaryimage\"},\"thumbnailUrl\":\"https:\/\/www.transtoyou.com\/sv\/wp-content\/uploads\/sites\/15\/2026\/01\/tty-no-product-image-90.webp\",\"datePublished\":\"2026-01-24T07:46:16+00:00\",\"dateModified\":\"2026-01-24T07:47:08+00:00\",\"description\":\"Viagra Connect, tillg\u00e4nglig h\u00e4r, hj\u00e4lper till att behandla erektil dysfunktion genom att \u00f6ka blodfl\u00f6det. Handla nu f\u00f6r effektiv lindring av ED.\",\"breadcrumb\":{\"@id\":\"https:\/\/www.transtoyou.com\/sv\/product\/viagra-connect\/#breadcrumb\"},\"inLanguage\":\"sv-SE\",\"potentialAction\":[{\"@type\":\"ReadAction\",\"target\":[\"https:\/\/www.transtoyou.com\/sv\/product\/viagra-connect\/\"]}]},{\"@type\":\"ImageObject\",\"inLanguage\":\"sv-SE\",\"@id\":\"https:\/\/www.transtoyou.com\/sv\/product\/viagra-connect\/#primaryimage\",\"url\":\"https:\/\/www.transtoyou.com\/sv\/wp-content\/uploads\/sites\/15\/2026\/01\/tty-no-product-image-90.webp\",\"contentUrl\":\"https:\/\/www.transtoyou.com\/sv\/wp-content\/uploads\/sites\/15\/2026\/01\/tty-no-product-image-90.webp\",\"width\":1000,\"height\":1000,\"caption\":\"Standard produktbild\"},{\"@type\":\"WebSite\",\"@id\":\"https:\/\/www.transtoyou.com\/sv\/#website\",\"url\":\"https:\/\/www.transtoyou.com\/sv\/\",\"name\":\"Transtoyou - SV\",\"description\":\"\",\"publisher\":{\"@id\":\"https:\/\/www.transtoyou.com\/sv\/#organization\"},\"potentialAction\":[{\"@type\":\"SearchAction\",\"target\":{\"@type\":\"EntryPoint\",\"urlTemplate\":\"https:\/\/www.transtoyou.com\/sv\/?s={search_term_string}\"},\"query-input\":{\"@type\":\"PropertyValueSpecification\",\"valueRequired\":true,\"valueName\":\"search_term_string\"}}],\"inLanguage\":\"sv-SE\"},{\"@type\":\"Organization\",\"@id\":\"https:\/\/www.transtoyou.com\/sv\/#organization\",\"name\":\"Transtoyou - SV\",\"url\":\"https:\/\/www.transtoyou.com\/sv\/\",\"logo\":{\"@type\":\"ImageObject\",\"inLanguage\":\"sv-SE\",\"@id\":\"https:\/\/www.transtoyou.com\/sv\/#\/schema\/logo\/image\/\",\"url\":\"https:\/\/www.transtoyou.com\/sv\/wp-content\/uploads\/sites\/15\/2026\/01\/logo-tty-menu-bar-300x87-1.webp\",\"contentUrl\":\"https:\/\/www.transtoyou.com\/sv\/wp-content\/uploads\/sites\/15\/2026\/01\/logo-tty-menu-bar-300x87-1.webp\",\"width\":300,\"height\":87,\"caption\":\"Transtoyou - SV\"},\"image\":{\"@id\":\"https:\/\/www.transtoyou.com\/sv\/#\/schema\/logo\/image\/\"}}]}<\/script>\n<!-- \/ Yoast SEO plugin. -->","yoast_head_json":{"title":"Viagra Connect | F\u00f6rb\u00e4ttra Blodfl\u00f6det Naturligt - Transtoyou","description":"Viagra Connect, tillg\u00e4nglig h\u00e4r, hj\u00e4lper till att behandla erektil dysfunktion genom att \u00f6ka blodfl\u00f6det. Handla nu f\u00f6r effektiv lindring av ED.","robots":{"index":"noindex","follow":"follow","max-snippet":"max-snippet:-1","max-image-preview":"max-image-preview:large","max-video-preview":"max-video-preview:-1"},"og_locale":"sv_SE","og_type":"article","og_title":"Viagra Connect | F\u00f6rb\u00e4ttra Blodfl\u00f6det Naturligt - Transtoyou","og_description":"Viagra Connect, tillg\u00e4nglig h\u00e4r, hj\u00e4lper till att behandla erektil dysfunktion genom att \u00f6ka blodfl\u00f6det. Handla nu f\u00f6r effektiv lindring av ED.","og_url":"https:\/\/www.transtoyou.com\/sv\/product\/viagra-connect\/","og_site_name":"Transtoyou - SV","article_modified_time":"2026-01-24T07:47:08+00:00","twitter_card":"summary_large_image","twitter_misc":{"Ber\u00e4knad l\u00e4stid":"1 minut"},"schema":{"@context":"https:\/\/schema.org","@graph":[{"@type":"WebPage","@id":"https:\/\/www.transtoyou.com\/sv\/product\/viagra-connect\/","url":"https:\/\/www.transtoyou.com\/sv\/product\/viagra-connect\/","name":"Viagra Connect | F\u00f6rb\u00e4ttra Blodfl\u00f6det Naturligt - Transtoyou","isPartOf":{"@id":"https:\/\/www.transtoyou.com\/sv\/#website"},"primaryImageOfPage":{"@id":"https:\/\/www.transtoyou.com\/sv\/product\/viagra-connect\/#primaryimage"},"image":{"@id":"https:\/\/www.transtoyou.com\/sv\/product\/viagra-connect\/#primaryimage"},"thumbnailUrl":"https:\/\/www.transtoyou.com\/sv\/wp-content\/uploads\/sites\/15\/2026\/01\/tty-no-product-image-90.webp","datePublished":"2026-01-24T07:46:16+00:00","dateModified":"2026-01-24T07:47:08+00:00","description":"Viagra Connect, tillg\u00e4nglig h\u00e4r, hj\u00e4lper till att behandla erektil dysfunktion genom att \u00f6ka blodfl\u00f6det. Handla nu f\u00f6r effektiv lindring av ED.","breadcrumb":{"@id":"https:\/\/www.transtoyou.com\/sv\/product\/viagra-connect\/#breadcrumb"},"inLanguage":"sv-SE","potentialAction":[{"@type":"ReadAction","target":["https:\/\/www.transtoyou.com\/sv\/product\/viagra-connect\/"]}]},{"@type":"ImageObject","inLanguage":"sv-SE","@id":"https:\/\/www.transtoyou.com\/sv\/product\/viagra-connect\/#primaryimage","url":"https:\/\/www.transtoyou.com\/sv\/wp-content\/uploads\/sites\/15\/2026\/01\/tty-no-product-image-90.webp","contentUrl":"https:\/\/www.transtoyou.com\/sv\/wp-content\/uploads\/sites\/15\/2026\/01\/tty-no-product-image-90.webp","width":1000,"height":1000,"caption":"Standard produktbild"},{"@type":"WebSite","@id":"https:\/\/www.transtoyou.com\/sv\/#website","url":"https:\/\/www.transtoyou.com\/sv\/","name":"Transtoyou - SV","description":"","publisher":{"@id":"https:\/\/www.transtoyou.com\/sv\/#organization"},"potentialAction":[{"@type":"SearchAction","target":{"@type":"EntryPoint","urlTemplate":"https:\/\/www.transtoyou.com\/sv\/?s={search_term_string}"},"query-input":{"@type":"PropertyValueSpecification","valueRequired":true,"valueName":"search_term_string"}}],"inLanguage":"sv-SE"},{"@type":"Organization","@id":"https:\/\/www.transtoyou.com\/sv\/#organization","name":"Transtoyou - SV","url":"https:\/\/www.transtoyou.com\/sv\/","logo":{"@type":"ImageObject","inLanguage":"sv-SE","@id":"https:\/\/www.transtoyou.com\/sv\/#\/schema\/logo\/image\/","url":"https:\/\/www.transtoyou.com\/sv\/wp-content\/uploads\/sites\/15\/2026\/01\/logo-tty-menu-bar-300x87-1.webp","contentUrl":"https:\/\/www.transtoyou.com\/sv\/wp-content\/uploads\/sites\/15\/2026\/01\/logo-tty-menu-bar-300x87-1.webp","width":300,"height":87,"caption":"Transtoyou - SV"},"image":{"@id":"https:\/\/www.transtoyou.com\/sv\/#\/schema\/logo\/image\/"}}]}},"_links":{"self":[{"href":"https:\/\/www.transtoyou.com\/sv\/wp-json\/wp\/v2\/product\/745","targetHints":{"allow":["GET"]}}],"collection":[{"href":"https:\/\/www.transtoyou.com\/sv\/wp-json\/wp\/v2\/product"}],"about":[{"href":"https:\/\/www.transtoyou.com\/sv\/wp-json\/wp\/v2\/types\/product"}],"replies":[{"embeddable":true,"href":"https:\/\/www.transtoyou.com\/sv\/wp-json\/wp\/v2\/comments?post=745"}],"wp:featuredmedia":[{"embeddable":true,"href":"https:\/\/www.transtoyou.com\/sv\/wp-json\/wp\/v2\/media\/747"}],"wp:attachment":[{"href":"https:\/\/www.transtoyou.com\/sv\/wp-json\/wp\/v2\/media?parent=745"}],"wp:term":[{"taxonomy":"product_brand","embeddable":true,"href":"https:\/\/www.transtoyou.com\/sv\/wp-json\/wp\/v2\/product_brand?post=745"},{"taxonomy":"product_cat","embeddable":true,"href":"https:\/\/www.transtoyou.com\/sv\/wp-json\/wp\/v2\/product_cat?post=745"},{"taxonomy":"product_tag","embeddable":true,"href":"https:\/\/www.transtoyou.com\/sv\/wp-json\/wp\/v2\/product_tag?post=745"},{"taxonomy":"expert","embeddable":true,"href":"https:\/\/www.transtoyou.com\/sv\/wp-json\/wp\/v2\/expert?post=745"}],"curies":[{"name":"wp","href":"https:\/\/api.w.org\/{rel}","templated":true}]}}