{"id":761,"date":"2026-01-24T09:15:46","date_gmt":"2026-01-24T09:15:46","guid":{"rendered":"https:\/\/www.transtoyou.com\/sv\/product\/cialis\/"},"modified":"2026-01-24T09:16:48","modified_gmt":"2026-01-24T09:16:48","slug":"cialis","status":"publish","type":"product","link":"https:\/\/www.transtoyou.com\/sv\/product\/cialis\/","title":{"rendered":"Cialis"},"content":{"rendered":"<p>Cialis \u00e4r en medicin f\u00f6r behandling av erektil dysfunktion (ED). Dess aktiva ingrediens, tadalafil, fungerar genom att f\u00f6rb\u00e4ttra blodfl\u00f6det till penis, vilket hj\u00e4lper m\u00e4n att uppn\u00e5 och beh\u00e5lla en erektion vid sexuell stimulering. Det som s\u00e4rskiljer Cialis fr\u00e5n andra ED-behandlingar \u00e4r dess flexibilitet; den kan tas vid behov f\u00f6re sexuell aktivitet eller som en l\u00e5gdos daglig tablett, beroende p\u00e5 anv\u00e4ndarens livsstil och preferenser.<\/p>\n<p>F\u00f6r m\u00e4n som f\u00f6redrar spontanitet finns Cialis i en standardstyrka, 10 &#8211; 20 mg, som kan tas vid behov, cirka 30 minuter f\u00f6re intimitet. Dess effekter kan vara i upp till 36 timmar, vilket ger ett gener\u00f6st tidsf\u00f6nster f\u00f6r naturlig och opressad sexuell aktivitet.<\/p>\n<p>Denna l\u00e4ngre varaktighet uppskattas ofta av par som v\u00e4rdes\u00e4tter intimitet utan strikt schemal\u00e4ggning. Alternativt ordineras Cialis ocks\u00e5 som en eng\u00e5ngs daglig tablett, som tas i en l\u00e4gre dos (2,5 &#8211; 5 mg) varje dag, oavsett n\u00e4r sexuell aktivitet \u00e4r planerad. Detta alternativ ger kontinuerligt st\u00f6d och eliminerar behovet av att tajma medicineringen.<\/p>\n<p>Det \u00e4r s\u00e4rskilt hj\u00e4lpsamt f\u00f6r m\u00e4n som har regelbunden sexuell aktivitet eller f\u00f6redrar att vara redo n\u00e4r som helst utan att planera i f\u00f6rv\u00e4g. Cialis tas via munnen och kan anv\u00e4ndas med eller utan mat. Det b\u00f6rjar verka inom 30 till 60 minuter f\u00f6r de flesta anv\u00e4ndare.<\/p>\n<p>M\u00f6jliga biverkningar inkluderar huvudv\u00e4rk, matsm\u00e4ltningsbesv\u00e4r, muskelv\u00e4rk eller ansiktsrodnad, \u00e4ven om de flesta \u00e4r milda och tillf\u00e4lliga. Cialis b\u00f6r inte kombineras med nitrater eller vissa blodtrycksmediciner.<\/p>\n","protected":false},"excerpt":{"rendered":"<ul>\n<li>L\u00e5ngvariga effekter upp till 36 timmar<\/li>\n<li>Behandlar erektil dysfunktion och BPH<\/li>\n<li>Snabbverkande, fungerar inom 30 minuter<\/li>\n<\/ul>\n","protected":false},"featured_media":763,"comment_status":"open","ping_status":"closed","template":"","meta":[],"product_brand":[],"product_cat":[95],"product_tag":[],"expert":[18],"class_list":{"0":"post-761","1":"product","2":"type-product","3":"status-publish","4":"has-post-thumbnail","6":"product_cat-erektil-dysfunktion-behandlingar","7":"expert-dr-g-varbanov","9":"first","10":"instock","11":"shipping-taxable","12":"product-type-variable"},"yoast_head":"<!-- This site is optimized with the Yoast SEO plugin v27.0 - https:\/\/yoast.com\/product\/yoast-seo-wordpress\/ -->\n<title>Cialis - Transtoyou - SV<\/title>\n<meta name=\"robots\" content=\"noindex, follow, max-snippet:-1, max-image-preview:large, max-video-preview:-1\" \/>\n<meta property=\"og:locale\" content=\"sv_SE\" \/>\n<meta property=\"og:type\" content=\"article\" \/>\n<meta property=\"og:title\" content=\"Cialis - Transtoyou - SV\" \/>\n<meta property=\"og:description\" content=\"L\u00e5ngvariga effekter upp till 36 timmar  Behandlar erektil dysfunktion och BPH  Snabbverkande, fungerar inom 30 minuter\" \/>\n<meta property=\"og:url\" content=\"https:\/\/www.transtoyou.com\/sv\/product\/cialis\/\" \/>\n<meta property=\"og:site_name\" content=\"Transtoyou - SV\" \/>\n<meta property=\"article:modified_time\" content=\"2026-01-24T09:16:48+00:00\" \/>\n<meta property=\"og:image\" content=\"https:\/\/www.transtoyou.com\/sv\/wp-content\/uploads\/sites\/15\/2026\/01\/tty-no-product-image-96.webp\" \/>\n\t<meta property=\"og:image:width\" content=\"1000\" \/>\n\t<meta property=\"og:image:height\" content=\"1000\" \/>\n\t<meta property=\"og:image:type\" content=\"image\/webp\" \/>\n<meta name=\"twitter:card\" content=\"summary_large_image\" \/>\n<meta name=\"twitter:label1\" content=\"Ber\u00e4knad l\u00e4stid\" \/>\n\t<meta name=\"twitter:data1\" content=\"1 minut\" \/>\n<script type=\"application\/ld+json\" class=\"yoast-schema-graph\">{\"@context\":\"https:\/\/schema.org\",\"@graph\":[{\"@type\":\"WebPage\",\"@id\":\"https:\/\/www.transtoyou.com\/sv\/product\/cialis\/\",\"url\":\"https:\/\/www.transtoyou.com\/sv\/product\/cialis\/\",\"name\":\"Cialis - Transtoyou - SV\",\"isPartOf\":{\"@id\":\"https:\/\/www.transtoyou.com\/sv\/#website\"},\"primaryImageOfPage\":{\"@id\":\"https:\/\/www.transtoyou.com\/sv\/product\/cialis\/#primaryimage\"},\"image\":{\"@id\":\"https:\/\/www.transtoyou.com\/sv\/product\/cialis\/#primaryimage\"},\"thumbnailUrl\":\"https:\/\/www.transtoyou.com\/sv\/wp-content\/uploads\/sites\/15\/2026\/01\/tty-no-product-image-96.webp\",\"datePublished\":\"2026-01-24T09:15:46+00:00\",\"dateModified\":\"2026-01-24T09:16:48+00:00\",\"breadcrumb\":{\"@id\":\"https:\/\/www.transtoyou.com\/sv\/product\/cialis\/#breadcrumb\"},\"inLanguage\":\"sv-SE\",\"potentialAction\":[{\"@type\":\"ReadAction\",\"target\":[\"https:\/\/www.transtoyou.com\/sv\/product\/cialis\/\"]}]},{\"@type\":\"ImageObject\",\"inLanguage\":\"sv-SE\",\"@id\":\"https:\/\/www.transtoyou.com\/sv\/product\/cialis\/#primaryimage\",\"url\":\"https:\/\/www.transtoyou.com\/sv\/wp-content\/uploads\/sites\/15\/2026\/01\/tty-no-product-image-96.webp\",\"contentUrl\":\"https:\/\/www.transtoyou.com\/sv\/wp-content\/uploads\/sites\/15\/2026\/01\/tty-no-product-image-96.webp\",\"width\":1000,\"height\":1000,\"caption\":\"Standard produktbild\"},{\"@type\":\"WebSite\",\"@id\":\"https:\/\/www.transtoyou.com\/sv\/#website\",\"url\":\"https:\/\/www.transtoyou.com\/sv\/\",\"name\":\"Transtoyou - SV\",\"description\":\"\",\"publisher\":{\"@id\":\"https:\/\/www.transtoyou.com\/sv\/#organization\"},\"potentialAction\":[{\"@type\":\"SearchAction\",\"target\":{\"@type\":\"EntryPoint\",\"urlTemplate\":\"https:\/\/www.transtoyou.com\/sv\/?s={search_term_string}\"},\"query-input\":{\"@type\":\"PropertyValueSpecification\",\"valueRequired\":true,\"valueName\":\"search_term_string\"}}],\"inLanguage\":\"sv-SE\"},{\"@type\":\"Organization\",\"@id\":\"https:\/\/www.transtoyou.com\/sv\/#organization\",\"name\":\"Transtoyou - SV\",\"url\":\"https:\/\/www.transtoyou.com\/sv\/\",\"logo\":{\"@type\":\"ImageObject\",\"inLanguage\":\"sv-SE\",\"@id\":\"https:\/\/www.transtoyou.com\/sv\/#\/schema\/logo\/image\/\",\"url\":\"https:\/\/www.transtoyou.com\/sv\/wp-content\/uploads\/sites\/15\/2026\/01\/logo-tty-menu-bar-300x87-1.webp\",\"contentUrl\":\"https:\/\/www.transtoyou.com\/sv\/wp-content\/uploads\/sites\/15\/2026\/01\/logo-tty-menu-bar-300x87-1.webp\",\"width\":300,\"height\":87,\"caption\":\"Transtoyou - SV\"},\"image\":{\"@id\":\"https:\/\/www.transtoyou.com\/sv\/#\/schema\/logo\/image\/\"}}]}<\/script>\n<!-- \/ Yoast SEO plugin. -->","yoast_head_json":{"title":"Cialis - Transtoyou - SV","robots":{"index":"noindex","follow":"follow","max-snippet":"max-snippet:-1","max-image-preview":"max-image-preview:large","max-video-preview":"max-video-preview:-1"},"og_locale":"sv_SE","og_type":"article","og_title":"Cialis - Transtoyou - SV","og_description":"L\u00e5ngvariga effekter upp till 36 timmar  Behandlar erektil dysfunktion och BPH  Snabbverkande, fungerar inom 30 minuter","og_url":"https:\/\/www.transtoyou.com\/sv\/product\/cialis\/","og_site_name":"Transtoyou - SV","article_modified_time":"2026-01-24T09:16:48+00:00","og_image":[{"width":1000,"height":1000,"url":"https:\/\/www.transtoyou.com\/sv\/wp-content\/uploads\/sites\/15\/2026\/01\/tty-no-product-image-96.webp","type":"image\/webp"}],"twitter_card":"summary_large_image","twitter_misc":{"Ber\u00e4knad l\u00e4stid":"1 minut"},"schema":{"@context":"https:\/\/schema.org","@graph":[{"@type":"WebPage","@id":"https:\/\/www.transtoyou.com\/sv\/product\/cialis\/","url":"https:\/\/www.transtoyou.com\/sv\/product\/cialis\/","name":"Cialis - Transtoyou - SV","isPartOf":{"@id":"https:\/\/www.transtoyou.com\/sv\/#website"},"primaryImageOfPage":{"@id":"https:\/\/www.transtoyou.com\/sv\/product\/cialis\/#primaryimage"},"image":{"@id":"https:\/\/www.transtoyou.com\/sv\/product\/cialis\/#primaryimage"},"thumbnailUrl":"https:\/\/www.transtoyou.com\/sv\/wp-content\/uploads\/sites\/15\/2026\/01\/tty-no-product-image-96.webp","datePublished":"2026-01-24T09:15:46+00:00","dateModified":"2026-01-24T09:16:48+00:00","breadcrumb":{"@id":"https:\/\/www.transtoyou.com\/sv\/product\/cialis\/#breadcrumb"},"inLanguage":"sv-SE","potentialAction":[{"@type":"ReadAction","target":["https:\/\/www.transtoyou.com\/sv\/product\/cialis\/"]}]},{"@type":"ImageObject","inLanguage":"sv-SE","@id":"https:\/\/www.transtoyou.com\/sv\/product\/cialis\/#primaryimage","url":"https:\/\/www.transtoyou.com\/sv\/wp-content\/uploads\/sites\/15\/2026\/01\/tty-no-product-image-96.webp","contentUrl":"https:\/\/www.transtoyou.com\/sv\/wp-content\/uploads\/sites\/15\/2026\/01\/tty-no-product-image-96.webp","width":1000,"height":1000,"caption":"Standard produktbild"},{"@type":"WebSite","@id":"https:\/\/www.transtoyou.com\/sv\/#website","url":"https:\/\/www.transtoyou.com\/sv\/","name":"Transtoyou - SV","description":"","publisher":{"@id":"https:\/\/www.transtoyou.com\/sv\/#organization"},"potentialAction":[{"@type":"SearchAction","target":{"@type":"EntryPoint","urlTemplate":"https:\/\/www.transtoyou.com\/sv\/?s={search_term_string}"},"query-input":{"@type":"PropertyValueSpecification","valueRequired":true,"valueName":"search_term_string"}}],"inLanguage":"sv-SE"},{"@type":"Organization","@id":"https:\/\/www.transtoyou.com\/sv\/#organization","name":"Transtoyou - SV","url":"https:\/\/www.transtoyou.com\/sv\/","logo":{"@type":"ImageObject","inLanguage":"sv-SE","@id":"https:\/\/www.transtoyou.com\/sv\/#\/schema\/logo\/image\/","url":"https:\/\/www.transtoyou.com\/sv\/wp-content\/uploads\/sites\/15\/2026\/01\/logo-tty-menu-bar-300x87-1.webp","contentUrl":"https:\/\/www.transtoyou.com\/sv\/wp-content\/uploads\/sites\/15\/2026\/01\/logo-tty-menu-bar-300x87-1.webp","width":300,"height":87,"caption":"Transtoyou - SV"},"image":{"@id":"https:\/\/www.transtoyou.com\/sv\/#\/schema\/logo\/image\/"}}]}},"_links":{"self":[{"href":"https:\/\/www.transtoyou.com\/sv\/wp-json\/wp\/v2\/product\/761","targetHints":{"allow":["GET"]}}],"collection":[{"href":"https:\/\/www.transtoyou.com\/sv\/wp-json\/wp\/v2\/product"}],"about":[{"href":"https:\/\/www.transtoyou.com\/sv\/wp-json\/wp\/v2\/types\/product"}],"replies":[{"embeddable":true,"href":"https:\/\/www.transtoyou.com\/sv\/wp-json\/wp\/v2\/comments?post=761"}],"wp:featuredmedia":[{"embeddable":true,"href":"https:\/\/www.transtoyou.com\/sv\/wp-json\/wp\/v2\/media\/763"}],"wp:attachment":[{"href":"https:\/\/www.transtoyou.com\/sv\/wp-json\/wp\/v2\/media?parent=761"}],"wp:term":[{"taxonomy":"product_brand","embeddable":true,"href":"https:\/\/www.transtoyou.com\/sv\/wp-json\/wp\/v2\/product_brand?post=761"},{"taxonomy":"product_cat","embeddable":true,"href":"https:\/\/www.transtoyou.com\/sv\/wp-json\/wp\/v2\/product_cat?post=761"},{"taxonomy":"product_tag","embeddable":true,"href":"https:\/\/www.transtoyou.com\/sv\/wp-json\/wp\/v2\/product_tag?post=761"},{"taxonomy":"expert","embeddable":true,"href":"https:\/\/www.transtoyou.com\/sv\/wp-json\/wp\/v2\/expert?post=761"}],"curies":[{"name":"wp","href":"https:\/\/api.w.org\/{rel}","templated":true}]}}