{"id":772,"date":"2026-01-24T10:21:03","date_gmt":"2026-01-24T10:21:03","guid":{"rendered":"https:\/\/www.transtoyou.com\/sv\/product\/primolut-n\/"},"modified":"2026-03-01T12:14:36","modified_gmt":"2026-03-01T12:14:36","slug":"primolut-n","status":"publish","type":"product","link":"https:\/\/www.transtoyou.com\/sv\/product\/primolut-n\/","title":{"rendered":"Primolut N"},"content":{"rendered":"<p>Primolut N \u00e4r en tablett som inneh\u00e5ller norethisteron, ett syntetiskt gestagen som anv\u00e4nds f\u00f6r att hantera och p\u00e5verka menstruationscykeln. Det ordineras vanligtvis f\u00f6r att f\u00f6rsena menstruationen av kortsiktiga sk\u00e4l som resor, sport eller speciella evenemang, och anv\u00e4nds ocks\u00e5 f\u00f6r cykelundertryckning vid oregelbundna, kraftiga eller sm\u00e4rtsamma menstruationer.<\/p>\n<p>Primolut N fungerar genom att uppr\u00e4tth\u00e5lla h\u00f6ga niv\u00e5er av gestagen i kroppen, vilket f\u00f6rhindrar den hormonella nedg\u00e5ng som normalt utl\u00f6ser menstruation. N\u00e4r tabletterna stoppas sjunker hormonniv\u00e5erna och en avbrottbl\u00f6dning intr\u00e4ffar, liknande en naturlig menstruation. Denna mekanism g\u00f6r det m\u00f6jligt f\u00f6r anv\u00e4ndare att kontrollera n\u00e4r deras menstruation b\u00f6rjar.<\/p>\n<p>Primolut N \u00e4r l\u00e4mpligt f\u00f6r individer som f\u00f6redrar ett kortsiktigt och \u00f6strogenfritt s\u00e4tt att hantera sina cykler. Det p\u00e5b\u00f6rjas vanligtvis n\u00e5gra dagar f\u00f6re den f\u00f6rv\u00e4ntade menstruationen och tas s\u00e5 l\u00e4nge som f\u00f6rseningen \u00f6nskas. F\u00f6r medicinska \u00e4ndam\u00e5l kan det ocks\u00e5 anv\u00e4ndas i l\u00e4ngre behandlingsregimer under medicinsk \u00f6vervakning.<\/p>\n<p>Tabletten \u00e4r l\u00e4tt att anv\u00e4nda och tolereras v\u00e4l av de flesta. Den ger ingen preventiv effekt, s\u00e5 ytterligare skydd beh\u00f6vs om att undvika graviditet ocks\u00e5 \u00e4r en oro. N\u00e4r den v\u00e4l har avbrutits \u00e5terg\u00e5r den naturliga cykeln vanligtvis snabbt.<\/p>\n","protected":false},"excerpt":{"rendered":"<ul>\n<li>F\u00f6rdr\u00f6jer menstruationer<\/li>\n<li>Progestogen-endast tablett<\/li>\n<li>L\u00e4mplig f\u00f6r kortvarig anv\u00e4ndning<\/li>\n<\/ul>\n","protected":false},"featured_media":774,"comment_status":"open","ping_status":"closed","template":"","meta":[],"product_brand":[],"product_cat":[129,128],"product_tag":[],"expert":[21],"class_list":{"0":"post-772","1":"product","2":"type-product","3":"status-publish","4":"has-post-thumbnail","6":"product_cat-menstruationsfordrojning","7":"product_cat-menstruationshamning","8":"expert-dr-m-sharoyko","10":"first","11":"instock","12":"shipping-taxable","13":"product-type-variable"},"yoast_head":"<!-- This site is optimized with the Yoast SEO plugin v27.0 - https:\/\/yoast.com\/product\/yoast-seo-wordpress\/ -->\n<title>Primolut N | St\u00f6d f\u00f6r hormonbalans - Transtoyou<\/title>\n<meta name=\"description\" content=\"Uppt\u00e4ck Primolut N p\u00e5 Transtoyou, nu tillg\u00e4nglig. Hantera din menstruationscykel effektivt med denna p\u00e5litliga l\u00f6sning. Handla med f\u00f6rtroende!\" \/>\n<meta name=\"robots\" content=\"noindex, follow, max-snippet:-1, max-image-preview:large, max-video-preview:-1\" \/>\n<meta property=\"og:locale\" content=\"sv_SE\" \/>\n<meta property=\"og:type\" content=\"article\" \/>\n<meta property=\"og:title\" content=\"Primolut N | St\u00f6d f\u00f6r hormonbalans - Transtoyou\" \/>\n<meta property=\"og:description\" content=\"Uppt\u00e4ck Primolut N p\u00e5 Transtoyou, nu tillg\u00e4nglig. Hantera din menstruationscykel effektivt med denna p\u00e5litliga l\u00f6sning. Handla med f\u00f6rtroende!\" \/>\n<meta property=\"og:url\" content=\"https:\/\/www.transtoyou.com\/sv\/product\/primolut-n\/\" \/>\n<meta property=\"og:site_name\" content=\"Transtoyou - SV\" \/>\n<meta property=\"article:modified_time\" content=\"2026-03-01T12:14:36+00:00\" \/>\n<meta name=\"twitter:card\" content=\"summary_large_image\" \/>\n<meta name=\"twitter:label1\" content=\"Ber\u00e4knad l\u00e4stid\" \/>\n\t<meta name=\"twitter:data1\" content=\"1 minut\" \/>\n<script type=\"application\/ld+json\" class=\"yoast-schema-graph\">{\"@context\":\"https:\/\/schema.org\",\"@graph\":[{\"@type\":\"WebPage\",\"@id\":\"https:\/\/www.transtoyou.com\/sv\/product\/primolut-n\/\",\"url\":\"https:\/\/www.transtoyou.com\/sv\/product\/primolut-n\/\",\"name\":\"Primolut N | St\u00f6d f\u00f6r hormonbalans - Transtoyou\",\"isPartOf\":{\"@id\":\"https:\/\/www.transtoyou.com\/sv\/#website\"},\"primaryImageOfPage\":{\"@id\":\"https:\/\/www.transtoyou.com\/sv\/product\/primolut-n\/#primaryimage\"},\"image\":{\"@id\":\"https:\/\/www.transtoyou.com\/sv\/product\/primolut-n\/#primaryimage\"},\"thumbnailUrl\":\"https:\/\/www.transtoyou.com\/sv\/wp-content\/uploads\/sites\/15\/2026\/01\/tty-no-product-image-100.webp\",\"datePublished\":\"2026-01-24T10:21:03+00:00\",\"dateModified\":\"2026-03-01T12:14:36+00:00\",\"description\":\"Uppt\u00e4ck Primolut N p\u00e5 Transtoyou, nu tillg\u00e4nglig. Hantera din menstruationscykel effektivt med denna p\u00e5litliga l\u00f6sning. Handla med f\u00f6rtroende!\",\"breadcrumb\":{\"@id\":\"https:\/\/www.transtoyou.com\/sv\/product\/primolut-n\/#breadcrumb\"},\"inLanguage\":\"sv-SE\",\"potentialAction\":[{\"@type\":\"ReadAction\",\"target\":[\"https:\/\/www.transtoyou.com\/sv\/product\/primolut-n\/\"]}]},{\"@type\":\"ImageObject\",\"inLanguage\":\"sv-SE\",\"@id\":\"https:\/\/www.transtoyou.com\/sv\/product\/primolut-n\/#primaryimage\",\"url\":\"https:\/\/www.transtoyou.com\/sv\/wp-content\/uploads\/sites\/15\/2026\/01\/tty-no-product-image-100.webp\",\"contentUrl\":\"https:\/\/www.transtoyou.com\/sv\/wp-content\/uploads\/sites\/15\/2026\/01\/tty-no-product-image-100.webp\",\"width\":1000,\"height\":1000,\"caption\":\"Standard produktbild\"},{\"@type\":\"WebSite\",\"@id\":\"https:\/\/www.transtoyou.com\/sv\/#website\",\"url\":\"https:\/\/www.transtoyou.com\/sv\/\",\"name\":\"Transtoyou - SV\",\"description\":\"\",\"publisher\":{\"@id\":\"https:\/\/www.transtoyou.com\/sv\/#organization\"},\"potentialAction\":[{\"@type\":\"SearchAction\",\"target\":{\"@type\":\"EntryPoint\",\"urlTemplate\":\"https:\/\/www.transtoyou.com\/sv\/?s={search_term_string}\"},\"query-input\":{\"@type\":\"PropertyValueSpecification\",\"valueRequired\":true,\"valueName\":\"search_term_string\"}}],\"inLanguage\":\"sv-SE\"},{\"@type\":\"Organization\",\"@id\":\"https:\/\/www.transtoyou.com\/sv\/#organization\",\"name\":\"Transtoyou - SV\",\"url\":\"https:\/\/www.transtoyou.com\/sv\/\",\"logo\":{\"@type\":\"ImageObject\",\"inLanguage\":\"sv-SE\",\"@id\":\"https:\/\/www.transtoyou.com\/sv\/#\/schema\/logo\/image\/\",\"url\":\"https:\/\/www.transtoyou.com\/sv\/wp-content\/uploads\/sites\/15\/2026\/01\/logo-tty-menu-bar-300x87-1.webp\",\"contentUrl\":\"https:\/\/www.transtoyou.com\/sv\/wp-content\/uploads\/sites\/15\/2026\/01\/logo-tty-menu-bar-300x87-1.webp\",\"width\":300,\"height\":87,\"caption\":\"Transtoyou - SV\"},\"image\":{\"@id\":\"https:\/\/www.transtoyou.com\/sv\/#\/schema\/logo\/image\/\"}}]}<\/script>\n<!-- \/ Yoast SEO plugin. -->","yoast_head_json":{"title":"Primolut N | St\u00f6d f\u00f6r hormonbalans - Transtoyou","description":"Uppt\u00e4ck Primolut N p\u00e5 Transtoyou, nu tillg\u00e4nglig. Hantera din menstruationscykel effektivt med denna p\u00e5litliga l\u00f6sning. Handla med f\u00f6rtroende!","robots":{"index":"noindex","follow":"follow","max-snippet":"max-snippet:-1","max-image-preview":"max-image-preview:large","max-video-preview":"max-video-preview:-1"},"og_locale":"sv_SE","og_type":"article","og_title":"Primolut N | St\u00f6d f\u00f6r hormonbalans - Transtoyou","og_description":"Uppt\u00e4ck Primolut N p\u00e5 Transtoyou, nu tillg\u00e4nglig. Hantera din menstruationscykel effektivt med denna p\u00e5litliga l\u00f6sning. Handla med f\u00f6rtroende!","og_url":"https:\/\/www.transtoyou.com\/sv\/product\/primolut-n\/","og_site_name":"Transtoyou - SV","article_modified_time":"2026-03-01T12:14:36+00:00","twitter_card":"summary_large_image","twitter_misc":{"Ber\u00e4knad l\u00e4stid":"1 minut"},"schema":{"@context":"https:\/\/schema.org","@graph":[{"@type":"WebPage","@id":"https:\/\/www.transtoyou.com\/sv\/product\/primolut-n\/","url":"https:\/\/www.transtoyou.com\/sv\/product\/primolut-n\/","name":"Primolut N | St\u00f6d f\u00f6r hormonbalans - Transtoyou","isPartOf":{"@id":"https:\/\/www.transtoyou.com\/sv\/#website"},"primaryImageOfPage":{"@id":"https:\/\/www.transtoyou.com\/sv\/product\/primolut-n\/#primaryimage"},"image":{"@id":"https:\/\/www.transtoyou.com\/sv\/product\/primolut-n\/#primaryimage"},"thumbnailUrl":"https:\/\/www.transtoyou.com\/sv\/wp-content\/uploads\/sites\/15\/2026\/01\/tty-no-product-image-100.webp","datePublished":"2026-01-24T10:21:03+00:00","dateModified":"2026-03-01T12:14:36+00:00","description":"Uppt\u00e4ck Primolut N p\u00e5 Transtoyou, nu tillg\u00e4nglig. Hantera din menstruationscykel effektivt med denna p\u00e5litliga l\u00f6sning. Handla med f\u00f6rtroende!","breadcrumb":{"@id":"https:\/\/www.transtoyou.com\/sv\/product\/primolut-n\/#breadcrumb"},"inLanguage":"sv-SE","potentialAction":[{"@type":"ReadAction","target":["https:\/\/www.transtoyou.com\/sv\/product\/primolut-n\/"]}]},{"@type":"ImageObject","inLanguage":"sv-SE","@id":"https:\/\/www.transtoyou.com\/sv\/product\/primolut-n\/#primaryimage","url":"https:\/\/www.transtoyou.com\/sv\/wp-content\/uploads\/sites\/15\/2026\/01\/tty-no-product-image-100.webp","contentUrl":"https:\/\/www.transtoyou.com\/sv\/wp-content\/uploads\/sites\/15\/2026\/01\/tty-no-product-image-100.webp","width":1000,"height":1000,"caption":"Standard produktbild"},{"@type":"WebSite","@id":"https:\/\/www.transtoyou.com\/sv\/#website","url":"https:\/\/www.transtoyou.com\/sv\/","name":"Transtoyou - SV","description":"","publisher":{"@id":"https:\/\/www.transtoyou.com\/sv\/#organization"},"potentialAction":[{"@type":"SearchAction","target":{"@type":"EntryPoint","urlTemplate":"https:\/\/www.transtoyou.com\/sv\/?s={search_term_string}"},"query-input":{"@type":"PropertyValueSpecification","valueRequired":true,"valueName":"search_term_string"}}],"inLanguage":"sv-SE"},{"@type":"Organization","@id":"https:\/\/www.transtoyou.com\/sv\/#organization","name":"Transtoyou - SV","url":"https:\/\/www.transtoyou.com\/sv\/","logo":{"@type":"ImageObject","inLanguage":"sv-SE","@id":"https:\/\/www.transtoyou.com\/sv\/#\/schema\/logo\/image\/","url":"https:\/\/www.transtoyou.com\/sv\/wp-content\/uploads\/sites\/15\/2026\/01\/logo-tty-menu-bar-300x87-1.webp","contentUrl":"https:\/\/www.transtoyou.com\/sv\/wp-content\/uploads\/sites\/15\/2026\/01\/logo-tty-menu-bar-300x87-1.webp","width":300,"height":87,"caption":"Transtoyou - SV"},"image":{"@id":"https:\/\/www.transtoyou.com\/sv\/#\/schema\/logo\/image\/"}}]}},"_links":{"self":[{"href":"https:\/\/www.transtoyou.com\/sv\/wp-json\/wp\/v2\/product\/772","targetHints":{"allow":["GET"]}}],"collection":[{"href":"https:\/\/www.transtoyou.com\/sv\/wp-json\/wp\/v2\/product"}],"about":[{"href":"https:\/\/www.transtoyou.com\/sv\/wp-json\/wp\/v2\/types\/product"}],"replies":[{"embeddable":true,"href":"https:\/\/www.transtoyou.com\/sv\/wp-json\/wp\/v2\/comments?post=772"}],"wp:featuredmedia":[{"embeddable":true,"href":"https:\/\/www.transtoyou.com\/sv\/wp-json\/wp\/v2\/media\/774"}],"wp:attachment":[{"href":"https:\/\/www.transtoyou.com\/sv\/wp-json\/wp\/v2\/media?parent=772"}],"wp:term":[{"taxonomy":"product_brand","embeddable":true,"href":"https:\/\/www.transtoyou.com\/sv\/wp-json\/wp\/v2\/product_brand?post=772"},{"taxonomy":"product_cat","embeddable":true,"href":"https:\/\/www.transtoyou.com\/sv\/wp-json\/wp\/v2\/product_cat?post=772"},{"taxonomy":"product_tag","embeddable":true,"href":"https:\/\/www.transtoyou.com\/sv\/wp-json\/wp\/v2\/product_tag?post=772"},{"taxonomy":"expert","embeddable":true,"href":"https:\/\/www.transtoyou.com\/sv\/wp-json\/wp\/v2\/expert?post=772"}],"curies":[{"name":"wp","href":"https:\/\/api.w.org\/{rel}","templated":true}]}}