{"id":775,"date":"2026-01-24T10:34:41","date_gmt":"2026-01-24T10:34:41","guid":{"rendered":"https:\/\/www.transtoyou.com\/sv\/product\/cerazette\/"},"modified":"2026-01-24T10:35:35","modified_gmt":"2026-01-24T10:35:35","slug":"cerazette","status":"publish","type":"product","link":"https:\/\/www.transtoyou.com\/sv\/product\/cerazette\/","title":{"rendered":"Cerazette"},"content":{"rendered":"<p>Cerazette \u00e4r ett gestagenbaserat oralt preventivmedel, \u00e4ven k\u00e4nt som mini-piller. Det inneh\u00e5ller desogestrel, som f\u00f6rhindrar graviditet genom att h\u00e4mma \u00e4gglossning, f\u00f6rtjocka livmoderhalsslem och f\u00f6r\u00e4ndra livmoderslemhinnan f\u00f6r att minska risken f\u00f6r implantation. Till skillnad fr\u00e5n kombinerade piller inneh\u00e5ller Cerazette inget \u00f6strogen, vilket g\u00f6r det l\u00e4mpligt f\u00f6r personer som \u00e4r k\u00e4nsliga f\u00f6r eller har kontraindikationer mot \u00f6strogenhaltig preventivmedel.<\/p>\n<p>F\u00f6rutom sina preventivmedelseffekter anv\u00e4nds Cerazette ofta f\u00f6r att undertrycka menstruation. M\u00e5nga anv\u00e4ndare upplever l\u00e4ttare menstruationer, oregelbundet bl\u00f6dande eller amenorr\u00e9 (avsaknad av menstruation) medan de tar Cerazette. Detta kan vara f\u00f6rdelaktigt f\u00f6r personer med kraftiga eller sm\u00e4rtsamma cykler eller de som s\u00f6ker l\u00e5ngsiktig cykelkontroll.<\/p>\n<p>Cerazette tas en g\u00e5ng dagligen vid samma tid varje dag utan pauser mellan f\u00f6rpackningarna. Det \u00e4r viktigt att h\u00e5lla en konsekvent tid, eftersom en missad dos med mer \u00e4n 12 timmar kan minska preventivmedelseffektiviteten. Preventivskyddet b\u00f6rjar 48 timmar efter att den f\u00f6rsta tabletten p\u00e5b\u00f6rjats (om den inte tas den f\u00f6rsta dagen av menstruationscykeln), och Cerazette anses vara s\u00e4ker att anv\u00e4nda under amning.<\/p>\n<p>Cerazette erbjuder ett enkelt, \u00f6strogenfritt alternativ f\u00f6r p\u00e5litlig preventivmedel och menstruationsundertryckning med bekv\u00e4mligheten av en daglig tablett.<\/p>\n","protected":false},"excerpt":{"rendered":"<ul>\n<li>Progestogen-endast dagligt preventivmedel<\/li>\n<li>Passar f\u00f6r \u00f6strogenk\u00e4nsliga anv\u00e4ndare<\/li>\n<li>Hj\u00e4lper till att d\u00e4mpa menstruationen<\/li>\n<\/ul>\n","protected":false},"featured_media":777,"comment_status":"open","ping_status":"closed","template":"","meta":[],"product_brand":[],"product_cat":[128,132],"product_tag":[],"expert":[21],"class_list":{"0":"post-775","1":"product","2":"type-product","3":"status-publish","4":"has-post-thumbnail","6":"product_cat-menstruationshamning","7":"product_cat-mini-piller","8":"expert-dr-m-sharoyko","10":"first","11":"instock","12":"shipping-taxable","13":"product-type-variable"},"yoast_head":"<!-- This site is optimized with the Yoast SEO plugin v27.0 - https:\/\/yoast.com\/product\/yoast-seo-wordpress\/ -->\n<title>Cerazette | Effektiv preventivl\u00f6sning - Transtoyou<\/title>\n<meta name=\"description\" content=\"Uppt\u00e4ck Cerazette, tillg\u00e4nglig p\u00e5 Transtoyou. F\u00e5 p\u00e5litligt preventivskydd. Handla nu f\u00f6r enkel tillg\u00e5ng till betrodda h\u00e4lsol\u00f6sningar.\" \/>\n<meta name=\"robots\" content=\"noindex, follow, max-snippet:-1, max-image-preview:large, max-video-preview:-1\" \/>\n<meta property=\"og:locale\" content=\"sv_SE\" \/>\n<meta property=\"og:type\" content=\"article\" \/>\n<meta property=\"og:title\" content=\"Cerazette | Effektiv preventivl\u00f6sning - Transtoyou\" \/>\n<meta property=\"og:description\" content=\"Uppt\u00e4ck Cerazette, tillg\u00e4nglig p\u00e5 Transtoyou. F\u00e5 p\u00e5litligt preventivskydd. Handla nu f\u00f6r enkel tillg\u00e5ng till betrodda h\u00e4lsol\u00f6sningar.\" \/>\n<meta property=\"og:url\" content=\"https:\/\/www.transtoyou.com\/sv\/product\/cerazette\/\" \/>\n<meta property=\"og:site_name\" content=\"Transtoyou - SV\" \/>\n<meta property=\"article:modified_time\" content=\"2026-01-24T10:35:35+00:00\" \/>\n<meta name=\"twitter:card\" content=\"summary_large_image\" \/>\n<meta name=\"twitter:label1\" content=\"Ber\u00e4knad l\u00e4stid\" \/>\n\t<meta name=\"twitter:data1\" content=\"1 minut\" \/>\n<script type=\"application\/ld+json\" class=\"yoast-schema-graph\">{\"@context\":\"https:\/\/schema.org\",\"@graph\":[{\"@type\":\"WebPage\",\"@id\":\"https:\/\/www.transtoyou.com\/sv\/product\/cerazette\/\",\"url\":\"https:\/\/www.transtoyou.com\/sv\/product\/cerazette\/\",\"name\":\"Cerazette | Effektiv preventivl\u00f6sning - Transtoyou\",\"isPartOf\":{\"@id\":\"https:\/\/www.transtoyou.com\/sv\/#website\"},\"primaryImageOfPage\":{\"@id\":\"https:\/\/www.transtoyou.com\/sv\/product\/cerazette\/#primaryimage\"},\"image\":{\"@id\":\"https:\/\/www.transtoyou.com\/sv\/product\/cerazette\/#primaryimage\"},\"thumbnailUrl\":\"https:\/\/www.transtoyou.com\/sv\/wp-content\/uploads\/sites\/15\/2026\/01\/tty-no-product-image-101.webp\",\"datePublished\":\"2026-01-24T10:34:41+00:00\",\"dateModified\":\"2026-01-24T10:35:35+00:00\",\"description\":\"Uppt\u00e4ck Cerazette, tillg\u00e4nglig p\u00e5 Transtoyou. F\u00e5 p\u00e5litligt preventivskydd. Handla nu f\u00f6r enkel tillg\u00e5ng till betrodda h\u00e4lsol\u00f6sningar.\",\"breadcrumb\":{\"@id\":\"https:\/\/www.transtoyou.com\/sv\/product\/cerazette\/#breadcrumb\"},\"inLanguage\":\"sv-SE\",\"potentialAction\":[{\"@type\":\"ReadAction\",\"target\":[\"https:\/\/www.transtoyou.com\/sv\/product\/cerazette\/\"]}]},{\"@type\":\"ImageObject\",\"inLanguage\":\"sv-SE\",\"@id\":\"https:\/\/www.transtoyou.com\/sv\/product\/cerazette\/#primaryimage\",\"url\":\"https:\/\/www.transtoyou.com\/sv\/wp-content\/uploads\/sites\/15\/2026\/01\/tty-no-product-image-101.webp\",\"contentUrl\":\"https:\/\/www.transtoyou.com\/sv\/wp-content\/uploads\/sites\/15\/2026\/01\/tty-no-product-image-101.webp\",\"width\":1000,\"height\":1000,\"caption\":\"Standard produktbild\"},{\"@type\":\"WebSite\",\"@id\":\"https:\/\/www.transtoyou.com\/sv\/#website\",\"url\":\"https:\/\/www.transtoyou.com\/sv\/\",\"name\":\"Transtoyou - SV\",\"description\":\"\",\"publisher\":{\"@id\":\"https:\/\/www.transtoyou.com\/sv\/#organization\"},\"potentialAction\":[{\"@type\":\"SearchAction\",\"target\":{\"@type\":\"EntryPoint\",\"urlTemplate\":\"https:\/\/www.transtoyou.com\/sv\/?s={search_term_string}\"},\"query-input\":{\"@type\":\"PropertyValueSpecification\",\"valueRequired\":true,\"valueName\":\"search_term_string\"}}],\"inLanguage\":\"sv-SE\"},{\"@type\":\"Organization\",\"@id\":\"https:\/\/www.transtoyou.com\/sv\/#organization\",\"name\":\"Transtoyou - SV\",\"url\":\"https:\/\/www.transtoyou.com\/sv\/\",\"logo\":{\"@type\":\"ImageObject\",\"inLanguage\":\"sv-SE\",\"@id\":\"https:\/\/www.transtoyou.com\/sv\/#\/schema\/logo\/image\/\",\"url\":\"https:\/\/www.transtoyou.com\/sv\/wp-content\/uploads\/sites\/15\/2026\/01\/logo-tty-menu-bar-300x87-1.webp\",\"contentUrl\":\"https:\/\/www.transtoyou.com\/sv\/wp-content\/uploads\/sites\/15\/2026\/01\/logo-tty-menu-bar-300x87-1.webp\",\"width\":300,\"height\":87,\"caption\":\"Transtoyou - SV\"},\"image\":{\"@id\":\"https:\/\/www.transtoyou.com\/sv\/#\/schema\/logo\/image\/\"}}]}<\/script>\n<!-- \/ Yoast SEO plugin. -->","yoast_head_json":{"title":"Cerazette | Effektiv preventivl\u00f6sning - Transtoyou","description":"Uppt\u00e4ck Cerazette, tillg\u00e4nglig p\u00e5 Transtoyou. F\u00e5 p\u00e5litligt preventivskydd. Handla nu f\u00f6r enkel tillg\u00e5ng till betrodda h\u00e4lsol\u00f6sningar.","robots":{"index":"noindex","follow":"follow","max-snippet":"max-snippet:-1","max-image-preview":"max-image-preview:large","max-video-preview":"max-video-preview:-1"},"og_locale":"sv_SE","og_type":"article","og_title":"Cerazette | Effektiv preventivl\u00f6sning - Transtoyou","og_description":"Uppt\u00e4ck Cerazette, tillg\u00e4nglig p\u00e5 Transtoyou. F\u00e5 p\u00e5litligt preventivskydd. Handla nu f\u00f6r enkel tillg\u00e5ng till betrodda h\u00e4lsol\u00f6sningar.","og_url":"https:\/\/www.transtoyou.com\/sv\/product\/cerazette\/","og_site_name":"Transtoyou - SV","article_modified_time":"2026-01-24T10:35:35+00:00","twitter_card":"summary_large_image","twitter_misc":{"Ber\u00e4knad l\u00e4stid":"1 minut"},"schema":{"@context":"https:\/\/schema.org","@graph":[{"@type":"WebPage","@id":"https:\/\/www.transtoyou.com\/sv\/product\/cerazette\/","url":"https:\/\/www.transtoyou.com\/sv\/product\/cerazette\/","name":"Cerazette | Effektiv preventivl\u00f6sning - Transtoyou","isPartOf":{"@id":"https:\/\/www.transtoyou.com\/sv\/#website"},"primaryImageOfPage":{"@id":"https:\/\/www.transtoyou.com\/sv\/product\/cerazette\/#primaryimage"},"image":{"@id":"https:\/\/www.transtoyou.com\/sv\/product\/cerazette\/#primaryimage"},"thumbnailUrl":"https:\/\/www.transtoyou.com\/sv\/wp-content\/uploads\/sites\/15\/2026\/01\/tty-no-product-image-101.webp","datePublished":"2026-01-24T10:34:41+00:00","dateModified":"2026-01-24T10:35:35+00:00","description":"Uppt\u00e4ck Cerazette, tillg\u00e4nglig p\u00e5 Transtoyou. F\u00e5 p\u00e5litligt preventivskydd. Handla nu f\u00f6r enkel tillg\u00e5ng till betrodda h\u00e4lsol\u00f6sningar.","breadcrumb":{"@id":"https:\/\/www.transtoyou.com\/sv\/product\/cerazette\/#breadcrumb"},"inLanguage":"sv-SE","potentialAction":[{"@type":"ReadAction","target":["https:\/\/www.transtoyou.com\/sv\/product\/cerazette\/"]}]},{"@type":"ImageObject","inLanguage":"sv-SE","@id":"https:\/\/www.transtoyou.com\/sv\/product\/cerazette\/#primaryimage","url":"https:\/\/www.transtoyou.com\/sv\/wp-content\/uploads\/sites\/15\/2026\/01\/tty-no-product-image-101.webp","contentUrl":"https:\/\/www.transtoyou.com\/sv\/wp-content\/uploads\/sites\/15\/2026\/01\/tty-no-product-image-101.webp","width":1000,"height":1000,"caption":"Standard produktbild"},{"@type":"WebSite","@id":"https:\/\/www.transtoyou.com\/sv\/#website","url":"https:\/\/www.transtoyou.com\/sv\/","name":"Transtoyou - SV","description":"","publisher":{"@id":"https:\/\/www.transtoyou.com\/sv\/#organization"},"potentialAction":[{"@type":"SearchAction","target":{"@type":"EntryPoint","urlTemplate":"https:\/\/www.transtoyou.com\/sv\/?s={search_term_string}"},"query-input":{"@type":"PropertyValueSpecification","valueRequired":true,"valueName":"search_term_string"}}],"inLanguage":"sv-SE"},{"@type":"Organization","@id":"https:\/\/www.transtoyou.com\/sv\/#organization","name":"Transtoyou - SV","url":"https:\/\/www.transtoyou.com\/sv\/","logo":{"@type":"ImageObject","inLanguage":"sv-SE","@id":"https:\/\/www.transtoyou.com\/sv\/#\/schema\/logo\/image\/","url":"https:\/\/www.transtoyou.com\/sv\/wp-content\/uploads\/sites\/15\/2026\/01\/logo-tty-menu-bar-300x87-1.webp","contentUrl":"https:\/\/www.transtoyou.com\/sv\/wp-content\/uploads\/sites\/15\/2026\/01\/logo-tty-menu-bar-300x87-1.webp","width":300,"height":87,"caption":"Transtoyou - SV"},"image":{"@id":"https:\/\/www.transtoyou.com\/sv\/#\/schema\/logo\/image\/"}}]}},"_links":{"self":[{"href":"https:\/\/www.transtoyou.com\/sv\/wp-json\/wp\/v2\/product\/775","targetHints":{"allow":["GET"]}}],"collection":[{"href":"https:\/\/www.transtoyou.com\/sv\/wp-json\/wp\/v2\/product"}],"about":[{"href":"https:\/\/www.transtoyou.com\/sv\/wp-json\/wp\/v2\/types\/product"}],"replies":[{"embeddable":true,"href":"https:\/\/www.transtoyou.com\/sv\/wp-json\/wp\/v2\/comments?post=775"}],"wp:featuredmedia":[{"embeddable":true,"href":"https:\/\/www.transtoyou.com\/sv\/wp-json\/wp\/v2\/media\/777"}],"wp:attachment":[{"href":"https:\/\/www.transtoyou.com\/sv\/wp-json\/wp\/v2\/media?parent=775"}],"wp:term":[{"taxonomy":"product_brand","embeddable":true,"href":"https:\/\/www.transtoyou.com\/sv\/wp-json\/wp\/v2\/product_brand?post=775"},{"taxonomy":"product_cat","embeddable":true,"href":"https:\/\/www.transtoyou.com\/sv\/wp-json\/wp\/v2\/product_cat?post=775"},{"taxonomy":"product_tag","embeddable":true,"href":"https:\/\/www.transtoyou.com\/sv\/wp-json\/wp\/v2\/product_tag?post=775"},{"taxonomy":"expert","embeddable":true,"href":"https:\/\/www.transtoyou.com\/sv\/wp-json\/wp\/v2\/expert?post=775"}],"curies":[{"name":"wp","href":"https:\/\/api.w.org\/{rel}","templated":true}]}}