{"id":778,"date":"2026-01-24T10:48:57","date_gmt":"2026-01-24T10:48:57","guid":{"rendered":"https:\/\/www.transtoyou.com\/sv\/product\/desogestrel\/"},"modified":"2026-01-24T10:49:55","modified_gmt":"2026-01-24T10:49:55","slug":"desogestrel","status":"publish","type":"product","link":"https:\/\/www.transtoyou.com\/sv\/product\/desogestrel\/","title":{"rendered":"Desogestrel"},"content":{"rendered":"<p>Desogestrel \u00e4r en gestagen-enbart preventivtablett, vanligtvis k\u00e4nd som mini-piller. Den inneh\u00e5ller en l\u00e5g dos av det syntetiska hormonet desogestrel, som anv\u00e4nds f\u00f6r att f\u00f6rhindra graviditet. Till skillnad fr\u00e5n kombinerade orala preventivmedel inneh\u00e5ller Desogestrel inte \u00f6strogen. Detta g\u00f6r det till ett f\u00f6redraget alternativ f\u00f6r individer som inte kan tolerera \u00f6strogen eller ammar.<\/p>\n<p>Den prim\u00e4ra effekten av Desogestrel \u00e4r att h\u00e4mma \u00e4gglossningen, vilket inneb\u00e4r att det f\u00f6rhindrar fris\u00e4ttningen av ett \u00e4gg fr\u00e5n \u00e4ggstocken. Det f\u00f6rtjockar ocks\u00e5 livmoderhalsens slem, vilket g\u00f6r det sv\u00e5rare f\u00f6r spermier att n\u00e5 ett \u00e4gg, och f\u00f6r\u00e4ndrar livmoderslemhinnan f\u00f6r att minska chansen f\u00f6r implantation. Dessa kombinerade effekter g\u00f6r det till en p\u00e5litlig och diskret form av hormonell preventivmedel.<\/p>\n<p>Desogestrel m\u00e5ste tas vid samma tid varje dag, utan pillerfria intervaller. Det finns inga pillerfria dagar, och varje f\u00f6rpackning tas kontinuerligt. Om en tablett tas mer \u00e4n tolv timmar f\u00f6r sent kan dess effektivitet minskas, och ytterligare preventivmetoder kan beh\u00f6vas under en kort tid.<\/p>\n<p>M\u00e5nga anv\u00e4ndare upplever f\u00f6r\u00e4ndringar i sin menstruationscykel medan de anv\u00e4nder Desogestrel. Detta kan inkludera oregelbundet bl\u00f6dande, fl\u00e4ckande eller avsaknad av menstruation (amenorr\u00e9). Dessa f\u00f6r\u00e4ndringar \u00e4r vanliga och \u00e4r vanligtvis inte en orsak till oro. Desogestrel \u00e4r ett enkelt och effektivt alternativ f\u00f6r dem som f\u00f6redrar en gestagen-enbart metod som passar in i en daglig rutin.<\/p>\n","protected":false},"excerpt":{"rendered":"<ul>\n<li>Estrogenfri daglig preventivmedel<\/li>\n<li>F\u00f6rhindrar \u00e4gglossning och f\u00f6rtjockar livmoderhalsens slem<\/li>\n<li>L\u00e4mplig under amning<\/li>\n<\/ul>\n","protected":false},"featured_media":780,"comment_status":"open","ping_status":"closed","template":"","meta":[],"product_brand":[],"product_cat":[132],"product_tag":[],"expert":[21],"class_list":{"0":"post-778","1":"product","2":"type-product","3":"status-publish","4":"has-post-thumbnail","6":"product_cat-mini-piller","7":"expert-dr-m-sharoyko","9":"first","10":"instock","11":"shipping-taxable","12":"product-type-variable"},"yoast_head":"<!-- This site is optimized with the Yoast SEO plugin v27.0 - https:\/\/yoast.com\/product\/yoast-seo-wordpress\/ -->\n<title>Desogestrel | \u00d6strogenfri Mini-Piller - Transtoyou<\/title>\n<meta name=\"description\" content=\"Desogestrel mini-piller, handla nu f\u00f6r p\u00e5litlig, \u00f6strogenfri preventivmedel. Perfekt f\u00f6r ammande eller \u00f6strogenintoleranta anv\u00e4ndare. Skaffa ditt idag!\" \/>\n<meta name=\"robots\" content=\"noindex, follow, max-snippet:-1, max-image-preview:large, max-video-preview:-1\" \/>\n<meta property=\"og:locale\" content=\"sv_SE\" \/>\n<meta property=\"og:type\" content=\"article\" \/>\n<meta property=\"og:title\" content=\"Desogestrel | \u00d6strogenfri Mini-Piller - Transtoyou\" \/>\n<meta property=\"og:description\" content=\"Desogestrel mini-piller, handla nu f\u00f6r p\u00e5litlig, \u00f6strogenfri preventivmedel. Perfekt f\u00f6r ammande eller \u00f6strogenintoleranta anv\u00e4ndare. Skaffa ditt idag!\" \/>\n<meta property=\"og:url\" content=\"https:\/\/www.transtoyou.com\/sv\/product\/desogestrel\/\" \/>\n<meta property=\"og:site_name\" content=\"Transtoyou - SV\" \/>\n<meta property=\"article:modified_time\" content=\"2026-01-24T10:49:55+00:00\" \/>\n<meta name=\"twitter:card\" content=\"summary_large_image\" \/>\n<meta name=\"twitter:label1\" content=\"Ber\u00e4knad l\u00e4stid\" \/>\n\t<meta name=\"twitter:data1\" content=\"1 minut\" \/>\n<script type=\"application\/ld+json\" class=\"yoast-schema-graph\">{\"@context\":\"https:\/\/schema.org\",\"@graph\":[{\"@type\":\"WebPage\",\"@id\":\"https:\/\/www.transtoyou.com\/sv\/product\/desogestrel\/\",\"url\":\"https:\/\/www.transtoyou.com\/sv\/product\/desogestrel\/\",\"name\":\"Desogestrel | \u00d6strogenfri Mini-Piller - Transtoyou\",\"isPartOf\":{\"@id\":\"https:\/\/www.transtoyou.com\/sv\/#website\"},\"primaryImageOfPage\":{\"@id\":\"https:\/\/www.transtoyou.com\/sv\/product\/desogestrel\/#primaryimage\"},\"image\":{\"@id\":\"https:\/\/www.transtoyou.com\/sv\/product\/desogestrel\/#primaryimage\"},\"thumbnailUrl\":\"https:\/\/www.transtoyou.com\/sv\/wp-content\/uploads\/sites\/15\/2026\/01\/tty-no-product-image-102.webp\",\"datePublished\":\"2026-01-24T10:48:57+00:00\",\"dateModified\":\"2026-01-24T10:49:55+00:00\",\"description\":\"Desogestrel mini-piller, handla nu f\u00f6r p\u00e5litlig, \u00f6strogenfri preventivmedel. Perfekt f\u00f6r ammande eller \u00f6strogenintoleranta anv\u00e4ndare. Skaffa ditt idag!\",\"breadcrumb\":{\"@id\":\"https:\/\/www.transtoyou.com\/sv\/product\/desogestrel\/#breadcrumb\"},\"inLanguage\":\"sv-SE\",\"potentialAction\":[{\"@type\":\"ReadAction\",\"target\":[\"https:\/\/www.transtoyou.com\/sv\/product\/desogestrel\/\"]}]},{\"@type\":\"ImageObject\",\"inLanguage\":\"sv-SE\",\"@id\":\"https:\/\/www.transtoyou.com\/sv\/product\/desogestrel\/#primaryimage\",\"url\":\"https:\/\/www.transtoyou.com\/sv\/wp-content\/uploads\/sites\/15\/2026\/01\/tty-no-product-image-102.webp\",\"contentUrl\":\"https:\/\/www.transtoyou.com\/sv\/wp-content\/uploads\/sites\/15\/2026\/01\/tty-no-product-image-102.webp\",\"width\":1000,\"height\":1000,\"caption\":\"Standard produktbild\"},{\"@type\":\"WebSite\",\"@id\":\"https:\/\/www.transtoyou.com\/sv\/#website\",\"url\":\"https:\/\/www.transtoyou.com\/sv\/\",\"name\":\"Transtoyou - SV\",\"description\":\"\",\"publisher\":{\"@id\":\"https:\/\/www.transtoyou.com\/sv\/#organization\"},\"potentialAction\":[{\"@type\":\"SearchAction\",\"target\":{\"@type\":\"EntryPoint\",\"urlTemplate\":\"https:\/\/www.transtoyou.com\/sv\/?s={search_term_string}\"},\"query-input\":{\"@type\":\"PropertyValueSpecification\",\"valueRequired\":true,\"valueName\":\"search_term_string\"}}],\"inLanguage\":\"sv-SE\"},{\"@type\":\"Organization\",\"@id\":\"https:\/\/www.transtoyou.com\/sv\/#organization\",\"name\":\"Transtoyou - SV\",\"url\":\"https:\/\/www.transtoyou.com\/sv\/\",\"logo\":{\"@type\":\"ImageObject\",\"inLanguage\":\"sv-SE\",\"@id\":\"https:\/\/www.transtoyou.com\/sv\/#\/schema\/logo\/image\/\",\"url\":\"https:\/\/www.transtoyou.com\/sv\/wp-content\/uploads\/sites\/15\/2026\/01\/logo-tty-menu-bar-300x87-1.webp\",\"contentUrl\":\"https:\/\/www.transtoyou.com\/sv\/wp-content\/uploads\/sites\/15\/2026\/01\/logo-tty-menu-bar-300x87-1.webp\",\"width\":300,\"height\":87,\"caption\":\"Transtoyou - SV\"},\"image\":{\"@id\":\"https:\/\/www.transtoyou.com\/sv\/#\/schema\/logo\/image\/\"}}]}<\/script>\n<!-- \/ Yoast SEO plugin. -->","yoast_head_json":{"title":"Desogestrel | \u00d6strogenfri Mini-Piller - Transtoyou","description":"Desogestrel mini-piller, handla nu f\u00f6r p\u00e5litlig, \u00f6strogenfri preventivmedel. Perfekt f\u00f6r ammande eller \u00f6strogenintoleranta anv\u00e4ndare. Skaffa ditt idag!","robots":{"index":"noindex","follow":"follow","max-snippet":"max-snippet:-1","max-image-preview":"max-image-preview:large","max-video-preview":"max-video-preview:-1"},"og_locale":"sv_SE","og_type":"article","og_title":"Desogestrel | \u00d6strogenfri Mini-Piller - Transtoyou","og_description":"Desogestrel mini-piller, handla nu f\u00f6r p\u00e5litlig, \u00f6strogenfri preventivmedel. Perfekt f\u00f6r ammande eller \u00f6strogenintoleranta anv\u00e4ndare. Skaffa ditt idag!","og_url":"https:\/\/www.transtoyou.com\/sv\/product\/desogestrel\/","og_site_name":"Transtoyou - SV","article_modified_time":"2026-01-24T10:49:55+00:00","twitter_card":"summary_large_image","twitter_misc":{"Ber\u00e4knad l\u00e4stid":"1 minut"},"schema":{"@context":"https:\/\/schema.org","@graph":[{"@type":"WebPage","@id":"https:\/\/www.transtoyou.com\/sv\/product\/desogestrel\/","url":"https:\/\/www.transtoyou.com\/sv\/product\/desogestrel\/","name":"Desogestrel | \u00d6strogenfri Mini-Piller - Transtoyou","isPartOf":{"@id":"https:\/\/www.transtoyou.com\/sv\/#website"},"primaryImageOfPage":{"@id":"https:\/\/www.transtoyou.com\/sv\/product\/desogestrel\/#primaryimage"},"image":{"@id":"https:\/\/www.transtoyou.com\/sv\/product\/desogestrel\/#primaryimage"},"thumbnailUrl":"https:\/\/www.transtoyou.com\/sv\/wp-content\/uploads\/sites\/15\/2026\/01\/tty-no-product-image-102.webp","datePublished":"2026-01-24T10:48:57+00:00","dateModified":"2026-01-24T10:49:55+00:00","description":"Desogestrel mini-piller, handla nu f\u00f6r p\u00e5litlig, \u00f6strogenfri preventivmedel. Perfekt f\u00f6r ammande eller \u00f6strogenintoleranta anv\u00e4ndare. Skaffa ditt idag!","breadcrumb":{"@id":"https:\/\/www.transtoyou.com\/sv\/product\/desogestrel\/#breadcrumb"},"inLanguage":"sv-SE","potentialAction":[{"@type":"ReadAction","target":["https:\/\/www.transtoyou.com\/sv\/product\/desogestrel\/"]}]},{"@type":"ImageObject","inLanguage":"sv-SE","@id":"https:\/\/www.transtoyou.com\/sv\/product\/desogestrel\/#primaryimage","url":"https:\/\/www.transtoyou.com\/sv\/wp-content\/uploads\/sites\/15\/2026\/01\/tty-no-product-image-102.webp","contentUrl":"https:\/\/www.transtoyou.com\/sv\/wp-content\/uploads\/sites\/15\/2026\/01\/tty-no-product-image-102.webp","width":1000,"height":1000,"caption":"Standard produktbild"},{"@type":"WebSite","@id":"https:\/\/www.transtoyou.com\/sv\/#website","url":"https:\/\/www.transtoyou.com\/sv\/","name":"Transtoyou - SV","description":"","publisher":{"@id":"https:\/\/www.transtoyou.com\/sv\/#organization"},"potentialAction":[{"@type":"SearchAction","target":{"@type":"EntryPoint","urlTemplate":"https:\/\/www.transtoyou.com\/sv\/?s={search_term_string}"},"query-input":{"@type":"PropertyValueSpecification","valueRequired":true,"valueName":"search_term_string"}}],"inLanguage":"sv-SE"},{"@type":"Organization","@id":"https:\/\/www.transtoyou.com\/sv\/#organization","name":"Transtoyou - SV","url":"https:\/\/www.transtoyou.com\/sv\/","logo":{"@type":"ImageObject","inLanguage":"sv-SE","@id":"https:\/\/www.transtoyou.com\/sv\/#\/schema\/logo\/image\/","url":"https:\/\/www.transtoyou.com\/sv\/wp-content\/uploads\/sites\/15\/2026\/01\/logo-tty-menu-bar-300x87-1.webp","contentUrl":"https:\/\/www.transtoyou.com\/sv\/wp-content\/uploads\/sites\/15\/2026\/01\/logo-tty-menu-bar-300x87-1.webp","width":300,"height":87,"caption":"Transtoyou - SV"},"image":{"@id":"https:\/\/www.transtoyou.com\/sv\/#\/schema\/logo\/image\/"}}]}},"_links":{"self":[{"href":"https:\/\/www.transtoyou.com\/sv\/wp-json\/wp\/v2\/product\/778","targetHints":{"allow":["GET"]}}],"collection":[{"href":"https:\/\/www.transtoyou.com\/sv\/wp-json\/wp\/v2\/product"}],"about":[{"href":"https:\/\/www.transtoyou.com\/sv\/wp-json\/wp\/v2\/types\/product"}],"replies":[{"embeddable":true,"href":"https:\/\/www.transtoyou.com\/sv\/wp-json\/wp\/v2\/comments?post=778"}],"wp:featuredmedia":[{"embeddable":true,"href":"https:\/\/www.transtoyou.com\/sv\/wp-json\/wp\/v2\/media\/780"}],"wp:attachment":[{"href":"https:\/\/www.transtoyou.com\/sv\/wp-json\/wp\/v2\/media?parent=778"}],"wp:term":[{"taxonomy":"product_brand","embeddable":true,"href":"https:\/\/www.transtoyou.com\/sv\/wp-json\/wp\/v2\/product_brand?post=778"},{"taxonomy":"product_cat","embeddable":true,"href":"https:\/\/www.transtoyou.com\/sv\/wp-json\/wp\/v2\/product_cat?post=778"},{"taxonomy":"product_tag","embeddable":true,"href":"https:\/\/www.transtoyou.com\/sv\/wp-json\/wp\/v2\/product_tag?post=778"},{"taxonomy":"expert","embeddable":true,"href":"https:\/\/www.transtoyou.com\/sv\/wp-json\/wp\/v2\/expert?post=778"}],"curies":[{"name":"wp","href":"https:\/\/api.w.org\/{rel}","templated":true}]}}