{"id":784,"date":"2026-01-24T17:57:15","date_gmt":"2026-01-24T17:57:15","guid":{"rendered":"https:\/\/www.transtoyou.com\/sv\/product\/proscar\/"},"modified":"2026-03-02T11:31:54","modified_gmt":"2026-03-02T11:31:54","slug":"proscar","status":"publish","type":"product","link":"https:\/\/www.transtoyou.com\/sv\/product\/proscar\/","title":{"rendered":"Proscar"},"content":{"rendered":"<p>Proscar \u00e4r en receptbelagd medicin som anv\u00e4nds f\u00f6r att behandla benign prostatahyperplasi, vanligtvis kallad f\u00f6rstorad prostata. Den inneh\u00e5ller finasterid, en 5-alfa-reduktash\u00e4mmare som verkar genom att s\u00e4nka niv\u00e5erna av dihydrotestosteron, ett hormon som f\u00e5r prostatan att v\u00e4xa. Genom att minska hormon niv\u00e5erna hj\u00e4lper Proscar till att krympa prostatan, f\u00f6rb\u00e4ttra urinfl\u00f6det och lindra associerade symtom.<\/p>\n<p>En f\u00f6rstorad prostata kan leda till frekvent urinering, svag str\u00e5le, sv\u00e5righeter att p\u00e5b\u00f6rja eller stoppa urinering och avbruten s\u00f6mn p\u00e5 grund av nattlig urinering. Proscar tar itu med dessa problem genom att gradvis minska prostatastorleken och lindra trycket p\u00e5 urinr\u00f6ret. Denna process tar ofta flera m\u00e5nader men kan avsev\u00e4rt f\u00f6rb\u00e4ttra komfort och livskvalitet \u00f6ver tid.<\/p>\n<p>Proscar tas som en tablett en g\u00e5ng om dagen och ordineras vanligtvis f\u00f6r l\u00e5ngvarig anv\u00e4ndning. Den kan anv\u00e4ndas ensam eller i kombination med andra mediciner, s\u00e5som alfa-blockerare f\u00f6r m\u00e4n med mer uttalade symtom. Medan vissa anv\u00e4ndare upplever milda biverkningar som minskad libido eller f\u00f6r\u00e4ndringar i ejakulation, \u00e4r dessa effekter ofta tillf\u00e4lliga och avtar med fortsatt anv\u00e4ndning.<\/p>\n<p>Det \u00e4r viktigt att notera att Proscar s\u00e4nker niv\u00e5erna av prostatasekretoriskt antigen (PSA), som m\u00e4ts under screening f\u00f6r prostatacancer. V\u00e5rdgivare kommer att ta h\u00e4nsyn till detta n\u00e4r de tolkar resultaten.<\/p>\n","protected":false},"excerpt":{"rendered":"<ul>\n<li>Behandlar f\u00f6rstorad prostata<\/li>\n<li>F\u00f6rb\u00e4ttrar urinfl\u00f6det<\/li>\n<li>Daglig oral tablett<\/li>\n<\/ul>\n","protected":false},"featured_media":786,"comment_status":"open","ping_status":"closed","template":"","meta":[],"product_brand":[],"product_cat":[138],"product_tag":[],"expert":[18],"class_list":{"0":"post-784","1":"product","2":"type-product","3":"status-publish","4":"has-post-thumbnail","6":"product_cat-prostat-halsa","7":"expert-dr-g-varbanov","9":"first","10":"instock","11":"shipping-taxable","12":"product-type-variable"},"yoast_head":"<!-- This site is optimized with the Yoast SEO plugin v27.0 - https:\/\/yoast.com\/product\/yoast-seo-wordpress\/ -->\n<title>Proscar | Effektiv Prostatabehandling - Transtoyou<\/title>\n<meta name=\"description\" content=\"Proscar behandlar f\u00f6rstorad prostata genom att minska den och lindra symtomen. F\u00f6rb\u00e4ttra din livskvalitet, tillg\u00e4nglig nu p\u00e5 Transtoyou.\" \/>\n<meta name=\"robots\" content=\"noindex, follow, max-snippet:-1, max-image-preview:large, max-video-preview:-1\" \/>\n<meta property=\"og:locale\" content=\"sv_SE\" \/>\n<meta property=\"og:type\" content=\"article\" \/>\n<meta property=\"og:title\" content=\"Proscar | Effektiv Prostatabehandling - Transtoyou\" \/>\n<meta property=\"og:description\" content=\"Proscar behandlar f\u00f6rstorad prostata genom att minska den och lindra symtomen. F\u00f6rb\u00e4ttra din livskvalitet, tillg\u00e4nglig nu p\u00e5 Transtoyou.\" \/>\n<meta property=\"og:url\" content=\"https:\/\/www.transtoyou.com\/sv\/product\/proscar\/\" \/>\n<meta property=\"og:site_name\" content=\"Transtoyou - SV\" \/>\n<meta property=\"article:modified_time\" content=\"2026-03-02T11:31:54+00:00\" \/>\n<meta name=\"twitter:card\" content=\"summary_large_image\" \/>\n<meta name=\"twitter:label1\" content=\"Ber\u00e4knad l\u00e4stid\" \/>\n\t<meta name=\"twitter:data1\" content=\"1 minut\" \/>\n<script type=\"application\/ld+json\" class=\"yoast-schema-graph\">{\"@context\":\"https:\/\/schema.org\",\"@graph\":[{\"@type\":\"WebPage\",\"@id\":\"https:\/\/www.transtoyou.com\/sv\/product\/proscar\/\",\"url\":\"https:\/\/www.transtoyou.com\/sv\/product\/proscar\/\",\"name\":\"Proscar | Effektiv Prostatabehandling - Transtoyou\",\"isPartOf\":{\"@id\":\"https:\/\/www.transtoyou.com\/sv\/#website\"},\"primaryImageOfPage\":{\"@id\":\"https:\/\/www.transtoyou.com\/sv\/product\/proscar\/#primaryimage\"},\"image\":{\"@id\":\"https:\/\/www.transtoyou.com\/sv\/product\/proscar\/#primaryimage\"},\"thumbnailUrl\":\"https:\/\/www.transtoyou.com\/sv\/wp-content\/uploads\/sites\/15\/2026\/01\/tty-no-product-image-104.webp\",\"datePublished\":\"2026-01-24T17:57:15+00:00\",\"dateModified\":\"2026-03-02T11:31:54+00:00\",\"description\":\"Proscar behandlar f\u00f6rstorad prostata genom att minska den och lindra symtomen. F\u00f6rb\u00e4ttra din livskvalitet, tillg\u00e4nglig nu p\u00e5 Transtoyou.\",\"breadcrumb\":{\"@id\":\"https:\/\/www.transtoyou.com\/sv\/product\/proscar\/#breadcrumb\"},\"inLanguage\":\"sv-SE\",\"potentialAction\":[{\"@type\":\"ReadAction\",\"target\":[\"https:\/\/www.transtoyou.com\/sv\/product\/proscar\/\"]}]},{\"@type\":\"ImageObject\",\"inLanguage\":\"sv-SE\",\"@id\":\"https:\/\/www.transtoyou.com\/sv\/product\/proscar\/#primaryimage\",\"url\":\"https:\/\/www.transtoyou.com\/sv\/wp-content\/uploads\/sites\/15\/2026\/01\/tty-no-product-image-104.webp\",\"contentUrl\":\"https:\/\/www.transtoyou.com\/sv\/wp-content\/uploads\/sites\/15\/2026\/01\/tty-no-product-image-104.webp\",\"width\":1000,\"height\":1000,\"caption\":\"Standard produktbild\"},{\"@type\":\"WebSite\",\"@id\":\"https:\/\/www.transtoyou.com\/sv\/#website\",\"url\":\"https:\/\/www.transtoyou.com\/sv\/\",\"name\":\"Transtoyou - SV\",\"description\":\"\",\"publisher\":{\"@id\":\"https:\/\/www.transtoyou.com\/sv\/#organization\"},\"potentialAction\":[{\"@type\":\"SearchAction\",\"target\":{\"@type\":\"EntryPoint\",\"urlTemplate\":\"https:\/\/www.transtoyou.com\/sv\/?s={search_term_string}\"},\"query-input\":{\"@type\":\"PropertyValueSpecification\",\"valueRequired\":true,\"valueName\":\"search_term_string\"}}],\"inLanguage\":\"sv-SE\"},{\"@type\":\"Organization\",\"@id\":\"https:\/\/www.transtoyou.com\/sv\/#organization\",\"name\":\"Transtoyou - SV\",\"url\":\"https:\/\/www.transtoyou.com\/sv\/\",\"logo\":{\"@type\":\"ImageObject\",\"inLanguage\":\"sv-SE\",\"@id\":\"https:\/\/www.transtoyou.com\/sv\/#\/schema\/logo\/image\/\",\"url\":\"https:\/\/www.transtoyou.com\/sv\/wp-content\/uploads\/sites\/15\/2026\/01\/logo-tty-menu-bar-300x87-1.webp\",\"contentUrl\":\"https:\/\/www.transtoyou.com\/sv\/wp-content\/uploads\/sites\/15\/2026\/01\/logo-tty-menu-bar-300x87-1.webp\",\"width\":300,\"height\":87,\"caption\":\"Transtoyou - SV\"},\"image\":{\"@id\":\"https:\/\/www.transtoyou.com\/sv\/#\/schema\/logo\/image\/\"}}]}<\/script>\n<!-- \/ Yoast SEO plugin. -->","yoast_head_json":{"title":"Proscar | Effektiv Prostatabehandling - Transtoyou","description":"Proscar behandlar f\u00f6rstorad prostata genom att minska den och lindra symtomen. F\u00f6rb\u00e4ttra din livskvalitet, tillg\u00e4nglig nu p\u00e5 Transtoyou.","robots":{"index":"noindex","follow":"follow","max-snippet":"max-snippet:-1","max-image-preview":"max-image-preview:large","max-video-preview":"max-video-preview:-1"},"og_locale":"sv_SE","og_type":"article","og_title":"Proscar | Effektiv Prostatabehandling - Transtoyou","og_description":"Proscar behandlar f\u00f6rstorad prostata genom att minska den och lindra symtomen. F\u00f6rb\u00e4ttra din livskvalitet, tillg\u00e4nglig nu p\u00e5 Transtoyou.","og_url":"https:\/\/www.transtoyou.com\/sv\/product\/proscar\/","og_site_name":"Transtoyou - SV","article_modified_time":"2026-03-02T11:31:54+00:00","twitter_card":"summary_large_image","twitter_misc":{"Ber\u00e4knad l\u00e4stid":"1 minut"},"schema":{"@context":"https:\/\/schema.org","@graph":[{"@type":"WebPage","@id":"https:\/\/www.transtoyou.com\/sv\/product\/proscar\/","url":"https:\/\/www.transtoyou.com\/sv\/product\/proscar\/","name":"Proscar | Effektiv Prostatabehandling - Transtoyou","isPartOf":{"@id":"https:\/\/www.transtoyou.com\/sv\/#website"},"primaryImageOfPage":{"@id":"https:\/\/www.transtoyou.com\/sv\/product\/proscar\/#primaryimage"},"image":{"@id":"https:\/\/www.transtoyou.com\/sv\/product\/proscar\/#primaryimage"},"thumbnailUrl":"https:\/\/www.transtoyou.com\/sv\/wp-content\/uploads\/sites\/15\/2026\/01\/tty-no-product-image-104.webp","datePublished":"2026-01-24T17:57:15+00:00","dateModified":"2026-03-02T11:31:54+00:00","description":"Proscar behandlar f\u00f6rstorad prostata genom att minska den och lindra symtomen. F\u00f6rb\u00e4ttra din livskvalitet, tillg\u00e4nglig nu p\u00e5 Transtoyou.","breadcrumb":{"@id":"https:\/\/www.transtoyou.com\/sv\/product\/proscar\/#breadcrumb"},"inLanguage":"sv-SE","potentialAction":[{"@type":"ReadAction","target":["https:\/\/www.transtoyou.com\/sv\/product\/proscar\/"]}]},{"@type":"ImageObject","inLanguage":"sv-SE","@id":"https:\/\/www.transtoyou.com\/sv\/product\/proscar\/#primaryimage","url":"https:\/\/www.transtoyou.com\/sv\/wp-content\/uploads\/sites\/15\/2026\/01\/tty-no-product-image-104.webp","contentUrl":"https:\/\/www.transtoyou.com\/sv\/wp-content\/uploads\/sites\/15\/2026\/01\/tty-no-product-image-104.webp","width":1000,"height":1000,"caption":"Standard produktbild"},{"@type":"WebSite","@id":"https:\/\/www.transtoyou.com\/sv\/#website","url":"https:\/\/www.transtoyou.com\/sv\/","name":"Transtoyou - SV","description":"","publisher":{"@id":"https:\/\/www.transtoyou.com\/sv\/#organization"},"potentialAction":[{"@type":"SearchAction","target":{"@type":"EntryPoint","urlTemplate":"https:\/\/www.transtoyou.com\/sv\/?s={search_term_string}"},"query-input":{"@type":"PropertyValueSpecification","valueRequired":true,"valueName":"search_term_string"}}],"inLanguage":"sv-SE"},{"@type":"Organization","@id":"https:\/\/www.transtoyou.com\/sv\/#organization","name":"Transtoyou - SV","url":"https:\/\/www.transtoyou.com\/sv\/","logo":{"@type":"ImageObject","inLanguage":"sv-SE","@id":"https:\/\/www.transtoyou.com\/sv\/#\/schema\/logo\/image\/","url":"https:\/\/www.transtoyou.com\/sv\/wp-content\/uploads\/sites\/15\/2026\/01\/logo-tty-menu-bar-300x87-1.webp","contentUrl":"https:\/\/www.transtoyou.com\/sv\/wp-content\/uploads\/sites\/15\/2026\/01\/logo-tty-menu-bar-300x87-1.webp","width":300,"height":87,"caption":"Transtoyou - SV"},"image":{"@id":"https:\/\/www.transtoyou.com\/sv\/#\/schema\/logo\/image\/"}}]}},"_links":{"self":[{"href":"https:\/\/www.transtoyou.com\/sv\/wp-json\/wp\/v2\/product\/784","targetHints":{"allow":["GET"]}}],"collection":[{"href":"https:\/\/www.transtoyou.com\/sv\/wp-json\/wp\/v2\/product"}],"about":[{"href":"https:\/\/www.transtoyou.com\/sv\/wp-json\/wp\/v2\/types\/product"}],"replies":[{"embeddable":true,"href":"https:\/\/www.transtoyou.com\/sv\/wp-json\/wp\/v2\/comments?post=784"}],"wp:featuredmedia":[{"embeddable":true,"href":"https:\/\/www.transtoyou.com\/sv\/wp-json\/wp\/v2\/media\/786"}],"wp:attachment":[{"href":"https:\/\/www.transtoyou.com\/sv\/wp-json\/wp\/v2\/media?parent=784"}],"wp:term":[{"taxonomy":"product_brand","embeddable":true,"href":"https:\/\/www.transtoyou.com\/sv\/wp-json\/wp\/v2\/product_brand?post=784"},{"taxonomy":"product_cat","embeddable":true,"href":"https:\/\/www.transtoyou.com\/sv\/wp-json\/wp\/v2\/product_cat?post=784"},{"taxonomy":"product_tag","embeddable":true,"href":"https:\/\/www.transtoyou.com\/sv\/wp-json\/wp\/v2\/product_tag?post=784"},{"taxonomy":"expert","embeddable":true,"href":"https:\/\/www.transtoyou.com\/sv\/wp-json\/wp\/v2\/expert?post=784"}],"curies":[{"name":"wp","href":"https:\/\/api.w.org\/{rel}","templated":true}]}}