{"id":787,"date":"2026-01-24T18:15:20","date_gmt":"2026-01-24T18:15:20","guid":{"rendered":"https:\/\/www.transtoyou.com\/sv\/product\/efracea-oracea\/"},"modified":"2026-01-24T18:16:19","modified_gmt":"2026-01-24T18:16:19","slug":"efracea-oracea","status":"publish","type":"product","link":"https:\/\/www.transtoyou.com\/sv\/product\/efracea-oracea\/","title":{"rendered":"Efracea (Oracea)"},"content":{"rendered":"<p>Efracea, \u00e4ven k\u00e4nd under sitt internationella namn Oracea, \u00e4r en oral behandling som tas en g\u00e5ng om dagen f\u00f6r att hantera de inflammatoriska lesionerna och skov som \u00e4r f\u00f6rknippade med rosacea. Den inneh\u00e5ller doxycyklin i en l\u00e5g, kontrollerad fris\u00e4ttning. Till skillnad fr\u00e5n antibiotika som anv\u00e4nds f\u00f6r att bek\u00e4mpa infektioner, klassificeras Efracea som en icke-antimikrobiell antiinflammatorisk behandling, vilket inneb\u00e4r att den riktar sig mot hudinflammation utan att fr\u00e4mja bakterieresistens.<\/p>\n<p>Rosacea \u00e4r ett kroniskt hudtillst\u00e5nd som orsakar rodnad, synliga blodk\u00e4rl och ibland akneliknande kn\u00f6lar, s\u00e4rskilt i den centrala delen av ansiktet. Efracea hj\u00e4lper till att minska dessa kn\u00f6lar och pustler genom att d\u00e4mpa den inflammatoriska responsen i huden. Med tiden kan konsekvent anv\u00e4ndning leda till klarare hud, f\u00e4rre skov och en minskning av obehag.<\/p>\n<p>Denna l\u00e5gdosformulering \u00e4r speciellt utformad f\u00f6r l\u00e5ngvarig anv\u00e4ndning och fungerar inte som ett typiskt antibiotikum. Den verkar gradvis, med synlig f\u00f6rb\u00e4ttring som ofta upptr\u00e4der inom fyra till sex veckor. Eftersom den inte \u00e4r beroende av sin antibakteriella effekt, \u00e4r Efracea mindre ben\u00e4gen att st\u00f6ra kroppens naturliga flora och \u00e4r inte avsedd att behandla bakteriella infektioner.<\/p>\n<p>Efracea tolereras generellt v\u00e4l, men vissa anv\u00e4ndare kan uppleva gastrointestinala besv\u00e4r, solk\u00e4nslighet eller muntorrhet. Den b\u00f6r inte tas med mj\u00f6lk eller antacida, eftersom dessa kan p\u00e5verka absorptionen. Denna medicin \u00e4r inte l\u00e4mplig under graviditet eller amning.<\/p>\n","protected":false},"excerpt":{"rendered":"<ul>\n<li>En g\u00e5ng daglig oral behandling<\/li>\n<li>Reducerar rosacea-inflammation<\/li>\n<li>Icke-antibiotisk effekt vid l\u00e5g dos<\/li>\n<\/ul>\n","protected":false},"featured_media":789,"comment_status":"open","ping_status":"closed","template":"","meta":[],"product_brand":[],"product_cat":[140],"product_tag":[],"expert":[18],"class_list":{"0":"post-787","1":"product","2":"type-product","3":"status-publish","4":"has-post-thumbnail","6":"product_cat-rosacea","7":"expert-dr-g-varbanov","9":"first","10":"instock","11":"shipping-taxable","12":"product-type-variable"},"yoast_head":"<!-- This site is optimized with the Yoast SEO plugin v27.0 - https:\/\/yoast.com\/product\/yoast-seo-wordpress\/ -->\n<title>Efracea (Oracea) | Klarare Hud, Anti-Inflammatorisk - Transtoyou<\/title>\n<meta name=\"description\" content=\"Uppt\u00e4ck Efracea, en oral behandling f\u00f6r rosacea-utbrott. Njut av klarare hud med dess antiinflammatoriska f\u00f6rdelar. Finns nu p\u00e5 Transtoyou.\" \/>\n<meta name=\"robots\" content=\"noindex, follow, max-snippet:-1, max-image-preview:large, max-video-preview:-1\" \/>\n<meta property=\"og:locale\" content=\"sv_SE\" \/>\n<meta property=\"og:type\" content=\"article\" \/>\n<meta property=\"og:title\" content=\"Efracea (Oracea) | Klarare Hud, Anti-Inflammatorisk - Transtoyou\" \/>\n<meta property=\"og:description\" content=\"Uppt\u00e4ck Efracea, en oral behandling f\u00f6r rosacea-utbrott. Njut av klarare hud med dess antiinflammatoriska f\u00f6rdelar. Finns nu p\u00e5 Transtoyou.\" \/>\n<meta property=\"og:url\" content=\"https:\/\/www.transtoyou.com\/sv\/product\/efracea-oracea\/\" \/>\n<meta property=\"og:site_name\" content=\"Transtoyou - SV\" \/>\n<meta property=\"article:modified_time\" content=\"2026-01-24T18:16:19+00:00\" \/>\n<meta name=\"twitter:card\" content=\"summary_large_image\" \/>\n<meta name=\"twitter:label1\" content=\"Ber\u00e4knad l\u00e4stid\" \/>\n\t<meta name=\"twitter:data1\" content=\"1 minut\" \/>\n<script type=\"application\/ld+json\" class=\"yoast-schema-graph\">{\"@context\":\"https:\/\/schema.org\",\"@graph\":[{\"@type\":\"WebPage\",\"@id\":\"https:\/\/www.transtoyou.com\/sv\/product\/efracea-oracea\/\",\"url\":\"https:\/\/www.transtoyou.com\/sv\/product\/efracea-oracea\/\",\"name\":\"Efracea (Oracea) | Klarare Hud, Anti-Inflammatorisk - Transtoyou\",\"isPartOf\":{\"@id\":\"https:\/\/www.transtoyou.com\/sv\/#website\"},\"primaryImageOfPage\":{\"@id\":\"https:\/\/www.transtoyou.com\/sv\/product\/efracea-oracea\/#primaryimage\"},\"image\":{\"@id\":\"https:\/\/www.transtoyou.com\/sv\/product\/efracea-oracea\/#primaryimage\"},\"thumbnailUrl\":\"https:\/\/www.transtoyou.com\/sv\/wp-content\/uploads\/sites\/15\/2026\/01\/tty-no-product-image-105.webp\",\"datePublished\":\"2026-01-24T18:15:20+00:00\",\"dateModified\":\"2026-01-24T18:16:19+00:00\",\"description\":\"Uppt\u00e4ck Efracea, en oral behandling f\u00f6r rosacea-utbrott. Njut av klarare hud med dess antiinflammatoriska f\u00f6rdelar. Finns nu p\u00e5 Transtoyou.\",\"breadcrumb\":{\"@id\":\"https:\/\/www.transtoyou.com\/sv\/product\/efracea-oracea\/#breadcrumb\"},\"inLanguage\":\"sv-SE\",\"potentialAction\":[{\"@type\":\"ReadAction\",\"target\":[\"https:\/\/www.transtoyou.com\/sv\/product\/efracea-oracea\/\"]}]},{\"@type\":\"ImageObject\",\"inLanguage\":\"sv-SE\",\"@id\":\"https:\/\/www.transtoyou.com\/sv\/product\/efracea-oracea\/#primaryimage\",\"url\":\"https:\/\/www.transtoyou.com\/sv\/wp-content\/uploads\/sites\/15\/2026\/01\/tty-no-product-image-105.webp\",\"contentUrl\":\"https:\/\/www.transtoyou.com\/sv\/wp-content\/uploads\/sites\/15\/2026\/01\/tty-no-product-image-105.webp\",\"width\":1000,\"height\":1000,\"caption\":\"Standard produktbild\"},{\"@type\":\"WebSite\",\"@id\":\"https:\/\/www.transtoyou.com\/sv\/#website\",\"url\":\"https:\/\/www.transtoyou.com\/sv\/\",\"name\":\"Transtoyou - SV\",\"description\":\"\",\"publisher\":{\"@id\":\"https:\/\/www.transtoyou.com\/sv\/#organization\"},\"potentialAction\":[{\"@type\":\"SearchAction\",\"target\":{\"@type\":\"EntryPoint\",\"urlTemplate\":\"https:\/\/www.transtoyou.com\/sv\/?s={search_term_string}\"},\"query-input\":{\"@type\":\"PropertyValueSpecification\",\"valueRequired\":true,\"valueName\":\"search_term_string\"}}],\"inLanguage\":\"sv-SE\"},{\"@type\":\"Organization\",\"@id\":\"https:\/\/www.transtoyou.com\/sv\/#organization\",\"name\":\"Transtoyou - SV\",\"url\":\"https:\/\/www.transtoyou.com\/sv\/\",\"logo\":{\"@type\":\"ImageObject\",\"inLanguage\":\"sv-SE\",\"@id\":\"https:\/\/www.transtoyou.com\/sv\/#\/schema\/logo\/image\/\",\"url\":\"https:\/\/www.transtoyou.com\/sv\/wp-content\/uploads\/sites\/15\/2026\/01\/logo-tty-menu-bar-300x87-1.webp\",\"contentUrl\":\"https:\/\/www.transtoyou.com\/sv\/wp-content\/uploads\/sites\/15\/2026\/01\/logo-tty-menu-bar-300x87-1.webp\",\"width\":300,\"height\":87,\"caption\":\"Transtoyou - SV\"},\"image\":{\"@id\":\"https:\/\/www.transtoyou.com\/sv\/#\/schema\/logo\/image\/\"}}]}<\/script>\n<!-- \/ Yoast SEO plugin. -->","yoast_head_json":{"title":"Efracea (Oracea) | Klarare Hud, Anti-Inflammatorisk - Transtoyou","description":"Uppt\u00e4ck Efracea, en oral behandling f\u00f6r rosacea-utbrott. Njut av klarare hud med dess antiinflammatoriska f\u00f6rdelar. Finns nu p\u00e5 Transtoyou.","robots":{"index":"noindex","follow":"follow","max-snippet":"max-snippet:-1","max-image-preview":"max-image-preview:large","max-video-preview":"max-video-preview:-1"},"og_locale":"sv_SE","og_type":"article","og_title":"Efracea (Oracea) | Klarare Hud, Anti-Inflammatorisk - Transtoyou","og_description":"Uppt\u00e4ck Efracea, en oral behandling f\u00f6r rosacea-utbrott. Njut av klarare hud med dess antiinflammatoriska f\u00f6rdelar. Finns nu p\u00e5 Transtoyou.","og_url":"https:\/\/www.transtoyou.com\/sv\/product\/efracea-oracea\/","og_site_name":"Transtoyou - SV","article_modified_time":"2026-01-24T18:16:19+00:00","twitter_card":"summary_large_image","twitter_misc":{"Ber\u00e4knad l\u00e4stid":"1 minut"},"schema":{"@context":"https:\/\/schema.org","@graph":[{"@type":"WebPage","@id":"https:\/\/www.transtoyou.com\/sv\/product\/efracea-oracea\/","url":"https:\/\/www.transtoyou.com\/sv\/product\/efracea-oracea\/","name":"Efracea (Oracea) | Klarare Hud, Anti-Inflammatorisk - Transtoyou","isPartOf":{"@id":"https:\/\/www.transtoyou.com\/sv\/#website"},"primaryImageOfPage":{"@id":"https:\/\/www.transtoyou.com\/sv\/product\/efracea-oracea\/#primaryimage"},"image":{"@id":"https:\/\/www.transtoyou.com\/sv\/product\/efracea-oracea\/#primaryimage"},"thumbnailUrl":"https:\/\/www.transtoyou.com\/sv\/wp-content\/uploads\/sites\/15\/2026\/01\/tty-no-product-image-105.webp","datePublished":"2026-01-24T18:15:20+00:00","dateModified":"2026-01-24T18:16:19+00:00","description":"Uppt\u00e4ck Efracea, en oral behandling f\u00f6r rosacea-utbrott. Njut av klarare hud med dess antiinflammatoriska f\u00f6rdelar. Finns nu p\u00e5 Transtoyou.","breadcrumb":{"@id":"https:\/\/www.transtoyou.com\/sv\/product\/efracea-oracea\/#breadcrumb"},"inLanguage":"sv-SE","potentialAction":[{"@type":"ReadAction","target":["https:\/\/www.transtoyou.com\/sv\/product\/efracea-oracea\/"]}]},{"@type":"ImageObject","inLanguage":"sv-SE","@id":"https:\/\/www.transtoyou.com\/sv\/product\/efracea-oracea\/#primaryimage","url":"https:\/\/www.transtoyou.com\/sv\/wp-content\/uploads\/sites\/15\/2026\/01\/tty-no-product-image-105.webp","contentUrl":"https:\/\/www.transtoyou.com\/sv\/wp-content\/uploads\/sites\/15\/2026\/01\/tty-no-product-image-105.webp","width":1000,"height":1000,"caption":"Standard produktbild"},{"@type":"WebSite","@id":"https:\/\/www.transtoyou.com\/sv\/#website","url":"https:\/\/www.transtoyou.com\/sv\/","name":"Transtoyou - SV","description":"","publisher":{"@id":"https:\/\/www.transtoyou.com\/sv\/#organization"},"potentialAction":[{"@type":"SearchAction","target":{"@type":"EntryPoint","urlTemplate":"https:\/\/www.transtoyou.com\/sv\/?s={search_term_string}"},"query-input":{"@type":"PropertyValueSpecification","valueRequired":true,"valueName":"search_term_string"}}],"inLanguage":"sv-SE"},{"@type":"Organization","@id":"https:\/\/www.transtoyou.com\/sv\/#organization","name":"Transtoyou - SV","url":"https:\/\/www.transtoyou.com\/sv\/","logo":{"@type":"ImageObject","inLanguage":"sv-SE","@id":"https:\/\/www.transtoyou.com\/sv\/#\/schema\/logo\/image\/","url":"https:\/\/www.transtoyou.com\/sv\/wp-content\/uploads\/sites\/15\/2026\/01\/logo-tty-menu-bar-300x87-1.webp","contentUrl":"https:\/\/www.transtoyou.com\/sv\/wp-content\/uploads\/sites\/15\/2026\/01\/logo-tty-menu-bar-300x87-1.webp","width":300,"height":87,"caption":"Transtoyou - SV"},"image":{"@id":"https:\/\/www.transtoyou.com\/sv\/#\/schema\/logo\/image\/"}}]}},"_links":{"self":[{"href":"https:\/\/www.transtoyou.com\/sv\/wp-json\/wp\/v2\/product\/787","targetHints":{"allow":["GET"]}}],"collection":[{"href":"https:\/\/www.transtoyou.com\/sv\/wp-json\/wp\/v2\/product"}],"about":[{"href":"https:\/\/www.transtoyou.com\/sv\/wp-json\/wp\/v2\/types\/product"}],"replies":[{"embeddable":true,"href":"https:\/\/www.transtoyou.com\/sv\/wp-json\/wp\/v2\/comments?post=787"}],"wp:featuredmedia":[{"embeddable":true,"href":"https:\/\/www.transtoyou.com\/sv\/wp-json\/wp\/v2\/media\/789"}],"wp:attachment":[{"href":"https:\/\/www.transtoyou.com\/sv\/wp-json\/wp\/v2\/media?parent=787"}],"wp:term":[{"taxonomy":"product_brand","embeddable":true,"href":"https:\/\/www.transtoyou.com\/sv\/wp-json\/wp\/v2\/product_brand?post=787"},{"taxonomy":"product_cat","embeddable":true,"href":"https:\/\/www.transtoyou.com\/sv\/wp-json\/wp\/v2\/product_cat?post=787"},{"taxonomy":"product_tag","embeddable":true,"href":"https:\/\/www.transtoyou.com\/sv\/wp-json\/wp\/v2\/product_tag?post=787"},{"taxonomy":"expert","embeddable":true,"href":"https:\/\/www.transtoyou.com\/sv\/wp-json\/wp\/v2\/expert?post=787"}],"curies":[{"name":"wp","href":"https:\/\/api.w.org\/{rel}","templated":true}]}}