{"id":796,"date":"2026-01-24T19:05:08","date_gmt":"2026-01-24T19:05:08","guid":{"rendered":"https:\/\/www.transtoyou.com\/sv\/product\/circadin\/"},"modified":"2026-01-24T19:06:06","modified_gmt":"2026-01-24T19:06:06","slug":"circadin","status":"publish","type":"product","link":"https:\/\/www.transtoyou.com\/sv\/product\/circadin\/","title":{"rendered":"Circadin"},"content":{"rendered":"<p>Circadin \u00e4r en receptbelagd medicin som inneh\u00e5ller 2 mg melatonin med f\u00f6rl\u00e4ngd fris\u00e4ttning, speciellt utvecklad f\u00f6r att st\u00f6dja den naturliga s\u00f6mn-vakencykeln. Den ordineras fr\u00e4mst f\u00f6r vuxna som \u00e4r 55 \u00e5r och \u00e4ldre och som upplever d\u00e5lig s\u00f6mnkvalitet p\u00e5 grund av s\u00f6mnl\u00f6shet eller \u00e5ldersrelaterade f\u00f6r\u00e4ndringar i melatoninproduktionen. Till skillnad fr\u00e5n vanliga melatonintillskott \u00e4r Circadin utformat f\u00f6r att efterlikna kroppens naturliga nattliga fris\u00e4ttning av melatonin, vilket hj\u00e4lper till att fr\u00e4mja l\u00e4ngre och mer vilsam s\u00f6mn.<\/p>\n<p>Melatonin \u00e4r ett hormon som kroppen naturligt producerar som svar p\u00e5 m\u00f6rker. Circadin kompletterar detta hormon i en kontrollerad fris\u00e4ttningsform, vilket hj\u00e4lper m\u00e4nniskor att somna snabbare, sova djupare och minska nattliga uppvaknanden. Det erbjuder ett milt alternativ till traditionella s\u00f6mntabletter utan att orsaka beroende eller betydande d\u00e5sighet under dagen.<\/p>\n<p>Circadin tas oralt, en till tv\u00e5 timmar f\u00f6re s\u00e4ngg\u00e5endet, och \u00e4r mest effektivt n\u00e4r det kombineras med goda s\u00f6mnhygienpraxis, som att undvika sk\u00e4rmar f\u00f6re s\u00e4ngg\u00e5endet och uppr\u00e4tth\u00e5lla en regelbunden s\u00f6mnrytm. Det b\u00f6rjar verka inom de f\u00f6rsta dagarna, med fulla f\u00f6rdelar som ofta ses efter en till tv\u00e5 veckors konsekvent anv\u00e4ndning.<\/p>\n<p>Det tolereras generellt v\u00e4l, \u00e4ven om vissa individer kan uppleva milda biverkningar som huvudv\u00e4rk, illam\u00e5ende eller d\u00e5sighet. Det b\u00f6r inte anv\u00e4ndas tillsammans med alkohol eller starka lugnande medel, eftersom dessa kan p\u00e5verka dess effektivitet.<\/p>\n","protected":false},"excerpt":{"rendered":"<ul>\n<li>Receptbelagd s\u00f6mnst\u00f6d<\/li>\n<li>F\u00f6rl\u00e4ngd fris\u00e4ttning av melatonin<\/li>\n<li>F\u00f6rb\u00e4ttrar s\u00f6mnkvaliteten<\/li>\n<\/ul>\n","protected":false},"featured_media":798,"comment_status":"open","ping_status":"closed","template":"","meta":[],"product_brand":[],"product_cat":[144],"product_tag":[],"expert":[16],"class_list":{"0":"post-796","1":"product","2":"type-product","3":"status-publish","4":"has-post-thumbnail","6":"product_cat-somnstorningar","7":"expert-dr-c-alexandru","9":"first","10":"instock","11":"shipping-taxable","12":"product-type-variable"},"yoast_head":"<!-- This site is optimized with the Yoast SEO plugin v27.0 - https:\/\/yoast.com\/product\/yoast-seo-wordpress\/ -->\n<title>Circadin | S\u00f6mnst\u00f6d H\u00e4lsa - Transtoyou<\/title>\n<meta name=\"description\" content=\"Circadin finns h\u00e4r, st\u00f6djer naturlig och vilsam s\u00f6mn. Handla nu f\u00f6r en kliniskt granskad l\u00f6sning f\u00f6r att f\u00f6rb\u00e4ttra s\u00f6mnkvaliteten enkelt.\" \/>\n<meta name=\"robots\" content=\"noindex, follow, max-snippet:-1, max-image-preview:large, max-video-preview:-1\" \/>\n<meta property=\"og:locale\" content=\"sv_SE\" \/>\n<meta property=\"og:type\" content=\"article\" \/>\n<meta property=\"og:title\" content=\"Circadin | S\u00f6mnst\u00f6d H\u00e4lsa - Transtoyou\" \/>\n<meta property=\"og:description\" content=\"Circadin finns h\u00e4r, st\u00f6djer naturlig och vilsam s\u00f6mn. Handla nu f\u00f6r en kliniskt granskad l\u00f6sning f\u00f6r att f\u00f6rb\u00e4ttra s\u00f6mnkvaliteten enkelt.\" \/>\n<meta property=\"og:url\" content=\"https:\/\/www.transtoyou.com\/sv\/product\/circadin\/\" \/>\n<meta property=\"og:site_name\" content=\"Transtoyou - SV\" \/>\n<meta property=\"article:modified_time\" content=\"2026-01-24T19:06:06+00:00\" \/>\n<meta name=\"twitter:card\" content=\"summary_large_image\" \/>\n<meta name=\"twitter:label1\" content=\"Ber\u00e4knad l\u00e4stid\" \/>\n\t<meta name=\"twitter:data1\" content=\"1 minut\" \/>\n<script type=\"application\/ld+json\" class=\"yoast-schema-graph\">{\"@context\":\"https:\/\/schema.org\",\"@graph\":[{\"@type\":\"WebPage\",\"@id\":\"https:\/\/www.transtoyou.com\/sv\/product\/circadin\/\",\"url\":\"https:\/\/www.transtoyou.com\/sv\/product\/circadin\/\",\"name\":\"Circadin | S\u00f6mnst\u00f6d H\u00e4lsa - Transtoyou\",\"isPartOf\":{\"@id\":\"https:\/\/www.transtoyou.com\/sv\/#website\"},\"primaryImageOfPage\":{\"@id\":\"https:\/\/www.transtoyou.com\/sv\/product\/circadin\/#primaryimage\"},\"image\":{\"@id\":\"https:\/\/www.transtoyou.com\/sv\/product\/circadin\/#primaryimage\"},\"thumbnailUrl\":\"https:\/\/www.transtoyou.com\/sv\/wp-content\/uploads\/sites\/15\/2026\/01\/tty-no-product-image-108.webp\",\"datePublished\":\"2026-01-24T19:05:08+00:00\",\"dateModified\":\"2026-01-24T19:06:06+00:00\",\"description\":\"Circadin finns h\u00e4r, st\u00f6djer naturlig och vilsam s\u00f6mn. Handla nu f\u00f6r en kliniskt granskad l\u00f6sning f\u00f6r att f\u00f6rb\u00e4ttra s\u00f6mnkvaliteten enkelt.\",\"breadcrumb\":{\"@id\":\"https:\/\/www.transtoyou.com\/sv\/product\/circadin\/#breadcrumb\"},\"inLanguage\":\"sv-SE\",\"potentialAction\":[{\"@type\":\"ReadAction\",\"target\":[\"https:\/\/www.transtoyou.com\/sv\/product\/circadin\/\"]}]},{\"@type\":\"ImageObject\",\"inLanguage\":\"sv-SE\",\"@id\":\"https:\/\/www.transtoyou.com\/sv\/product\/circadin\/#primaryimage\",\"url\":\"https:\/\/www.transtoyou.com\/sv\/wp-content\/uploads\/sites\/15\/2026\/01\/tty-no-product-image-108.webp\",\"contentUrl\":\"https:\/\/www.transtoyou.com\/sv\/wp-content\/uploads\/sites\/15\/2026\/01\/tty-no-product-image-108.webp\",\"width\":1000,\"height\":1000,\"caption\":\"Standard produktbild\"},{\"@type\":\"WebSite\",\"@id\":\"https:\/\/www.transtoyou.com\/sv\/#website\",\"url\":\"https:\/\/www.transtoyou.com\/sv\/\",\"name\":\"Transtoyou - SV\",\"description\":\"\",\"publisher\":{\"@id\":\"https:\/\/www.transtoyou.com\/sv\/#organization\"},\"potentialAction\":[{\"@type\":\"SearchAction\",\"target\":{\"@type\":\"EntryPoint\",\"urlTemplate\":\"https:\/\/www.transtoyou.com\/sv\/?s={search_term_string}\"},\"query-input\":{\"@type\":\"PropertyValueSpecification\",\"valueRequired\":true,\"valueName\":\"search_term_string\"}}],\"inLanguage\":\"sv-SE\"},{\"@type\":\"Organization\",\"@id\":\"https:\/\/www.transtoyou.com\/sv\/#organization\",\"name\":\"Transtoyou - SV\",\"url\":\"https:\/\/www.transtoyou.com\/sv\/\",\"logo\":{\"@type\":\"ImageObject\",\"inLanguage\":\"sv-SE\",\"@id\":\"https:\/\/www.transtoyou.com\/sv\/#\/schema\/logo\/image\/\",\"url\":\"https:\/\/www.transtoyou.com\/sv\/wp-content\/uploads\/sites\/15\/2026\/01\/logo-tty-menu-bar-300x87-1.webp\",\"contentUrl\":\"https:\/\/www.transtoyou.com\/sv\/wp-content\/uploads\/sites\/15\/2026\/01\/logo-tty-menu-bar-300x87-1.webp\",\"width\":300,\"height\":87,\"caption\":\"Transtoyou - SV\"},\"image\":{\"@id\":\"https:\/\/www.transtoyou.com\/sv\/#\/schema\/logo\/image\/\"}}]}<\/script>\n<!-- \/ Yoast SEO plugin. -->","yoast_head_json":{"title":"Circadin | S\u00f6mnst\u00f6d H\u00e4lsa - Transtoyou","description":"Circadin finns h\u00e4r, st\u00f6djer naturlig och vilsam s\u00f6mn. Handla nu f\u00f6r en kliniskt granskad l\u00f6sning f\u00f6r att f\u00f6rb\u00e4ttra s\u00f6mnkvaliteten enkelt.","robots":{"index":"noindex","follow":"follow","max-snippet":"max-snippet:-1","max-image-preview":"max-image-preview:large","max-video-preview":"max-video-preview:-1"},"og_locale":"sv_SE","og_type":"article","og_title":"Circadin | S\u00f6mnst\u00f6d H\u00e4lsa - Transtoyou","og_description":"Circadin finns h\u00e4r, st\u00f6djer naturlig och vilsam s\u00f6mn. Handla nu f\u00f6r en kliniskt granskad l\u00f6sning f\u00f6r att f\u00f6rb\u00e4ttra s\u00f6mnkvaliteten enkelt.","og_url":"https:\/\/www.transtoyou.com\/sv\/product\/circadin\/","og_site_name":"Transtoyou - SV","article_modified_time":"2026-01-24T19:06:06+00:00","twitter_card":"summary_large_image","twitter_misc":{"Ber\u00e4knad l\u00e4stid":"1 minut"},"schema":{"@context":"https:\/\/schema.org","@graph":[{"@type":"WebPage","@id":"https:\/\/www.transtoyou.com\/sv\/product\/circadin\/","url":"https:\/\/www.transtoyou.com\/sv\/product\/circadin\/","name":"Circadin | S\u00f6mnst\u00f6d H\u00e4lsa - Transtoyou","isPartOf":{"@id":"https:\/\/www.transtoyou.com\/sv\/#website"},"primaryImageOfPage":{"@id":"https:\/\/www.transtoyou.com\/sv\/product\/circadin\/#primaryimage"},"image":{"@id":"https:\/\/www.transtoyou.com\/sv\/product\/circadin\/#primaryimage"},"thumbnailUrl":"https:\/\/www.transtoyou.com\/sv\/wp-content\/uploads\/sites\/15\/2026\/01\/tty-no-product-image-108.webp","datePublished":"2026-01-24T19:05:08+00:00","dateModified":"2026-01-24T19:06:06+00:00","description":"Circadin finns h\u00e4r, st\u00f6djer naturlig och vilsam s\u00f6mn. Handla nu f\u00f6r en kliniskt granskad l\u00f6sning f\u00f6r att f\u00f6rb\u00e4ttra s\u00f6mnkvaliteten enkelt.","breadcrumb":{"@id":"https:\/\/www.transtoyou.com\/sv\/product\/circadin\/#breadcrumb"},"inLanguage":"sv-SE","potentialAction":[{"@type":"ReadAction","target":["https:\/\/www.transtoyou.com\/sv\/product\/circadin\/"]}]},{"@type":"ImageObject","inLanguage":"sv-SE","@id":"https:\/\/www.transtoyou.com\/sv\/product\/circadin\/#primaryimage","url":"https:\/\/www.transtoyou.com\/sv\/wp-content\/uploads\/sites\/15\/2026\/01\/tty-no-product-image-108.webp","contentUrl":"https:\/\/www.transtoyou.com\/sv\/wp-content\/uploads\/sites\/15\/2026\/01\/tty-no-product-image-108.webp","width":1000,"height":1000,"caption":"Standard produktbild"},{"@type":"WebSite","@id":"https:\/\/www.transtoyou.com\/sv\/#website","url":"https:\/\/www.transtoyou.com\/sv\/","name":"Transtoyou - SV","description":"","publisher":{"@id":"https:\/\/www.transtoyou.com\/sv\/#organization"},"potentialAction":[{"@type":"SearchAction","target":{"@type":"EntryPoint","urlTemplate":"https:\/\/www.transtoyou.com\/sv\/?s={search_term_string}"},"query-input":{"@type":"PropertyValueSpecification","valueRequired":true,"valueName":"search_term_string"}}],"inLanguage":"sv-SE"},{"@type":"Organization","@id":"https:\/\/www.transtoyou.com\/sv\/#organization","name":"Transtoyou - SV","url":"https:\/\/www.transtoyou.com\/sv\/","logo":{"@type":"ImageObject","inLanguage":"sv-SE","@id":"https:\/\/www.transtoyou.com\/sv\/#\/schema\/logo\/image\/","url":"https:\/\/www.transtoyou.com\/sv\/wp-content\/uploads\/sites\/15\/2026\/01\/logo-tty-menu-bar-300x87-1.webp","contentUrl":"https:\/\/www.transtoyou.com\/sv\/wp-content\/uploads\/sites\/15\/2026\/01\/logo-tty-menu-bar-300x87-1.webp","width":300,"height":87,"caption":"Transtoyou - SV"},"image":{"@id":"https:\/\/www.transtoyou.com\/sv\/#\/schema\/logo\/image\/"}}]}},"_links":{"self":[{"href":"https:\/\/www.transtoyou.com\/sv\/wp-json\/wp\/v2\/product\/796","targetHints":{"allow":["GET"]}}],"collection":[{"href":"https:\/\/www.transtoyou.com\/sv\/wp-json\/wp\/v2\/product"}],"about":[{"href":"https:\/\/www.transtoyou.com\/sv\/wp-json\/wp\/v2\/types\/product"}],"replies":[{"embeddable":true,"href":"https:\/\/www.transtoyou.com\/sv\/wp-json\/wp\/v2\/comments?post=796"}],"wp:featuredmedia":[{"embeddable":true,"href":"https:\/\/www.transtoyou.com\/sv\/wp-json\/wp\/v2\/media\/798"}],"wp:attachment":[{"href":"https:\/\/www.transtoyou.com\/sv\/wp-json\/wp\/v2\/media?parent=796"}],"wp:term":[{"taxonomy":"product_brand","embeddable":true,"href":"https:\/\/www.transtoyou.com\/sv\/wp-json\/wp\/v2\/product_brand?post=796"},{"taxonomy":"product_cat","embeddable":true,"href":"https:\/\/www.transtoyou.com\/sv\/wp-json\/wp\/v2\/product_cat?post=796"},{"taxonomy":"product_tag","embeddable":true,"href":"https:\/\/www.transtoyou.com\/sv\/wp-json\/wp\/v2\/product_tag?post=796"},{"taxonomy":"expert","embeddable":true,"href":"https:\/\/www.transtoyou.com\/sv\/wp-json\/wp\/v2\/expert?post=796"}],"curies":[{"name":"wp","href":"https:\/\/api.w.org\/{rel}","templated":true}]}}