{"id":799,"date":"2026-01-24T19:22:38","date_gmt":"2026-01-24T19:22:38","guid":{"rendered":"https:\/\/www.transtoyou.com\/sv\/product\/melatonin\/"},"modified":"2026-01-24T19:23:40","modified_gmt":"2026-01-24T19:23:40","slug":"melatonin","status":"publish","type":"product","link":"https:\/\/www.transtoyou.com\/sv\/product\/melatonin\/","title":{"rendered":"Melatonin"},"content":{"rendered":"<p>Melatonin \u00e4r ett naturligt f\u00f6rekommande hormon som spelar en nyckelroll i regleringen av s\u00f6mn-vakna cykeln. Det finns som ett receptfritt kosttillskott i m\u00e5nga l\u00e4nder och anv\u00e4nds i stor utstr\u00e4ckning f\u00f6r att f\u00f6rb\u00e4ttra s\u00f6mnkvaliteten, lindra jetlag och hj\u00e4lpa m\u00e4nniskor att somna l\u00e4ttare. Melatonintillskott \u00e4r s\u00e4rskilt popul\u00e4ra bland individer med oregelbundna s\u00f6mnvanor, som skiftarbetare eller frekventa resen\u00e4rer, samt de som upplever tillf\u00e4llig s\u00f6mnl\u00f6shet.<\/p>\n<p>Melatonin fungerar genom att signalera till kroppen att det \u00e4r dags att sova, vilket efterliknar \u00f6kningen av naturliga melatoninniv\u00e5er som sker p\u00e5 kv\u00e4llen. Tillskott av melatonin kan hj\u00e4lpa till att synkronisera kroppens interna klocka, s\u00e4rskilt n\u00e4r dygnsrytmerna \u00e4r st\u00f6rda. Till skillnad fr\u00e5n traditionella s\u00f6mntabletter fungerar melatonin inte som ett lugnande medel utan st\u00f6der den naturliga ins\u00e4ttningen av s\u00f6mn.<\/p>\n<p>Melatonin tas vanligtvis 30 minuter till en timme f\u00f6re s\u00e4ngg\u00e5endet. Det tolereras v\u00e4l och leder inte till beroende eller morgontr\u00f6tthet n\u00e4r det anv\u00e4nds p\u00e5 r\u00e4tt s\u00e4tt. Dosen varierar beroende p\u00e5 det specifika behovet, d\u00e4r l\u00e4gre doser ofta \u00e4r lika effektiva som h\u00f6gre. \u00c4ven om det vanligtvis anv\u00e4nds f\u00f6r kortvarigt s\u00f6mnst\u00f6d, anv\u00e4nder vissa individer det regelbundet som en del av sin s\u00f6mnhygienrutin.<\/p>\n<p>Biverkningar \u00e4r s\u00e4llsynta men kan inkludera d\u00e5sighet, yrsel eller milda matsm\u00e4ltningsbesv\u00e4r. Eftersom melatonin kan p\u00e5verka hormon niv\u00e5er, kanske det inte \u00e4r l\u00e4mpligt f\u00f6r alla, s\u00e4rskilt under graviditet eller amning.<\/p>\n","protected":false},"excerpt":{"rendered":"<ul>\n<li>St\u00f6der den naturliga s\u00f6mnrytmen<\/li>\n<li>Ej vanebildande kosttillskott<\/li>\n<li>Perfekt f\u00f6r resor och jetlag<\/li>\n<\/ul>\n","protected":false},"featured_media":801,"comment_status":"open","ping_status":"closed","template":"","meta":[],"product_brand":[],"product_cat":[144],"product_tag":[],"expert":[16],"class_list":{"0":"post-799","1":"product","2":"type-product","3":"status-publish","4":"has-post-thumbnail","6":"product_cat-somnstorningar","7":"expert-dr-c-alexandru","9":"first","10":"instock","11":"shipping-taxable","12":"product-type-variable"},"yoast_head":"<!-- This site is optimized with the Yoast SEO plugin v27.0 - https:\/\/yoast.com\/product\/yoast-seo-wordpress\/ -->\n<title>Melatonin | F\u00f6rb\u00e4ttra s\u00f6mnkvaliteten naturligt - Transtoyou<\/title>\n<meta name=\"description\" content=\"Melatonintillskott f\u00f6r b\u00e4ttre s\u00f6mn, lindring av jetlag och f\u00f6rb\u00e4ttrad dygnsrytm, finns h\u00e4r p\u00e5 Transtoyou. Handla nu f\u00f6r lugna n\u00e4tter.\" \/>\n<meta name=\"robots\" content=\"noindex, follow, max-snippet:-1, max-image-preview:large, max-video-preview:-1\" \/>\n<meta property=\"og:locale\" content=\"sv_SE\" \/>\n<meta property=\"og:type\" content=\"article\" \/>\n<meta property=\"og:title\" content=\"Melatonin | F\u00f6rb\u00e4ttra s\u00f6mnkvaliteten naturligt - Transtoyou\" \/>\n<meta property=\"og:description\" content=\"Melatonintillskott f\u00f6r b\u00e4ttre s\u00f6mn, lindring av jetlag och f\u00f6rb\u00e4ttrad dygnsrytm, finns h\u00e4r p\u00e5 Transtoyou. Handla nu f\u00f6r lugna n\u00e4tter.\" \/>\n<meta property=\"og:url\" content=\"https:\/\/www.transtoyou.com\/sv\/product\/melatonin\/\" \/>\n<meta property=\"og:site_name\" content=\"Transtoyou - SV\" \/>\n<meta property=\"article:modified_time\" content=\"2026-01-24T19:23:40+00:00\" \/>\n<meta name=\"twitter:card\" content=\"summary_large_image\" \/>\n<meta name=\"twitter:label1\" content=\"Ber\u00e4knad l\u00e4stid\" \/>\n\t<meta name=\"twitter:data1\" content=\"1 minut\" \/>\n<script type=\"application\/ld+json\" class=\"yoast-schema-graph\">{\"@context\":\"https:\/\/schema.org\",\"@graph\":[{\"@type\":\"WebPage\",\"@id\":\"https:\/\/www.transtoyou.com\/sv\/product\/melatonin\/\",\"url\":\"https:\/\/www.transtoyou.com\/sv\/product\/melatonin\/\",\"name\":\"Melatonin | F\u00f6rb\u00e4ttra s\u00f6mnkvaliteten naturligt - Transtoyou\",\"isPartOf\":{\"@id\":\"https:\/\/www.transtoyou.com\/sv\/#website\"},\"primaryImageOfPage\":{\"@id\":\"https:\/\/www.transtoyou.com\/sv\/product\/melatonin\/#primaryimage\"},\"image\":{\"@id\":\"https:\/\/www.transtoyou.com\/sv\/product\/melatonin\/#primaryimage\"},\"thumbnailUrl\":\"https:\/\/www.transtoyou.com\/sv\/wp-content\/uploads\/sites\/15\/2026\/01\/tty-no-product-image-109.webp\",\"datePublished\":\"2026-01-24T19:22:38+00:00\",\"dateModified\":\"2026-01-24T19:23:40+00:00\",\"description\":\"Melatonintillskott f\u00f6r b\u00e4ttre s\u00f6mn, lindring av jetlag och f\u00f6rb\u00e4ttrad dygnsrytm, finns h\u00e4r p\u00e5 Transtoyou. Handla nu f\u00f6r lugna n\u00e4tter.\",\"breadcrumb\":{\"@id\":\"https:\/\/www.transtoyou.com\/sv\/product\/melatonin\/#breadcrumb\"},\"inLanguage\":\"sv-SE\",\"potentialAction\":[{\"@type\":\"ReadAction\",\"target\":[\"https:\/\/www.transtoyou.com\/sv\/product\/melatonin\/\"]}]},{\"@type\":\"ImageObject\",\"inLanguage\":\"sv-SE\",\"@id\":\"https:\/\/www.transtoyou.com\/sv\/product\/melatonin\/#primaryimage\",\"url\":\"https:\/\/www.transtoyou.com\/sv\/wp-content\/uploads\/sites\/15\/2026\/01\/tty-no-product-image-109.webp\",\"contentUrl\":\"https:\/\/www.transtoyou.com\/sv\/wp-content\/uploads\/sites\/15\/2026\/01\/tty-no-product-image-109.webp\",\"width\":1000,\"height\":1000,\"caption\":\"Standardproduktbild\"},{\"@type\":\"WebSite\",\"@id\":\"https:\/\/www.transtoyou.com\/sv\/#website\",\"url\":\"https:\/\/www.transtoyou.com\/sv\/\",\"name\":\"Transtoyou - SV\",\"description\":\"\",\"publisher\":{\"@id\":\"https:\/\/www.transtoyou.com\/sv\/#organization\"},\"potentialAction\":[{\"@type\":\"SearchAction\",\"target\":{\"@type\":\"EntryPoint\",\"urlTemplate\":\"https:\/\/www.transtoyou.com\/sv\/?s={search_term_string}\"},\"query-input\":{\"@type\":\"PropertyValueSpecification\",\"valueRequired\":true,\"valueName\":\"search_term_string\"}}],\"inLanguage\":\"sv-SE\"},{\"@type\":\"Organization\",\"@id\":\"https:\/\/www.transtoyou.com\/sv\/#organization\",\"name\":\"Transtoyou - SV\",\"url\":\"https:\/\/www.transtoyou.com\/sv\/\",\"logo\":{\"@type\":\"ImageObject\",\"inLanguage\":\"sv-SE\",\"@id\":\"https:\/\/www.transtoyou.com\/sv\/#\/schema\/logo\/image\/\",\"url\":\"https:\/\/www.transtoyou.com\/sv\/wp-content\/uploads\/sites\/15\/2026\/01\/logo-tty-menu-bar-300x87-1.webp\",\"contentUrl\":\"https:\/\/www.transtoyou.com\/sv\/wp-content\/uploads\/sites\/15\/2026\/01\/logo-tty-menu-bar-300x87-1.webp\",\"width\":300,\"height\":87,\"caption\":\"Transtoyou - SV\"},\"image\":{\"@id\":\"https:\/\/www.transtoyou.com\/sv\/#\/schema\/logo\/image\/\"}}]}<\/script>\n<!-- \/ Yoast SEO plugin. -->","yoast_head_json":{"title":"Melatonin | F\u00f6rb\u00e4ttra s\u00f6mnkvaliteten naturligt - Transtoyou","description":"Melatonintillskott f\u00f6r b\u00e4ttre s\u00f6mn, lindring av jetlag och f\u00f6rb\u00e4ttrad dygnsrytm, finns h\u00e4r p\u00e5 Transtoyou. Handla nu f\u00f6r lugna n\u00e4tter.","robots":{"index":"noindex","follow":"follow","max-snippet":"max-snippet:-1","max-image-preview":"max-image-preview:large","max-video-preview":"max-video-preview:-1"},"og_locale":"sv_SE","og_type":"article","og_title":"Melatonin | F\u00f6rb\u00e4ttra s\u00f6mnkvaliteten naturligt - Transtoyou","og_description":"Melatonintillskott f\u00f6r b\u00e4ttre s\u00f6mn, lindring av jetlag och f\u00f6rb\u00e4ttrad dygnsrytm, finns h\u00e4r p\u00e5 Transtoyou. Handla nu f\u00f6r lugna n\u00e4tter.","og_url":"https:\/\/www.transtoyou.com\/sv\/product\/melatonin\/","og_site_name":"Transtoyou - SV","article_modified_time":"2026-01-24T19:23:40+00:00","twitter_card":"summary_large_image","twitter_misc":{"Ber\u00e4knad l\u00e4stid":"1 minut"},"schema":{"@context":"https:\/\/schema.org","@graph":[{"@type":"WebPage","@id":"https:\/\/www.transtoyou.com\/sv\/product\/melatonin\/","url":"https:\/\/www.transtoyou.com\/sv\/product\/melatonin\/","name":"Melatonin | F\u00f6rb\u00e4ttra s\u00f6mnkvaliteten naturligt - Transtoyou","isPartOf":{"@id":"https:\/\/www.transtoyou.com\/sv\/#website"},"primaryImageOfPage":{"@id":"https:\/\/www.transtoyou.com\/sv\/product\/melatonin\/#primaryimage"},"image":{"@id":"https:\/\/www.transtoyou.com\/sv\/product\/melatonin\/#primaryimage"},"thumbnailUrl":"https:\/\/www.transtoyou.com\/sv\/wp-content\/uploads\/sites\/15\/2026\/01\/tty-no-product-image-109.webp","datePublished":"2026-01-24T19:22:38+00:00","dateModified":"2026-01-24T19:23:40+00:00","description":"Melatonintillskott f\u00f6r b\u00e4ttre s\u00f6mn, lindring av jetlag och f\u00f6rb\u00e4ttrad dygnsrytm, finns h\u00e4r p\u00e5 Transtoyou. Handla nu f\u00f6r lugna n\u00e4tter.","breadcrumb":{"@id":"https:\/\/www.transtoyou.com\/sv\/product\/melatonin\/#breadcrumb"},"inLanguage":"sv-SE","potentialAction":[{"@type":"ReadAction","target":["https:\/\/www.transtoyou.com\/sv\/product\/melatonin\/"]}]},{"@type":"ImageObject","inLanguage":"sv-SE","@id":"https:\/\/www.transtoyou.com\/sv\/product\/melatonin\/#primaryimage","url":"https:\/\/www.transtoyou.com\/sv\/wp-content\/uploads\/sites\/15\/2026\/01\/tty-no-product-image-109.webp","contentUrl":"https:\/\/www.transtoyou.com\/sv\/wp-content\/uploads\/sites\/15\/2026\/01\/tty-no-product-image-109.webp","width":1000,"height":1000,"caption":"Standardproduktbild"},{"@type":"WebSite","@id":"https:\/\/www.transtoyou.com\/sv\/#website","url":"https:\/\/www.transtoyou.com\/sv\/","name":"Transtoyou - SV","description":"","publisher":{"@id":"https:\/\/www.transtoyou.com\/sv\/#organization"},"potentialAction":[{"@type":"SearchAction","target":{"@type":"EntryPoint","urlTemplate":"https:\/\/www.transtoyou.com\/sv\/?s={search_term_string}"},"query-input":{"@type":"PropertyValueSpecification","valueRequired":true,"valueName":"search_term_string"}}],"inLanguage":"sv-SE"},{"@type":"Organization","@id":"https:\/\/www.transtoyou.com\/sv\/#organization","name":"Transtoyou - SV","url":"https:\/\/www.transtoyou.com\/sv\/","logo":{"@type":"ImageObject","inLanguage":"sv-SE","@id":"https:\/\/www.transtoyou.com\/sv\/#\/schema\/logo\/image\/","url":"https:\/\/www.transtoyou.com\/sv\/wp-content\/uploads\/sites\/15\/2026\/01\/logo-tty-menu-bar-300x87-1.webp","contentUrl":"https:\/\/www.transtoyou.com\/sv\/wp-content\/uploads\/sites\/15\/2026\/01\/logo-tty-menu-bar-300x87-1.webp","width":300,"height":87,"caption":"Transtoyou - SV"},"image":{"@id":"https:\/\/www.transtoyou.com\/sv\/#\/schema\/logo\/image\/"}}]}},"_links":{"self":[{"href":"https:\/\/www.transtoyou.com\/sv\/wp-json\/wp\/v2\/product\/799","targetHints":{"allow":["GET"]}}],"collection":[{"href":"https:\/\/www.transtoyou.com\/sv\/wp-json\/wp\/v2\/product"}],"about":[{"href":"https:\/\/www.transtoyou.com\/sv\/wp-json\/wp\/v2\/types\/product"}],"replies":[{"embeddable":true,"href":"https:\/\/www.transtoyou.com\/sv\/wp-json\/wp\/v2\/comments?post=799"}],"wp:featuredmedia":[{"embeddable":true,"href":"https:\/\/www.transtoyou.com\/sv\/wp-json\/wp\/v2\/media\/801"}],"wp:attachment":[{"href":"https:\/\/www.transtoyou.com\/sv\/wp-json\/wp\/v2\/media?parent=799"}],"wp:term":[{"taxonomy":"product_brand","embeddable":true,"href":"https:\/\/www.transtoyou.com\/sv\/wp-json\/wp\/v2\/product_brand?post=799"},{"taxonomy":"product_cat","embeddable":true,"href":"https:\/\/www.transtoyou.com\/sv\/wp-json\/wp\/v2\/product_cat?post=799"},{"taxonomy":"product_tag","embeddable":true,"href":"https:\/\/www.transtoyou.com\/sv\/wp-json\/wp\/v2\/product_tag?post=799"},{"taxonomy":"expert","embeddable":true,"href":"https:\/\/www.transtoyou.com\/sv\/wp-json\/wp\/v2\/expert?post=799"}],"curies":[{"name":"wp","href":"https:\/\/api.w.org\/{rel}","templated":true}]}}