{"id":802,"date":"2026-01-24T19:39:03","date_gmt":"2026-01-24T19:39:03","guid":{"rendered":"https:\/\/www.transtoyou.com\/sv\/product\/zopiclone\/"},"modified":"2026-03-08T11:47:21","modified_gmt":"2026-03-08T11:47:21","slug":"zopiclon","status":"publish","type":"product","link":"https:\/\/www.transtoyou.com\/sv\/product\/zopiclon\/","title":{"rendered":"Zopiclon"},"content":{"rendered":"<p>Zopiclon \u00e4r en receptbelagd medicin som anv\u00e4nds f\u00f6r korttidsbehandling av s\u00f6mnl\u00f6shet. Det tillh\u00f6r en klass av l\u00e4kemedel som kallas icke-benzodiazepin hypnotika, som hj\u00e4lper till att initiera och uppr\u00e4tth\u00e5lla s\u00f6mn. Zopiclon ordineras ofta till personer som har sv\u00e5rt att somna, vaknar ofta under natten eller vaknar f\u00f6r tidigt p\u00e5 morgonen.<\/p>\n<p>Medicinens verkan bygger p\u00e5 att den \u00f6kar aktiviteten av gamma-aminosm\u00f6rsyra (GABA), en lugnande neurotransmittor i hj\u00e4rnan. Detta leder till en lugnande effekt som fr\u00e4mjar avslappning och s\u00f6mn. Zopiclon \u00e4r k\u00e4nt f\u00f6r sin snabba effekt, som vanligtvis intr\u00e4der inom 30 minuter. Det ordineras vanligtvis f\u00f6r korttidsanv\u00e4ndning p\u00e5 grund av risken f\u00f6r tolerans och beroende vid l\u00e5ngvarig anv\u00e4ndning.<\/p>\n<p>Zopiclon tas strax f\u00f6re s\u00e4ngg\u00e5endet, vilket s\u00e4kerst\u00e4ller att anv\u00e4ndaren kan sova i minst sju till \u00e5tta timmar. Det \u00e4r viktigt att inte delta i aktiviteter som kr\u00e4ver full uppm\u00e4rksamhet, som att k\u00f6ra bil, efter att ha tagit medicinen. Biverkningar kan inkludera metallsmak, torr mun, yrsel eller d\u00e5sighet dagen efter, s\u00e4rskilt om det tas f\u00f6r sent eller utan tillr\u00e4cklig s\u00f6mntid.<\/p>\n<p>Denna medicin \u00e4r inte l\u00e4mplig f\u00f6r alla och b\u00f6r inte anv\u00e4ndas under graviditet, amning eller hos personer med en historia av missbruk. Alkohol b\u00f6r undvikas, eftersom det kan \u00f6ka de lugnande effekterna och risken f\u00f6r ovanliga beteenden under s\u00f6mn.<\/p>\n","protected":false},"excerpt":{"rendered":"<ul>\n<li>Kortsiktig s\u00f6mnbehandling<\/li>\n<li>Snabbverkande lugnande tablett<\/li>\n<li>F\u00f6rb\u00e4ttrar insomning och s\u00f6mntid<\/li>\n<\/ul>\n","protected":false},"featured_media":804,"comment_status":"open","ping_status":"closed","template":"","meta":[],"product_brand":[],"product_cat":[144],"product_tag":[],"expert":[16],"class_list":{"0":"post-802","1":"product","2":"type-product","3":"status-publish","4":"has-post-thumbnail","6":"product_cat-somnstorningar","7":"expert-dr-c-alexandru","9":"first","10":"instock","11":"shipping-taxable","12":"product-type-variable"},"yoast_head":"<!-- This site is optimized with the Yoast SEO plugin v27.0 - https:\/\/yoast.com\/product\/yoast-seo-wordpress\/ -->\n<title>Zopiclon | S\u00f6mnmedel f\u00f6r behandling av s\u00f6mnl\u00f6shet - Transtoyou<\/title>\n<meta name=\"description\" content=\"Zopiclon, tillg\u00e4nglig h\u00e4r f\u00f6r lindring av s\u00f6mnl\u00f6shet. Hj\u00e4lper dig att somna och sova b\u00e4ttre. Recept kr\u00e4vs. Transtoyou ger s\u00e4ker tillg\u00e5ng.\" \/>\n<meta name=\"robots\" content=\"noindex, follow, max-snippet:-1, max-image-preview:large, max-video-preview:-1\" \/>\n<meta property=\"og:locale\" content=\"sv_SE\" \/>\n<meta property=\"og:type\" content=\"article\" \/>\n<meta property=\"og:title\" content=\"Zopiclon | S\u00f6mnmedel f\u00f6r behandling av s\u00f6mnl\u00f6shet - Transtoyou\" \/>\n<meta property=\"og:description\" content=\"Zopiclon, tillg\u00e4nglig h\u00e4r f\u00f6r lindring av s\u00f6mnl\u00f6shet. Hj\u00e4lper dig att somna och sova b\u00e4ttre. Recept kr\u00e4vs. Transtoyou ger s\u00e4ker tillg\u00e5ng.\" \/>\n<meta property=\"og:url\" content=\"https:\/\/www.transtoyou.com\/sv\/product\/zopiclone\/\" \/>\n<meta property=\"og:site_name\" content=\"Transtoyou - SV\" \/>\n<meta property=\"article:modified_time\" content=\"2026-03-08T11:47:21+00:00\" \/>\n<meta name=\"twitter:card\" content=\"summary_large_image\" \/>\n<meta name=\"twitter:label1\" content=\"Ber\u00e4knad l\u00e4stid\" \/>\n\t<meta name=\"twitter:data1\" content=\"1 minut\" \/>\n<script type=\"application\/ld+json\" class=\"yoast-schema-graph\">{\"@context\":\"https:\/\/schema.org\",\"@graph\":[{\"@type\":\"WebPage\",\"@id\":\"https:\/\/www.transtoyou.com\/sv\/product\/zopiclone\/\",\"url\":\"https:\/\/www.transtoyou.com\/sv\/product\/zopiclone\/\",\"name\":\"Zopiclon | S\u00f6mnmedel f\u00f6r behandling av s\u00f6mnl\u00f6shet - Transtoyou\",\"isPartOf\":{\"@id\":\"https:\/\/www.transtoyou.com\/sv\/#website\"},\"primaryImageOfPage\":{\"@id\":\"https:\/\/www.transtoyou.com\/sv\/product\/zopiclone\/#primaryimage\"},\"image\":{\"@id\":\"https:\/\/www.transtoyou.com\/sv\/product\/zopiclone\/#primaryimage\"},\"thumbnailUrl\":\"https:\/\/www.transtoyou.com\/sv\/wp-content\/uploads\/sites\/15\/2026\/01\/tty-no-product-image-110.webp\",\"datePublished\":\"2026-01-24T19:39:03+00:00\",\"dateModified\":\"2026-03-08T11:47:21+00:00\",\"description\":\"Zopiclon, tillg\u00e4nglig h\u00e4r f\u00f6r lindring av s\u00f6mnl\u00f6shet. Hj\u00e4lper dig att somna och sova b\u00e4ttre. Recept kr\u00e4vs. Transtoyou ger s\u00e4ker tillg\u00e5ng.\",\"breadcrumb\":{\"@id\":\"https:\/\/www.transtoyou.com\/sv\/product\/zopiclone\/#breadcrumb\"},\"inLanguage\":\"sv-SE\",\"potentialAction\":[{\"@type\":\"ReadAction\",\"target\":[\"https:\/\/www.transtoyou.com\/sv\/product\/zopiclone\/\"]}]},{\"@type\":\"ImageObject\",\"inLanguage\":\"sv-SE\",\"@id\":\"https:\/\/www.transtoyou.com\/sv\/product\/zopiclone\/#primaryimage\",\"url\":\"https:\/\/www.transtoyou.com\/sv\/wp-content\/uploads\/sites\/15\/2026\/01\/tty-no-product-image-110.webp\",\"contentUrl\":\"https:\/\/www.transtoyou.com\/sv\/wp-content\/uploads\/sites\/15\/2026\/01\/tty-no-product-image-110.webp\",\"width\":1000,\"height\":1000,\"caption\":\"Standard produktbild\"},{\"@type\":\"WebSite\",\"@id\":\"https:\/\/www.transtoyou.com\/sv\/#website\",\"url\":\"https:\/\/www.transtoyou.com\/sv\/\",\"name\":\"Transtoyou - SV\",\"description\":\"\",\"publisher\":{\"@id\":\"https:\/\/www.transtoyou.com\/sv\/#organization\"},\"potentialAction\":[{\"@type\":\"SearchAction\",\"target\":{\"@type\":\"EntryPoint\",\"urlTemplate\":\"https:\/\/www.transtoyou.com\/sv\/?s={search_term_string}\"},\"query-input\":{\"@type\":\"PropertyValueSpecification\",\"valueRequired\":true,\"valueName\":\"search_term_string\"}}],\"inLanguage\":\"sv-SE\"},{\"@type\":\"Organization\",\"@id\":\"https:\/\/www.transtoyou.com\/sv\/#organization\",\"name\":\"Transtoyou - SV\",\"url\":\"https:\/\/www.transtoyou.com\/sv\/\",\"logo\":{\"@type\":\"ImageObject\",\"inLanguage\":\"sv-SE\",\"@id\":\"https:\/\/www.transtoyou.com\/sv\/#\/schema\/logo\/image\/\",\"url\":\"https:\/\/www.transtoyou.com\/sv\/wp-content\/uploads\/sites\/15\/2026\/01\/logo-tty-menu-bar-300x87-1.webp\",\"contentUrl\":\"https:\/\/www.transtoyou.com\/sv\/wp-content\/uploads\/sites\/15\/2026\/01\/logo-tty-menu-bar-300x87-1.webp\",\"width\":300,\"height\":87,\"caption\":\"Transtoyou - SV\"},\"image\":{\"@id\":\"https:\/\/www.transtoyou.com\/sv\/#\/schema\/logo\/image\/\"}}]}<\/script>\n<!-- \/ Yoast SEO plugin. -->","yoast_head_json":{"title":"Zopiclon | S\u00f6mnmedel f\u00f6r behandling av s\u00f6mnl\u00f6shet - Transtoyou","description":"Zopiclon, tillg\u00e4nglig h\u00e4r f\u00f6r lindring av s\u00f6mnl\u00f6shet. Hj\u00e4lper dig att somna och sova b\u00e4ttre. Recept kr\u00e4vs. Transtoyou ger s\u00e4ker tillg\u00e5ng.","robots":{"index":"noindex","follow":"follow","max-snippet":"max-snippet:-1","max-image-preview":"max-image-preview:large","max-video-preview":"max-video-preview:-1"},"og_locale":"sv_SE","og_type":"article","og_title":"Zopiclon | S\u00f6mnmedel f\u00f6r behandling av s\u00f6mnl\u00f6shet - Transtoyou","og_description":"Zopiclon, tillg\u00e4nglig h\u00e4r f\u00f6r lindring av s\u00f6mnl\u00f6shet. Hj\u00e4lper dig att somna och sova b\u00e4ttre. Recept kr\u00e4vs. Transtoyou ger s\u00e4ker tillg\u00e5ng.","og_url":"https:\/\/www.transtoyou.com\/sv\/product\/zopiclone\/","og_site_name":"Transtoyou - SV","article_modified_time":"2026-03-08T11:47:21+00:00","twitter_card":"summary_large_image","twitter_misc":{"Ber\u00e4knad l\u00e4stid":"1 minut"},"schema":{"@context":"https:\/\/schema.org","@graph":[{"@type":"WebPage","@id":"https:\/\/www.transtoyou.com\/sv\/product\/zopiclone\/","url":"https:\/\/www.transtoyou.com\/sv\/product\/zopiclone\/","name":"Zopiclon | S\u00f6mnmedel f\u00f6r behandling av s\u00f6mnl\u00f6shet - Transtoyou","isPartOf":{"@id":"https:\/\/www.transtoyou.com\/sv\/#website"},"primaryImageOfPage":{"@id":"https:\/\/www.transtoyou.com\/sv\/product\/zopiclone\/#primaryimage"},"image":{"@id":"https:\/\/www.transtoyou.com\/sv\/product\/zopiclone\/#primaryimage"},"thumbnailUrl":"https:\/\/www.transtoyou.com\/sv\/wp-content\/uploads\/sites\/15\/2026\/01\/tty-no-product-image-110.webp","datePublished":"2026-01-24T19:39:03+00:00","dateModified":"2026-03-08T11:47:21+00:00","description":"Zopiclon, tillg\u00e4nglig h\u00e4r f\u00f6r lindring av s\u00f6mnl\u00f6shet. Hj\u00e4lper dig att somna och sova b\u00e4ttre. Recept kr\u00e4vs. Transtoyou ger s\u00e4ker tillg\u00e5ng.","breadcrumb":{"@id":"https:\/\/www.transtoyou.com\/sv\/product\/zopiclone\/#breadcrumb"},"inLanguage":"sv-SE","potentialAction":[{"@type":"ReadAction","target":["https:\/\/www.transtoyou.com\/sv\/product\/zopiclone\/"]}]},{"@type":"ImageObject","inLanguage":"sv-SE","@id":"https:\/\/www.transtoyou.com\/sv\/product\/zopiclone\/#primaryimage","url":"https:\/\/www.transtoyou.com\/sv\/wp-content\/uploads\/sites\/15\/2026\/01\/tty-no-product-image-110.webp","contentUrl":"https:\/\/www.transtoyou.com\/sv\/wp-content\/uploads\/sites\/15\/2026\/01\/tty-no-product-image-110.webp","width":1000,"height":1000,"caption":"Standard produktbild"},{"@type":"WebSite","@id":"https:\/\/www.transtoyou.com\/sv\/#website","url":"https:\/\/www.transtoyou.com\/sv\/","name":"Transtoyou - SV","description":"","publisher":{"@id":"https:\/\/www.transtoyou.com\/sv\/#organization"},"potentialAction":[{"@type":"SearchAction","target":{"@type":"EntryPoint","urlTemplate":"https:\/\/www.transtoyou.com\/sv\/?s={search_term_string}"},"query-input":{"@type":"PropertyValueSpecification","valueRequired":true,"valueName":"search_term_string"}}],"inLanguage":"sv-SE"},{"@type":"Organization","@id":"https:\/\/www.transtoyou.com\/sv\/#organization","name":"Transtoyou - SV","url":"https:\/\/www.transtoyou.com\/sv\/","logo":{"@type":"ImageObject","inLanguage":"sv-SE","@id":"https:\/\/www.transtoyou.com\/sv\/#\/schema\/logo\/image\/","url":"https:\/\/www.transtoyou.com\/sv\/wp-content\/uploads\/sites\/15\/2026\/01\/logo-tty-menu-bar-300x87-1.webp","contentUrl":"https:\/\/www.transtoyou.com\/sv\/wp-content\/uploads\/sites\/15\/2026\/01\/logo-tty-menu-bar-300x87-1.webp","width":300,"height":87,"caption":"Transtoyou - SV"},"image":{"@id":"https:\/\/www.transtoyou.com\/sv\/#\/schema\/logo\/image\/"}}]}},"_links":{"self":[{"href":"https:\/\/www.transtoyou.com\/sv\/wp-json\/wp\/v2\/product\/802","targetHints":{"allow":["GET"]}}],"collection":[{"href":"https:\/\/www.transtoyou.com\/sv\/wp-json\/wp\/v2\/product"}],"about":[{"href":"https:\/\/www.transtoyou.com\/sv\/wp-json\/wp\/v2\/types\/product"}],"replies":[{"embeddable":true,"href":"https:\/\/www.transtoyou.com\/sv\/wp-json\/wp\/v2\/comments?post=802"}],"wp:featuredmedia":[{"embeddable":true,"href":"https:\/\/www.transtoyou.com\/sv\/wp-json\/wp\/v2\/media\/804"}],"wp:attachment":[{"href":"https:\/\/www.transtoyou.com\/sv\/wp-json\/wp\/v2\/media?parent=802"}],"wp:term":[{"taxonomy":"product_brand","embeddable":true,"href":"https:\/\/www.transtoyou.com\/sv\/wp-json\/wp\/v2\/product_brand?post=802"},{"taxonomy":"product_cat","embeddable":true,"href":"https:\/\/www.transtoyou.com\/sv\/wp-json\/wp\/v2\/product_cat?post=802"},{"taxonomy":"product_tag","embeddable":true,"href":"https:\/\/www.transtoyou.com\/sv\/wp-json\/wp\/v2\/product_tag?post=802"},{"taxonomy":"expert","embeddable":true,"href":"https:\/\/www.transtoyou.com\/sv\/wp-json\/wp\/v2\/expert?post=802"}],"curies":[{"name":"wp","href":"https:\/\/api.w.org\/{rel}","templated":true}]}}