{"id":805,"date":"2026-01-24T19:56:26","date_gmt":"2026-01-24T19:56:26","guid":{"rendered":"https:\/\/www.transtoyou.com\/sv\/product\/zolpidem\/"},"modified":"2026-03-08T11:30:18","modified_gmt":"2026-03-08T11:30:18","slug":"zolpidem","status":"publish","type":"product","link":"https:\/\/www.transtoyou.com\/sv\/product\/zolpidem\/","title":{"rendered":"Zolpidem"},"content":{"rendered":"<p>Zolpidem \u00e4r en receptbelagd medicin som anv\u00e4nds f\u00f6r att behandla kortvarig s\u00f6mnl\u00f6shet. Den tillh\u00f6r en klass av mediciner som kallas icke-benzodiazepin hypnotika och \u00e4r utformad f\u00f6r att hj\u00e4lpa m\u00e4nniskor att somna snabbt. Zolpidem ordineras vanligtvis n\u00e4r sv\u00e5righeter att somna st\u00f6r det dagliga livet, \u00e4ven om den inte \u00e4r avsedd f\u00f6r l\u00e5ngvarig anv\u00e4ndning.<\/p>\n<p>Medikamentet verkar genom att p\u00e5verka receptorer i hj\u00e4rnan som reglerar s\u00f6mn, vilket hj\u00e4lper till att initiera den naturliga s\u00f6mncykeln mer effektivt. Till skillnad fr\u00e5n \u00e4ldre s\u00f6mntabletter tenderar Zolpidem att ha f\u00e4rre biverkningar relaterade till dagtr\u00f6tthet eller groggighet n\u00e4r den anv\u00e4nds enligt anvisningarna. Den finns i b\u00e5de omedelbar fris\u00e4ttning och f\u00f6rl\u00e4ngd fris\u00e4ttning, beroende p\u00e5 om m\u00e5let \u00e4r att somna snabbare eller att sova l\u00e4ngre.<\/p>\n<p>Zolpidem tas vanligtvis strax f\u00f6re s\u00e4ngg\u00e5endet, och den b\u00f6rjar verka inom 15 till 30 minuter. Eftersom den verkar snabbt b\u00f6r anv\u00e4ndare se till att de \u00e4r redo att sova i minst sju till \u00e5tta timmar efter att ha tagit den f\u00f6r att undvika tr\u00f6tthet n\u00e4sta dag. Det \u00e4r viktigt att undvika aktiviteter som kr\u00e4ver vaksamhet, som att k\u00f6ra bil, efter att ha tagit zolpidem.<\/p>\n<p>Denna medicin b\u00f6r inte anv\u00e4ndas med alkohol eller andra lugnande medel, eftersom dessa kombinationer \u00f6kar risken f\u00f6r farliga biverkningar. Vissa personer kan uppleva ovanliga s\u00f6mnbeteenden som s\u00f6mng\u00e5ng, \u00e4tande eller k\u00f6rande utan full medvetenhet. Dessa beteenden \u00e4r s\u00e4llsynta men b\u00f6r rapporteras omedelbart om de intr\u00e4ffar.<\/p>\n<p>Zolpidem ordineras vanligtvis under korta perioder f\u00f6r att undvika beroende eller tolerans.<\/p>\n","protected":false},"excerpt":{"rendered":"<ul>\n<li>Kortsiktig behandling av s\u00f6mnl\u00f6shet<\/li>\n<li>Snabbt st\u00f6d f\u00f6r insomning<\/li>\n<li>Receptbelagd medicin f\u00f6r s\u00f6mn<\/li>\n<\/ul>\n","protected":false},"featured_media":807,"comment_status":"open","ping_status":"closed","template":"","meta":[],"product_brand":[],"product_cat":[144],"product_tag":[],"expert":[16],"class_list":{"0":"post-805","1":"product","2":"type-product","3":"status-publish","4":"has-post-thumbnail","6":"product_cat-somnstorningar","7":"expert-dr-c-alexandru","9":"first","10":"instock","11":"shipping-taxable","12":"product-type-variable"},"yoast_head":"<!-- This site is optimized with the Yoast SEO plugin v27.0 - https:\/\/yoast.com\/product\/yoast-seo-wordpress\/ -->\n<title>Zolpidem | Snabbt s\u00f6mnmedel - Transtoyou<\/title>\n<meta name=\"description\" content=\"Uppt\u00e4ck Zolpidem f\u00f6r kortvarig lindring av s\u00f6mnl\u00f6shet, tillg\u00e4nglig med l\u00e4karrecept. Snabb hj\u00e4lp f\u00f6r b\u00e4ttre s\u00f6mn, enligt kliniska riktlinjer.\" \/>\n<meta name=\"robots\" content=\"noindex, follow, max-snippet:-1, max-image-preview:large, max-video-preview:-1\" \/>\n<meta property=\"og:locale\" content=\"sv_SE\" \/>\n<meta property=\"og:type\" content=\"article\" \/>\n<meta property=\"og:title\" content=\"Zolpidem | Snabbt s\u00f6mnmedel - Transtoyou\" \/>\n<meta property=\"og:description\" content=\"Uppt\u00e4ck Zolpidem f\u00f6r kortvarig lindring av s\u00f6mnl\u00f6shet, tillg\u00e4nglig med l\u00e4karrecept. Snabb hj\u00e4lp f\u00f6r b\u00e4ttre s\u00f6mn, enligt kliniska riktlinjer.\" \/>\n<meta property=\"og:url\" content=\"https:\/\/www.transtoyou.com\/sv\/product\/zolpidem\/\" \/>\n<meta property=\"og:site_name\" content=\"Transtoyou - SV\" \/>\n<meta property=\"article:modified_time\" content=\"2026-03-08T11:30:18+00:00\" \/>\n<meta name=\"twitter:card\" content=\"summary_large_image\" \/>\n<meta name=\"twitter:label1\" content=\"Ber\u00e4knad l\u00e4stid\" \/>\n\t<meta name=\"twitter:data1\" content=\"1 minut\" \/>\n<script type=\"application\/ld+json\" class=\"yoast-schema-graph\">{\"@context\":\"https:\/\/schema.org\",\"@graph\":[{\"@type\":\"WebPage\",\"@id\":\"https:\/\/www.transtoyou.com\/sv\/product\/zolpidem\/\",\"url\":\"https:\/\/www.transtoyou.com\/sv\/product\/zolpidem\/\",\"name\":\"Zolpidem | Snabbt s\u00f6mnmedel - Transtoyou\",\"isPartOf\":{\"@id\":\"https:\/\/www.transtoyou.com\/sv\/#website\"},\"primaryImageOfPage\":{\"@id\":\"https:\/\/www.transtoyou.com\/sv\/product\/zolpidem\/#primaryimage\"},\"image\":{\"@id\":\"https:\/\/www.transtoyou.com\/sv\/product\/zolpidem\/#primaryimage\"},\"thumbnailUrl\":\"https:\/\/www.transtoyou.com\/sv\/wp-content\/uploads\/sites\/15\/2026\/01\/tty-no-product-image-111.webp\",\"datePublished\":\"2026-01-24T19:56:26+00:00\",\"dateModified\":\"2026-03-08T11:30:18+00:00\",\"description\":\"Uppt\u00e4ck Zolpidem f\u00f6r kortvarig lindring av s\u00f6mnl\u00f6shet, tillg\u00e4nglig med l\u00e4karrecept. Snabb hj\u00e4lp f\u00f6r b\u00e4ttre s\u00f6mn, enligt kliniska riktlinjer.\",\"breadcrumb\":{\"@id\":\"https:\/\/www.transtoyou.com\/sv\/product\/zolpidem\/#breadcrumb\"},\"inLanguage\":\"sv-SE\",\"potentialAction\":[{\"@type\":\"ReadAction\",\"target\":[\"https:\/\/www.transtoyou.com\/sv\/product\/zolpidem\/\"]}]},{\"@type\":\"ImageObject\",\"inLanguage\":\"sv-SE\",\"@id\":\"https:\/\/www.transtoyou.com\/sv\/product\/zolpidem\/#primaryimage\",\"url\":\"https:\/\/www.transtoyou.com\/sv\/wp-content\/uploads\/sites\/15\/2026\/01\/tty-no-product-image-111.webp\",\"contentUrl\":\"https:\/\/www.transtoyou.com\/sv\/wp-content\/uploads\/sites\/15\/2026\/01\/tty-no-product-image-111.webp\",\"width\":1000,\"height\":1000,\"caption\":\"Standard produktbild\"},{\"@type\":\"WebSite\",\"@id\":\"https:\/\/www.transtoyou.com\/sv\/#website\",\"url\":\"https:\/\/www.transtoyou.com\/sv\/\",\"name\":\"Transtoyou - SV\",\"description\":\"\",\"publisher\":{\"@id\":\"https:\/\/www.transtoyou.com\/sv\/#organization\"},\"potentialAction\":[{\"@type\":\"SearchAction\",\"target\":{\"@type\":\"EntryPoint\",\"urlTemplate\":\"https:\/\/www.transtoyou.com\/sv\/?s={search_term_string}\"},\"query-input\":{\"@type\":\"PropertyValueSpecification\",\"valueRequired\":true,\"valueName\":\"search_term_string\"}}],\"inLanguage\":\"sv-SE\"},{\"@type\":\"Organization\",\"@id\":\"https:\/\/www.transtoyou.com\/sv\/#organization\",\"name\":\"Transtoyou - SV\",\"url\":\"https:\/\/www.transtoyou.com\/sv\/\",\"logo\":{\"@type\":\"ImageObject\",\"inLanguage\":\"sv-SE\",\"@id\":\"https:\/\/www.transtoyou.com\/sv\/#\/schema\/logo\/image\/\",\"url\":\"https:\/\/www.transtoyou.com\/sv\/wp-content\/uploads\/sites\/15\/2026\/01\/logo-tty-menu-bar-300x87-1.webp\",\"contentUrl\":\"https:\/\/www.transtoyou.com\/sv\/wp-content\/uploads\/sites\/15\/2026\/01\/logo-tty-menu-bar-300x87-1.webp\",\"width\":300,\"height\":87,\"caption\":\"Transtoyou - SV\"},\"image\":{\"@id\":\"https:\/\/www.transtoyou.com\/sv\/#\/schema\/logo\/image\/\"}}]}<\/script>\n<!-- \/ Yoast SEO plugin. -->","yoast_head_json":{"title":"Zolpidem | Snabbt s\u00f6mnmedel - Transtoyou","description":"Uppt\u00e4ck Zolpidem f\u00f6r kortvarig lindring av s\u00f6mnl\u00f6shet, tillg\u00e4nglig med l\u00e4karrecept. Snabb hj\u00e4lp f\u00f6r b\u00e4ttre s\u00f6mn, enligt kliniska riktlinjer.","robots":{"index":"noindex","follow":"follow","max-snippet":"max-snippet:-1","max-image-preview":"max-image-preview:large","max-video-preview":"max-video-preview:-1"},"og_locale":"sv_SE","og_type":"article","og_title":"Zolpidem | Snabbt s\u00f6mnmedel - Transtoyou","og_description":"Uppt\u00e4ck Zolpidem f\u00f6r kortvarig lindring av s\u00f6mnl\u00f6shet, tillg\u00e4nglig med l\u00e4karrecept. Snabb hj\u00e4lp f\u00f6r b\u00e4ttre s\u00f6mn, enligt kliniska riktlinjer.","og_url":"https:\/\/www.transtoyou.com\/sv\/product\/zolpidem\/","og_site_name":"Transtoyou - SV","article_modified_time":"2026-03-08T11:30:18+00:00","twitter_card":"summary_large_image","twitter_misc":{"Ber\u00e4knad l\u00e4stid":"1 minut"},"schema":{"@context":"https:\/\/schema.org","@graph":[{"@type":"WebPage","@id":"https:\/\/www.transtoyou.com\/sv\/product\/zolpidem\/","url":"https:\/\/www.transtoyou.com\/sv\/product\/zolpidem\/","name":"Zolpidem | Snabbt s\u00f6mnmedel - Transtoyou","isPartOf":{"@id":"https:\/\/www.transtoyou.com\/sv\/#website"},"primaryImageOfPage":{"@id":"https:\/\/www.transtoyou.com\/sv\/product\/zolpidem\/#primaryimage"},"image":{"@id":"https:\/\/www.transtoyou.com\/sv\/product\/zolpidem\/#primaryimage"},"thumbnailUrl":"https:\/\/www.transtoyou.com\/sv\/wp-content\/uploads\/sites\/15\/2026\/01\/tty-no-product-image-111.webp","datePublished":"2026-01-24T19:56:26+00:00","dateModified":"2026-03-08T11:30:18+00:00","description":"Uppt\u00e4ck Zolpidem f\u00f6r kortvarig lindring av s\u00f6mnl\u00f6shet, tillg\u00e4nglig med l\u00e4karrecept. Snabb hj\u00e4lp f\u00f6r b\u00e4ttre s\u00f6mn, enligt kliniska riktlinjer.","breadcrumb":{"@id":"https:\/\/www.transtoyou.com\/sv\/product\/zolpidem\/#breadcrumb"},"inLanguage":"sv-SE","potentialAction":[{"@type":"ReadAction","target":["https:\/\/www.transtoyou.com\/sv\/product\/zolpidem\/"]}]},{"@type":"ImageObject","inLanguage":"sv-SE","@id":"https:\/\/www.transtoyou.com\/sv\/product\/zolpidem\/#primaryimage","url":"https:\/\/www.transtoyou.com\/sv\/wp-content\/uploads\/sites\/15\/2026\/01\/tty-no-product-image-111.webp","contentUrl":"https:\/\/www.transtoyou.com\/sv\/wp-content\/uploads\/sites\/15\/2026\/01\/tty-no-product-image-111.webp","width":1000,"height":1000,"caption":"Standard produktbild"},{"@type":"WebSite","@id":"https:\/\/www.transtoyou.com\/sv\/#website","url":"https:\/\/www.transtoyou.com\/sv\/","name":"Transtoyou - SV","description":"","publisher":{"@id":"https:\/\/www.transtoyou.com\/sv\/#organization"},"potentialAction":[{"@type":"SearchAction","target":{"@type":"EntryPoint","urlTemplate":"https:\/\/www.transtoyou.com\/sv\/?s={search_term_string}"},"query-input":{"@type":"PropertyValueSpecification","valueRequired":true,"valueName":"search_term_string"}}],"inLanguage":"sv-SE"},{"@type":"Organization","@id":"https:\/\/www.transtoyou.com\/sv\/#organization","name":"Transtoyou - SV","url":"https:\/\/www.transtoyou.com\/sv\/","logo":{"@type":"ImageObject","inLanguage":"sv-SE","@id":"https:\/\/www.transtoyou.com\/sv\/#\/schema\/logo\/image\/","url":"https:\/\/www.transtoyou.com\/sv\/wp-content\/uploads\/sites\/15\/2026\/01\/logo-tty-menu-bar-300x87-1.webp","contentUrl":"https:\/\/www.transtoyou.com\/sv\/wp-content\/uploads\/sites\/15\/2026\/01\/logo-tty-menu-bar-300x87-1.webp","width":300,"height":87,"caption":"Transtoyou - SV"},"image":{"@id":"https:\/\/www.transtoyou.com\/sv\/#\/schema\/logo\/image\/"}}]}},"_links":{"self":[{"href":"https:\/\/www.transtoyou.com\/sv\/wp-json\/wp\/v2\/product\/805","targetHints":{"allow":["GET"]}}],"collection":[{"href":"https:\/\/www.transtoyou.com\/sv\/wp-json\/wp\/v2\/product"}],"about":[{"href":"https:\/\/www.transtoyou.com\/sv\/wp-json\/wp\/v2\/types\/product"}],"replies":[{"embeddable":true,"href":"https:\/\/www.transtoyou.com\/sv\/wp-json\/wp\/v2\/comments?post=805"}],"wp:featuredmedia":[{"embeddable":true,"href":"https:\/\/www.transtoyou.com\/sv\/wp-json\/wp\/v2\/media\/807"}],"wp:attachment":[{"href":"https:\/\/www.transtoyou.com\/sv\/wp-json\/wp\/v2\/media?parent=805"}],"wp:term":[{"taxonomy":"product_brand","embeddable":true,"href":"https:\/\/www.transtoyou.com\/sv\/wp-json\/wp\/v2\/product_brand?post=805"},{"taxonomy":"product_cat","embeddable":true,"href":"https:\/\/www.transtoyou.com\/sv\/wp-json\/wp\/v2\/product_cat?post=805"},{"taxonomy":"product_tag","embeddable":true,"href":"https:\/\/www.transtoyou.com\/sv\/wp-json\/wp\/v2\/product_tag?post=805"},{"taxonomy":"expert","embeddable":true,"href":"https:\/\/www.transtoyou.com\/sv\/wp-json\/wp\/v2\/expert?post=805"}],"curies":[{"name":"wp","href":"https:\/\/api.w.org\/{rel}","templated":true}]}}