{"id":811,"date":"2026-01-24T20:28:55","date_gmt":"2026-01-24T20:28:55","guid":{"rendered":"https:\/\/www.transtoyou.com\/sv\/product\/invicorp\/"},"modified":"2026-01-24T20:29:51","modified_gmt":"2026-01-24T20:29:51","slug":"invicorp","status":"publish","type":"product","link":"https:\/\/www.transtoyou.com\/sv\/product\/invicorp\/","title":{"rendered":"Invicorp"},"content":{"rendered":"<p>Invicorp \u00e4r en medicin som anv\u00e4nds f\u00f6r att behandla erektil dysfunktion (ED). Den inneh\u00e5ller tv\u00e5 aktiva substanser: aviptadil och phentolamin, som arbetar tillsammans f\u00f6r att f\u00f6rb\u00e4ttra blodfl\u00f6det till penis och minska blodfl\u00f6det ut. Denna dubbla verkan m\u00f6jligg\u00f6r en fast erektion som \u00e4r l\u00e4mplig f\u00f6r sexuell aktivitet.<\/p>\n<p>Aviptadil \u00e4r en syntetisk version av vasoaktivt intestinalt peptid (VIP), som hj\u00e4lper till att slappna av i den glatta muskulaturen och minska blodfl\u00f6det ut fr\u00e5n penis. Phentolamin \u00e4r en alfa-blockerare som \u00f6kar blodfl\u00f6det till den penila v\u00e4vnaden genom att vidga blodk\u00e4rlen. Tillsammans hj\u00e4lper de till att uppn\u00e5 och bibeh\u00e5lla en erektion genom att \u00e5terst\u00e4lla den naturliga balansen av blodfl\u00f6det in och ut ur penis.<\/p>\n<p>Invicorp anv\u00e4nds hos m\u00e4n med erektil dysfunktion, s\u00e4rskilt hos dem f\u00f6r vilka andra behandlingar, s\u00e5som orala mediciner, inte \u00e4r effektiva eller inte rekommenderas. Den injiceras direkt i corpora cavernosa (den mjuka v\u00e4vnaden p\u00e5 varje sida av penis skaft). Effekterna b\u00f6rjar vanligtvis kort efter injektionen och varar vanligtvis inte mer \u00e4n en timme.<\/p>\n","protected":false},"excerpt":{"rendered":"<ul>\n<li>Snabbt och p\u00e5litligt st\u00f6d f\u00f6r erektion<\/li>\n<li>Fungerar n\u00e4r orala ED-l\u00e4kemedel misslyckas<\/li>\n<li>Injiceras direkt i penis<\/li>\n<\/ul>\n","protected":false},"featured_media":813,"comment_status":"open","ping_status":"closed","template":"","meta":[],"product_brand":[],"product_cat":[95],"product_tag":[],"expert":[17],"class_list":{"0":"post-811","1":"product","2":"type-product","3":"status-publish","4":"has-post-thumbnail","6":"product_cat-erektil-dysfunktion-behandlingar","7":"expert-dr-c-munoz-parada","9":"first","10":"instock","11":"shipping-taxable","12":"product-type-variable"},"yoast_head":"<!-- This site is optimized with the Yoast SEO plugin v27.0 - https:\/\/yoast.com\/product\/yoast-seo-wordpress\/ -->\n<title>Invicorp | F\u00f6rb\u00e4ttra Blodfl\u00f6det f\u00f6r ED L\u00e4ttnad - Transtoyou<\/title>\n<meta name=\"description\" content=\"Uppt\u00e4ck Invicorp p\u00e5 Transtoyou, som f\u00f6rb\u00e4ttrar prestation och sj\u00e4lvf\u00f6rtroende. Handla nu f\u00f6r en effektiv l\u00f6sning som st\u00f6der dina h\u00e4lsom\u00e5l.\" \/>\n<meta name=\"robots\" content=\"noindex, follow, max-snippet:-1, max-image-preview:large, max-video-preview:-1\" \/>\n<meta property=\"og:locale\" content=\"sv_SE\" \/>\n<meta property=\"og:type\" content=\"article\" \/>\n<meta property=\"og:title\" content=\"Invicorp | F\u00f6rb\u00e4ttra Blodfl\u00f6det f\u00f6r ED L\u00e4ttnad - Transtoyou\" \/>\n<meta property=\"og:description\" content=\"Uppt\u00e4ck Invicorp p\u00e5 Transtoyou, som f\u00f6rb\u00e4ttrar prestation och sj\u00e4lvf\u00f6rtroende. Handla nu f\u00f6r en effektiv l\u00f6sning som st\u00f6der dina h\u00e4lsom\u00e5l.\" \/>\n<meta property=\"og:url\" content=\"https:\/\/www.transtoyou.com\/sv\/product\/invicorp\/\" \/>\n<meta property=\"og:site_name\" content=\"Transtoyou - SV\" \/>\n<meta property=\"article:modified_time\" content=\"2026-01-24T20:29:51+00:00\" \/>\n<meta name=\"twitter:card\" content=\"summary_large_image\" \/>\n<meta name=\"twitter:label1\" content=\"Ber\u00e4knad l\u00e4stid\" \/>\n\t<meta name=\"twitter:data1\" content=\"1 minut\" \/>\n<script type=\"application\/ld+json\" class=\"yoast-schema-graph\">{\"@context\":\"https:\/\/schema.org\",\"@graph\":[{\"@type\":\"WebPage\",\"@id\":\"https:\/\/www.transtoyou.com\/sv\/product\/invicorp\/\",\"url\":\"https:\/\/www.transtoyou.com\/sv\/product\/invicorp\/\",\"name\":\"Invicorp | F\u00f6rb\u00e4ttra Blodfl\u00f6det f\u00f6r ED L\u00e4ttnad - Transtoyou\",\"isPartOf\":{\"@id\":\"https:\/\/www.transtoyou.com\/sv\/#website\"},\"primaryImageOfPage\":{\"@id\":\"https:\/\/www.transtoyou.com\/sv\/product\/invicorp\/#primaryimage\"},\"image\":{\"@id\":\"https:\/\/www.transtoyou.com\/sv\/product\/invicorp\/#primaryimage\"},\"thumbnailUrl\":\"https:\/\/www.transtoyou.com\/sv\/wp-content\/uploads\/sites\/15\/2026\/01\/tty-no-product-image-113.webp\",\"datePublished\":\"2026-01-24T20:28:55+00:00\",\"dateModified\":\"2026-01-24T20:29:51+00:00\",\"description\":\"Uppt\u00e4ck Invicorp p\u00e5 Transtoyou, som f\u00f6rb\u00e4ttrar prestation och sj\u00e4lvf\u00f6rtroende. Handla nu f\u00f6r en effektiv l\u00f6sning som st\u00f6der dina h\u00e4lsom\u00e5l.\",\"breadcrumb\":{\"@id\":\"https:\/\/www.transtoyou.com\/sv\/product\/invicorp\/#breadcrumb\"},\"inLanguage\":\"sv-SE\",\"potentialAction\":[{\"@type\":\"ReadAction\",\"target\":[\"https:\/\/www.transtoyou.com\/sv\/product\/invicorp\/\"]}]},{\"@type\":\"ImageObject\",\"inLanguage\":\"sv-SE\",\"@id\":\"https:\/\/www.transtoyou.com\/sv\/product\/invicorp\/#primaryimage\",\"url\":\"https:\/\/www.transtoyou.com\/sv\/wp-content\/uploads\/sites\/15\/2026\/01\/tty-no-product-image-113.webp\",\"contentUrl\":\"https:\/\/www.transtoyou.com\/sv\/wp-content\/uploads\/sites\/15\/2026\/01\/tty-no-product-image-113.webp\",\"width\":1000,\"height\":1000,\"caption\":\"Standard produktbild\"},{\"@type\":\"WebSite\",\"@id\":\"https:\/\/www.transtoyou.com\/sv\/#website\",\"url\":\"https:\/\/www.transtoyou.com\/sv\/\",\"name\":\"Transtoyou - SV\",\"description\":\"\",\"publisher\":{\"@id\":\"https:\/\/www.transtoyou.com\/sv\/#organization\"},\"potentialAction\":[{\"@type\":\"SearchAction\",\"target\":{\"@type\":\"EntryPoint\",\"urlTemplate\":\"https:\/\/www.transtoyou.com\/sv\/?s={search_term_string}\"},\"query-input\":{\"@type\":\"PropertyValueSpecification\",\"valueRequired\":true,\"valueName\":\"search_term_string\"}}],\"inLanguage\":\"sv-SE\"},{\"@type\":\"Organization\",\"@id\":\"https:\/\/www.transtoyou.com\/sv\/#organization\",\"name\":\"Transtoyou - SV\",\"url\":\"https:\/\/www.transtoyou.com\/sv\/\",\"logo\":{\"@type\":\"ImageObject\",\"inLanguage\":\"sv-SE\",\"@id\":\"https:\/\/www.transtoyou.com\/sv\/#\/schema\/logo\/image\/\",\"url\":\"https:\/\/www.transtoyou.com\/sv\/wp-content\/uploads\/sites\/15\/2026\/01\/logo-tty-menu-bar-300x87-1.webp\",\"contentUrl\":\"https:\/\/www.transtoyou.com\/sv\/wp-content\/uploads\/sites\/15\/2026\/01\/logo-tty-menu-bar-300x87-1.webp\",\"width\":300,\"height\":87,\"caption\":\"Transtoyou - SV\"},\"image\":{\"@id\":\"https:\/\/www.transtoyou.com\/sv\/#\/schema\/logo\/image\/\"}}]}<\/script>\n<!-- \/ Yoast SEO plugin. -->","yoast_head_json":{"title":"Invicorp | F\u00f6rb\u00e4ttra Blodfl\u00f6det f\u00f6r ED L\u00e4ttnad - Transtoyou","description":"Uppt\u00e4ck Invicorp p\u00e5 Transtoyou, som f\u00f6rb\u00e4ttrar prestation och sj\u00e4lvf\u00f6rtroende. Handla nu f\u00f6r en effektiv l\u00f6sning som st\u00f6der dina h\u00e4lsom\u00e5l.","robots":{"index":"noindex","follow":"follow","max-snippet":"max-snippet:-1","max-image-preview":"max-image-preview:large","max-video-preview":"max-video-preview:-1"},"og_locale":"sv_SE","og_type":"article","og_title":"Invicorp | F\u00f6rb\u00e4ttra Blodfl\u00f6det f\u00f6r ED L\u00e4ttnad - Transtoyou","og_description":"Uppt\u00e4ck Invicorp p\u00e5 Transtoyou, som f\u00f6rb\u00e4ttrar prestation och sj\u00e4lvf\u00f6rtroende. Handla nu f\u00f6r en effektiv l\u00f6sning som st\u00f6der dina h\u00e4lsom\u00e5l.","og_url":"https:\/\/www.transtoyou.com\/sv\/product\/invicorp\/","og_site_name":"Transtoyou - SV","article_modified_time":"2026-01-24T20:29:51+00:00","twitter_card":"summary_large_image","twitter_misc":{"Ber\u00e4knad l\u00e4stid":"1 minut"},"schema":{"@context":"https:\/\/schema.org","@graph":[{"@type":"WebPage","@id":"https:\/\/www.transtoyou.com\/sv\/product\/invicorp\/","url":"https:\/\/www.transtoyou.com\/sv\/product\/invicorp\/","name":"Invicorp | F\u00f6rb\u00e4ttra Blodfl\u00f6det f\u00f6r ED L\u00e4ttnad - Transtoyou","isPartOf":{"@id":"https:\/\/www.transtoyou.com\/sv\/#website"},"primaryImageOfPage":{"@id":"https:\/\/www.transtoyou.com\/sv\/product\/invicorp\/#primaryimage"},"image":{"@id":"https:\/\/www.transtoyou.com\/sv\/product\/invicorp\/#primaryimage"},"thumbnailUrl":"https:\/\/www.transtoyou.com\/sv\/wp-content\/uploads\/sites\/15\/2026\/01\/tty-no-product-image-113.webp","datePublished":"2026-01-24T20:28:55+00:00","dateModified":"2026-01-24T20:29:51+00:00","description":"Uppt\u00e4ck Invicorp p\u00e5 Transtoyou, som f\u00f6rb\u00e4ttrar prestation och sj\u00e4lvf\u00f6rtroende. Handla nu f\u00f6r en effektiv l\u00f6sning som st\u00f6der dina h\u00e4lsom\u00e5l.","breadcrumb":{"@id":"https:\/\/www.transtoyou.com\/sv\/product\/invicorp\/#breadcrumb"},"inLanguage":"sv-SE","potentialAction":[{"@type":"ReadAction","target":["https:\/\/www.transtoyou.com\/sv\/product\/invicorp\/"]}]},{"@type":"ImageObject","inLanguage":"sv-SE","@id":"https:\/\/www.transtoyou.com\/sv\/product\/invicorp\/#primaryimage","url":"https:\/\/www.transtoyou.com\/sv\/wp-content\/uploads\/sites\/15\/2026\/01\/tty-no-product-image-113.webp","contentUrl":"https:\/\/www.transtoyou.com\/sv\/wp-content\/uploads\/sites\/15\/2026\/01\/tty-no-product-image-113.webp","width":1000,"height":1000,"caption":"Standard produktbild"},{"@type":"WebSite","@id":"https:\/\/www.transtoyou.com\/sv\/#website","url":"https:\/\/www.transtoyou.com\/sv\/","name":"Transtoyou - SV","description":"","publisher":{"@id":"https:\/\/www.transtoyou.com\/sv\/#organization"},"potentialAction":[{"@type":"SearchAction","target":{"@type":"EntryPoint","urlTemplate":"https:\/\/www.transtoyou.com\/sv\/?s={search_term_string}"},"query-input":{"@type":"PropertyValueSpecification","valueRequired":true,"valueName":"search_term_string"}}],"inLanguage":"sv-SE"},{"@type":"Organization","@id":"https:\/\/www.transtoyou.com\/sv\/#organization","name":"Transtoyou - SV","url":"https:\/\/www.transtoyou.com\/sv\/","logo":{"@type":"ImageObject","inLanguage":"sv-SE","@id":"https:\/\/www.transtoyou.com\/sv\/#\/schema\/logo\/image\/","url":"https:\/\/www.transtoyou.com\/sv\/wp-content\/uploads\/sites\/15\/2026\/01\/logo-tty-menu-bar-300x87-1.webp","contentUrl":"https:\/\/www.transtoyou.com\/sv\/wp-content\/uploads\/sites\/15\/2026\/01\/logo-tty-menu-bar-300x87-1.webp","width":300,"height":87,"caption":"Transtoyou - SV"},"image":{"@id":"https:\/\/www.transtoyou.com\/sv\/#\/schema\/logo\/image\/"}}]}},"_links":{"self":[{"href":"https:\/\/www.transtoyou.com\/sv\/wp-json\/wp\/v2\/product\/811","targetHints":{"allow":["GET"]}}],"collection":[{"href":"https:\/\/www.transtoyou.com\/sv\/wp-json\/wp\/v2\/product"}],"about":[{"href":"https:\/\/www.transtoyou.com\/sv\/wp-json\/wp\/v2\/types\/product"}],"replies":[{"embeddable":true,"href":"https:\/\/www.transtoyou.com\/sv\/wp-json\/wp\/v2\/comments?post=811"}],"wp:featuredmedia":[{"embeddable":true,"href":"https:\/\/www.transtoyou.com\/sv\/wp-json\/wp\/v2\/media\/813"}],"wp:attachment":[{"href":"https:\/\/www.transtoyou.com\/sv\/wp-json\/wp\/v2\/media?parent=811"}],"wp:term":[{"taxonomy":"product_brand","embeddable":true,"href":"https:\/\/www.transtoyou.com\/sv\/wp-json\/wp\/v2\/product_brand?post=811"},{"taxonomy":"product_cat","embeddable":true,"href":"https:\/\/www.transtoyou.com\/sv\/wp-json\/wp\/v2\/product_cat?post=811"},{"taxonomy":"product_tag","embeddable":true,"href":"https:\/\/www.transtoyou.com\/sv\/wp-json\/wp\/v2\/product_tag?post=811"},{"taxonomy":"expert","embeddable":true,"href":"https:\/\/www.transtoyou.com\/sv\/wp-json\/wp\/v2\/expert?post=811"}],"curies":[{"name":"wp","href":"https:\/\/api.w.org\/{rel}","templated":true}]}}