{"id":814,"date":"2026-01-24T20:44:53","date_gmt":"2026-01-24T20:44:53","guid":{"rendered":"https:\/\/www.transtoyou.com\/sv\/product\/fortacin\/"},"modified":"2026-01-24T20:45:46","modified_gmt":"2026-01-24T20:45:46","slug":"fortacin","status":"publish","type":"product","link":"https:\/\/www.transtoyou.com\/sv\/product\/fortacin\/","title":{"rendered":"Fortacin"},"content":{"rendered":"<p>Fortacin \u00e4r en receptbelagd spray som utvecklats f\u00f6r att behandla f\u00f6r tidig utl\u00f6sning hos vuxna m\u00e4n. Den inneh\u00e5ller tv\u00e5 lokalanestetika, lidokain och prilokain, som arbetar tillsammans f\u00f6r att tillf\u00e4lligt minska k\u00e4nsligheten i penis. Genom att bed\u00f6va ytan hj\u00e4lper produkten till att f\u00f6rdr\u00f6ja utl\u00f6sningen och f\u00f6rb\u00e4ttra kontrollen under sexuell aktivitet.<\/p>\n<p>Denna spray appliceras direkt p\u00e5 toppen av penis f\u00f6re samlag. Den absorberas snabbt och b\u00f6rjar verka inom n\u00e5gra minuter, vilket erbjuder en enkel och icke-invasiv l\u00f6sning f\u00f6r ett tillst\u00e5nd som kan orsaka k\u00e4nslom\u00e4ssig stress och relationssv\u00e5righeter. Fortacin \u00e4r utformad f\u00f6r att bevara k\u00e4nslan av njutning samtidigt som den f\u00f6rl\u00e4nger tiden innan utl\u00f6sning sker.<\/p>\n<p>Till skillnad fr\u00e5n orala l\u00e4kemedel verkar Fortacin lokalt och kr\u00e4ver ingen systemisk absorption. Detta g\u00f6r den till ett anv\u00e4ndbart alternativ f\u00f6r m\u00e4n som f\u00f6redrar att undvika piller eller som kanske inte \u00e4r l\u00e4mpliga kandidater f\u00f6r orala behandlingar. P\u00e5 grund av sin riktade verkan och snabba effekt kan den anv\u00e4ndas vid behov, vilket ger flexibilitet i hanteringen av symtom.<\/p>\n<p>De flesta m\u00e4n tolererar sprayen v\u00e4l, \u00e4ven om vissa kan uppleva mild hudirritation, tillf\u00e4llig domning eller minskad k\u00e4nslighet. Dessa effekter \u00e4r vanligtvis kortvariga och minskar med fortsatt anv\u00e4ndning. Fortacin \u00e4r inte ett preventivmedel och skyddar inte mot sexuellt \u00f6verf\u00f6rbara infektioner, s\u00e5 l\u00e4mpligt skydd b\u00f6r anv\u00e4ndas vid behov.<\/p>\n","protected":false},"excerpt":{"rendered":"<ul>\n<li>Spraybehandling f\u00f6r f\u00f6r tidig utl\u00f6sning<\/li>\n<li>Inneh\u00e5ller lidokain och prilokain<\/li>\n<li>Snabbverkande med lokal effekt<\/li>\n<\/ul>\n","protected":false},"featured_media":816,"comment_status":"open","ping_status":"closed","template":"","meta":[],"product_brand":[],"product_cat":[137],"product_tag":[],"expert":[16],"class_list":{"0":"post-814","1":"product","2":"type-product","3":"status-publish","4":"has-post-thumbnail","6":"product_cat-losningar-for-for-tidig-utlosning","7":"expert-dr-c-alexandru","9":"first","10":"instock","11":"shipping-taxable","12":"product-type-variable"},"yoast_head":"<!-- This site is optimized with the Yoast SEO plugin v27.0 - https:\/\/yoast.com\/product\/yoast-seo-wordpress\/ -->\n<title>Fortacin | Snabb lindring f\u00f6r f\u00f6r tidig utl\u00f6sning - Transtoyou<\/title>\n<meta name=\"description\" content=\"Fortacin finns nu p\u00e5 Transtoyou, som ger snabb lindring f\u00f6r f\u00f6r tidig utl\u00f6sning. Uppt\u00e4ck effektiva l\u00f6sningar och handla med sj\u00e4lvf\u00f6rtroende idag.\" \/>\n<meta name=\"robots\" content=\"noindex, follow, max-snippet:-1, max-image-preview:large, max-video-preview:-1\" \/>\n<meta property=\"og:locale\" content=\"sv_SE\" \/>\n<meta property=\"og:type\" content=\"article\" \/>\n<meta property=\"og:title\" content=\"Fortacin | Snabb lindring f\u00f6r f\u00f6r tidig utl\u00f6sning - Transtoyou\" \/>\n<meta property=\"og:description\" content=\"Fortacin finns nu p\u00e5 Transtoyou, som ger snabb lindring f\u00f6r f\u00f6r tidig utl\u00f6sning. Uppt\u00e4ck effektiva l\u00f6sningar och handla med sj\u00e4lvf\u00f6rtroende idag.\" \/>\n<meta property=\"og:url\" content=\"https:\/\/www.transtoyou.com\/sv\/product\/fortacin\/\" \/>\n<meta property=\"og:site_name\" content=\"Transtoyou - SV\" \/>\n<meta property=\"article:modified_time\" content=\"2026-01-24T20:45:46+00:00\" \/>\n<meta name=\"twitter:card\" content=\"summary_large_image\" \/>\n<meta name=\"twitter:label1\" content=\"Ber\u00e4knad l\u00e4stid\" \/>\n\t<meta name=\"twitter:data1\" content=\"1 minut\" \/>\n<script type=\"application\/ld+json\" class=\"yoast-schema-graph\">{\"@context\":\"https:\/\/schema.org\",\"@graph\":[{\"@type\":\"WebPage\",\"@id\":\"https:\/\/www.transtoyou.com\/sv\/product\/fortacin\/\",\"url\":\"https:\/\/www.transtoyou.com\/sv\/product\/fortacin\/\",\"name\":\"Fortacin | Snabb lindring f\u00f6r f\u00f6r tidig utl\u00f6sning - Transtoyou\",\"isPartOf\":{\"@id\":\"https:\/\/www.transtoyou.com\/sv\/#website\"},\"primaryImageOfPage\":{\"@id\":\"https:\/\/www.transtoyou.com\/sv\/product\/fortacin\/#primaryimage\"},\"image\":{\"@id\":\"https:\/\/www.transtoyou.com\/sv\/product\/fortacin\/#primaryimage\"},\"thumbnailUrl\":\"https:\/\/www.transtoyou.com\/sv\/wp-content\/uploads\/sites\/15\/2026\/01\/tty-no-product-image-114.webp\",\"datePublished\":\"2026-01-24T20:44:53+00:00\",\"dateModified\":\"2026-01-24T20:45:46+00:00\",\"description\":\"Fortacin finns nu p\u00e5 Transtoyou, som ger snabb lindring f\u00f6r f\u00f6r tidig utl\u00f6sning. Uppt\u00e4ck effektiva l\u00f6sningar och handla med sj\u00e4lvf\u00f6rtroende idag.\",\"breadcrumb\":{\"@id\":\"https:\/\/www.transtoyou.com\/sv\/product\/fortacin\/#breadcrumb\"},\"inLanguage\":\"sv-SE\",\"potentialAction\":[{\"@type\":\"ReadAction\",\"target\":[\"https:\/\/www.transtoyou.com\/sv\/product\/fortacin\/\"]}]},{\"@type\":\"ImageObject\",\"inLanguage\":\"sv-SE\",\"@id\":\"https:\/\/www.transtoyou.com\/sv\/product\/fortacin\/#primaryimage\",\"url\":\"https:\/\/www.transtoyou.com\/sv\/wp-content\/uploads\/sites\/15\/2026\/01\/tty-no-product-image-114.webp\",\"contentUrl\":\"https:\/\/www.transtoyou.com\/sv\/wp-content\/uploads\/sites\/15\/2026\/01\/tty-no-product-image-114.webp\",\"width\":1000,\"height\":1000,\"caption\":\"Standard produktbild\"},{\"@type\":\"WebSite\",\"@id\":\"https:\/\/www.transtoyou.com\/sv\/#website\",\"url\":\"https:\/\/www.transtoyou.com\/sv\/\",\"name\":\"Transtoyou - SV\",\"description\":\"\",\"publisher\":{\"@id\":\"https:\/\/www.transtoyou.com\/sv\/#organization\"},\"potentialAction\":[{\"@type\":\"SearchAction\",\"target\":{\"@type\":\"EntryPoint\",\"urlTemplate\":\"https:\/\/www.transtoyou.com\/sv\/?s={search_term_string}\"},\"query-input\":{\"@type\":\"PropertyValueSpecification\",\"valueRequired\":true,\"valueName\":\"search_term_string\"}}],\"inLanguage\":\"sv-SE\"},{\"@type\":\"Organization\",\"@id\":\"https:\/\/www.transtoyou.com\/sv\/#organization\",\"name\":\"Transtoyou - SV\",\"url\":\"https:\/\/www.transtoyou.com\/sv\/\",\"logo\":{\"@type\":\"ImageObject\",\"inLanguage\":\"sv-SE\",\"@id\":\"https:\/\/www.transtoyou.com\/sv\/#\/schema\/logo\/image\/\",\"url\":\"https:\/\/www.transtoyou.com\/sv\/wp-content\/uploads\/sites\/15\/2026\/01\/logo-tty-menu-bar-300x87-1.webp\",\"contentUrl\":\"https:\/\/www.transtoyou.com\/sv\/wp-content\/uploads\/sites\/15\/2026\/01\/logo-tty-menu-bar-300x87-1.webp\",\"width\":300,\"height\":87,\"caption\":\"Transtoyou - SV\"},\"image\":{\"@id\":\"https:\/\/www.transtoyou.com\/sv\/#\/schema\/logo\/image\/\"}}]}<\/script>\n<!-- \/ Yoast SEO plugin. -->","yoast_head_json":{"title":"Fortacin | Snabb lindring f\u00f6r f\u00f6r tidig utl\u00f6sning - Transtoyou","description":"Fortacin finns nu p\u00e5 Transtoyou, som ger snabb lindring f\u00f6r f\u00f6r tidig utl\u00f6sning. Uppt\u00e4ck effektiva l\u00f6sningar och handla med sj\u00e4lvf\u00f6rtroende idag.","robots":{"index":"noindex","follow":"follow","max-snippet":"max-snippet:-1","max-image-preview":"max-image-preview:large","max-video-preview":"max-video-preview:-1"},"og_locale":"sv_SE","og_type":"article","og_title":"Fortacin | Snabb lindring f\u00f6r f\u00f6r tidig utl\u00f6sning - Transtoyou","og_description":"Fortacin finns nu p\u00e5 Transtoyou, som ger snabb lindring f\u00f6r f\u00f6r tidig utl\u00f6sning. Uppt\u00e4ck effektiva l\u00f6sningar och handla med sj\u00e4lvf\u00f6rtroende idag.","og_url":"https:\/\/www.transtoyou.com\/sv\/product\/fortacin\/","og_site_name":"Transtoyou - SV","article_modified_time":"2026-01-24T20:45:46+00:00","twitter_card":"summary_large_image","twitter_misc":{"Ber\u00e4knad l\u00e4stid":"1 minut"},"schema":{"@context":"https:\/\/schema.org","@graph":[{"@type":"WebPage","@id":"https:\/\/www.transtoyou.com\/sv\/product\/fortacin\/","url":"https:\/\/www.transtoyou.com\/sv\/product\/fortacin\/","name":"Fortacin | Snabb lindring f\u00f6r f\u00f6r tidig utl\u00f6sning - Transtoyou","isPartOf":{"@id":"https:\/\/www.transtoyou.com\/sv\/#website"},"primaryImageOfPage":{"@id":"https:\/\/www.transtoyou.com\/sv\/product\/fortacin\/#primaryimage"},"image":{"@id":"https:\/\/www.transtoyou.com\/sv\/product\/fortacin\/#primaryimage"},"thumbnailUrl":"https:\/\/www.transtoyou.com\/sv\/wp-content\/uploads\/sites\/15\/2026\/01\/tty-no-product-image-114.webp","datePublished":"2026-01-24T20:44:53+00:00","dateModified":"2026-01-24T20:45:46+00:00","description":"Fortacin finns nu p\u00e5 Transtoyou, som ger snabb lindring f\u00f6r f\u00f6r tidig utl\u00f6sning. Uppt\u00e4ck effektiva l\u00f6sningar och handla med sj\u00e4lvf\u00f6rtroende idag.","breadcrumb":{"@id":"https:\/\/www.transtoyou.com\/sv\/product\/fortacin\/#breadcrumb"},"inLanguage":"sv-SE","potentialAction":[{"@type":"ReadAction","target":["https:\/\/www.transtoyou.com\/sv\/product\/fortacin\/"]}]},{"@type":"ImageObject","inLanguage":"sv-SE","@id":"https:\/\/www.transtoyou.com\/sv\/product\/fortacin\/#primaryimage","url":"https:\/\/www.transtoyou.com\/sv\/wp-content\/uploads\/sites\/15\/2026\/01\/tty-no-product-image-114.webp","contentUrl":"https:\/\/www.transtoyou.com\/sv\/wp-content\/uploads\/sites\/15\/2026\/01\/tty-no-product-image-114.webp","width":1000,"height":1000,"caption":"Standard produktbild"},{"@type":"WebSite","@id":"https:\/\/www.transtoyou.com\/sv\/#website","url":"https:\/\/www.transtoyou.com\/sv\/","name":"Transtoyou - SV","description":"","publisher":{"@id":"https:\/\/www.transtoyou.com\/sv\/#organization"},"potentialAction":[{"@type":"SearchAction","target":{"@type":"EntryPoint","urlTemplate":"https:\/\/www.transtoyou.com\/sv\/?s={search_term_string}"},"query-input":{"@type":"PropertyValueSpecification","valueRequired":true,"valueName":"search_term_string"}}],"inLanguage":"sv-SE"},{"@type":"Organization","@id":"https:\/\/www.transtoyou.com\/sv\/#organization","name":"Transtoyou - SV","url":"https:\/\/www.transtoyou.com\/sv\/","logo":{"@type":"ImageObject","inLanguage":"sv-SE","@id":"https:\/\/www.transtoyou.com\/sv\/#\/schema\/logo\/image\/","url":"https:\/\/www.transtoyou.com\/sv\/wp-content\/uploads\/sites\/15\/2026\/01\/logo-tty-menu-bar-300x87-1.webp","contentUrl":"https:\/\/www.transtoyou.com\/sv\/wp-content\/uploads\/sites\/15\/2026\/01\/logo-tty-menu-bar-300x87-1.webp","width":300,"height":87,"caption":"Transtoyou - SV"},"image":{"@id":"https:\/\/www.transtoyou.com\/sv\/#\/schema\/logo\/image\/"}}]}},"_links":{"self":[{"href":"https:\/\/www.transtoyou.com\/sv\/wp-json\/wp\/v2\/product\/814","targetHints":{"allow":["GET"]}}],"collection":[{"href":"https:\/\/www.transtoyou.com\/sv\/wp-json\/wp\/v2\/product"}],"about":[{"href":"https:\/\/www.transtoyou.com\/sv\/wp-json\/wp\/v2\/types\/product"}],"replies":[{"embeddable":true,"href":"https:\/\/www.transtoyou.com\/sv\/wp-json\/wp\/v2\/comments?post=814"}],"wp:featuredmedia":[{"embeddable":true,"href":"https:\/\/www.transtoyou.com\/sv\/wp-json\/wp\/v2\/media\/816"}],"wp:attachment":[{"href":"https:\/\/www.transtoyou.com\/sv\/wp-json\/wp\/v2\/media?parent=814"}],"wp:term":[{"taxonomy":"product_brand","embeddable":true,"href":"https:\/\/www.transtoyou.com\/sv\/wp-json\/wp\/v2\/product_brand?post=814"},{"taxonomy":"product_cat","embeddable":true,"href":"https:\/\/www.transtoyou.com\/sv\/wp-json\/wp\/v2\/product_cat?post=814"},{"taxonomy":"product_tag","embeddable":true,"href":"https:\/\/www.transtoyou.com\/sv\/wp-json\/wp\/v2\/product_tag?post=814"},{"taxonomy":"expert","embeddable":true,"href":"https:\/\/www.transtoyou.com\/sv\/wp-json\/wp\/v2\/expert?post=814"}],"curies":[{"name":"wp","href":"https:\/\/api.w.org\/{rel}","templated":true}]}}