{"id":823,"date":"2026-01-24T21:36:03","date_gmt":"2026-01-24T21:36:03","guid":{"rendered":"https:\/\/www.transtoyou.com\/sv\/product\/diamicron\/"},"modified":"2026-01-24T21:37:12","modified_gmt":"2026-01-24T21:37:12","slug":"diamicron","status":"publish","type":"product","link":"https:\/\/www.transtoyou.com\/sv\/product\/diamicron\/","title":{"rendered":"Diamicron"},"content":{"rendered":"<p>Diamicron \u00e4r en oral medicin som tillh\u00f6r klassen sulfonylurea. Den hj\u00e4lper till att hantera blodsockerniv\u00e5erna hos personer med typ 2-diabetes. Diamicron verkar genom att stimulera bukspottk\u00f6rteln att frig\u00f6ra mer insulin, ett hormon som hj\u00e4lper till att s\u00e4nka glukosniv\u00e5erna i blodet. Detta g\u00f6r den s\u00e4rskilt anv\u00e4ndbar f\u00f6r personer vars kroppar fortfarande producerar insulin men inte svarar p\u00e5 det effektivt.<\/p>\n<p>Vid typ 2-diabetes blir kroppen resistent mot insulin eller producerar inte tillr\u00e4ckligt med det f\u00f6r att h\u00e5lla blodsockret under kontroll. Diamicron \u00e5tg\u00e4rdar detta genom att uppmuntra en mer naturlig fris\u00e4ttning av insulin som svar p\u00e5 m\u00e5ltider, vilket hj\u00e4lper till att minska blodsockerh\u00f6jningar efter att man \u00e4tit. Som ett resultat spelar den en roll i att uppr\u00e4tth\u00e5lla stabila blodsockerniv\u00e5er under hela dagen.<\/p>\n<p>Diamicron tas vanligtvis en g\u00e5ng om dagen, ofta med frukost. \u00c4ven om den \u00e4r effektiv kan Diamicron ibland orsaka l\u00e5gt blodsocker (hypoglykemi), s\u00e4rskilt om m\u00e5ltider utel\u00e4mnas eller om fysisk aktivitet \u00f6kar ov\u00e4ntat. Av denna anledning \u00e4r det viktigt att \u00f6vervaka glukosniv\u00e5erna regelbundet och att vara medveten om symtom som skakningar, svettningar, yrsel eller f\u00f6rvirring. Andra m\u00f6jliga biverkningar inkluderar mild gastrointestinal obehag eller vikt\u00f6kning.<\/p>\n","protected":false},"excerpt":{"rendered":"<ul>\n<li>En g\u00e5ng om dagen modifierad fris\u00e4ttning av gliclazid f\u00f6r stabil blodsockerkontroll<\/li>\n<li> s\u00e4nker HbA1c och skyddar nerver, \u00f6gon och njurar<\/li>\n<li>Bevisad s\u00e4kerhetsprofil med \u00f6ver 30 \u00e5rs anv\u00e4ndning<\/li>\n<\/ul>\n","protected":false},"featured_media":825,"comment_status":"open","ping_status":"closed","template":"","meta":[],"product_brand":[],"product_cat":[83],"product_tag":[],"expert":[21],"class_list":{"0":"post-823","1":"product","2":"type-product","3":"status-publish","4":"has-post-thumbnail","6":"product_cat-diabetes","7":"expert-dr-m-sharoyko","9":"first","10":"instock","11":"shipping-taxable","12":"product-type-variable"},"yoast_head":"<!-- This site is optimized with the Yoast SEO plugin v27.0 - https:\/\/yoast.com\/product\/yoast-seo-wordpress\/ -->\n<title>Diamicron | Hantera Blodsockret Effektivt - Transtoyou<\/title>\n<meta name=\"description\" content=\"Hantera typ 2-diabetes med Diamicron, tillg\u00e4nglig p\u00e5 Transtoyou. St\u00f6der insulinfris\u00e4ttning f\u00f6r stabilt blodsocker. Handla nu f\u00f6r effektiv kontroll.\" \/>\n<meta name=\"robots\" content=\"noindex, follow, max-snippet:-1, max-image-preview:large, max-video-preview:-1\" \/>\n<meta property=\"og:locale\" content=\"sv_SE\" \/>\n<meta property=\"og:type\" content=\"article\" \/>\n<meta property=\"og:title\" content=\"Diamicron | Hantera Blodsockret Effektivt - Transtoyou\" \/>\n<meta property=\"og:description\" content=\"Hantera typ 2-diabetes med Diamicron, tillg\u00e4nglig p\u00e5 Transtoyou. St\u00f6der insulinfris\u00e4ttning f\u00f6r stabilt blodsocker. Handla nu f\u00f6r effektiv kontroll.\" \/>\n<meta property=\"og:url\" content=\"https:\/\/www.transtoyou.com\/sv\/product\/diamicron\/\" \/>\n<meta property=\"og:site_name\" content=\"Transtoyou - SV\" \/>\n<meta property=\"article:modified_time\" content=\"2026-01-24T21:37:12+00:00\" \/>\n<meta name=\"twitter:card\" content=\"summary_large_image\" \/>\n<meta name=\"twitter:label1\" content=\"Ber\u00e4knad l\u00e4stid\" \/>\n\t<meta name=\"twitter:data1\" content=\"1 minut\" \/>\n<script type=\"application\/ld+json\" class=\"yoast-schema-graph\">{\"@context\":\"https:\/\/schema.org\",\"@graph\":[{\"@type\":\"WebPage\",\"@id\":\"https:\/\/www.transtoyou.com\/sv\/product\/diamicron\/\",\"url\":\"https:\/\/www.transtoyou.com\/sv\/product\/diamicron\/\",\"name\":\"Diamicron | Hantera Blodsockret Effektivt - Transtoyou\",\"isPartOf\":{\"@id\":\"https:\/\/www.transtoyou.com\/sv\/#website\"},\"primaryImageOfPage\":{\"@id\":\"https:\/\/www.transtoyou.com\/sv\/product\/diamicron\/#primaryimage\"},\"image\":{\"@id\":\"https:\/\/www.transtoyou.com\/sv\/product\/diamicron\/#primaryimage\"},\"thumbnailUrl\":\"https:\/\/www.transtoyou.com\/sv\/wp-content\/uploads\/sites\/15\/2026\/01\/tty-no-product-image-117.webp\",\"datePublished\":\"2026-01-24T21:36:03+00:00\",\"dateModified\":\"2026-01-24T21:37:12+00:00\",\"description\":\"Hantera typ 2-diabetes med Diamicron, tillg\u00e4nglig p\u00e5 Transtoyou. St\u00f6der insulinfris\u00e4ttning f\u00f6r stabilt blodsocker. Handla nu f\u00f6r effektiv kontroll.\",\"breadcrumb\":{\"@id\":\"https:\/\/www.transtoyou.com\/sv\/product\/diamicron\/#breadcrumb\"},\"inLanguage\":\"sv-SE\",\"potentialAction\":[{\"@type\":\"ReadAction\",\"target\":[\"https:\/\/www.transtoyou.com\/sv\/product\/diamicron\/\"]}]},{\"@type\":\"ImageObject\",\"inLanguage\":\"sv-SE\",\"@id\":\"https:\/\/www.transtoyou.com\/sv\/product\/diamicron\/#primaryimage\",\"url\":\"https:\/\/www.transtoyou.com\/sv\/wp-content\/uploads\/sites\/15\/2026\/01\/tty-no-product-image-117.webp\",\"contentUrl\":\"https:\/\/www.transtoyou.com\/sv\/wp-content\/uploads\/sites\/15\/2026\/01\/tty-no-product-image-117.webp\",\"width\":1000,\"height\":1000,\"caption\":\"Standard produktbild\"},{\"@type\":\"WebSite\",\"@id\":\"https:\/\/www.transtoyou.com\/sv\/#website\",\"url\":\"https:\/\/www.transtoyou.com\/sv\/\",\"name\":\"Transtoyou - SV\",\"description\":\"\",\"publisher\":{\"@id\":\"https:\/\/www.transtoyou.com\/sv\/#organization\"},\"potentialAction\":[{\"@type\":\"SearchAction\",\"target\":{\"@type\":\"EntryPoint\",\"urlTemplate\":\"https:\/\/www.transtoyou.com\/sv\/?s={search_term_string}\"},\"query-input\":{\"@type\":\"PropertyValueSpecification\",\"valueRequired\":true,\"valueName\":\"search_term_string\"}}],\"inLanguage\":\"sv-SE\"},{\"@type\":\"Organization\",\"@id\":\"https:\/\/www.transtoyou.com\/sv\/#organization\",\"name\":\"Transtoyou - SV\",\"url\":\"https:\/\/www.transtoyou.com\/sv\/\",\"logo\":{\"@type\":\"ImageObject\",\"inLanguage\":\"sv-SE\",\"@id\":\"https:\/\/www.transtoyou.com\/sv\/#\/schema\/logo\/image\/\",\"url\":\"https:\/\/www.transtoyou.com\/sv\/wp-content\/uploads\/sites\/15\/2026\/01\/logo-tty-menu-bar-300x87-1.webp\",\"contentUrl\":\"https:\/\/www.transtoyou.com\/sv\/wp-content\/uploads\/sites\/15\/2026\/01\/logo-tty-menu-bar-300x87-1.webp\",\"width\":300,\"height\":87,\"caption\":\"Transtoyou - SV\"},\"image\":{\"@id\":\"https:\/\/www.transtoyou.com\/sv\/#\/schema\/logo\/image\/\"}}]}<\/script>\n<!-- \/ Yoast SEO plugin. -->","yoast_head_json":{"title":"Diamicron | Hantera Blodsockret Effektivt - Transtoyou","description":"Hantera typ 2-diabetes med Diamicron, tillg\u00e4nglig p\u00e5 Transtoyou. St\u00f6der insulinfris\u00e4ttning f\u00f6r stabilt blodsocker. Handla nu f\u00f6r effektiv kontroll.","robots":{"index":"noindex","follow":"follow","max-snippet":"max-snippet:-1","max-image-preview":"max-image-preview:large","max-video-preview":"max-video-preview:-1"},"og_locale":"sv_SE","og_type":"article","og_title":"Diamicron | Hantera Blodsockret Effektivt - Transtoyou","og_description":"Hantera typ 2-diabetes med Diamicron, tillg\u00e4nglig p\u00e5 Transtoyou. St\u00f6der insulinfris\u00e4ttning f\u00f6r stabilt blodsocker. Handla nu f\u00f6r effektiv kontroll.","og_url":"https:\/\/www.transtoyou.com\/sv\/product\/diamicron\/","og_site_name":"Transtoyou - SV","article_modified_time":"2026-01-24T21:37:12+00:00","twitter_card":"summary_large_image","twitter_misc":{"Ber\u00e4knad l\u00e4stid":"1 minut"},"schema":{"@context":"https:\/\/schema.org","@graph":[{"@type":"WebPage","@id":"https:\/\/www.transtoyou.com\/sv\/product\/diamicron\/","url":"https:\/\/www.transtoyou.com\/sv\/product\/diamicron\/","name":"Diamicron | Hantera Blodsockret Effektivt - Transtoyou","isPartOf":{"@id":"https:\/\/www.transtoyou.com\/sv\/#website"},"primaryImageOfPage":{"@id":"https:\/\/www.transtoyou.com\/sv\/product\/diamicron\/#primaryimage"},"image":{"@id":"https:\/\/www.transtoyou.com\/sv\/product\/diamicron\/#primaryimage"},"thumbnailUrl":"https:\/\/www.transtoyou.com\/sv\/wp-content\/uploads\/sites\/15\/2026\/01\/tty-no-product-image-117.webp","datePublished":"2026-01-24T21:36:03+00:00","dateModified":"2026-01-24T21:37:12+00:00","description":"Hantera typ 2-diabetes med Diamicron, tillg\u00e4nglig p\u00e5 Transtoyou. St\u00f6der insulinfris\u00e4ttning f\u00f6r stabilt blodsocker. Handla nu f\u00f6r effektiv kontroll.","breadcrumb":{"@id":"https:\/\/www.transtoyou.com\/sv\/product\/diamicron\/#breadcrumb"},"inLanguage":"sv-SE","potentialAction":[{"@type":"ReadAction","target":["https:\/\/www.transtoyou.com\/sv\/product\/diamicron\/"]}]},{"@type":"ImageObject","inLanguage":"sv-SE","@id":"https:\/\/www.transtoyou.com\/sv\/product\/diamicron\/#primaryimage","url":"https:\/\/www.transtoyou.com\/sv\/wp-content\/uploads\/sites\/15\/2026\/01\/tty-no-product-image-117.webp","contentUrl":"https:\/\/www.transtoyou.com\/sv\/wp-content\/uploads\/sites\/15\/2026\/01\/tty-no-product-image-117.webp","width":1000,"height":1000,"caption":"Standard produktbild"},{"@type":"WebSite","@id":"https:\/\/www.transtoyou.com\/sv\/#website","url":"https:\/\/www.transtoyou.com\/sv\/","name":"Transtoyou - SV","description":"","publisher":{"@id":"https:\/\/www.transtoyou.com\/sv\/#organization"},"potentialAction":[{"@type":"SearchAction","target":{"@type":"EntryPoint","urlTemplate":"https:\/\/www.transtoyou.com\/sv\/?s={search_term_string}"},"query-input":{"@type":"PropertyValueSpecification","valueRequired":true,"valueName":"search_term_string"}}],"inLanguage":"sv-SE"},{"@type":"Organization","@id":"https:\/\/www.transtoyou.com\/sv\/#organization","name":"Transtoyou - SV","url":"https:\/\/www.transtoyou.com\/sv\/","logo":{"@type":"ImageObject","inLanguage":"sv-SE","@id":"https:\/\/www.transtoyou.com\/sv\/#\/schema\/logo\/image\/","url":"https:\/\/www.transtoyou.com\/sv\/wp-content\/uploads\/sites\/15\/2026\/01\/logo-tty-menu-bar-300x87-1.webp","contentUrl":"https:\/\/www.transtoyou.com\/sv\/wp-content\/uploads\/sites\/15\/2026\/01\/logo-tty-menu-bar-300x87-1.webp","width":300,"height":87,"caption":"Transtoyou - SV"},"image":{"@id":"https:\/\/www.transtoyou.com\/sv\/#\/schema\/logo\/image\/"}}]}},"_links":{"self":[{"href":"https:\/\/www.transtoyou.com\/sv\/wp-json\/wp\/v2\/product\/823","targetHints":{"allow":["GET"]}}],"collection":[{"href":"https:\/\/www.transtoyou.com\/sv\/wp-json\/wp\/v2\/product"}],"about":[{"href":"https:\/\/www.transtoyou.com\/sv\/wp-json\/wp\/v2\/types\/product"}],"replies":[{"embeddable":true,"href":"https:\/\/www.transtoyou.com\/sv\/wp-json\/wp\/v2\/comments?post=823"}],"wp:featuredmedia":[{"embeddable":true,"href":"https:\/\/www.transtoyou.com\/sv\/wp-json\/wp\/v2\/media\/825"}],"wp:attachment":[{"href":"https:\/\/www.transtoyou.com\/sv\/wp-json\/wp\/v2\/media?parent=823"}],"wp:term":[{"taxonomy":"product_brand","embeddable":true,"href":"https:\/\/www.transtoyou.com\/sv\/wp-json\/wp\/v2\/product_brand?post=823"},{"taxonomy":"product_cat","embeddable":true,"href":"https:\/\/www.transtoyou.com\/sv\/wp-json\/wp\/v2\/product_cat?post=823"},{"taxonomy":"product_tag","embeddable":true,"href":"https:\/\/www.transtoyou.com\/sv\/wp-json\/wp\/v2\/product_tag?post=823"},{"taxonomy":"expert","embeddable":true,"href":"https:\/\/www.transtoyou.com\/sv\/wp-json\/wp\/v2\/expert?post=823"}],"curies":[{"name":"wp","href":"https:\/\/api.w.org\/{rel}","templated":true}]}}