{"id":829,"date":"2026-01-24T22:12:28","date_gmt":"2026-01-24T22:12:28","guid":{"rendered":"https:\/\/www.transtoyou.com\/sv\/product\/ozempic\/"},"modified":"2026-03-01T10:16:12","modified_gmt":"2026-03-01T10:16:12","slug":"ozempic","status":"publish","type":"product","link":"https:\/\/www.transtoyou.com\/sv\/product\/ozempic\/","title":{"rendered":"Ozempic"},"content":{"rendered":"<p>Ozempic \u00e4r ett injicerbart l\u00e4kemedel som tas en g\u00e5ng i veckan f\u00f6r att hantera typ 2-diabetes och st\u00f6dja l\u00e5ngsiktig blodsockerkontroll. Det inneh\u00e5ller semaglutid, en f\u00f6rening som efterliknar ett naturligt f\u00f6rekommande hormon som kallas GLP-1 (glukagonliknande peptid-1). Detta hormon hj\u00e4lper till att reglera blodsockerniv\u00e5erna genom att \u00f6ka insulinuts\u00f6ndringen, d\u00e4mpa leverns glukosproduktion och f\u00f6rdr\u00f6ja mags\u00e4ckens t\u00f6mning.<\/p>\n<p>F\u00f6r personer med typ 2-diabetes erbjuder Ozempic en l\u00f6sning f\u00f6r att f\u00f6rb\u00e4ttra blodsockerregleringen samtidigt som det bidrar till viktminskning. Till skillnad fr\u00e5n insulin, som direkt s\u00e4nker blodsockret, arbetar Ozempic i harmoni med kroppens egna system f\u00f6r att hj\u00e4lpa den att reagera mer effektivt p\u00e5 matintag och hantera glukosniv\u00e5erna mer konsekvent under dagen.<\/p>\n<p>Ozempic administreras via en liten injektion under huden, vanligtvis en g\u00e5ng i veckan. De flesta b\u00f6rjar behandlingen med en l\u00e5g dos, som gradvis \u00f6kas f\u00f6r att minimera eventuella matsm\u00e4ltningsbiverkningar som illam\u00e5ende, uppbl\u00e5sthet eller f\u00f6rstoppning.<\/p>\n<p>Ozempic s\u00e4nker inte bara HbA1c-niv\u00e5erna utan hj\u00e4lper ocks\u00e5 till att minska aptiten och kroppsvikten hos m\u00e5nga patienter. Dessa ytterligare f\u00f6rdelar g\u00f6r det till ett v\u00e4rdefullt val f\u00f6r personer som hanterar b\u00e5de typ 2-diabetes och fetma.<\/p>\n","protected":false},"excerpt":{"rendered":"<ul>\n<li>En g\u00e5ng i veckan injicerbar f\u00f6r typ 2-diabetes<\/li>\n<li>Stimulerar insulinuts\u00f6ndring och kontrollerar glukosfris\u00e4ttning fr\u00e5n levern<\/li>\n<li>Kan st\u00f6dja viktkontroll hos vissa patienter<\/li>\n<\/ul>\n","protected":false},"featured_media":831,"comment_status":"open","ping_status":"closed","template":"","meta":[],"product_brand":[],"product_cat":[83],"product_tag":[],"expert":[21],"class_list":{"0":"post-829","1":"product","2":"type-product","3":"status-publish","4":"has-post-thumbnail","6":"product_cat-diabetes","7":"expert-dr-m-sharoyko","9":"first","10":"instock","11":"shipping-taxable","12":"product-type-variable"},"yoast_head":"<!-- This site is optimized with the Yoast SEO plugin v27.0 - https:\/\/yoast.com\/product\/yoast-seo-wordpress\/ -->\n<title>Ozempic | Hantera Diabetes &amp; F\u00f6rb\u00e4ttra H\u00e4lsan - Transtoyou<\/title>\n<meta name=\"description\" content=\"Uppt\u00e4ck Ozempic p\u00e5 Transtoyou, en veckoinjektion f\u00f6r typ 2-diabetes som hj\u00e4lper till med blodsockerkontroll och viktminskning. Handla nu.\" \/>\n<meta name=\"robots\" content=\"noindex, follow, max-snippet:-1, max-image-preview:large, max-video-preview:-1\" \/>\n<meta property=\"og:locale\" content=\"sv_SE\" \/>\n<meta property=\"og:type\" content=\"article\" \/>\n<meta property=\"og:title\" content=\"Ozempic | Hantera Diabetes &amp; F\u00f6rb\u00e4ttra H\u00e4lsan - Transtoyou\" \/>\n<meta property=\"og:description\" content=\"Uppt\u00e4ck Ozempic p\u00e5 Transtoyou, en veckoinjektion f\u00f6r typ 2-diabetes som hj\u00e4lper till med blodsockerkontroll och viktminskning. Handla nu.\" \/>\n<meta property=\"og:url\" content=\"https:\/\/www.transtoyou.com\/sv\/product\/ozempic\/\" \/>\n<meta property=\"og:site_name\" content=\"Transtoyou - SV\" \/>\n<meta property=\"article:modified_time\" content=\"2026-03-01T10:16:12+00:00\" \/>\n<meta name=\"twitter:card\" content=\"summary_large_image\" \/>\n<meta name=\"twitter:label1\" content=\"Ber\u00e4knad l\u00e4stid\" \/>\n\t<meta name=\"twitter:data1\" content=\"1 minut\" \/>\n<script type=\"application\/ld+json\" class=\"yoast-schema-graph\">{\"@context\":\"https:\/\/schema.org\",\"@graph\":[{\"@type\":\"WebPage\",\"@id\":\"https:\/\/www.transtoyou.com\/sv\/product\/ozempic\/\",\"url\":\"https:\/\/www.transtoyou.com\/sv\/product\/ozempic\/\",\"name\":\"Ozempic | Hantera Diabetes & F\u00f6rb\u00e4ttra H\u00e4lsan - Transtoyou\",\"isPartOf\":{\"@id\":\"https:\/\/www.transtoyou.com\/sv\/#website\"},\"primaryImageOfPage\":{\"@id\":\"https:\/\/www.transtoyou.com\/sv\/product\/ozempic\/#primaryimage\"},\"image\":{\"@id\":\"https:\/\/www.transtoyou.com\/sv\/product\/ozempic\/#primaryimage\"},\"thumbnailUrl\":\"https:\/\/www.transtoyou.com\/sv\/wp-content\/uploads\/sites\/15\/2026\/01\/tty-no-product-image-119.webp\",\"datePublished\":\"2026-01-24T22:12:28+00:00\",\"dateModified\":\"2026-03-01T10:16:12+00:00\",\"description\":\"Uppt\u00e4ck Ozempic p\u00e5 Transtoyou, en veckoinjektion f\u00f6r typ 2-diabetes som hj\u00e4lper till med blodsockerkontroll och viktminskning. Handla nu.\",\"breadcrumb\":{\"@id\":\"https:\/\/www.transtoyou.com\/sv\/product\/ozempic\/#breadcrumb\"},\"inLanguage\":\"sv-SE\",\"potentialAction\":[{\"@type\":\"ReadAction\",\"target\":[\"https:\/\/www.transtoyou.com\/sv\/product\/ozempic\/\"]}]},{\"@type\":\"ImageObject\",\"inLanguage\":\"sv-SE\",\"@id\":\"https:\/\/www.transtoyou.com\/sv\/product\/ozempic\/#primaryimage\",\"url\":\"https:\/\/www.transtoyou.com\/sv\/wp-content\/uploads\/sites\/15\/2026\/01\/tty-no-product-image-119.webp\",\"contentUrl\":\"https:\/\/www.transtoyou.com\/sv\/wp-content\/uploads\/sites\/15\/2026\/01\/tty-no-product-image-119.webp\",\"width\":1000,\"height\":1000,\"caption\":\"Standard produktbild\"},{\"@type\":\"WebSite\",\"@id\":\"https:\/\/www.transtoyou.com\/sv\/#website\",\"url\":\"https:\/\/www.transtoyou.com\/sv\/\",\"name\":\"Transtoyou - SV\",\"description\":\"\",\"publisher\":{\"@id\":\"https:\/\/www.transtoyou.com\/sv\/#organization\"},\"potentialAction\":[{\"@type\":\"SearchAction\",\"target\":{\"@type\":\"EntryPoint\",\"urlTemplate\":\"https:\/\/www.transtoyou.com\/sv\/?s={search_term_string}\"},\"query-input\":{\"@type\":\"PropertyValueSpecification\",\"valueRequired\":true,\"valueName\":\"search_term_string\"}}],\"inLanguage\":\"sv-SE\"},{\"@type\":\"Organization\",\"@id\":\"https:\/\/www.transtoyou.com\/sv\/#organization\",\"name\":\"Transtoyou - SV\",\"url\":\"https:\/\/www.transtoyou.com\/sv\/\",\"logo\":{\"@type\":\"ImageObject\",\"inLanguage\":\"sv-SE\",\"@id\":\"https:\/\/www.transtoyou.com\/sv\/#\/schema\/logo\/image\/\",\"url\":\"https:\/\/www.transtoyou.com\/sv\/wp-content\/uploads\/sites\/15\/2026\/01\/logo-tty-menu-bar-300x87-1.webp\",\"contentUrl\":\"https:\/\/www.transtoyou.com\/sv\/wp-content\/uploads\/sites\/15\/2026\/01\/logo-tty-menu-bar-300x87-1.webp\",\"width\":300,\"height\":87,\"caption\":\"Transtoyou - SV\"},\"image\":{\"@id\":\"https:\/\/www.transtoyou.com\/sv\/#\/schema\/logo\/image\/\"}}]}<\/script>\n<!-- \/ Yoast SEO plugin. -->","yoast_head_json":{"title":"Ozempic | Hantera Diabetes & F\u00f6rb\u00e4ttra H\u00e4lsan - Transtoyou","description":"Uppt\u00e4ck Ozempic p\u00e5 Transtoyou, en veckoinjektion f\u00f6r typ 2-diabetes som hj\u00e4lper till med blodsockerkontroll och viktminskning. Handla nu.","robots":{"index":"noindex","follow":"follow","max-snippet":"max-snippet:-1","max-image-preview":"max-image-preview:large","max-video-preview":"max-video-preview:-1"},"og_locale":"sv_SE","og_type":"article","og_title":"Ozempic | Hantera Diabetes & F\u00f6rb\u00e4ttra H\u00e4lsan - Transtoyou","og_description":"Uppt\u00e4ck Ozempic p\u00e5 Transtoyou, en veckoinjektion f\u00f6r typ 2-diabetes som hj\u00e4lper till med blodsockerkontroll och viktminskning. Handla nu.","og_url":"https:\/\/www.transtoyou.com\/sv\/product\/ozempic\/","og_site_name":"Transtoyou - SV","article_modified_time":"2026-03-01T10:16:12+00:00","twitter_card":"summary_large_image","twitter_misc":{"Ber\u00e4knad l\u00e4stid":"1 minut"},"schema":{"@context":"https:\/\/schema.org","@graph":[{"@type":"WebPage","@id":"https:\/\/www.transtoyou.com\/sv\/product\/ozempic\/","url":"https:\/\/www.transtoyou.com\/sv\/product\/ozempic\/","name":"Ozempic | Hantera Diabetes & F\u00f6rb\u00e4ttra H\u00e4lsan - Transtoyou","isPartOf":{"@id":"https:\/\/www.transtoyou.com\/sv\/#website"},"primaryImageOfPage":{"@id":"https:\/\/www.transtoyou.com\/sv\/product\/ozempic\/#primaryimage"},"image":{"@id":"https:\/\/www.transtoyou.com\/sv\/product\/ozempic\/#primaryimage"},"thumbnailUrl":"https:\/\/www.transtoyou.com\/sv\/wp-content\/uploads\/sites\/15\/2026\/01\/tty-no-product-image-119.webp","datePublished":"2026-01-24T22:12:28+00:00","dateModified":"2026-03-01T10:16:12+00:00","description":"Uppt\u00e4ck Ozempic p\u00e5 Transtoyou, en veckoinjektion f\u00f6r typ 2-diabetes som hj\u00e4lper till med blodsockerkontroll och viktminskning. Handla nu.","breadcrumb":{"@id":"https:\/\/www.transtoyou.com\/sv\/product\/ozempic\/#breadcrumb"},"inLanguage":"sv-SE","potentialAction":[{"@type":"ReadAction","target":["https:\/\/www.transtoyou.com\/sv\/product\/ozempic\/"]}]},{"@type":"ImageObject","inLanguage":"sv-SE","@id":"https:\/\/www.transtoyou.com\/sv\/product\/ozempic\/#primaryimage","url":"https:\/\/www.transtoyou.com\/sv\/wp-content\/uploads\/sites\/15\/2026\/01\/tty-no-product-image-119.webp","contentUrl":"https:\/\/www.transtoyou.com\/sv\/wp-content\/uploads\/sites\/15\/2026\/01\/tty-no-product-image-119.webp","width":1000,"height":1000,"caption":"Standard produktbild"},{"@type":"WebSite","@id":"https:\/\/www.transtoyou.com\/sv\/#website","url":"https:\/\/www.transtoyou.com\/sv\/","name":"Transtoyou - SV","description":"","publisher":{"@id":"https:\/\/www.transtoyou.com\/sv\/#organization"},"potentialAction":[{"@type":"SearchAction","target":{"@type":"EntryPoint","urlTemplate":"https:\/\/www.transtoyou.com\/sv\/?s={search_term_string}"},"query-input":{"@type":"PropertyValueSpecification","valueRequired":true,"valueName":"search_term_string"}}],"inLanguage":"sv-SE"},{"@type":"Organization","@id":"https:\/\/www.transtoyou.com\/sv\/#organization","name":"Transtoyou - SV","url":"https:\/\/www.transtoyou.com\/sv\/","logo":{"@type":"ImageObject","inLanguage":"sv-SE","@id":"https:\/\/www.transtoyou.com\/sv\/#\/schema\/logo\/image\/","url":"https:\/\/www.transtoyou.com\/sv\/wp-content\/uploads\/sites\/15\/2026\/01\/logo-tty-menu-bar-300x87-1.webp","contentUrl":"https:\/\/www.transtoyou.com\/sv\/wp-content\/uploads\/sites\/15\/2026\/01\/logo-tty-menu-bar-300x87-1.webp","width":300,"height":87,"caption":"Transtoyou - SV"},"image":{"@id":"https:\/\/www.transtoyou.com\/sv\/#\/schema\/logo\/image\/"}}]}},"_links":{"self":[{"href":"https:\/\/www.transtoyou.com\/sv\/wp-json\/wp\/v2\/product\/829","targetHints":{"allow":["GET"]}}],"collection":[{"href":"https:\/\/www.transtoyou.com\/sv\/wp-json\/wp\/v2\/product"}],"about":[{"href":"https:\/\/www.transtoyou.com\/sv\/wp-json\/wp\/v2\/types\/product"}],"replies":[{"embeddable":true,"href":"https:\/\/www.transtoyou.com\/sv\/wp-json\/wp\/v2\/comments?post=829"}],"wp:featuredmedia":[{"embeddable":true,"href":"https:\/\/www.transtoyou.com\/sv\/wp-json\/wp\/v2\/media\/831"}],"wp:attachment":[{"href":"https:\/\/www.transtoyou.com\/sv\/wp-json\/wp\/v2\/media?parent=829"}],"wp:term":[{"taxonomy":"product_brand","embeddable":true,"href":"https:\/\/www.transtoyou.com\/sv\/wp-json\/wp\/v2\/product_brand?post=829"},{"taxonomy":"product_cat","embeddable":true,"href":"https:\/\/www.transtoyou.com\/sv\/wp-json\/wp\/v2\/product_cat?post=829"},{"taxonomy":"product_tag","embeddable":true,"href":"https:\/\/www.transtoyou.com\/sv\/wp-json\/wp\/v2\/product_tag?post=829"},{"taxonomy":"expert","embeddable":true,"href":"https:\/\/www.transtoyou.com\/sv\/wp-json\/wp\/v2\/expert?post=829"}],"curies":[{"name":"wp","href":"https:\/\/api.w.org\/{rel}","templated":true}]}}