{"id":835,"date":"2026-01-24T22:50:30","date_gmt":"2026-01-24T22:50:30","guid":{"rendered":"https:\/\/www.transtoyou.com\/sv\/product\/rifaximin-xifaxan\/"},"modified":"2026-03-02T15:43:50","modified_gmt":"2026-03-02T15:43:50","slug":"rifaximin-xifaxan","status":"publish","type":"product","link":"https:\/\/www.transtoyou.com\/sv\/product\/rifaximin-xifaxan\/","title":{"rendered":"Rifaximin (Xifaxan)"},"content":{"rendered":"<p>Rifaximin, vanligtvis k\u00e4nd under varum\u00e4rket Xifaxan, \u00e4r ett antibiotikum som anv\u00e4nds f\u00f6r att behandla olika infektioner i mag-tarmkanalen, s\u00e4rskilt resen\u00e4rsdiare orsakad av specifika bakterier. Det som g\u00f6r rifaximin unikt \u00e4r att det verkar n\u00e4stan uteslutande i mag-tarmkanalen, vilket inneb\u00e4r att mycket lite av medicinen absorberas i blodomloppet. Denna lokala verkan hj\u00e4lper till att rikta in sig p\u00e5 infektionen vid k\u00e4llan samtidigt som effekterna minimeras p\u00e5 andra st\u00e4llen i kroppen.<\/p>\n<p>L\u00e4kemedlet \u00e4r s\u00e4rskilt anv\u00e4ndbart f\u00f6r kortvarig lindring av diarr\u00e9 orsakad av Escherichia Coli, en vanlig bakterie som \u00e4r ansvarig f\u00f6r resen\u00e4rsdiare. Till skillnad fr\u00e5n vissa bredspektrumantibiotika \u00e4r Rifaximin mindre ben\u00e4get att st\u00f6ra balansen av tarmflora, vilket kan hj\u00e4lpa till att minska risken f\u00f6r ytterligare mag-tarmbesv\u00e4r. Det tas ofta under n\u00e5gra dagar, vanligtvis i tablettform, och anv\u00e4ndare kan m\u00e4rka f\u00f6rb\u00e4ttring inom 24 till 48 timmar efter att behandlingen p\u00e5b\u00f6rjats.<\/p>\n<p>Det tolereras generellt v\u00e4l, \u00e4ven om milda biverkningar som huvudv\u00e4rk, illam\u00e5ende eller magkramp kan f\u00f6rekomma. Rifaximin anv\u00e4nds ocks\u00e5 f\u00f6r andra tillst\u00e5nd som irritabel tarm med diarr\u00e9 (IBS-D) och i vissa fall f\u00f6r att minska risken f\u00f6r komplikationer vid leversjukdom, \u00e4ven om dessa anv\u00e4ndningar \u00e4r mer specialiserade.<\/p>\n","protected":false},"excerpt":{"rendered":"<ul>\n<li>Riktar in sig p\u00e5 bakteriell diarr\u00e9 vid k\u00e4llan<\/li>\n<li>Minimal absorption i kroppen<\/li>\n<li>Snabbverkande lindring f\u00f6r resediarr\u00e9<\/li>\n<\/ul>\n","protected":false},"featured_media":837,"comment_status":"open","ping_status":"closed","template":"","meta":[],"product_brand":[],"product_cat":[87],"product_tag":[],"expert":[16],"class_list":{"0":"post-835","1":"product","2":"type-product","3":"status-publish","4":"has-post-thumbnail","6":"product_cat-diarre","7":"expert-dr-c-alexandru","9":"first","10":"instock","11":"shipping-taxable","12":"product-type-variable"},"yoast_head":"<!-- This site is optimized with the Yoast SEO plugin v27.0 - https:\/\/yoast.com\/product\/yoast-seo-wordpress\/ -->\n<title>Rifaximin (Xifaxan) | M\u00e5lmedveten Lindring f\u00f6r Tarmen - Transtoyou<\/title>\n<meta name=\"description\" content=\"Rifaximin (Xifaxan) bek\u00e4mpar tarmbakterier f\u00f6r effektiv lindring av diarr\u00e9. Hitta en enkel l\u00f6sning p\u00e5 matsm\u00e4ltningsproblem h\u00e4r.\" \/>\n<meta name=\"robots\" content=\"noindex, follow, max-snippet:-1, max-image-preview:large, max-video-preview:-1\" \/>\n<meta property=\"og:locale\" content=\"sv_SE\" \/>\n<meta property=\"og:type\" content=\"article\" \/>\n<meta property=\"og:title\" content=\"Rifaximin (Xifaxan) | M\u00e5lmedveten Lindring f\u00f6r Tarmen - Transtoyou\" \/>\n<meta property=\"og:description\" content=\"Rifaximin (Xifaxan) bek\u00e4mpar tarmbakterier f\u00f6r effektiv lindring av diarr\u00e9. Hitta en enkel l\u00f6sning p\u00e5 matsm\u00e4ltningsproblem h\u00e4r.\" \/>\n<meta property=\"og:url\" content=\"https:\/\/www.transtoyou.com\/sv\/product\/rifaximin-xifaxan\/\" \/>\n<meta property=\"og:site_name\" content=\"Transtoyou - SV\" \/>\n<meta property=\"article:modified_time\" content=\"2026-03-02T15:43:50+00:00\" \/>\n<meta name=\"twitter:card\" content=\"summary_large_image\" \/>\n<meta name=\"twitter:label1\" content=\"Ber\u00e4knad l\u00e4stid\" \/>\n\t<meta name=\"twitter:data1\" content=\"1 minut\" \/>\n<script type=\"application\/ld+json\" class=\"yoast-schema-graph\">{\"@context\":\"https:\/\/schema.org\",\"@graph\":[{\"@type\":\"WebPage\",\"@id\":\"https:\/\/www.transtoyou.com\/sv\/product\/rifaximin-xifaxan\/\",\"url\":\"https:\/\/www.transtoyou.com\/sv\/product\/rifaximin-xifaxan\/\",\"name\":\"Rifaximin (Xifaxan) | M\u00e5lmedveten Lindring f\u00f6r Tarmen - Transtoyou\",\"isPartOf\":{\"@id\":\"https:\/\/www.transtoyou.com\/sv\/#website\"},\"primaryImageOfPage\":{\"@id\":\"https:\/\/www.transtoyou.com\/sv\/product\/rifaximin-xifaxan\/#primaryimage\"},\"image\":{\"@id\":\"https:\/\/www.transtoyou.com\/sv\/product\/rifaximin-xifaxan\/#primaryimage\"},\"thumbnailUrl\":\"https:\/\/www.transtoyou.com\/sv\/wp-content\/uploads\/sites\/15\/2026\/01\/tty-no-product-image-121.webp\",\"datePublished\":\"2026-01-24T22:50:30+00:00\",\"dateModified\":\"2026-03-02T15:43:50+00:00\",\"description\":\"Rifaximin (Xifaxan) bek\u00e4mpar tarmbakterier f\u00f6r effektiv lindring av diarr\u00e9. Hitta en enkel l\u00f6sning p\u00e5 matsm\u00e4ltningsproblem h\u00e4r.\",\"breadcrumb\":{\"@id\":\"https:\/\/www.transtoyou.com\/sv\/product\/rifaximin-xifaxan\/#breadcrumb\"},\"inLanguage\":\"sv-SE\",\"potentialAction\":[{\"@type\":\"ReadAction\",\"target\":[\"https:\/\/www.transtoyou.com\/sv\/product\/rifaximin-xifaxan\/\"]}]},{\"@type\":\"ImageObject\",\"inLanguage\":\"sv-SE\",\"@id\":\"https:\/\/www.transtoyou.com\/sv\/product\/rifaximin-xifaxan\/#primaryimage\",\"url\":\"https:\/\/www.transtoyou.com\/sv\/wp-content\/uploads\/sites\/15\/2026\/01\/tty-no-product-image-121.webp\",\"contentUrl\":\"https:\/\/www.transtoyou.com\/sv\/wp-content\/uploads\/sites\/15\/2026\/01\/tty-no-product-image-121.webp\",\"width\":1000,\"height\":1000,\"caption\":\"Standard produktbild\"},{\"@type\":\"WebSite\",\"@id\":\"https:\/\/www.transtoyou.com\/sv\/#website\",\"url\":\"https:\/\/www.transtoyou.com\/sv\/\",\"name\":\"Transtoyou - SV\",\"description\":\"\",\"publisher\":{\"@id\":\"https:\/\/www.transtoyou.com\/sv\/#organization\"},\"potentialAction\":[{\"@type\":\"SearchAction\",\"target\":{\"@type\":\"EntryPoint\",\"urlTemplate\":\"https:\/\/www.transtoyou.com\/sv\/?s={search_term_string}\"},\"query-input\":{\"@type\":\"PropertyValueSpecification\",\"valueRequired\":true,\"valueName\":\"search_term_string\"}}],\"inLanguage\":\"sv-SE\"},{\"@type\":\"Organization\",\"@id\":\"https:\/\/www.transtoyou.com\/sv\/#organization\",\"name\":\"Transtoyou - SV\",\"url\":\"https:\/\/www.transtoyou.com\/sv\/\",\"logo\":{\"@type\":\"ImageObject\",\"inLanguage\":\"sv-SE\",\"@id\":\"https:\/\/www.transtoyou.com\/sv\/#\/schema\/logo\/image\/\",\"url\":\"https:\/\/www.transtoyou.com\/sv\/wp-content\/uploads\/sites\/15\/2026\/01\/logo-tty-menu-bar-300x87-1.webp\",\"contentUrl\":\"https:\/\/www.transtoyou.com\/sv\/wp-content\/uploads\/sites\/15\/2026\/01\/logo-tty-menu-bar-300x87-1.webp\",\"width\":300,\"height\":87,\"caption\":\"Transtoyou - SV\"},\"image\":{\"@id\":\"https:\/\/www.transtoyou.com\/sv\/#\/schema\/logo\/image\/\"}}]}<\/script>\n<!-- \/ Yoast SEO plugin. -->","yoast_head_json":{"title":"Rifaximin (Xifaxan) | M\u00e5lmedveten Lindring f\u00f6r Tarmen - Transtoyou","description":"Rifaximin (Xifaxan) bek\u00e4mpar tarmbakterier f\u00f6r effektiv lindring av diarr\u00e9. Hitta en enkel l\u00f6sning p\u00e5 matsm\u00e4ltningsproblem h\u00e4r.","robots":{"index":"noindex","follow":"follow","max-snippet":"max-snippet:-1","max-image-preview":"max-image-preview:large","max-video-preview":"max-video-preview:-1"},"og_locale":"sv_SE","og_type":"article","og_title":"Rifaximin (Xifaxan) | M\u00e5lmedveten Lindring f\u00f6r Tarmen - Transtoyou","og_description":"Rifaximin (Xifaxan) bek\u00e4mpar tarmbakterier f\u00f6r effektiv lindring av diarr\u00e9. Hitta en enkel l\u00f6sning p\u00e5 matsm\u00e4ltningsproblem h\u00e4r.","og_url":"https:\/\/www.transtoyou.com\/sv\/product\/rifaximin-xifaxan\/","og_site_name":"Transtoyou - SV","article_modified_time":"2026-03-02T15:43:50+00:00","twitter_card":"summary_large_image","twitter_misc":{"Ber\u00e4knad l\u00e4stid":"1 minut"},"schema":{"@context":"https:\/\/schema.org","@graph":[{"@type":"WebPage","@id":"https:\/\/www.transtoyou.com\/sv\/product\/rifaximin-xifaxan\/","url":"https:\/\/www.transtoyou.com\/sv\/product\/rifaximin-xifaxan\/","name":"Rifaximin (Xifaxan) | M\u00e5lmedveten Lindring f\u00f6r Tarmen - Transtoyou","isPartOf":{"@id":"https:\/\/www.transtoyou.com\/sv\/#website"},"primaryImageOfPage":{"@id":"https:\/\/www.transtoyou.com\/sv\/product\/rifaximin-xifaxan\/#primaryimage"},"image":{"@id":"https:\/\/www.transtoyou.com\/sv\/product\/rifaximin-xifaxan\/#primaryimage"},"thumbnailUrl":"https:\/\/www.transtoyou.com\/sv\/wp-content\/uploads\/sites\/15\/2026\/01\/tty-no-product-image-121.webp","datePublished":"2026-01-24T22:50:30+00:00","dateModified":"2026-03-02T15:43:50+00:00","description":"Rifaximin (Xifaxan) bek\u00e4mpar tarmbakterier f\u00f6r effektiv lindring av diarr\u00e9. Hitta en enkel l\u00f6sning p\u00e5 matsm\u00e4ltningsproblem h\u00e4r.","breadcrumb":{"@id":"https:\/\/www.transtoyou.com\/sv\/product\/rifaximin-xifaxan\/#breadcrumb"},"inLanguage":"sv-SE","potentialAction":[{"@type":"ReadAction","target":["https:\/\/www.transtoyou.com\/sv\/product\/rifaximin-xifaxan\/"]}]},{"@type":"ImageObject","inLanguage":"sv-SE","@id":"https:\/\/www.transtoyou.com\/sv\/product\/rifaximin-xifaxan\/#primaryimage","url":"https:\/\/www.transtoyou.com\/sv\/wp-content\/uploads\/sites\/15\/2026\/01\/tty-no-product-image-121.webp","contentUrl":"https:\/\/www.transtoyou.com\/sv\/wp-content\/uploads\/sites\/15\/2026\/01\/tty-no-product-image-121.webp","width":1000,"height":1000,"caption":"Standard produktbild"},{"@type":"WebSite","@id":"https:\/\/www.transtoyou.com\/sv\/#website","url":"https:\/\/www.transtoyou.com\/sv\/","name":"Transtoyou - SV","description":"","publisher":{"@id":"https:\/\/www.transtoyou.com\/sv\/#organization"},"potentialAction":[{"@type":"SearchAction","target":{"@type":"EntryPoint","urlTemplate":"https:\/\/www.transtoyou.com\/sv\/?s={search_term_string}"},"query-input":{"@type":"PropertyValueSpecification","valueRequired":true,"valueName":"search_term_string"}}],"inLanguage":"sv-SE"},{"@type":"Organization","@id":"https:\/\/www.transtoyou.com\/sv\/#organization","name":"Transtoyou - SV","url":"https:\/\/www.transtoyou.com\/sv\/","logo":{"@type":"ImageObject","inLanguage":"sv-SE","@id":"https:\/\/www.transtoyou.com\/sv\/#\/schema\/logo\/image\/","url":"https:\/\/www.transtoyou.com\/sv\/wp-content\/uploads\/sites\/15\/2026\/01\/logo-tty-menu-bar-300x87-1.webp","contentUrl":"https:\/\/www.transtoyou.com\/sv\/wp-content\/uploads\/sites\/15\/2026\/01\/logo-tty-menu-bar-300x87-1.webp","width":300,"height":87,"caption":"Transtoyou - SV"},"image":{"@id":"https:\/\/www.transtoyou.com\/sv\/#\/schema\/logo\/image\/"}}]}},"_links":{"self":[{"href":"https:\/\/www.transtoyou.com\/sv\/wp-json\/wp\/v2\/product\/835","targetHints":{"allow":["GET"]}}],"collection":[{"href":"https:\/\/www.transtoyou.com\/sv\/wp-json\/wp\/v2\/product"}],"about":[{"href":"https:\/\/www.transtoyou.com\/sv\/wp-json\/wp\/v2\/types\/product"}],"replies":[{"embeddable":true,"href":"https:\/\/www.transtoyou.com\/sv\/wp-json\/wp\/v2\/comments?post=835"}],"wp:featuredmedia":[{"embeddable":true,"href":"https:\/\/www.transtoyou.com\/sv\/wp-json\/wp\/v2\/media\/837"}],"wp:attachment":[{"href":"https:\/\/www.transtoyou.com\/sv\/wp-json\/wp\/v2\/media?parent=835"}],"wp:term":[{"taxonomy":"product_brand","embeddable":true,"href":"https:\/\/www.transtoyou.com\/sv\/wp-json\/wp\/v2\/product_brand?post=835"},{"taxonomy":"product_cat","embeddable":true,"href":"https:\/\/www.transtoyou.com\/sv\/wp-json\/wp\/v2\/product_cat?post=835"},{"taxonomy":"product_tag","embeddable":true,"href":"https:\/\/www.transtoyou.com\/sv\/wp-json\/wp\/v2\/product_tag?post=835"},{"taxonomy":"expert","embeddable":true,"href":"https:\/\/www.transtoyou.com\/sv\/wp-json\/wp\/v2\/expert?post=835"}],"curies":[{"name":"wp","href":"https:\/\/api.w.org\/{rel}","templated":true}]}}