{"id":838,"date":"2026-01-24T23:07:39","date_gmt":"2026-01-24T23:07:39","guid":{"rendered":"https:\/\/www.transtoyou.com\/sv\/product\/norlevo-levonelle\/"},"modified":"2026-01-24T23:08:40","modified_gmt":"2026-01-24T23:08:40","slug":"norlevo-levonelle","status":"publish","type":"product","link":"https:\/\/www.transtoyou.com\/sv\/product\/norlevo-levonelle\/","title":{"rendered":"Norlevo (Levonelle)"},"content":{"rendered":"<p>Norlevo, \u00e4ven k\u00e4nt som Levonelle, \u00e4r en akut preventivmedelspiller (ECP) som \u00e4r utformad f\u00f6r att f\u00f6rhindra graviditet efter oskyddat samlag eller preventivmedelsmisslyckande (t.ex. trasig kondom eller gl\u00f6md piller). Den inneh\u00e5ller levonorgestrel, ett syntetiskt progestogen hormon som efterliknar kroppens naturliga progesteron.<\/p>\n<p>Norlevo verkar fr\u00e4mst genom att f\u00f6rdr\u00f6ja eller h\u00e4mma \u00e4gglossningen, vilket inneb\u00e4r att det f\u00f6rhindrar fris\u00e4ttningen av ett \u00e4gg fr\u00e5n \u00e4ggstocken. Utan ett \u00e4gg kan befruktning inte ske. Det kan ocks\u00e5 f\u00f6r\u00e4ndra livmoderhalsslemmet och livmoderslemhinnan, vilket g\u00f6r det sv\u00e5rare f\u00f6r spermier att n\u00e5 ett \u00e4gg eller f\u00f6r ett befruktat \u00e4gg att f\u00e4sta, \u00e4ven om detta \u00e4r en sekund\u00e4r mekanism och mindre v\u00e4letablerad.<\/p>\n<p>Det \u00e4r mest effektivt n\u00e4r det tas s\u00e5 snart som m\u00f6jligt, helst inom 12 timmar, men det kan tas upp till 72 timmar (3 dagar) efter oskyddat sex. Dess effektivitet minskar ju l\u00e4ngre f\u00f6rdr\u00f6jningen \u00e4r.<\/p>\n<p>Norlevo avslutar inte en befintlig graviditet och \u00e4r inte avsedd f\u00f6r regelbundet preventivmedelsanv\u00e4ndning. Det \u00e4r inte effektivt om \u00e4gglossning redan har intr\u00e4ffat. Det skyddar inte heller mot STI.<\/p>\n<p>F\u00f6rdelarna inkluderar att det \u00e4r allm\u00e4nt tillg\u00e4ngligt, l\u00e4tt att anv\u00e4nda och v\u00e4l tolererat, s\u00e4rskilt n\u00e4r det tas snabbt. Biverkningar \u00e4r vanligtvis milda och tillf\u00e4lliga, s\u00e5som illam\u00e5ende, huvudv\u00e4rk, \u00f6mhet i br\u00f6sten, yrsel eller f\u00f6r\u00e4ndringar i menstruationscykeln.<\/p>\n","protected":false},"excerpt":{"rendered":"<ul>\n<li>Ta inom 72 timmar<\/li>\n<li>F\u00f6rdr\u00f6jer \u00e4gglossning<\/li>\n<li>Akut preventivmedel<\/li>\n<\/ul>\n","protected":false},"featured_media":839,"comment_status":"open","ping_status":"closed","template":"","meta":[],"product_brand":[],"product_cat":[90],"product_tag":[],"expert":[19],"class_list":{"0":"post-838","1":"product","2":"type-product","3":"status-publish","4":"has-post-thumbnail","6":"product_cat-nodkontraception","7":"expert-dr-j-vazquez","9":"first","10":"instock","11":"shipping-taxable","12":"product-type-simple"},"yoast_head":"<!-- This site is optimized with the Yoast SEO plugin v27.0 - https:\/\/yoast.com\/product\/yoast-seo-wordpress\/ -->\n<title>Norlevo (Levonelle) | Snabbverkande ECP - Transtoyou<\/title>\n<meta name=\"description\" content=\"Norlevo (Levonelle) ECP f\u00f6rhindrar graviditet efter oskyddat sex. Finns h\u00e4r f\u00f6r snabb tillg\u00e5ng. Effektiv upp till 72 timmar. Handla nu p\u00e5 Transtoyou.\" \/>\n<meta name=\"robots\" content=\"noindex, follow, max-snippet:-1, max-image-preview:large, max-video-preview:-1\" \/>\n<meta property=\"og:locale\" content=\"sv_SE\" \/>\n<meta property=\"og:type\" content=\"article\" \/>\n<meta property=\"og:title\" content=\"Norlevo (Levonelle) | Snabbverkande ECP - Transtoyou\" \/>\n<meta property=\"og:description\" content=\"Norlevo (Levonelle) ECP f\u00f6rhindrar graviditet efter oskyddat sex. Finns h\u00e4r f\u00f6r snabb tillg\u00e5ng. Effektiv upp till 72 timmar. Handla nu p\u00e5 Transtoyou.\" \/>\n<meta property=\"og:url\" content=\"https:\/\/www.transtoyou.com\/sv\/product\/norlevo-levonelle\/\" \/>\n<meta property=\"og:site_name\" content=\"Transtoyou - SV\" \/>\n<meta property=\"article:modified_time\" content=\"2026-01-24T23:08:40+00:00\" \/>\n<meta name=\"twitter:card\" content=\"summary_large_image\" \/>\n<meta name=\"twitter:label1\" content=\"Ber\u00e4knad l\u00e4stid\" \/>\n\t<meta name=\"twitter:data1\" content=\"1 minut\" \/>\n<script type=\"application\/ld+json\" class=\"yoast-schema-graph\">{\"@context\":\"https:\/\/schema.org\",\"@graph\":[{\"@type\":\"WebPage\",\"@id\":\"https:\/\/www.transtoyou.com\/sv\/product\/norlevo-levonelle\/\",\"url\":\"https:\/\/www.transtoyou.com\/sv\/product\/norlevo-levonelle\/\",\"name\":\"Norlevo (Levonelle) | Snabbverkande ECP - Transtoyou\",\"isPartOf\":{\"@id\":\"https:\/\/www.transtoyou.com\/sv\/#website\"},\"primaryImageOfPage\":{\"@id\":\"https:\/\/www.transtoyou.com\/sv\/product\/norlevo-levonelle\/#primaryimage\"},\"image\":{\"@id\":\"https:\/\/www.transtoyou.com\/sv\/product\/norlevo-levonelle\/#primaryimage\"},\"thumbnailUrl\":\"https:\/\/www.transtoyou.com\/sv\/wp-content\/uploads\/sites\/15\/2026\/01\/tty-no-product-image-122.webp\",\"datePublished\":\"2026-01-24T23:07:39+00:00\",\"dateModified\":\"2026-01-24T23:08:40+00:00\",\"description\":\"Norlevo (Levonelle) ECP f\u00f6rhindrar graviditet efter oskyddat sex. Finns h\u00e4r f\u00f6r snabb tillg\u00e5ng. Effektiv upp till 72 timmar. Handla nu p\u00e5 Transtoyou.\",\"breadcrumb\":{\"@id\":\"https:\/\/www.transtoyou.com\/sv\/product\/norlevo-levonelle\/#breadcrumb\"},\"inLanguage\":\"sv-SE\",\"potentialAction\":[{\"@type\":\"ReadAction\",\"target\":[\"https:\/\/www.transtoyou.com\/sv\/product\/norlevo-levonelle\/\"]}]},{\"@type\":\"ImageObject\",\"inLanguage\":\"sv-SE\",\"@id\":\"https:\/\/www.transtoyou.com\/sv\/product\/norlevo-levonelle\/#primaryimage\",\"url\":\"https:\/\/www.transtoyou.com\/sv\/wp-content\/uploads\/sites\/15\/2026\/01\/tty-no-product-image-122.webp\",\"contentUrl\":\"https:\/\/www.transtoyou.com\/sv\/wp-content\/uploads\/sites\/15\/2026\/01\/tty-no-product-image-122.webp\",\"width\":1000,\"height\":1000,\"caption\":\"Standard produktbild\"},{\"@type\":\"WebSite\",\"@id\":\"https:\/\/www.transtoyou.com\/sv\/#website\",\"url\":\"https:\/\/www.transtoyou.com\/sv\/\",\"name\":\"Transtoyou - SV\",\"description\":\"\",\"publisher\":{\"@id\":\"https:\/\/www.transtoyou.com\/sv\/#organization\"},\"potentialAction\":[{\"@type\":\"SearchAction\",\"target\":{\"@type\":\"EntryPoint\",\"urlTemplate\":\"https:\/\/www.transtoyou.com\/sv\/?s={search_term_string}\"},\"query-input\":{\"@type\":\"PropertyValueSpecification\",\"valueRequired\":true,\"valueName\":\"search_term_string\"}}],\"inLanguage\":\"sv-SE\"},{\"@type\":\"Organization\",\"@id\":\"https:\/\/www.transtoyou.com\/sv\/#organization\",\"name\":\"Transtoyou - SV\",\"url\":\"https:\/\/www.transtoyou.com\/sv\/\",\"logo\":{\"@type\":\"ImageObject\",\"inLanguage\":\"sv-SE\",\"@id\":\"https:\/\/www.transtoyou.com\/sv\/#\/schema\/logo\/image\/\",\"url\":\"https:\/\/www.transtoyou.com\/sv\/wp-content\/uploads\/sites\/15\/2026\/01\/logo-tty-menu-bar-300x87-1.webp\",\"contentUrl\":\"https:\/\/www.transtoyou.com\/sv\/wp-content\/uploads\/sites\/15\/2026\/01\/logo-tty-menu-bar-300x87-1.webp\",\"width\":300,\"height\":87,\"caption\":\"Transtoyou - SV\"},\"image\":{\"@id\":\"https:\/\/www.transtoyou.com\/sv\/#\/schema\/logo\/image\/\"}}]}<\/script>\n<!-- \/ Yoast SEO plugin. -->","yoast_head_json":{"title":"Norlevo (Levonelle) | Snabbverkande ECP - Transtoyou","description":"Norlevo (Levonelle) ECP f\u00f6rhindrar graviditet efter oskyddat sex. Finns h\u00e4r f\u00f6r snabb tillg\u00e5ng. Effektiv upp till 72 timmar. Handla nu p\u00e5 Transtoyou.","robots":{"index":"noindex","follow":"follow","max-snippet":"max-snippet:-1","max-image-preview":"max-image-preview:large","max-video-preview":"max-video-preview:-1"},"og_locale":"sv_SE","og_type":"article","og_title":"Norlevo (Levonelle) | Snabbverkande ECP - Transtoyou","og_description":"Norlevo (Levonelle) ECP f\u00f6rhindrar graviditet efter oskyddat sex. Finns h\u00e4r f\u00f6r snabb tillg\u00e5ng. Effektiv upp till 72 timmar. Handla nu p\u00e5 Transtoyou.","og_url":"https:\/\/www.transtoyou.com\/sv\/product\/norlevo-levonelle\/","og_site_name":"Transtoyou - SV","article_modified_time":"2026-01-24T23:08:40+00:00","twitter_card":"summary_large_image","twitter_misc":{"Ber\u00e4knad l\u00e4stid":"1 minut"},"schema":{"@context":"https:\/\/schema.org","@graph":[{"@type":"WebPage","@id":"https:\/\/www.transtoyou.com\/sv\/product\/norlevo-levonelle\/","url":"https:\/\/www.transtoyou.com\/sv\/product\/norlevo-levonelle\/","name":"Norlevo (Levonelle) | Snabbverkande ECP - Transtoyou","isPartOf":{"@id":"https:\/\/www.transtoyou.com\/sv\/#website"},"primaryImageOfPage":{"@id":"https:\/\/www.transtoyou.com\/sv\/product\/norlevo-levonelle\/#primaryimage"},"image":{"@id":"https:\/\/www.transtoyou.com\/sv\/product\/norlevo-levonelle\/#primaryimage"},"thumbnailUrl":"https:\/\/www.transtoyou.com\/sv\/wp-content\/uploads\/sites\/15\/2026\/01\/tty-no-product-image-122.webp","datePublished":"2026-01-24T23:07:39+00:00","dateModified":"2026-01-24T23:08:40+00:00","description":"Norlevo (Levonelle) ECP f\u00f6rhindrar graviditet efter oskyddat sex. Finns h\u00e4r f\u00f6r snabb tillg\u00e5ng. Effektiv upp till 72 timmar. Handla nu p\u00e5 Transtoyou.","breadcrumb":{"@id":"https:\/\/www.transtoyou.com\/sv\/product\/norlevo-levonelle\/#breadcrumb"},"inLanguage":"sv-SE","potentialAction":[{"@type":"ReadAction","target":["https:\/\/www.transtoyou.com\/sv\/product\/norlevo-levonelle\/"]}]},{"@type":"ImageObject","inLanguage":"sv-SE","@id":"https:\/\/www.transtoyou.com\/sv\/product\/norlevo-levonelle\/#primaryimage","url":"https:\/\/www.transtoyou.com\/sv\/wp-content\/uploads\/sites\/15\/2026\/01\/tty-no-product-image-122.webp","contentUrl":"https:\/\/www.transtoyou.com\/sv\/wp-content\/uploads\/sites\/15\/2026\/01\/tty-no-product-image-122.webp","width":1000,"height":1000,"caption":"Standard produktbild"},{"@type":"WebSite","@id":"https:\/\/www.transtoyou.com\/sv\/#website","url":"https:\/\/www.transtoyou.com\/sv\/","name":"Transtoyou - SV","description":"","publisher":{"@id":"https:\/\/www.transtoyou.com\/sv\/#organization"},"potentialAction":[{"@type":"SearchAction","target":{"@type":"EntryPoint","urlTemplate":"https:\/\/www.transtoyou.com\/sv\/?s={search_term_string}"},"query-input":{"@type":"PropertyValueSpecification","valueRequired":true,"valueName":"search_term_string"}}],"inLanguage":"sv-SE"},{"@type":"Organization","@id":"https:\/\/www.transtoyou.com\/sv\/#organization","name":"Transtoyou - SV","url":"https:\/\/www.transtoyou.com\/sv\/","logo":{"@type":"ImageObject","inLanguage":"sv-SE","@id":"https:\/\/www.transtoyou.com\/sv\/#\/schema\/logo\/image\/","url":"https:\/\/www.transtoyou.com\/sv\/wp-content\/uploads\/sites\/15\/2026\/01\/logo-tty-menu-bar-300x87-1.webp","contentUrl":"https:\/\/www.transtoyou.com\/sv\/wp-content\/uploads\/sites\/15\/2026\/01\/logo-tty-menu-bar-300x87-1.webp","width":300,"height":87,"caption":"Transtoyou - SV"},"image":{"@id":"https:\/\/www.transtoyou.com\/sv\/#\/schema\/logo\/image\/"}}]}},"_links":{"self":[{"href":"https:\/\/www.transtoyou.com\/sv\/wp-json\/wp\/v2\/product\/838","targetHints":{"allow":["GET"]}}],"collection":[{"href":"https:\/\/www.transtoyou.com\/sv\/wp-json\/wp\/v2\/product"}],"about":[{"href":"https:\/\/www.transtoyou.com\/sv\/wp-json\/wp\/v2\/types\/product"}],"replies":[{"embeddable":true,"href":"https:\/\/www.transtoyou.com\/sv\/wp-json\/wp\/v2\/comments?post=838"}],"wp:featuredmedia":[{"embeddable":true,"href":"https:\/\/www.transtoyou.com\/sv\/wp-json\/wp\/v2\/media\/839"}],"wp:attachment":[{"href":"https:\/\/www.transtoyou.com\/sv\/wp-json\/wp\/v2\/media?parent=838"}],"wp:term":[{"taxonomy":"product_brand","embeddable":true,"href":"https:\/\/www.transtoyou.com\/sv\/wp-json\/wp\/v2\/product_brand?post=838"},{"taxonomy":"product_cat","embeddable":true,"href":"https:\/\/www.transtoyou.com\/sv\/wp-json\/wp\/v2\/product_cat?post=838"},{"taxonomy":"product_tag","embeddable":true,"href":"https:\/\/www.transtoyou.com\/sv\/wp-json\/wp\/v2\/product_tag?post=838"},{"taxonomy":"expert","embeddable":true,"href":"https:\/\/www.transtoyou.com\/sv\/wp-json\/wp\/v2\/expert?post=838"}],"curies":[{"name":"wp","href":"https:\/\/api.w.org\/{rel}","templated":true}]}}