{"id":840,"date":"2026-01-24T23:23:46","date_gmt":"2026-01-24T23:23:46","guid":{"rendered":"https:\/\/www.transtoyou.com\/sv\/product\/ellaone\/"},"modified":"2026-01-24T23:24:52","modified_gmt":"2026-01-24T23:24:52","slug":"ellaone","status":"publish","type":"product","link":"https:\/\/www.transtoyou.com\/sv\/product\/ellaone\/","title":{"rendered":"EllaOne"},"content":{"rendered":"<p>EllaOne \u00e4r en hormonbaserad akut preventivmedel som anv\u00e4nds f\u00f6r att f\u00f6rhindra o\u00f6nskad graviditet efter oskyddat sex eller preventivmedelsmisslyckande (t.ex. kondombrott eller missade p-piller). Den inneh\u00e5ller ulipristalacetat, en selektiv progesteronreceptormodulator (SPRM).<\/p>\n<p>EllaOne fungerar fr\u00e4mst genom att f\u00f6rdr\u00f6ja eller h\u00e4mma \u00e4gglossning, fris\u00e4ttningen av ett \u00e4gg fr\u00e5n \u00e4ggstocken. Om \u00e4gglossning redan har intr\u00e4ffat kan den vara ineffektiv, och den avslutar inte en befintlig graviditet. Ulipristal binder till progesteronreceptorer och blockerar det naturliga hormonet progesteron som beh\u00f6vs f\u00f6r att \u00e4gglossning ska ske.<\/p>\n<p>EllaOne \u00e4r mest effektiv n\u00e4r den tas s\u00e5 snart som m\u00f6jligt efter oskyddad samlag, helst inom 24 timmar, men den kan tas upp till 120 timmar (5 dagar) efter. Kliniska studier visar att den f\u00f6rblir mer effektiv under 5-dagarsf\u00f6nstret \u00e4n levonorgestrelbaserade akuta preventivmedel.<\/p>\n<p>EllaOne \u00e4r inte avsedd f\u00f6r regelbundet preventivmedelsbruk och b\u00f6r inte anv\u00e4ndas mer \u00e4n en g\u00e5ng inom samma menstruationscykel. Den skyddar inte mot sexuellt \u00f6verf\u00f6rbara infektioner (STI). F\u00f6rdelarna med EllaOne inkluderar ett l\u00e4ngre f\u00f6nster av effektivitet \u00e4n andra akuta preventivmedel, h\u00f6g effektivitet n\u00e4r den tas snabbt, och en v\u00e4l tolererad s\u00e4kerhetsprofil.<\/p>\n<p>Vanliga biverkningar kan inkludera huvudv\u00e4rk, illam\u00e5ende, buksm\u00e4rtor, menstruationsrubbningar och tr\u00f6tthet. Den b\u00f6r inte anv\u00e4ndas av kvinnor som redan \u00e4r gravida, och f\u00f6rsiktighet rekommenderas f\u00f6r dem som anv\u00e4nder hormonella preventivmedel, eftersom deras effektivitet kan vara tillf\u00e4lligt nedsatt efter att ha tagit EllaOne.<\/p>\n","protected":false},"excerpt":{"rendered":"<ul>\n<li>Effektiv i upp till 5 dagar<\/li>\n<li>F\u00f6rdr\u00f6jer \u00e4gglossning<\/li>\n<li>F\u00f6r akut preventivmedel<\/li>\n<\/ul>\n","protected":false},"featured_media":841,"comment_status":"open","ping_status":"closed","template":"","meta":[],"product_brand":[],"product_cat":[90],"product_tag":[],"expert":[19],"class_list":{"0":"post-840","1":"product","2":"type-product","3":"status-publish","4":"has-post-thumbnail","6":"product_cat-nodkontraception","7":"expert-dr-j-vazquez","9":"first","10":"instock","11":"shipping-taxable","12":"product-type-simple"},"yoast_head":"<!-- This site is optimized with the Yoast SEO plugin v27.0 - https:\/\/yoast.com\/product\/yoast-seo-wordpress\/ -->\n<title>EllaOne | Snabbverkande N\u00f6dkontraceptiv - Transtoyou<\/title>\n<meta name=\"description\" content=\"Handla EllaOne, ett hormonbaserat akutpreventivmedel f\u00f6r att f\u00f6rhindra o\u00f6nskad graviditet. Effektivt inom 5 dagar efter samlag. Finns nu tillg\u00e4ngligt.\" \/>\n<meta name=\"robots\" content=\"noindex, follow, max-snippet:-1, max-image-preview:large, max-video-preview:-1\" \/>\n<meta property=\"og:locale\" content=\"sv_SE\" \/>\n<meta property=\"og:type\" content=\"article\" \/>\n<meta property=\"og:title\" content=\"EllaOne | Snabbverkande N\u00f6dkontraceptiv - Transtoyou\" \/>\n<meta property=\"og:description\" content=\"Handla EllaOne, ett hormonbaserat akutpreventivmedel f\u00f6r att f\u00f6rhindra o\u00f6nskad graviditet. Effektivt inom 5 dagar efter samlag. Finns nu tillg\u00e4ngligt.\" \/>\n<meta property=\"og:url\" content=\"https:\/\/www.transtoyou.com\/sv\/product\/ellaone\/\" \/>\n<meta property=\"og:site_name\" content=\"Transtoyou - SV\" \/>\n<meta property=\"article:modified_time\" content=\"2026-01-24T23:24:52+00:00\" \/>\n<meta name=\"twitter:card\" content=\"summary_large_image\" \/>\n<meta name=\"twitter:label1\" content=\"Ber\u00e4knad l\u00e4stid\" \/>\n\t<meta name=\"twitter:data1\" content=\"1 minut\" \/>\n<script type=\"application\/ld+json\" class=\"yoast-schema-graph\">{\"@context\":\"https:\/\/schema.org\",\"@graph\":[{\"@type\":\"WebPage\",\"@id\":\"https:\/\/www.transtoyou.com\/sv\/product\/ellaone\/\",\"url\":\"https:\/\/www.transtoyou.com\/sv\/product\/ellaone\/\",\"name\":\"EllaOne | Snabbverkande N\u00f6dkontraceptiv - Transtoyou\",\"isPartOf\":{\"@id\":\"https:\/\/www.transtoyou.com\/sv\/#website\"},\"primaryImageOfPage\":{\"@id\":\"https:\/\/www.transtoyou.com\/sv\/product\/ellaone\/#primaryimage\"},\"image\":{\"@id\":\"https:\/\/www.transtoyou.com\/sv\/product\/ellaone\/#primaryimage\"},\"thumbnailUrl\":\"https:\/\/www.transtoyou.com\/sv\/wp-content\/uploads\/sites\/15\/2026\/01\/tty-no-product-image-123.webp\",\"datePublished\":\"2026-01-24T23:23:46+00:00\",\"dateModified\":\"2026-01-24T23:24:52+00:00\",\"description\":\"Handla EllaOne, ett hormonbaserat akutpreventivmedel f\u00f6r att f\u00f6rhindra o\u00f6nskad graviditet. Effektivt inom 5 dagar efter samlag. Finns nu tillg\u00e4ngligt.\",\"breadcrumb\":{\"@id\":\"https:\/\/www.transtoyou.com\/sv\/product\/ellaone\/#breadcrumb\"},\"inLanguage\":\"sv-SE\",\"potentialAction\":[{\"@type\":\"ReadAction\",\"target\":[\"https:\/\/www.transtoyou.com\/sv\/product\/ellaone\/\"]}]},{\"@type\":\"ImageObject\",\"inLanguage\":\"sv-SE\",\"@id\":\"https:\/\/www.transtoyou.com\/sv\/product\/ellaone\/#primaryimage\",\"url\":\"https:\/\/www.transtoyou.com\/sv\/wp-content\/uploads\/sites\/15\/2026\/01\/tty-no-product-image-123.webp\",\"contentUrl\":\"https:\/\/www.transtoyou.com\/sv\/wp-content\/uploads\/sites\/15\/2026\/01\/tty-no-product-image-123.webp\",\"width\":1000,\"height\":1000,\"caption\":\"Standard produktbild\"},{\"@type\":\"WebSite\",\"@id\":\"https:\/\/www.transtoyou.com\/sv\/#website\",\"url\":\"https:\/\/www.transtoyou.com\/sv\/\",\"name\":\"Transtoyou - SV\",\"description\":\"\",\"publisher\":{\"@id\":\"https:\/\/www.transtoyou.com\/sv\/#organization\"},\"potentialAction\":[{\"@type\":\"SearchAction\",\"target\":{\"@type\":\"EntryPoint\",\"urlTemplate\":\"https:\/\/www.transtoyou.com\/sv\/?s={search_term_string}\"},\"query-input\":{\"@type\":\"PropertyValueSpecification\",\"valueRequired\":true,\"valueName\":\"search_term_string\"}}],\"inLanguage\":\"sv-SE\"},{\"@type\":\"Organization\",\"@id\":\"https:\/\/www.transtoyou.com\/sv\/#organization\",\"name\":\"Transtoyou - SV\",\"url\":\"https:\/\/www.transtoyou.com\/sv\/\",\"logo\":{\"@type\":\"ImageObject\",\"inLanguage\":\"sv-SE\",\"@id\":\"https:\/\/www.transtoyou.com\/sv\/#\/schema\/logo\/image\/\",\"url\":\"https:\/\/www.transtoyou.com\/sv\/wp-content\/uploads\/sites\/15\/2026\/01\/logo-tty-menu-bar-300x87-1.webp\",\"contentUrl\":\"https:\/\/www.transtoyou.com\/sv\/wp-content\/uploads\/sites\/15\/2026\/01\/logo-tty-menu-bar-300x87-1.webp\",\"width\":300,\"height\":87,\"caption\":\"Transtoyou - SV\"},\"image\":{\"@id\":\"https:\/\/www.transtoyou.com\/sv\/#\/schema\/logo\/image\/\"}}]}<\/script>\n<!-- \/ Yoast SEO plugin. -->","yoast_head_json":{"title":"EllaOne | Snabbverkande N\u00f6dkontraceptiv - Transtoyou","description":"Handla EllaOne, ett hormonbaserat akutpreventivmedel f\u00f6r att f\u00f6rhindra o\u00f6nskad graviditet. Effektivt inom 5 dagar efter samlag. Finns nu tillg\u00e4ngligt.","robots":{"index":"noindex","follow":"follow","max-snippet":"max-snippet:-1","max-image-preview":"max-image-preview:large","max-video-preview":"max-video-preview:-1"},"og_locale":"sv_SE","og_type":"article","og_title":"EllaOne | Snabbverkande N\u00f6dkontraceptiv - Transtoyou","og_description":"Handla EllaOne, ett hormonbaserat akutpreventivmedel f\u00f6r att f\u00f6rhindra o\u00f6nskad graviditet. Effektivt inom 5 dagar efter samlag. Finns nu tillg\u00e4ngligt.","og_url":"https:\/\/www.transtoyou.com\/sv\/product\/ellaone\/","og_site_name":"Transtoyou - SV","article_modified_time":"2026-01-24T23:24:52+00:00","twitter_card":"summary_large_image","twitter_misc":{"Ber\u00e4knad l\u00e4stid":"1 minut"},"schema":{"@context":"https:\/\/schema.org","@graph":[{"@type":"WebPage","@id":"https:\/\/www.transtoyou.com\/sv\/product\/ellaone\/","url":"https:\/\/www.transtoyou.com\/sv\/product\/ellaone\/","name":"EllaOne | Snabbverkande N\u00f6dkontraceptiv - Transtoyou","isPartOf":{"@id":"https:\/\/www.transtoyou.com\/sv\/#website"},"primaryImageOfPage":{"@id":"https:\/\/www.transtoyou.com\/sv\/product\/ellaone\/#primaryimage"},"image":{"@id":"https:\/\/www.transtoyou.com\/sv\/product\/ellaone\/#primaryimage"},"thumbnailUrl":"https:\/\/www.transtoyou.com\/sv\/wp-content\/uploads\/sites\/15\/2026\/01\/tty-no-product-image-123.webp","datePublished":"2026-01-24T23:23:46+00:00","dateModified":"2026-01-24T23:24:52+00:00","description":"Handla EllaOne, ett hormonbaserat akutpreventivmedel f\u00f6r att f\u00f6rhindra o\u00f6nskad graviditet. Effektivt inom 5 dagar efter samlag. Finns nu tillg\u00e4ngligt.","breadcrumb":{"@id":"https:\/\/www.transtoyou.com\/sv\/product\/ellaone\/#breadcrumb"},"inLanguage":"sv-SE","potentialAction":[{"@type":"ReadAction","target":["https:\/\/www.transtoyou.com\/sv\/product\/ellaone\/"]}]},{"@type":"ImageObject","inLanguage":"sv-SE","@id":"https:\/\/www.transtoyou.com\/sv\/product\/ellaone\/#primaryimage","url":"https:\/\/www.transtoyou.com\/sv\/wp-content\/uploads\/sites\/15\/2026\/01\/tty-no-product-image-123.webp","contentUrl":"https:\/\/www.transtoyou.com\/sv\/wp-content\/uploads\/sites\/15\/2026\/01\/tty-no-product-image-123.webp","width":1000,"height":1000,"caption":"Standard produktbild"},{"@type":"WebSite","@id":"https:\/\/www.transtoyou.com\/sv\/#website","url":"https:\/\/www.transtoyou.com\/sv\/","name":"Transtoyou - SV","description":"","publisher":{"@id":"https:\/\/www.transtoyou.com\/sv\/#organization"},"potentialAction":[{"@type":"SearchAction","target":{"@type":"EntryPoint","urlTemplate":"https:\/\/www.transtoyou.com\/sv\/?s={search_term_string}"},"query-input":{"@type":"PropertyValueSpecification","valueRequired":true,"valueName":"search_term_string"}}],"inLanguage":"sv-SE"},{"@type":"Organization","@id":"https:\/\/www.transtoyou.com\/sv\/#organization","name":"Transtoyou - SV","url":"https:\/\/www.transtoyou.com\/sv\/","logo":{"@type":"ImageObject","inLanguage":"sv-SE","@id":"https:\/\/www.transtoyou.com\/sv\/#\/schema\/logo\/image\/","url":"https:\/\/www.transtoyou.com\/sv\/wp-content\/uploads\/sites\/15\/2026\/01\/logo-tty-menu-bar-300x87-1.webp","contentUrl":"https:\/\/www.transtoyou.com\/sv\/wp-content\/uploads\/sites\/15\/2026\/01\/logo-tty-menu-bar-300x87-1.webp","width":300,"height":87,"caption":"Transtoyou - SV"},"image":{"@id":"https:\/\/www.transtoyou.com\/sv\/#\/schema\/logo\/image\/"}}]}},"_links":{"self":[{"href":"https:\/\/www.transtoyou.com\/sv\/wp-json\/wp\/v2\/product\/840","targetHints":{"allow":["GET"]}}],"collection":[{"href":"https:\/\/www.transtoyou.com\/sv\/wp-json\/wp\/v2\/product"}],"about":[{"href":"https:\/\/www.transtoyou.com\/sv\/wp-json\/wp\/v2\/types\/product"}],"replies":[{"embeddable":true,"href":"https:\/\/www.transtoyou.com\/sv\/wp-json\/wp\/v2\/comments?post=840"}],"wp:featuredmedia":[{"embeddable":true,"href":"https:\/\/www.transtoyou.com\/sv\/wp-json\/wp\/v2\/media\/841"}],"wp:attachment":[{"href":"https:\/\/www.transtoyou.com\/sv\/wp-json\/wp\/v2\/media?parent=840"}],"wp:term":[{"taxonomy":"product_brand","embeddable":true,"href":"https:\/\/www.transtoyou.com\/sv\/wp-json\/wp\/v2\/product_brand?post=840"},{"taxonomy":"product_cat","embeddable":true,"href":"https:\/\/www.transtoyou.com\/sv\/wp-json\/wp\/v2\/product_cat?post=840"},{"taxonomy":"product_tag","embeddable":true,"href":"https:\/\/www.transtoyou.com\/sv\/wp-json\/wp\/v2\/product_tag?post=840"},{"taxonomy":"expert","embeddable":true,"href":"https:\/\/www.transtoyou.com\/sv\/wp-json\/wp\/v2\/expert?post=840"}],"curies":[{"name":"wp","href":"https:\/\/api.w.org\/{rel}","templated":true}]}}