{"id":845,"date":"2026-01-24T23:55:23","date_gmt":"2026-01-24T23:55:23","guid":{"rendered":"https:\/\/www.transtoyou.com\/sv\/product\/postinor\/"},"modified":"2026-01-24T23:56:19","modified_gmt":"2026-01-24T23:56:19","slug":"postinor","status":"publish","type":"product","link":"https:\/\/www.transtoyou.com\/sv\/product\/postinor\/","title":{"rendered":"Postinor"},"content":{"rendered":"<p>Postinor \u00e4r en akut preventivmedels-tablett som anv\u00e4nds f\u00f6r att f\u00f6rhindra graviditet efter oskyddat samlag eller preventivmedelsfel (t.ex. gl\u00f6md tablett eller kondombrott). Den aktiva ingrediensen \u00e4r levonorgestrel, ett syntetiskt progestogen hormon som efterliknar naturligt progesteron.<\/p>\n<p>Den prim\u00e4ra verkningsmekanismen \u00e4r att f\u00f6rdr\u00f6ja eller h\u00e4mma \u00e4gglossning, fris\u00e4ttningen av ett \u00e4gg fr\u00e5n \u00e4ggstocken. Genom att g\u00f6ra detta minskar Postinor sannolikheten f\u00f6r befruktning. Det kan ocks\u00e5 orsaka f\u00f6r\u00e4ndringar i livmoderhalsens slem och livmoderslemhinnan, vilket g\u00f6r det sv\u00e5rare f\u00f6r spermier att n\u00e5 ett \u00e4gg eller f\u00f6r ett befruktat \u00e4gg att f\u00e4sta sig i livmodern. Det avbryter dock inte en befintlig graviditet och har ingen effekt n\u00e4r implantation har intr\u00e4ffat.<\/p>\n<p>Postinor b\u00f6r tas s\u00e5 snart som m\u00f6jligt efter oskyddat sex, helst inom 12 timmar, och senast inom 72 timmar (3 dagar). Ju tidigare det tas, desto mer effektivt \u00e4r det. Det \u00e4r inte avsett f\u00f6r regelbundet preventivmedelsanv\u00e4ndande och b\u00f6r inte ers\u00e4tta p\u00e5g\u00e5ende preventivmetoder. Det skyddar inte heller mot sexuellt \u00f6verf\u00f6rbara infektioner (STI).<\/p>\n<p>F\u00f6rdelar med Postinor inkluderar enkel tillg\u00e5ng, enkel eng\u00e5ngsdosering och generellt milda biverkningar. Vissa anv\u00e4ndare kan uppleva illam\u00e5ende, f\u00f6r\u00e4ndringar i menstruationscykeln, \u00f6mhet i br\u00f6sten, tr\u00f6tthet eller obehag i buken. De flesta biverkningar f\u00f6rsvinner inom n\u00e5gra dagar.<\/p>\n","protected":false},"excerpt":{"rendered":"<ul>\n<li>Ta inom 72 timmar<\/li>\n<li>F\u00f6rdr\u00f6jer \u00e4gglossningen<\/li>\n<li>Eng\u00e5ngsdos n\u00f6dkontraception<\/li>\n<\/ul>\n","protected":false},"featured_media":846,"comment_status":"open","ping_status":"closed","template":"","meta":[],"product_brand":[],"product_cat":[90],"product_tag":[],"expert":[19],"class_list":{"0":"post-845","1":"product","2":"type-product","3":"status-publish","4":"has-post-thumbnail","6":"product_cat-nodkontraception","7":"expert-dr-j-vazquez","9":"first","10":"instock","11":"shipping-taxable","12":"product-type-simple"},"yoast_head":"<!-- This site is optimized with the Yoast SEO plugin v27.0 - https:\/\/yoast.com\/product\/yoast-seo-wordpress\/ -->\n<title>Postinor | N\u00f6dkontraceptiv l\u00f6sning - Transtoyou<\/title>\n<meta name=\"description\" content=\"F\u00f6rhindra graviditet efter oskyddat sex med Postinor, tillg\u00e4nglig nu p\u00e5 Transtoyou. Snabb \u00e5tg\u00e4rd inom 72 timmar \u00f6kar effektiviteten.\" \/>\n<meta name=\"robots\" content=\"noindex, follow, max-snippet:-1, max-image-preview:large, max-video-preview:-1\" \/>\n<meta property=\"og:locale\" content=\"sv_SE\" \/>\n<meta property=\"og:type\" content=\"article\" \/>\n<meta property=\"og:title\" content=\"Postinor | N\u00f6dkontraceptiv l\u00f6sning - Transtoyou\" \/>\n<meta property=\"og:description\" content=\"F\u00f6rhindra graviditet efter oskyddat sex med Postinor, tillg\u00e4nglig nu p\u00e5 Transtoyou. Snabb \u00e5tg\u00e4rd inom 72 timmar \u00f6kar effektiviteten.\" \/>\n<meta property=\"og:url\" content=\"https:\/\/www.transtoyou.com\/sv\/product\/postinor\/\" \/>\n<meta property=\"og:site_name\" content=\"Transtoyou - SV\" \/>\n<meta property=\"article:modified_time\" content=\"2026-01-24T23:56:19+00:00\" \/>\n<meta name=\"twitter:card\" content=\"summary_large_image\" \/>\n<meta name=\"twitter:label1\" content=\"Ber\u00e4knad l\u00e4stid\" \/>\n\t<meta name=\"twitter:data1\" content=\"1 minut\" \/>\n<script type=\"application\/ld+json\" class=\"yoast-schema-graph\">{\"@context\":\"https:\/\/schema.org\",\"@graph\":[{\"@type\":\"WebPage\",\"@id\":\"https:\/\/www.transtoyou.com\/sv\/product\/postinor\/\",\"url\":\"https:\/\/www.transtoyou.com\/sv\/product\/postinor\/\",\"name\":\"Postinor | N\u00f6dkontraceptiv l\u00f6sning - Transtoyou\",\"isPartOf\":{\"@id\":\"https:\/\/www.transtoyou.com\/sv\/#website\"},\"primaryImageOfPage\":{\"@id\":\"https:\/\/www.transtoyou.com\/sv\/product\/postinor\/#primaryimage\"},\"image\":{\"@id\":\"https:\/\/www.transtoyou.com\/sv\/product\/postinor\/#primaryimage\"},\"thumbnailUrl\":\"https:\/\/www.transtoyou.com\/sv\/wp-content\/uploads\/sites\/15\/2026\/01\/tty-no-product-image-125.webp\",\"datePublished\":\"2026-01-24T23:55:23+00:00\",\"dateModified\":\"2026-01-24T23:56:19+00:00\",\"description\":\"F\u00f6rhindra graviditet efter oskyddat sex med Postinor, tillg\u00e4nglig nu p\u00e5 Transtoyou. Snabb \u00e5tg\u00e4rd inom 72 timmar \u00f6kar effektiviteten.\",\"breadcrumb\":{\"@id\":\"https:\/\/www.transtoyou.com\/sv\/product\/postinor\/#breadcrumb\"},\"inLanguage\":\"sv-SE\",\"potentialAction\":[{\"@type\":\"ReadAction\",\"target\":[\"https:\/\/www.transtoyou.com\/sv\/product\/postinor\/\"]}]},{\"@type\":\"ImageObject\",\"inLanguage\":\"sv-SE\",\"@id\":\"https:\/\/www.transtoyou.com\/sv\/product\/postinor\/#primaryimage\",\"url\":\"https:\/\/www.transtoyou.com\/sv\/wp-content\/uploads\/sites\/15\/2026\/01\/tty-no-product-image-125.webp\",\"contentUrl\":\"https:\/\/www.transtoyou.com\/sv\/wp-content\/uploads\/sites\/15\/2026\/01\/tty-no-product-image-125.webp\",\"width\":1000,\"height\":1000,\"caption\":\"Standard produktbild\"},{\"@type\":\"WebSite\",\"@id\":\"https:\/\/www.transtoyou.com\/sv\/#website\",\"url\":\"https:\/\/www.transtoyou.com\/sv\/\",\"name\":\"Transtoyou - SV\",\"description\":\"\",\"publisher\":{\"@id\":\"https:\/\/www.transtoyou.com\/sv\/#organization\"},\"potentialAction\":[{\"@type\":\"SearchAction\",\"target\":{\"@type\":\"EntryPoint\",\"urlTemplate\":\"https:\/\/www.transtoyou.com\/sv\/?s={search_term_string}\"},\"query-input\":{\"@type\":\"PropertyValueSpecification\",\"valueRequired\":true,\"valueName\":\"search_term_string\"}}],\"inLanguage\":\"sv-SE\"},{\"@type\":\"Organization\",\"@id\":\"https:\/\/www.transtoyou.com\/sv\/#organization\",\"name\":\"Transtoyou - SV\",\"url\":\"https:\/\/www.transtoyou.com\/sv\/\",\"logo\":{\"@type\":\"ImageObject\",\"inLanguage\":\"sv-SE\",\"@id\":\"https:\/\/www.transtoyou.com\/sv\/#\/schema\/logo\/image\/\",\"url\":\"https:\/\/www.transtoyou.com\/sv\/wp-content\/uploads\/sites\/15\/2026\/01\/logo-tty-menu-bar-300x87-1.webp\",\"contentUrl\":\"https:\/\/www.transtoyou.com\/sv\/wp-content\/uploads\/sites\/15\/2026\/01\/logo-tty-menu-bar-300x87-1.webp\",\"width\":300,\"height\":87,\"caption\":\"Transtoyou - SV\"},\"image\":{\"@id\":\"https:\/\/www.transtoyou.com\/sv\/#\/schema\/logo\/image\/\"}}]}<\/script>\n<!-- \/ Yoast SEO plugin. -->","yoast_head_json":{"title":"Postinor | N\u00f6dkontraceptiv l\u00f6sning - Transtoyou","description":"F\u00f6rhindra graviditet efter oskyddat sex med Postinor, tillg\u00e4nglig nu p\u00e5 Transtoyou. Snabb \u00e5tg\u00e4rd inom 72 timmar \u00f6kar effektiviteten.","robots":{"index":"noindex","follow":"follow","max-snippet":"max-snippet:-1","max-image-preview":"max-image-preview:large","max-video-preview":"max-video-preview:-1"},"og_locale":"sv_SE","og_type":"article","og_title":"Postinor | N\u00f6dkontraceptiv l\u00f6sning - Transtoyou","og_description":"F\u00f6rhindra graviditet efter oskyddat sex med Postinor, tillg\u00e4nglig nu p\u00e5 Transtoyou. Snabb \u00e5tg\u00e4rd inom 72 timmar \u00f6kar effektiviteten.","og_url":"https:\/\/www.transtoyou.com\/sv\/product\/postinor\/","og_site_name":"Transtoyou - SV","article_modified_time":"2026-01-24T23:56:19+00:00","twitter_card":"summary_large_image","twitter_misc":{"Ber\u00e4knad l\u00e4stid":"1 minut"},"schema":{"@context":"https:\/\/schema.org","@graph":[{"@type":"WebPage","@id":"https:\/\/www.transtoyou.com\/sv\/product\/postinor\/","url":"https:\/\/www.transtoyou.com\/sv\/product\/postinor\/","name":"Postinor | N\u00f6dkontraceptiv l\u00f6sning - Transtoyou","isPartOf":{"@id":"https:\/\/www.transtoyou.com\/sv\/#website"},"primaryImageOfPage":{"@id":"https:\/\/www.transtoyou.com\/sv\/product\/postinor\/#primaryimage"},"image":{"@id":"https:\/\/www.transtoyou.com\/sv\/product\/postinor\/#primaryimage"},"thumbnailUrl":"https:\/\/www.transtoyou.com\/sv\/wp-content\/uploads\/sites\/15\/2026\/01\/tty-no-product-image-125.webp","datePublished":"2026-01-24T23:55:23+00:00","dateModified":"2026-01-24T23:56:19+00:00","description":"F\u00f6rhindra graviditet efter oskyddat sex med Postinor, tillg\u00e4nglig nu p\u00e5 Transtoyou. Snabb \u00e5tg\u00e4rd inom 72 timmar \u00f6kar effektiviteten.","breadcrumb":{"@id":"https:\/\/www.transtoyou.com\/sv\/product\/postinor\/#breadcrumb"},"inLanguage":"sv-SE","potentialAction":[{"@type":"ReadAction","target":["https:\/\/www.transtoyou.com\/sv\/product\/postinor\/"]}]},{"@type":"ImageObject","inLanguage":"sv-SE","@id":"https:\/\/www.transtoyou.com\/sv\/product\/postinor\/#primaryimage","url":"https:\/\/www.transtoyou.com\/sv\/wp-content\/uploads\/sites\/15\/2026\/01\/tty-no-product-image-125.webp","contentUrl":"https:\/\/www.transtoyou.com\/sv\/wp-content\/uploads\/sites\/15\/2026\/01\/tty-no-product-image-125.webp","width":1000,"height":1000,"caption":"Standard produktbild"},{"@type":"WebSite","@id":"https:\/\/www.transtoyou.com\/sv\/#website","url":"https:\/\/www.transtoyou.com\/sv\/","name":"Transtoyou - SV","description":"","publisher":{"@id":"https:\/\/www.transtoyou.com\/sv\/#organization"},"potentialAction":[{"@type":"SearchAction","target":{"@type":"EntryPoint","urlTemplate":"https:\/\/www.transtoyou.com\/sv\/?s={search_term_string}"},"query-input":{"@type":"PropertyValueSpecification","valueRequired":true,"valueName":"search_term_string"}}],"inLanguage":"sv-SE"},{"@type":"Organization","@id":"https:\/\/www.transtoyou.com\/sv\/#organization","name":"Transtoyou - SV","url":"https:\/\/www.transtoyou.com\/sv\/","logo":{"@type":"ImageObject","inLanguage":"sv-SE","@id":"https:\/\/www.transtoyou.com\/sv\/#\/schema\/logo\/image\/","url":"https:\/\/www.transtoyou.com\/sv\/wp-content\/uploads\/sites\/15\/2026\/01\/logo-tty-menu-bar-300x87-1.webp","contentUrl":"https:\/\/www.transtoyou.com\/sv\/wp-content\/uploads\/sites\/15\/2026\/01\/logo-tty-menu-bar-300x87-1.webp","width":300,"height":87,"caption":"Transtoyou - SV"},"image":{"@id":"https:\/\/www.transtoyou.com\/sv\/#\/schema\/logo\/image\/"}}]}},"_links":{"self":[{"href":"https:\/\/www.transtoyou.com\/sv\/wp-json\/wp\/v2\/product\/845","targetHints":{"allow":["GET"]}}],"collection":[{"href":"https:\/\/www.transtoyou.com\/sv\/wp-json\/wp\/v2\/product"}],"about":[{"href":"https:\/\/www.transtoyou.com\/sv\/wp-json\/wp\/v2\/types\/product"}],"replies":[{"embeddable":true,"href":"https:\/\/www.transtoyou.com\/sv\/wp-json\/wp\/v2\/comments?post=845"}],"wp:featuredmedia":[{"embeddable":true,"href":"https:\/\/www.transtoyou.com\/sv\/wp-json\/wp\/v2\/media\/846"}],"wp:attachment":[{"href":"https:\/\/www.transtoyou.com\/sv\/wp-json\/wp\/v2\/media?parent=845"}],"wp:term":[{"taxonomy":"product_brand","embeddable":true,"href":"https:\/\/www.transtoyou.com\/sv\/wp-json\/wp\/v2\/product_brand?post=845"},{"taxonomy":"product_cat","embeddable":true,"href":"https:\/\/www.transtoyou.com\/sv\/wp-json\/wp\/v2\/product_cat?post=845"},{"taxonomy":"product_tag","embeddable":true,"href":"https:\/\/www.transtoyou.com\/sv\/wp-json\/wp\/v2\/product_tag?post=845"},{"taxonomy":"expert","embeddable":true,"href":"https:\/\/www.transtoyou.com\/sv\/wp-json\/wp\/v2\/expert?post=845"}],"curies":[{"name":"wp","href":"https:\/\/api.w.org\/{rel}","templated":true}]}}